{"id":3262,"date":"2025-05-26T02:34:02","date_gmt":"2025-05-26T02:34:02","guid":{"rendered":"https:\/\/pecbag.com\/?post_type=product&#038;p=3262"},"modified":"2025-11-29T02:03:47","modified_gmt":"2025-11-29T02:03:47","slug":"waterproof-camping-cooler-lunch-bag","status":"publish","type":"product","link":"https:\/\/pecbag.com\/da\/waterproof-camping-cooler-lunch-bag\/","title":{"rendered":"Vandt\u00e6t k\u00f8letaske til campingmad"},"content":{"rendered":"<h5 title=\"Foldbar hundetaske \u00c5ndbar netskuldertaske til k\u00e6ledyr til sm\u00e5 hunde og katte\" data-immersive-translate-walked=\"1c928421-2e42-4cd3-8754-5404553c0af5\" data-immersive-translate-paragraph=\"1\" data-spm-anchor-id=\"a2700.details.0.i35.4f6757d4w4zNZA\">aterproof Camping Cooler Lunch Bag Manufacturer | Waterproof Bag Factory &amp; Backpack Supplier | Bulk OEM<\/h5>\n<div class=\"flex flex-grow flex-col max-w-full\">\n<div class=\"min-h-[20px] text-message flex w-full flex-col items-end gap-2 whitespace-pre-wrap break-words [.text-message+&amp;]:mt-5 overflow-x-auto\" dir=\"auto\" data-message-author-role=\"assistant\" data-message-id=\"3d7d46f6-7ec2-4222-9257-48fa0bba23c6\" data-suggestions=\"true\">\n<div class=\"flex w-full flex-col gap-1 empty:hidden first:pt-[3px]\">\n<div class=\"markdown prose w-full break-words dark:prose-invert light\">\n<p>Leder du efter vandt\u00e6tte campingk\u00f8letasker, der holder m\u00e5ltiderne friske og eventyrene t\u00f8rre? Som en af de bedste producenter af vandt\u00e6tte tasker og rygs\u00e6kke i Kina har vi specialiseret os i at fremstille vandt\u00e6tte campingk\u00f8letasker, der er designet til udend\u00f8rsentusiaster, m\u00e5ltidstilberedningstjenester og k\u00f8letaskegrossister over hele verden!<\/p>\n<table width=\"288\">\n<tbody>\n<tr>\n<td width=\"137\"><span style=\"color: #333333;\">Produkternes navn<\/span><\/td>\n<td width=\"151\"><span style=\"color: #333333;\">K\u00f8letaske<\/span><\/td>\n<\/tr>\n<tr>\n<td><span style=\"color: #333333;\">Vare nr.<\/span><\/td>\n<td><span style=\"color: #333333;\">PB-2038<\/span><\/td>\n<\/tr>\n<tr>\n<td><span style=\"color: #333333;\">Materiale<\/span><\/td>\n<td>600D polyester<\/td>\n<\/tr>\n<tr>\n<td><span style=\"color: #333333;\">St\u00f8rrelse<\/span><\/td>\n<td>19,3\"x13,7\"x7,1\u2033( H x L x B)<\/td>\n<\/tr>\n<tr>\n<td><span style=\"color: #333333;\">\u00a0Leveringstid<\/span><\/td>\n<td><span style=\"color: #333333;\">1-5 dage for sm\u00e5 m\u00e6ngder med fly og 30-35 dage for store m\u00e6ngder med skib<\/span><\/td>\n<\/tr>\n<\/tbody>\n<\/table>\n<p class=\"ds-markdown-paragraph\">\u2705\u00a0<strong>Hvorfor vores vandt\u00e6tte k\u00f8letasker til campingmad vinder markeder:<\/strong><\/p>\n<ul>\n<li>\n<p class=\"ds-markdown-paragraph\"><strong>24\/7 friskhed<\/strong>: 3 cm \u00f8ko-isolering + 100% vandt\u00e6t foring - holder maden p\u00e5 k\u00f8l i 12+ timer, selv i regnvejr!<\/p>\n<\/li>\n<li>\n<p class=\"ds-markdown-paragraph\"><strong>Kompakt og robust<\/strong>: St\u00f8rrelser p\u00e5 10L-20L med forst\u00e6rkede h\u00e5ndtag - perfekt til vandreture, strandture eller daglig pendling.<\/p>\n<\/li>\n<li>\n<p class=\"ds-markdown-paragraph\"><strong>Klar til massebestilling<\/strong>: Producer k\u00f8letaske bulkordrer med k\u00f8letaske ODM \/ OEM eller privat etiket p\u00e5 10 dage!<\/p>\n<\/li>\n<li>\n<p class=\"ds-markdown-paragraph\"><strong>Kinas omkostningsfordel<\/strong>: Som en p\u00e5lidelig leverand\u00f8r af k\u00f8letasker i Kina leverer vi f\u00f8rsteklasses kvalitet til fabrikspriser.<\/p>\n<\/li>\n<\/ul>\n<p class=\"ds-markdown-paragraph\"><strong>Funktioner, som kunderne elsker:<\/strong><br \/>\n\ud83d\udd39 L\u00e6kagesikre TPU-s\u00f8mme + PEVA-interi\u00f8r, der er let at t\u00f8rre af (FDA-kompatibel)<br \/>\n\ud83d\udd39 Aftagelige skulderstropper + skjulte lommer til redskaber<br \/>\n\ud83d\udd39 Reflekterende logoer for sikkerhed + RFID-blokerende sikkerhedslommer<br \/>\n\ud83d\udd39 OEKO-TEX-certificeret - sikker til opbevaring af f\u00f8devarer<\/p>\n<p class=\"ds-markdown-paragraph\"><strong>Perfekt til:<\/strong><\/p>\n<ul>\n<li>\n<p class=\"ds-markdown-paragraph\">Campingbutikker og leverand\u00f8rer af k\u00f8letasker<\/p>\n<\/li>\n<li>\n<p class=\"ds-markdown-paragraph\">Opstart af m\u00e5ltidsudbringning &amp; k\u00f8letaske-grossister<\/p>\n<\/li>\n<li>\n<p class=\"ds-markdown-paragraph\">M\u00e6rker opbygger private label-kollektioner med k\u00f8letasker<\/p>\n<\/li>\n<\/ul>\n<p class=\"ds-markdown-paragraph\"><strong>S\u00e5dan laver vi dine vandt\u00e6tte k\u00f8letasker til campingmad:<\/strong><br \/>\n1\ufe0f\u20e3 V\u00e6lg mellem 80+ designs eller tilpas dit eget<br \/>\n2\ufe0f\u20e3 Prototype p\u00e5 5 dage \u2192 godkende \u2192 masseproducere<br \/>\n3\ufe0f\u20e3 Send globalt via eksportnetv\u00e6rk for k\u00f8leposer<\/p>\n<p class=\"ds-markdown-paragraph\"><strong>Hvorfor v\u00e6lge os som din k\u00f8letaskeproducent i Kina?<\/strong><br \/>\n\u2705 10+ \u00e5rs ekspertise som producent af k\u00f8letasker<br \/>\n\u2705 30% billigere end lokale leverand\u00f8rer<br \/>\n\u2705 24\/7 support p\u00e5 engelsk, spansk og arabisk<\/p>\n<p class=\"ds-markdown-paragraph\"><strong>Er du klar til at pakke friskhed ind i hver eneste ordre?<\/strong><br \/>\n\ud83d\udc49\u00a0<strong>Gratis pr\u00f8ver<\/strong>\u00a0\ud83d\udc49 20% depositum \ud83d\udc49 24 timers tilbud<\/p>\n<\/div>\n<\/div>\n<\/div>\n<\/div>","protected":false},"excerpt":{"rendered":"<h2 data-immersive-translate-walked=\"344be1c1-5052-41eb-8fcd-0dbe236a0d6b\" data-immersive-translate-paragraph=\"1\">Vandt\u00e6t k\u00f8letaske til campingmad<\/h2>\n<div class=\"sliderTable mt10 mb10 sliderTable-index0\">\n<div class=\"inner\">1. Vores k\u00f8lerygs\u00e6k er lavet af opgraderede l\u00e6kagesikre materialer, som effektivt holder dit flydende indhold ved den ideelle temperatur uden at bekymre dig om l\u00e6kage.<\/div>\n<div>2. Vores k\u00f8lerygs\u00e6k er lettere end andre. Desuden er den ergonomisk og polstret<br \/>\nSkulderstropper aflaster i h\u00f8j grad skuldertrykket og g\u00f8r rejsen mere behagelig.<\/div>\n<\/div>","protected":false},"featured_media":3267,"template":"","meta":{"_uag_custom_page_level_css":""},"product_brand":[],"product_cat":[44,50],"product_tag":[],"class_list":{"0":"post-3262","1":"product","2":"type-product","3":"status-publish","4":"has-post-thumbnail","6":"product_cat-camping-bags","7":"product_cat-cooler-bag","9":"first","10":"instock","11":"shipping-taxable","12":"product-type-simple"},"uagb_featured_image_src":{"full":["https:\/\/pecbag.com\/wp-content\/uploads\/2025\/05\/Waterproof-Camping-Cooler-Lunch-Bag-4.jpeg",1600,1601,false],"thumbnail":["https:\/\/pecbag.com\/wp-content\/uploads\/2025\/05\/Waterproof-Camping-Cooler-Lunch-Bag-4-150x150.jpeg",150,150,true],"medium":["https:\/\/pecbag.com\/wp-content\/uploads\/2025\/05\/Waterproof-Camping-Cooler-Lunch-Bag-4-300x300.jpeg",300,300,true],"medium_large":["https:\/\/pecbag.com\/wp-content\/uploads\/2025\/05\/Waterproof-Camping-Cooler-Lunch-Bag-4-768x768.jpeg",768,768,true],"large":["https:\/\/pecbag.com\/wp-content\/uploads\/2025\/05\/Waterproof-Camping-Cooler-Lunch-Bag-4-1024x1024.jpeg",800,800,true],"1536x1536":["https:\/\/pecbag.com\/wp-content\/uploads\/2025\/05\/Waterproof-Camping-Cooler-Lunch-Bag-4-1536x1536.jpeg",1536,1536,true],"2048x2048":["https:\/\/pecbag.com\/wp-content\/uploads\/2025\/05\/Waterproof-Camping-Cooler-Lunch-Bag-4.jpeg",1600,1601,false],"trp-custom-language-flag":["https:\/\/pecbag.com\/wp-content\/uploads\/2025\/05\/Waterproof-Camping-Cooler-Lunch-Bag-4-12x12.jpeg",12,12,true],"woocommerce_thumbnail":["https:\/\/pecbag.com\/wp-content\/uploads\/2025\/05\/Waterproof-Camping-Cooler-Lunch-Bag-4-300x300.jpeg",300,300,true],"woocommerce_single":["https:\/\/pecbag.com\/wp-content\/uploads\/2025\/05\/Waterproof-Camping-Cooler-Lunch-Bag-4-600x600.jpeg",600,600,true],"woocommerce_gallery_thumbnail":["https:\/\/pecbag.com\/wp-content\/uploads\/2025\/05\/Waterproof-Camping-Cooler-Lunch-Bag-4-100x100.jpeg",100,100,true]},"uagb_author_info":{"display_name":"Lawrence","author_link":"https:\/\/pecbag.com\/da\/author\/"},"uagb_comment_info":0,"uagb_excerpt":"Waterproof Camping Cooler Lunch Bag 1. Our cooler backpack is made of upgraded leak-proof materials, which work effectively at keeping your liquid contents at their ideal temperature without worry of leaking. 2. Our cooler backpack is lighter than others. In addition, Ergonomic and padded Shoulder straps greatly relieve shoulder pressure, making the journey more comfortable.","_links":{"self":[{"href":"https:\/\/pecbag.com\/da\/wp-json\/wp\/v2\/product\/3262","targetHints":{"allow":["GET"]}}],"collection":[{"href":"https:\/\/pecbag.com\/da\/wp-json\/wp\/v2\/product"}],"about":[{"href":"https:\/\/pecbag.com\/da\/wp-json\/wp\/v2\/types\/product"}],"wp:featuredmedia":[{"embeddable":true,"href":"https:\/\/pecbag.com\/da\/wp-json\/wp\/v2\/media\/3267"}],"wp:attachment":[{"href":"https:\/\/pecbag.com\/da\/wp-json\/wp\/v2\/media?parent=3262"}],"wp:term":[{"taxonomy":"product_brand","embeddable":true,"href":"https:\/\/pecbag.com\/da\/wp-json\/wp\/v2\/product_brand?post=3262"},{"taxonomy":"product_cat","embeddable":true,"href":"https:\/\/pecbag.com\/da\/wp-json\/wp\/v2\/product_cat?post=3262"},{"taxonomy":"product_tag","embeddable":true,"href":"https:\/\/pecbag.com\/da\/wp-json\/wp\/v2\/product_tag?post=3262"}],"curies":[{"name":"wp","href":"https:\/\/api.w.org\/{rel}","templated":true}]}}