{"id":3275,"date":"2025-05-26T03:12:51","date_gmt":"2025-05-26T03:12:51","guid":{"rendered":"https:\/\/pecbag.com\/?post_type=product&#038;p=3275"},"modified":"2025-11-29T02:03:29","modified_gmt":"2025-11-29T02:03:29","slug":"new-design-lightweight-sports-chest-bag","status":"publish","type":"product","link":"https:\/\/pecbag.com\/da\/new-design-lightweight-sports-chest-bag\/","title":{"rendered":"Nyt design af letv\u00e6gts sportstaske til brystet"},"content":{"rendered":"<h5 title=\"Foldbar hundetaske \u00c5ndbar netskuldertaske til k\u00e6ledyr til sm\u00e5 hunde og katte\" data-immersive-translate-walked=\"1c928421-2e42-4cd3-8754-5404553c0af5\" data-immersive-translate-paragraph=\"1\" data-spm-anchor-id=\"a2700.details.0.i35.4f6757d4w4zNZA\">Nyt design af letv\u00e6gts sportstaske Producent | Vandt\u00e6t taskefabrik &amp; rygs\u00e6kleverand\u00f8r | Bulk OEM<\/h5>\n<div class=\"flex flex-grow flex-col max-w-full\">\n<div class=\"min-h-[20px] text-message flex w-full flex-col items-end gap-2 whitespace-pre-wrap break-words [.text-message+&amp;]:mt-5 overflow-x-auto\" dir=\"auto\" data-message-author-role=\"assistant\" data-message-id=\"3d7d46f6-7ec2-4222-9257-48fa0bba23c6\" data-suggestions=\"true\">\n<div class=\"flex w-full flex-col gap-1 empty:hidden first:pt-[3px]\">\n<div class=\"markdown prose w-full break-words dark:prose-invert light\">\n<p>Har du brug for letv\u00e6gtssportstasker i nyt design, der f\u00f8lger med den aktive livsstil? Vi er en af de bedste producenter af vandt\u00e6tte tasker og rygs\u00e6kke i Kina, som fremstiller h\u00f8jtydende letv\u00e6gtssportstasker i nyt design til atleter, outdoor-m\u00e6rker og grossister i tasker over hele verden!<\/p>\n<table width=\"288\">\n<tbody>\n<tr>\n<td width=\"137\"><span style=\"color: #333333;\">Produkternes navn<\/span><\/td>\n<td width=\"151\"><span style=\"color: #333333;\">Brysttaske<\/span><\/td>\n<\/tr>\n<tr>\n<td><span style=\"color: #333333;\">Vare nr.<\/span><\/td>\n<td><span style=\"color: #333333;\">PB-2040<\/span><\/td>\n<\/tr>\n<tr>\n<td><span style=\"color: #333333;\">Materiale<\/span><\/td>\n<td>Ternet stof i to farver\/PU<\/td>\n<\/tr>\n<tr>\n<td><span style=\"color: #333333;\">\u00a0St\u00f8rrelse og farve<\/span><\/td>\n<td><span style=\"color: #333333;\">Tilpasset<\/span><\/td>\n<\/tr>\n<tr>\n<td><span style=\"color: #333333;\">\u00a0Leveringstid<\/span><\/td>\n<td><span style=\"color: #333333;\">1-5 dage for sm\u00e5 m\u00e6ngder med fly og 30-35 dage for store m\u00e6ngder med skib<\/span><\/td>\n<\/tr>\n<\/tbody>\n<\/table>\n<p class=\"ds-markdown-paragraph\">\u2705\u00a0<strong>Hvorfor vores nye design af lette sportsbrysttasker vinder:<\/strong><\/p>\n<ul>\n<li>\n<p class=\"ds-markdown-paragraph\"><strong>Ultra-let komfort<\/strong>: 300D ripstop nylon (kun 0,5 kg!) - perfekt til l\u00f8b, cykling eller vandring.<\/p>\n<\/li>\n<li>\n<p class=\"ds-markdown-paragraph\"><strong>Klar til sved og regn<\/strong>: Vandt\u00e6tte lynl\u00e5se + \u00e5ndbar netryg - overlever intens tr\u00e6ning eller regnvejr.<\/p>\n<\/li>\n<li>\n<p class=\"ds-markdown-paragraph\"><strong>Fleksibilitet ved massebestilling<\/strong>: Producer brystpose bulkordrer (MOQ 100 stk) med brystpose ODM \/ OEM eller privat m\u00e6rke p\u00e5 10 dage!<\/p>\n<\/li>\n<li>\n<p class=\"ds-markdown-paragraph\"><strong>Kinas omkostningsfordel<\/strong>: Som en f\u00f8rende leverand\u00f8r af brystposer i Kina leverer vi f\u00f8rsteklasses kvalitet til fabrikspriser.<\/p>\n<\/li>\n<\/ul>\n<p class=\"ds-markdown-paragraph\"><strong>Funktioner, som atleter elsker:<\/strong><br \/>\n\ud83d\udd39 Justerbare stropper (passer til alle kropstyper) + telefonlomme med hurtig adgang<br \/>\n\ud83d\udd39 RFID-blokerende rum + skjulte sikkerhedslynl\u00e5se<br \/>\n\ud83d\udd39 Reflekterende logoer for sikkerhed om natten<br \/>\n\ud83d\udd39 OEKO-TEX-certificeret - hudvenlig og lugtfri<\/p>\n<p class=\"ds-markdown-paragraph\"><strong>Perfekt til:<\/strong><\/p>\n<ul>\n<li>\n<p class=\"ds-markdown-paragraph\">Sportsforhandlere og leverand\u00f8rer af brysttasker<\/p>\n<\/li>\n<li>\n<p class=\"ds-markdown-paragraph\">Gym-k\u00e6der og brysttasker - grossister<\/p>\n<\/li>\n<li>\n<p class=\"ds-markdown-paragraph\">Nystartede virksomheder bygger private label-m\u00e6rker til brysttasker<\/p>\n<\/li>\n<\/ul>\n<p class=\"ds-markdown-paragraph\"><strong>Hvordan vi arbejder:<\/strong><br \/>\n1\ufe0f\u20e3 V\u00e6lg mellem 50+ trendy designs, eller tilpas dit eget<br \/>\n2\ufe0f\u20e3 Prototype p\u00e5 5 dage \u2192 godkende \u2192 masseproducere<br \/>\n3\ufe0f\u20e3 Send globalt via\u00a0<strong>eksport af brysttasker<\/strong>\u00a0netv\u00e6rk<\/p>\n<p class=\"ds-markdown-paragraph\"><strong>Hvorfor v\u00e6lge os som din producent af brysttasker i Kina?<\/strong><br \/>\n\u2705 8+ \u00e5rs ekspertise som producent af brysttasker<br \/>\n\u2705 30% lettere end gennemsnitlige markedsprodukter<br \/>\n\u2705 24\/7 support p\u00e5 engelsk, spansk og tysk<\/p>\n<p class=\"ds-markdown-paragraph\"><strong>Er du klar til at sp\u00e6nde succesen fast?<\/strong><br \/>\n\ud83d\udc49\u00a0<strong>Gratis pr\u00f8ver<\/strong>\u00a0\ud83d\udc49 20% depositum \ud83d\udc49 24 timers tilbud<\/p>\n<\/div>\n<\/div>\n<\/div>\n<\/div>","protected":false},"excerpt":{"rendered":"<h2 data-immersive-translate-walked=\"344be1c1-5052-41eb-8fcd-0dbe236a0d6b\" data-immersive-translate-paragraph=\"1\">Nyt design af letv\u00e6gts sportstaske til brystet<\/h2>\n<p>Vi leverer f\u00f8rsteklasses tasker med fuld st\u00f8rrelse og farvetilpasning, slidst\u00e6rke stoffer og certificeret kvalitet.<\/p>\n<p>Nyd fleksible MOQ'er, hurtig global forsendelse og private label-l\u00f8sninger.<\/p>\n<p>Kontakt os i dag!<\/p>","protected":false},"featured_media":3281,"template":"","meta":{"_uag_custom_page_level_css":""},"product_brand":[],"product_cat":[61,56],"product_tag":[],"class_list":{"0":"post-3275","1":"product","2":"type-product","3":"status-publish","4":"has-post-thumbnail","6":"product_cat-chest-bag","7":"product_cat-gym-bag","9":"first","10":"instock","11":"shipping-taxable","12":"product-type-simple"},"uagb_featured_image_src":{"full":["https:\/\/pecbag.com\/wp-content\/uploads\/2025\/05\/New-Design-Lightweight-Sports-Chest-Bag-4.jpeg",1000,1000,false],"thumbnail":["https:\/\/pecbag.com\/wp-content\/uploads\/2025\/05\/New-Design-Lightweight-Sports-Chest-Bag-4-150x150.jpeg",150,150,true],"medium":["https:\/\/pecbag.com\/wp-content\/uploads\/2025\/05\/New-Design-Lightweight-Sports-Chest-Bag-4-300x300.jpeg",300,300,true],"medium_large":["https:\/\/pecbag.com\/wp-content\/uploads\/2025\/05\/New-Design-Lightweight-Sports-Chest-Bag-4-768x768.jpeg",768,768,true],"large":["https:\/\/pecbag.com\/wp-content\/uploads\/2025\/05\/New-Design-Lightweight-Sports-Chest-Bag-4.jpeg",800,800,false],"1536x1536":["https:\/\/pecbag.com\/wp-content\/uploads\/2025\/05\/New-Design-Lightweight-Sports-Chest-Bag-4.jpeg",1000,1000,false],"2048x2048":["https:\/\/pecbag.com\/wp-content\/uploads\/2025\/05\/New-Design-Lightweight-Sports-Chest-Bag-4.jpeg",1000,1000,false],"trp-custom-language-flag":["https:\/\/pecbag.com\/wp-content\/uploads\/2025\/05\/New-Design-Lightweight-Sports-Chest-Bag-4-12x12.jpeg",12,12,true],"woocommerce_thumbnail":["https:\/\/pecbag.com\/wp-content\/uploads\/2025\/05\/New-Design-Lightweight-Sports-Chest-Bag-4-300x300.jpeg",300,300,true],"woocommerce_single":["https:\/\/pecbag.com\/wp-content\/uploads\/2025\/05\/New-Design-Lightweight-Sports-Chest-Bag-4-600x600.jpeg",600,600,true],"woocommerce_gallery_thumbnail":["https:\/\/pecbag.com\/wp-content\/uploads\/2025\/05\/New-Design-Lightweight-Sports-Chest-Bag-4-100x100.jpeg",100,100,true]},"uagb_author_info":{"display_name":"Lawrence","author_link":"https:\/\/pecbag.com\/da\/author\/"},"uagb_comment_info":0,"uagb_excerpt":"New Design Lightweight Sports Chest Bag We provide premium bags with full-size and color customization, durable fabrics, and certified quality. Enjoy flexible MOQs, fast global shipping, and private label solutions. Contact us today!","_links":{"self":[{"href":"https:\/\/pecbag.com\/da\/wp-json\/wp\/v2\/product\/3275","targetHints":{"allow":["GET"]}}],"collection":[{"href":"https:\/\/pecbag.com\/da\/wp-json\/wp\/v2\/product"}],"about":[{"href":"https:\/\/pecbag.com\/da\/wp-json\/wp\/v2\/types\/product"}],"wp:featuredmedia":[{"embeddable":true,"href":"https:\/\/pecbag.com\/da\/wp-json\/wp\/v2\/media\/3281"}],"wp:attachment":[{"href":"https:\/\/pecbag.com\/da\/wp-json\/wp\/v2\/media?parent=3275"}],"wp:term":[{"taxonomy":"product_brand","embeddable":true,"href":"https:\/\/pecbag.com\/da\/wp-json\/wp\/v2\/product_brand?post=3275"},{"taxonomy":"product_cat","embeddable":true,"href":"https:\/\/pecbag.com\/da\/wp-json\/wp\/v2\/product_cat?post=3275"},{"taxonomy":"product_tag","embeddable":true,"href":"https:\/\/pecbag.com\/da\/wp-json\/wp\/v2\/product_tag?post=3275"}],"curies":[{"name":"wp","href":"https:\/\/api.w.org\/{rel}","templated":true}]}}