{"id":3282,"date":"2025-05-26T03:28:09","date_gmt":"2025-05-26T03:28:09","guid":{"rendered":"https:\/\/pecbag.com\/?post_type=product&#038;p=3282"},"modified":"2025-11-29T02:03:24","modified_gmt":"2025-11-29T02:03:24","slug":"hot-sale-waterproof-chest-bag","status":"publish","type":"product","link":"https:\/\/pecbag.com\/da\/hot-sale-waterproof-chest-bag\/","title":{"rendered":"Hot Sale Vandt\u00e6t brysttaske"},"content":{"rendered":"<h5 title=\"Foldbar hundetaske \u00c5ndbar netskuldertaske til k\u00e6ledyr til sm\u00e5 hunde og katte\" data-immersive-translate-walked=\"1c928421-2e42-4cd3-8754-5404553c0af5\" data-immersive-translate-paragraph=\"1\" data-spm-anchor-id=\"a2700.details.0.i35.4f6757d4w4zNZA\">Hot Sale Vandt\u00e6t brysttaske Producent | Vandt\u00e6t taskefabrik &amp; rygs\u00e6kleverand\u00f8r | Bulk OEM<\/h5>\n<div class=\"flex flex-grow flex-col max-w-full\">\n<div class=\"min-h-[20px] text-message flex w-full flex-col items-end gap-2 whitespace-pre-wrap break-words [.text-message+&amp;]:mt-5 overflow-x-auto\" dir=\"auto\" data-message-author-role=\"assistant\" data-message-id=\"3d7d46f6-7ec2-4222-9257-48fa0bba23c6\" data-suggestions=\"true\">\n<div class=\"flex w-full flex-col gap-1 empty:hidden first:pt-[3px]\">\n<div class=\"markdown prose w-full break-words dark:prose-invert light\">\n<p>Vil du have hot selling vandt\u00e6tte brysttasker, der flyver ned fra hylderne? Som en f\u00f8rende vandt\u00e6t taskefabrik og rygs\u00e6kproducent i Kina producerer vi vandt\u00e6tte brysttasker til salg, der er elsket af udend\u00f8rsentusiaster, rejsem\u00e6rker og brysttaskegrossister over hele verden!<\/p>\n<table width=\"288\">\n<tbody>\n<tr>\n<td width=\"137\"><span style=\"color: #333333;\">Produkternes navn<\/span><\/td>\n<td width=\"151\"><span style=\"color: #333333;\">Brysttaske<\/span><\/td>\n<\/tr>\n<tr>\n<td><span style=\"color: #333333;\">Vare nr.<\/span><\/td>\n<td><span style=\"color: #333333;\">PB-2041<\/span><\/td>\n<\/tr>\n<tr>\n<td><span style=\"color: #333333;\">Materiale<\/span><\/td>\n<td>600D polyester PU<\/td>\n<\/tr>\n<tr>\n<td><span style=\"color: #333333;\">St\u00f8rrelse<\/span><\/td>\n<td>52*25*26CM<\/td>\n<\/tr>\n<tr>\n<td><span style=\"color: #333333;\">\u00a0Leveringstid<\/span><\/td>\n<td><span style=\"color: #333333;\">1-5 dage for sm\u00e5 m\u00e6ngder med fly og 30-35 dage for store m\u00e6ngder med skib<\/span><\/td>\n<\/tr>\n<\/tbody>\n<\/table>\n<p class=\"ds-markdown-paragraph\">\u2705\u00a0<strong>Hvorfor vores vandt\u00e6tte brysttasker med varmt salg dominerer markederne:<\/strong><\/p>\n<ul>\n<li>\n<p class=\"ds-markdown-paragraph\"><strong>Stormsikkert design<\/strong>: S\u00f8mforseglet TPU-bel\u00e6gning - overlever kraftig regn, sved og st\u00e6nk!<\/p>\n<\/li>\n<li>\n<p class=\"ds-markdown-paragraph\"><strong>Ultra-let og ergonomisk<\/strong>: Kun 0,6 kg + \u00e5ndbare netstropper - perfekt til l\u00f8b, vandring eller festivaler.<\/p>\n<\/li>\n<li>\n<p class=\"ds-markdown-paragraph\"><strong>Klar til massebestilling<\/strong>: Producer brystpose bulkordrer med brystpose ODM \/ OEM eller privat etiket p\u00e5 7 dage!<\/p>\n<\/li>\n<li>\n<p class=\"ds-markdown-paragraph\"><strong>Kinas prisstyrke<\/strong>: Som en af de bedste leverand\u00f8rer af brysttasker i Kina leverer vi f\u00f8rsteklasses kvalitet til uovertrufne priser.<\/p>\n<\/li>\n<\/ul>\n<p class=\"ds-markdown-paragraph\"><strong>Funktioner, som kunderne eftersp\u00f8rger:<\/strong><br \/>\n\ud83d\udd39 5L-8L kapacitet (passer til telefoner, punge, n\u00f8gler) + RFID-blokerende lomme<br \/>\n\ud83d\udd39 Lynl\u00e5se i siden med hurtig adgang + reflekterende sikkerhedsstrips<br \/>\n\ud83d\udd39 Anti-skimmelforing (OEKO-TEX-certificeret) + lugtbestandigt stof<br \/>\n\ud83d\udd39 Universel pasform til m\u00e6nd\/kvinder (justerbart stroppesystem)<\/p>\n<p class=\"ds-markdown-paragraph\"><strong>Perfekt til:<\/strong><\/p>\n<ul>\n<li>\n<p class=\"ds-markdown-paragraph\">Butikker med rejseudstyr og leverand\u00f8rer af kufferter<\/p>\n<\/li>\n<li>\n<p class=\"ds-markdown-paragraph\">Sportsforhandlere og grossister af brysttasker<\/p>\n<\/li>\n<li>\n<p class=\"ds-markdown-paragraph\">Nystartede virksomheder opbygger private label-kollektioner til brysttasker<\/p>\n<\/li>\n<\/ul>\n<p class=\"ds-markdown-paragraph\"><strong>Hvordan vi leverer dine vandt\u00e6tte brysttasker til varmt salg:<\/strong><br \/>\n1\ufe0f\u20e3 V\u00e6lg mellem 60+ bedst s\u00e6lgende designs, eller tilpas dit eget<br \/>\n2\ufe0f\u20e3 Prototype p\u00e5 3 dage \u2192 godkende \u2192 masseproducere<br \/>\n3\ufe0f\u20e3 Skib via eksportnetv\u00e6rk for brystposer (luft\/s\u00f8\/ekspres)<\/p>\n<p class=\"ds-markdown-paragraph\"><strong>Hvorfor v\u00e6lge os?<\/strong><br \/>\n\u2705 10.000+ ordrer fra producenter af brysttasker afsendt globalt<br \/>\n\u2705 40% billigere end leverand\u00f8rer i USA\/EU<br \/>\n\u2705 24\/7 support p\u00e5 5 sprog (EN\/ES\/FR\/DE\/AR)<\/p>\n<p class=\"ds-markdown-paragraph\"><strong>Er du klar til at ride p\u00e5 salgsb\u00f8lgen?<\/strong><br \/>\n\ud83d\udc49\u00a0<strong>Gratis pr\u00f8ver<\/strong>\u00a0\ud83d\udc49 15% depositum \ud83d\udc49 \u00d8jeblikkelige tilbud<\/p>\n<\/div>\n<\/div>\n<\/div>\n<\/div>","protected":false},"excerpt":{"rendered":"<h2 data-immersive-translate-walked=\"344be1c1-5052-41eb-8fcd-0dbe236a0d6b\" data-immersive-translate-paragraph=\"1\">Hot Sale Vandt\u00e6t brysttaske<\/h2>\n<ul class=\"list-paddingleft-2\">\n<li>\u3010Multi-lomme opdeling\u3011: Vores gymnastiktasker til m\u00e6nd har 3 lynl\u00e5slommer p\u00e5 ydersiden, og den st\u00f8rste lynl\u00e5slomme har 4 opbevaringslommer og en n\u00f8glering indeni. Designet med flere lommer kan opfylde dine forskellige brugsbehov og bedre klassificere og opbevare dine ting.<\/li>\n<li>\u3010Magnetisk design\u3011: Denne slyngetaske til m\u00e6nd har et magnetisk design, som let kan fastg\u00f8res p\u00e5 metaloverfladen. Det er meget praktisk at bruge i gymnastiksalen, p\u00e5 golfbanen eller i det daglige liv.<\/li>\n<li>\u3010Vandt\u00e6t materiale\u3011: Vores crossbody-taske til m\u00e6nd er lavet af Oxford-stof, som er vandt\u00e6t og holdbart. Let at vaske, bare t\u00f8r den forsigtigt af for at fjerne overfladest\u00f8v.<\/li>\n<li>\u3010Lille st\u00f8rrelse og stor kapacitet\u3011: St\u00f8rrelsen p\u00e5 denne gymnastiktaske er 5 tommer x 4 tommer x 8 tommer, hvilket er lille og b\u00e6rbart. Men kapaciteten er stor nok til at opfylde dine daglige opbevaringsbehov. Det er praktisk for dig at opbevare mobiltelefoner, n\u00f8gler, tegneb\u00f8ger, hovedtelefoner osv.<\/li>\n<li>\u3010Aftagelig rem\u3011: Vores brysttaske til m\u00e6nd leveres med en aftagelig skulderrem, du kan v\u00e6lge at b\u00e6re den crossbody, single shoulder eller h\u00e5ndholdt alt efter dine behov. Passer til dine forskellige stilarter.<\/li>\n<\/ul>","protected":false},"featured_media":3285,"template":"","meta":{"_uag_custom_page_level_css":""},"product_brand":[],"product_cat":[61,56,67],"product_tag":[],"class_list":{"0":"post-3282","1":"product","2":"type-product","3":"status-publish","4":"has-post-thumbnail","6":"product_cat-chest-bag","7":"product_cat-gym-bag","8":"product_cat-sports-bag","10":"first","11":"instock","12":"shipping-taxable","13":"product-type-simple"},"uagb_featured_image_src":{"full":["https:\/\/pecbag.com\/wp-content\/uploads\/2025\/05\/Hot-Sale-Waterproof-Chest-Bag-1.jpeg",500,500,false],"thumbnail":["https:\/\/pecbag.com\/wp-content\/uploads\/2025\/05\/Hot-Sale-Waterproof-Chest-Bag-1-150x150.jpeg",150,150,true],"medium":["https:\/\/pecbag.com\/wp-content\/uploads\/2025\/05\/Hot-Sale-Waterproof-Chest-Bag-1-300x300.jpeg",300,300,true],"medium_large":["https:\/\/pecbag.com\/wp-content\/uploads\/2025\/05\/Hot-Sale-Waterproof-Chest-Bag-1.jpeg",500,500,false],"large":["https:\/\/pecbag.com\/wp-content\/uploads\/2025\/05\/Hot-Sale-Waterproof-Chest-Bag-1.jpeg",500,500,false],"1536x1536":["https:\/\/pecbag.com\/wp-content\/uploads\/2025\/05\/Hot-Sale-Waterproof-Chest-Bag-1.jpeg",500,500,false],"2048x2048":["https:\/\/pecbag.com\/wp-content\/uploads\/2025\/05\/Hot-Sale-Waterproof-Chest-Bag-1.jpeg",500,500,false],"trp-custom-language-flag":["https:\/\/pecbag.com\/wp-content\/uploads\/2025\/05\/Hot-Sale-Waterproof-Chest-Bag-1-12x12.jpeg",12,12,true],"woocommerce_thumbnail":["https:\/\/pecbag.com\/wp-content\/uploads\/2025\/05\/Hot-Sale-Waterproof-Chest-Bag-1-300x300.jpeg",300,300,true],"woocommerce_single":["https:\/\/pecbag.com\/wp-content\/uploads\/2025\/05\/Hot-Sale-Waterproof-Chest-Bag-1.jpeg",500,500,false],"woocommerce_gallery_thumbnail":["https:\/\/pecbag.com\/wp-content\/uploads\/2025\/05\/Hot-Sale-Waterproof-Chest-Bag-1-100x100.jpeg",100,100,true]},"uagb_author_info":{"display_name":"Lawrence","author_link":"https:\/\/pecbag.com\/da\/author\/"},"uagb_comment_info":0,"uagb_excerpt":"Hot Sale Waterproof Chest Bag \u3010Multi-Pocket Partition\u3011: Our gym bags for men have 3 zipper pockets on the outside, and the largest zipper pocket has 4 storage pockets and a key chain inside. The multi-pocket design can meet your different usage needs and better classify and store your items. \u3010Magnetic Design\u3011: This sling bag for&hellip;","_links":{"self":[{"href":"https:\/\/pecbag.com\/da\/wp-json\/wp\/v2\/product\/3282","targetHints":{"allow":["GET"]}}],"collection":[{"href":"https:\/\/pecbag.com\/da\/wp-json\/wp\/v2\/product"}],"about":[{"href":"https:\/\/pecbag.com\/da\/wp-json\/wp\/v2\/types\/product"}],"wp:featuredmedia":[{"embeddable":true,"href":"https:\/\/pecbag.com\/da\/wp-json\/wp\/v2\/media\/3285"}],"wp:attachment":[{"href":"https:\/\/pecbag.com\/da\/wp-json\/wp\/v2\/media?parent=3282"}],"wp:term":[{"taxonomy":"product_brand","embeddable":true,"href":"https:\/\/pecbag.com\/da\/wp-json\/wp\/v2\/product_brand?post=3282"},{"taxonomy":"product_cat","embeddable":true,"href":"https:\/\/pecbag.com\/da\/wp-json\/wp\/v2\/product_cat?post=3282"},{"taxonomy":"product_tag","embeddable":true,"href":"https:\/\/pecbag.com\/da\/wp-json\/wp\/v2\/product_tag?post=3282"}],"curies":[{"name":"wp","href":"https:\/\/api.w.org\/{rel}","templated":true}]}}