{"id":3296,"date":"2025-05-26T03:54:22","date_gmt":"2025-05-26T03:54:22","guid":{"rendered":"https:\/\/pecbag.com\/?post_type=product&#038;p=3296"},"modified":"2025-11-29T02:03:12","modified_gmt":"2025-11-29T02:03:12","slug":"custom-durable-multi-usage-chest-pack","status":"publish","type":"product","link":"https:\/\/pecbag.com\/da\/custom-durable-multi-usage-chest-pack\/","title":{"rendered":"Skr\u00e6ddersyet slidst\u00e6rk brysttaske til flere form\u00e5l"},"content":{"rendered":"<h5 title=\"Foldbar hundetaske \u00c5ndbar netskuldertaske til k\u00e6ledyr til sm\u00e5 hunde og katte\" data-immersive-translate-walked=\"1c928421-2e42-4cd3-8754-5404553c0af5\" data-immersive-translate-paragraph=\"1\" data-spm-anchor-id=\"a2700.details.0.i35.4f6757d4w4zNZA\">Custom Durable Multi Usage Chest Pack Manufacturer | Waterproof Bag Factory &amp; Backpack Supplier | Bulk OEM<\/h5>\n<div class=\"flex flex-grow flex-col max-w-full\">\n<div class=\"min-h-[20px] text-message flex w-full flex-col items-end gap-2 whitespace-pre-wrap break-words [.text-message+&amp;]:mt-5 overflow-x-auto\" dir=\"auto\" data-message-author-role=\"assistant\" data-message-id=\"3d7d46f6-7ec2-4222-9257-48fa0bba23c6\" data-suggestions=\"true\">\n<div class=\"flex w-full flex-col gap-1 empty:hidden first:pt-[3px]\">\n<div class=\"markdown prose w-full break-words dark:prose-invert light\">\n<p>Har brug for\u00a0<strong>Tilpassede, holdbare brysttasker til flere form\u00e5l<\/strong>\u00a0der passer til ethvert eventyr? Som f\u00f8rende\u00a0<strong>Fabrik for vandt\u00e6tte tasker<\/strong>\u00a0og\u00a0<strong>producent af rygs\u00e6kke<\/strong>\u00a0I Kina fremstiller vi\u00a0<strong>Tilpassede, holdbare brysttasker til flere form\u00e5l<\/strong>\u00a0til outdoor-professionelle, taktiske m\u00e6rker og\u00a0<strong>brysttaske grossister<\/strong>\u00a0over hele verden!<\/p>\n<table width=\"288\">\n<tbody>\n<tr>\n<td width=\"137\"><span style=\"color: #333333;\">Produkternes navn<\/span><\/td>\n<td width=\"151\"><span style=\"color: #333333;\">Brysttaske<\/span><\/td>\n<\/tr>\n<tr>\n<td><span style=\"color: #333333;\">Vare nr.<\/span><\/td>\n<td><span style=\"color: #333333;\">PB-2043<\/span><\/td>\n<\/tr>\n<tr>\n<td><span style=\"color: #333333;\">Materiale<\/span><\/td>\n<td>Polyester<\/td>\n<\/tr>\n<tr>\n<td><span style=\"color: #333333;\">St\u00f8rrelse<\/span><\/td>\n<td>13 x 4 x 18 cm<\/td>\n<\/tr>\n<tr>\n<td><span style=\"color: #333333;\">\u00a0Leveringstid<\/span><\/td>\n<td><span style=\"color: #333333;\">1-5 dage for sm\u00e5 m\u00e6ngder med fly og 30-35 dage for store m\u00e6ngder med skib<\/span><\/td>\n<\/tr>\n<\/tbody>\n<\/table>\n<p class=\"ds-markdown-paragraph\">\u2705\u00a0<strong>Hvorfor vores skr\u00e6ddersyede, holdbare kistepakker til flere form\u00e5l skiller sig ud:<\/strong><\/p>\n<ul>\n<li>\n<p class=\"ds-markdown-paragraph\"><strong>Bygget til at holde ud<\/strong>: 1680D ballistisk nylon + tredobbelt syede s\u00f8mme - overlever vandreture, klatring eller pendling i byen!<\/p>\n<\/li>\n<li>\n<p class=\"ds-markdown-paragraph\"><strong>Klar til flere missioner<\/strong>: Modul\u00e6re rum + MOLLE-b\u00e5nd - b\u00e6r v\u00e6rkt\u00f8j, kameraer eller overlevelsesudstyr uden besv\u00e6r.<\/p>\n<\/li>\n<li>\n<p class=\"ds-markdown-paragraph\"><strong>Bestil str\u00f8m i l\u00f8s v\u00e6gt<\/strong>: Producer brystpose bulkordrer (MOQ 50 stk) med brystpose ODM \/ OEM eller privat m\u00e6rke p\u00e5 12 dage!<\/p>\n<\/li>\n<li>\n<p class=\"ds-markdown-paragraph\"><strong>Kinas omkostningskant<\/strong>: Som en af de bedste leverand\u00f8rer af brysttasker i Kina kombinerer vi milt\u00e6r kvalitet med fabrikspriser.<\/p>\n<\/li>\n<\/ul>\n<p class=\"ds-markdown-paragraph\"><strong>Funktioner, der s\u00e6lger:<\/strong><br \/>\n\ud83d\udd39 100% vandt\u00e6tte YKK-lynl\u00e5se + dr\u00e6n\u00e5bninger (IPX6-klassificeret)<br \/>\n\ud83d\udd39 RFID-blokerende lomme + skjulte tyverisikringsrum<br \/>\n\ud83d\udd39 Justerbare stropper (passer til alle kropstyper) + \u00e5ndbar netryg<br \/>\n\ud83d\udd39 CE\/SGS-certificeret - ingen giftige materialer eller lugte<\/p>\n<p class=\"ds-markdown-paragraph\"><strong>Perfekt til:<\/strong><\/p>\n<ul>\n<li>\n<p class=\"ds-markdown-paragraph\">Outdoor-forhandlere og leverand\u00f8rer af brysttasker<\/p>\n<\/li>\n<li>\n<p class=\"ds-markdown-paragraph\">M\u00e6rker inden for taktisk udstyr og grossister inden for brysttasker<\/p>\n<\/li>\n<li>\n<p class=\"ds-markdown-paragraph\">Nystartede virksomheder opbygger private label-linjer for brysttasker<\/p>\n<\/li>\n<\/ul>\n<p class=\"ds-markdown-paragraph\"><strong>S\u00e5dan leverer vi dine skr\u00e6ddersyede, holdbare kistepakker til flere form\u00e5l:<\/strong><br \/>\n1\ufe0f\u20e3 Send design eller v\u00e6lg blandt 80+ modul\u00e6re skabeloner<br \/>\n2\ufe0f\u20e3 Prototype p\u00e5 5 dage \u2192 test \u2192 masseproduktion<br \/>\n3\ufe0f\u20e3 Skib via eksportnetv\u00e6rk for brystposer (luft\/s\u00f8\/ekspres)<\/p>\n<p class=\"ds-markdown-paragraph\"><strong>Hvorfor v\u00e6lge os?<\/strong><br \/>\n\u2705 10+ \u00e5rs ekspertise i fremstilling af brysttasker<br \/>\n\u2705 40% tykkere stof i forhold til standardpakker<br \/>\n\u2705 24\/7 support p\u00e5 6 sprog (EN\/ES\/FR\/DE\/AR\/RU)<\/p>\n<p class=\"ds-markdown-paragraph\"><strong>Klar til at geare op til globalt salg?<\/strong><br \/>\n\ud83d\udc49\u00a0<strong>Gratis pr\u00f8ver<\/strong>\u00a0\ud83d\udc49 15% depositum \ud83d\udc49 24 timers tilbud<\/p>\n<\/div>\n<\/div>\n<\/div>\n<\/div>","protected":false},"excerpt":{"rendered":"<h2 data-immersive-translate-walked=\"344be1c1-5052-41eb-8fcd-0dbe236a0d6b\" data-immersive-translate-paragraph=\"1\">Skr\u00e6ddersyet slidst\u00e6rk brysttaske til flere form\u00e5l<\/h2>\n<p>B\u00e6r udstyr uden brug af b\u00e6lte, og n\u00e5 nemt dine ting p\u00e5 trange steder, f.eks. i bil- og flykabiner, hvor din albuerum er begr\u00e6nset.<\/p>\n<p>Denne konvertible sele er et mere behageligt alternativ til b\u00e6ltehylstre, da du ikke bliver stukket af dit udstyr, mens du sidder, og den udvider din b\u00e6reevne ud over, hvad du kan b\u00e6re i dit b\u00e6lte.<\/p>","protected":false},"featured_media":3297,"template":"","meta":{"_uag_custom_page_level_css":""},"product_brand":[],"product_cat":[61,55],"product_tag":[],"class_list":{"0":"post-3296","1":"product","2":"type-product","3":"status-publish","4":"has-post-thumbnail","6":"product_cat-chest-bag","7":"product_cat-tactical-bag","9":"first","10":"instock","11":"shipping-taxable","12":"product-type-simple"},"uagb_featured_image_src":{"full":["https:\/\/pecbag.com\/wp-content\/uploads\/2025\/05\/Custom-Durable-Multi-Usage-Chest-Pack-4.jpeg",1487,1500,false],"thumbnail":["https:\/\/pecbag.com\/wp-content\/uploads\/2025\/05\/Custom-Durable-Multi-Usage-Chest-Pack-4-150x150.jpeg",150,150,true],"medium":["https:\/\/pecbag.com\/wp-content\/uploads\/2025\/05\/Custom-Durable-Multi-Usage-Chest-Pack-4-297x300.jpeg",297,300,true],"medium_large":["https:\/\/pecbag.com\/wp-content\/uploads\/2025\/05\/Custom-Durable-Multi-Usage-Chest-Pack-4-768x775.jpeg",768,775,true],"large":["https:\/\/pecbag.com\/wp-content\/uploads\/2025\/05\/Custom-Durable-Multi-Usage-Chest-Pack-4-1015x1024.jpeg",800,807,true],"1536x1536":["https:\/\/pecbag.com\/wp-content\/uploads\/2025\/05\/Custom-Durable-Multi-Usage-Chest-Pack-4.jpeg",1487,1500,false],"2048x2048":["https:\/\/pecbag.com\/wp-content\/uploads\/2025\/05\/Custom-Durable-Multi-Usage-Chest-Pack-4.jpeg",1487,1500,false],"trp-custom-language-flag":["https:\/\/pecbag.com\/wp-content\/uploads\/2025\/05\/Custom-Durable-Multi-Usage-Chest-Pack-4-12x12.jpeg",12,12,true],"woocommerce_thumbnail":["https:\/\/pecbag.com\/wp-content\/uploads\/2025\/05\/Custom-Durable-Multi-Usage-Chest-Pack-4-300x300.jpeg",300,300,true],"woocommerce_single":["https:\/\/pecbag.com\/wp-content\/uploads\/2025\/05\/Custom-Durable-Multi-Usage-Chest-Pack-4-600x605.jpeg",600,605,true],"woocommerce_gallery_thumbnail":["https:\/\/pecbag.com\/wp-content\/uploads\/2025\/05\/Custom-Durable-Multi-Usage-Chest-Pack-4-100x100.jpeg",100,100,true]},"uagb_author_info":{"display_name":"Lawrence","author_link":"https:\/\/pecbag.com\/da\/author\/"},"uagb_comment_info":0,"uagb_excerpt":"Custom Durable Multi Usage Chest Pack Carry gear without using a belt &amp; easily reach your items in confined spaces, such as vehicle\/aircraft cabs, where your elbow room is restricted. A more comfortable alternative to belt holsters, as you won't be poked by your gear while seated, this convertible harness will expand your carrying capacity&hellip;","_links":{"self":[{"href":"https:\/\/pecbag.com\/da\/wp-json\/wp\/v2\/product\/3296","targetHints":{"allow":["GET"]}}],"collection":[{"href":"https:\/\/pecbag.com\/da\/wp-json\/wp\/v2\/product"}],"about":[{"href":"https:\/\/pecbag.com\/da\/wp-json\/wp\/v2\/types\/product"}],"wp:featuredmedia":[{"embeddable":true,"href":"https:\/\/pecbag.com\/da\/wp-json\/wp\/v2\/media\/3297"}],"wp:attachment":[{"href":"https:\/\/pecbag.com\/da\/wp-json\/wp\/v2\/media?parent=3296"}],"wp:term":[{"taxonomy":"product_brand","embeddable":true,"href":"https:\/\/pecbag.com\/da\/wp-json\/wp\/v2\/product_brand?post=3296"},{"taxonomy":"product_cat","embeddable":true,"href":"https:\/\/pecbag.com\/da\/wp-json\/wp\/v2\/product_cat?post=3296"},{"taxonomy":"product_tag","embeddable":true,"href":"https:\/\/pecbag.com\/da\/wp-json\/wp\/v2\/product_tag?post=3296"}],"curies":[{"name":"wp","href":"https:\/\/api.w.org\/{rel}","templated":true}]}}