{"id":3317,"date":"2025-05-26T07:06:58","date_gmt":"2025-05-26T07:06:58","guid":{"rendered":"https:\/\/pecbag.com\/?post_type=product&#038;p=3317"},"modified":"2025-11-04T09:50:51","modified_gmt":"2025-11-04T09:50:51","slug":"durable-outdoor-sport-crossbody-bag","status":"publish","type":"product","link":"https:\/\/pecbag.com\/da\/durable-outdoor-sport-crossbody-bag\/","title":{"rendered":"Holdbar udend\u00f8rs sport crossbody-taske"},"content":{"rendered":"<h5 title=\"Foldbar hundetaske \u00c5ndbar netskuldertaske til k\u00e6ledyr til sm\u00e5 hunde og katte\" data-immersive-translate-walked=\"1c928421-2e42-4cd3-8754-5404553c0af5\" data-immersive-translate-paragraph=\"1\" data-spm-anchor-id=\"a2700.details.0.i35.4f6757d4w4zNZA\">Holdbar udend\u00f8rs sport crossbody taske producent | vandt\u00e6t taske fabrik &amp; rygs\u00e6k leverand\u00f8r | bulk OEM<\/h5>\n<div class=\"flex flex-grow flex-col max-w-full\">\n<div class=\"min-h-[20px] text-message flex w-full flex-col items-end gap-2 whitespace-pre-wrap break-words [.text-message+&amp;]:mt-5 overflow-x-auto\" dir=\"auto\" data-message-author-role=\"assistant\" data-message-id=\"3d7d46f6-7ec2-4222-9257-48fa0bba23c6\" data-suggestions=\"true\">\n<div class=\"flex w-full flex-col gap-1 empty:hidden first:pt-[3px]\">\n<div class=\"markdown prose w-full break-words dark:prose-invert light\">\n<p>Har du brug for slidst\u00e6rke crossbody-tasker til udend\u00f8rsbrug, som kan klare barske eventyr? Som en af de bedste producenter af vandt\u00e6tte tasker og rygs\u00e6kke i Kina laver vi slidst\u00e6rke crossbody-tasker til vandrere, cyklister og crossbody-taske-grossister i hele verden!<\/p>\n<table width=\"288\">\n<tbody>\n<tr>\n<td width=\"137\"><span style=\"color: #333333;\">Produkternes navn<\/span><\/td>\n<td width=\"151\"><span style=\"color: #333333;\">Crossbody-taske<\/span><\/td>\n<\/tr>\n<tr>\n<td><span style=\"color: #333333;\">Vare nr.<\/span><\/td>\n<td><span style=\"color: #333333;\">PB-2046<\/span><\/td>\n<\/tr>\n<tr>\n<td><span style=\"color: #333333;\">Materiale<\/span><\/td>\n<td>600D polyester<\/td>\n<\/tr>\n<tr>\n<td><span style=\"color: #333333;\">\u00a0St\u00f8rrelse og farve<\/span><\/td>\n<td>24 x 9,5 x 32 cm<\/td>\n<\/tr>\n<tr>\n<td><span style=\"color: #333333;\">\u00a0Leveringstid<\/span><\/td>\n<td><span style=\"color: #333333;\">1-5 dage for sm\u00e5 m\u00e6ngder med fly og 30-35 dage for store m\u00e6ngder med skib<\/span><\/td>\n<\/tr>\n<\/tbody>\n<\/table>\n<p class=\"ds-markdown-paragraph\">\u2705\u00a0<strong>Hvorfor vores holdbare udend\u00f8rs sportstasker vinder:<\/strong><\/p>\n<ul>\n<li>\n<p class=\"ds-markdown-paragraph\"><strong>Bygget robust<\/strong>: 600D polyester + forst\u00e6rkede syninger - klarer stier, sten og regnvejr!<\/p>\n<\/li>\n<li>\n<p class=\"ds-markdown-paragraph\"><strong>Vandt\u00e6t og svedsikker<\/strong>: S\u00f8mforseglet TPU-bel\u00e6gning + \u00e5ndbart mesh - perfekt til regn eller intens tr\u00e6ning.<\/p>\n<\/li>\n<li>\n<p class=\"ds-markdown-paragraph\"><strong>Bestil str\u00f8m i l\u00f8s v\u00e6gt<\/strong>: Producer crossbody taske bulkordrer (MOQ 100 stk.) Via crossbody taske ODM \/ OEM eller private label p\u00e5 10 dage!<\/p>\n<\/li>\n<li>\n<p class=\"ds-markdown-paragraph\"><strong>Kinas omkostningskant<\/strong>: Som en f\u00f8rende crossbody taske Kina leverand\u00f8r, kvalitet m\u00f8der uovertruffen fabrikspriser.<\/p>\n<\/li>\n<\/ul>\n<p class=\"ds-markdown-paragraph\"><strong>Funktioner, som eventyrere elsker:<\/strong><br \/>\n\ud83d\udd39 5L-10L kapacitet (passer til vandflasker, v\u00e6rkt\u00f8j, telefoner) + RFID-blokerende lomme<br \/>\n\ud83d\udd39 Justerbare stropper (passer til alle kropstyper) + lynl\u00e5se i siden med hurtig adgang<br \/>\n\ud83d\udd39 Reflekterende logoer for sikkerhed om natten + anti-skimmel OEKO-TEX-stof<br \/>\n\ud83d\udd39 Letv\u00e6gt (0,5 kg) - ideel til klatring, camping eller pendling i byen<\/p>\n<p class=\"ds-markdown-paragraph\"><strong>Perfekt til:<\/strong><\/p>\n<ul>\n<li>\n<p class=\"ds-markdown-paragraph\">Outdoor-forhandlere og leverand\u00f8rer af crossbody-tasker<\/p>\n<\/li>\n<li>\n<p class=\"ds-markdown-paragraph\">Sportsm\u00e6rker &amp; crossbody-taske-grossister<\/p>\n<\/li>\n<li>\n<p class=\"ds-markdown-paragraph\">Nystartede virksomheder opbygger private label-linjer for crossbody-tasker<\/p>\n<\/li>\n<\/ul>\n<p class=\"ds-markdown-paragraph\"><strong>Hvordan vi arbejder:<\/strong><br \/>\n1\ufe0f\u20e3 V\u00e6lg mellem 80+ robuste designs, eller tilpas dit eget<br \/>\n2\ufe0f\u20e3 Prototype p\u00e5 5 dage \u2192 test \u2192 masseproduktion<br \/>\n3\ufe0f\u20e3 Skib via eksportnetv\u00e6rk for crossbody-tasker (luft\/s\u00f8\/DDP)<\/p>\n<p class=\"ds-markdown-paragraph\"><strong>Hvorfor stole p\u00e5 os?<\/strong><br \/>\n\u2705 10+ \u00e5rs ekspertise som producent af crossbody-tasker<br \/>\n\u2705 30% st\u00e6rkere stof end konkurrenterne<br \/>\n\u2705 24\/7 support p\u00e5 engelsk, spansk og tysk<\/p>\n<p class=\"ds-markdown-paragraph\"><strong>Er du klar til at g\u00f8re dig klar til udend\u00f8rs salg?<\/strong><br \/>\n\ud83d\udc49\u00a0<strong>Gratis pr\u00f8ver<\/strong>\u00a0\ud83d\udc49 20% depositum \ud83d\udc49 24 timers tilbud<\/p>\n<\/div>\n<\/div>\n<\/div>\n<\/div>","protected":false},"excerpt":{"rendered":"<h2 data-immersive-translate-walked=\"344be1c1-5052-41eb-8fcd-0dbe236a0d6b\" data-immersive-translate-paragraph=\"1\">Holdbar udend\u00f8rs sport crossbody-taske<\/h2>\n<div>1. Fremragende vandt\u00e6thed: Den er meget vandt\u00e6t, slidst\u00e6rk og nem at reng\u00f8re. Lynl\u00e5sen p\u00e5 den lille fiskegrejstaske er ogs\u00e5 vandt\u00e6t og rustfri og g\u00e5r ikke i stykker, selv efter langvarig brug i et saltvandsmilj\u00f8.<\/div>\n<div><\/div>\n<div>\n<div>2. Let og holdbar: Med en v\u00e6gt p\u00e5 0,68 pund er denne b\u00e6ltetaske til fiskeri lettere og mere b\u00e6rbar end en fiskerygs\u00e6k, hvilket g\u00f8r den behagelig at have p\u00e5 selv i lange perioder. En robust tovejslynl\u00e5s i hovedrummet giver dig nem adgang til det fra begge sider.<\/div>\n<\/div>","protected":false},"featured_media":3334,"template":"","meta":{"_uag_custom_page_level_css":""},"product_brand":[],"product_cat":[62],"product_tag":[],"class_list":{"0":"post-3317","1":"product","2":"type-product","3":"status-publish","4":"has-post-thumbnail","6":"product_cat-crossbody-bags","8":"first","9":"instock","10":"shipping-taxable","11":"product-type-simple"},"uagb_featured_image_src":{"full":["https:\/\/pecbag.com\/wp-content\/uploads\/2025\/05\/Durable-Outdoor-Sport-Crossbody-Bag-2-1.jpeg",800,800,false],"thumbnail":["https:\/\/pecbag.com\/wp-content\/uploads\/2025\/05\/Durable-Outdoor-Sport-Crossbody-Bag-2-1-150x150.jpeg",150,150,true],"medium":["https:\/\/pecbag.com\/wp-content\/uploads\/2025\/05\/Durable-Outdoor-Sport-Crossbody-Bag-2-1-300x300.jpeg",300,300,true],"medium_large":["https:\/\/pecbag.com\/wp-content\/uploads\/2025\/05\/Durable-Outdoor-Sport-Crossbody-Bag-2-1-768x768.jpeg",768,768,true],"large":["https:\/\/pecbag.com\/wp-content\/uploads\/2025\/05\/Durable-Outdoor-Sport-Crossbody-Bag-2-1.jpeg",800,800,false],"1536x1536":["https:\/\/pecbag.com\/wp-content\/uploads\/2025\/05\/Durable-Outdoor-Sport-Crossbody-Bag-2-1.jpeg",800,800,false],"2048x2048":["https:\/\/pecbag.com\/wp-content\/uploads\/2025\/05\/Durable-Outdoor-Sport-Crossbody-Bag-2-1.jpeg",800,800,false],"trp-custom-language-flag":["https:\/\/pecbag.com\/wp-content\/uploads\/2025\/05\/Durable-Outdoor-Sport-Crossbody-Bag-2-1-12x12.jpeg",12,12,true],"woocommerce_thumbnail":["https:\/\/pecbag.com\/wp-content\/uploads\/2025\/05\/Durable-Outdoor-Sport-Crossbody-Bag-2-1-300x300.jpeg",300,300,true],"woocommerce_single":["https:\/\/pecbag.com\/wp-content\/uploads\/2025\/05\/Durable-Outdoor-Sport-Crossbody-Bag-2-1-600x600.jpeg",600,600,true],"woocommerce_gallery_thumbnail":["https:\/\/pecbag.com\/wp-content\/uploads\/2025\/05\/Durable-Outdoor-Sport-Crossbody-Bag-2-1-100x100.jpeg",100,100,true]},"uagb_author_info":{"display_name":"Lawrence","author_link":"https:\/\/pecbag.com\/da\/author\/"},"uagb_comment_info":0,"uagb_excerpt":"Durable Outdoor Sport Crossbody Bag 1. Excellent waterproofing: It is highly waterproof, wear-resistant, and easy to clean. The zipper of the small fishing tackle bag is also waterproof and rust-proof, and will not break even after long-term use in a saltwater environment. 2. Lightweight and durable: Weighing 0.68 pounds, this fishing fanny pack is lighter&hellip;","_links":{"self":[{"href":"https:\/\/pecbag.com\/da\/wp-json\/wp\/v2\/product\/3317","targetHints":{"allow":["GET"]}}],"collection":[{"href":"https:\/\/pecbag.com\/da\/wp-json\/wp\/v2\/product"}],"about":[{"href":"https:\/\/pecbag.com\/da\/wp-json\/wp\/v2\/types\/product"}],"wp:featuredmedia":[{"embeddable":true,"href":"https:\/\/pecbag.com\/da\/wp-json\/wp\/v2\/media\/3334"}],"wp:attachment":[{"href":"https:\/\/pecbag.com\/da\/wp-json\/wp\/v2\/media?parent=3317"}],"wp:term":[{"taxonomy":"product_brand","embeddable":true,"href":"https:\/\/pecbag.com\/da\/wp-json\/wp\/v2\/product_brand?post=3317"},{"taxonomy":"product_cat","embeddable":true,"href":"https:\/\/pecbag.com\/da\/wp-json\/wp\/v2\/product_cat?post=3317"},{"taxonomy":"product_tag","embeddable":true,"href":"https:\/\/pecbag.com\/da\/wp-json\/wp\/v2\/product_tag?post=3317"}],"curies":[{"name":"wp","href":"https:\/\/api.w.org\/{rel}","templated":true}]}}