{"id":3324,"date":"2025-05-26T07:33:50","date_gmt":"2025-05-26T07:33:50","guid":{"rendered":"https:\/\/pecbag.com\/?post_type=product&#038;p=3324"},"modified":"2025-11-29T02:01:10","modified_gmt":"2025-11-29T02:01:10","slug":"customized-military-gear-messenger-bag","status":"publish","type":"product","link":"https:\/\/pecbag.com\/da\/customized-military-gear-messenger-bag\/","title":{"rendered":"Tilpasset milit\u00e6rudstyr Messenger Bag"},"content":{"rendered":"<h5 title=\"Foldbar hundetaske \u00c5ndbar netskuldertaske til k\u00e6ledyr til sm\u00e5 hunde og katte\" data-immersive-translate-walked=\"1c928421-2e42-4cd3-8754-5404553c0af5\" data-immersive-translate-paragraph=\"1\" data-spm-anchor-id=\"a2700.details.0.i35.4f6757d4w4zNZA\">Tilpassede milit\u00e6rudstyr Messenger Tasker | Vandt\u00e6t taskefabrik og rygs\u00e6kproducent - Bulk OEM taktiske l\u00f8sninger<\/h5>\n<div class=\"flex flex-grow flex-col max-w-full\">\n<div class=\"min-h-[20px] text-message flex w-full flex-col items-end gap-2 whitespace-pre-wrap break-words [.text-message+&amp;]:mt-5 overflow-x-auto\" dir=\"auto\" data-message-author-role=\"assistant\" data-message-id=\"3d7d46f6-7ec2-4222-9257-48fa0bba23c6\" data-suggestions=\"true\">\n<div class=\"flex w-full flex-col gap-1 empty:hidden first:pt-[3px]\">\n<div class=\"markdown prose w-full break-words dark:prose-invert light\">\n<table width=\"288\">\n<tbody>\n<tr>\n<td width=\"137\"><span style=\"color: #333333;\">Produkternes navn<\/span><\/td>\n<td width=\"151\"><span style=\"color: #333333;\">Crossbody-taske<\/span><\/td>\n<\/tr>\n<tr>\n<td><span style=\"color: #333333;\">Vare nr.<\/span><\/td>\n<td><span style=\"color: #333333;\">PB-2047<\/span><\/td>\n<\/tr>\n<tr>\n<td><span style=\"color: #333333;\">Materiale<\/span><\/td>\n<td>600D polyester<\/td>\n<\/tr>\n<tr>\n<td><span style=\"color: #333333;\">St\u00f8rrelse<\/span><\/td>\n<td>41*16*20cm<\/td>\n<\/tr>\n<tr>\n<td><span style=\"color: #333333;\">\u00a0Leveringstid<\/span><\/td>\n<td><span style=\"color: #333333;\">1-5 dage for sm\u00e5 m\u00e6ngder med fly og 30-35 dage for store m\u00e6ngder med skib<\/span><\/td>\n<\/tr>\n<\/tbody>\n<\/table>\n<p>Som en professionel crossbody taske producent og crossbody taske leverand\u00f8r i Kina, har vi specialiseret os i at producere tunge tilpassede milit\u00e6re gear messenger tasker. Vores crossbody taskefabrik tilbyder:<br \/>\n\u2705 Vandt\u00e6tte milit\u00e6re messenger-tasker med MOLLE-b\u00e5nd (500D- 1000D nylon)<br \/>\n\u2705 <strong>OEM\/ODM-tjenester<\/strong> til crossbody-tasker med eget m\u00e6rke (MOQ 100 stk.)<br \/>\n\u2705 Masseproduktion af crossbody-tasker med 15 dages hurtig ekspeditionstid<br \/>\n\u2705 MIL-SPEC-certificerede taktiske crossbody-tasker til global eksport<\/p>\n<p>Betroet af milit\u00e6r-\/politienheder og outdoor-m\u00e6rker over hele verden. Anmod om gratis pr\u00f8ver af vores Kina-fremstillede crossbody-tasker eller download tekniske specifikationer. Crossbody-taske-grossister f\u00e5r eksklusive rabatter p\u00e5 ordrer over 2.000 enheder.<\/p>\n<\/div>\n<\/div>\n<\/div>\n<\/div>","protected":false},"excerpt":{"rendered":"<h2 data-immersive-translate-walked=\"344be1c1-5052-41eb-8fcd-0dbe236a0d6b\" data-immersive-translate-paragraph=\"1\">Tilpasset milit\u00e6rudstyr Messenger Bag<\/h2>\n<div>\n<p><strong>1. MOLLE-system:\u00a0<\/strong>Molle taktisk skuldertaske med molle-system, kan bruges som ekstra taktisk taske og udstyr. Klisterm\u00e6rket p\u00e5 forsiden giver dig mulighed for at s\u00e6tte dit badge p\u00e5, hvilket g\u00f8r tasken unik.<\/p>\n<p><strong>2. multifunktionel:<\/strong>\u00a0Det rummelige lukkede rum giver rummelig og sikker opbevaringsplads til dit udstyr; forlommen er praktisk til hurtig adgang; den indvendige lomme er praktisk til opbevaring af genstande separat; lommen med sn\u00f8re i venstre side er designet som en drikkeglaspose; lynl\u00e5s\u00e5bningen og den lukkende lomme til h\u00f8jre kan placere sm\u00e5 genstande.<\/p>\n<\/div>","protected":false},"featured_media":3323,"template":"","meta":{"_uag_custom_page_level_css":""},"product_brand":[],"product_cat":[62],"product_tag":[],"class_list":{"0":"post-3324","1":"product","2":"type-product","3":"status-publish","4":"has-post-thumbnail","6":"product_cat-crossbody-bags","8":"first","9":"instock","10":"shipping-taxable","11":"product-type-simple"},"uagb_featured_image_src":{"full":["https:\/\/pecbag.com\/wp-content\/uploads\/2025\/05\/Durable-Outdoor-Sport-Crossbody-Bag-5.jpeg",800,800,false],"thumbnail":["https:\/\/pecbag.com\/wp-content\/uploads\/2025\/05\/Durable-Outdoor-Sport-Crossbody-Bag-5-150x150.jpeg",150,150,true],"medium":["https:\/\/pecbag.com\/wp-content\/uploads\/2025\/05\/Durable-Outdoor-Sport-Crossbody-Bag-5-300x300.jpeg",300,300,true],"medium_large":["https:\/\/pecbag.com\/wp-content\/uploads\/2025\/05\/Durable-Outdoor-Sport-Crossbody-Bag-5-768x768.jpeg",768,768,true],"large":["https:\/\/pecbag.com\/wp-content\/uploads\/2025\/05\/Durable-Outdoor-Sport-Crossbody-Bag-5.jpeg",800,800,false],"1536x1536":["https:\/\/pecbag.com\/wp-content\/uploads\/2025\/05\/Durable-Outdoor-Sport-Crossbody-Bag-5.jpeg",800,800,false],"2048x2048":["https:\/\/pecbag.com\/wp-content\/uploads\/2025\/05\/Durable-Outdoor-Sport-Crossbody-Bag-5.jpeg",800,800,false],"trp-custom-language-flag":["https:\/\/pecbag.com\/wp-content\/uploads\/2025\/05\/Durable-Outdoor-Sport-Crossbody-Bag-5-12x12.jpeg",12,12,true],"woocommerce_thumbnail":["https:\/\/pecbag.com\/wp-content\/uploads\/2025\/05\/Durable-Outdoor-Sport-Crossbody-Bag-5-300x300.jpeg",300,300,true],"woocommerce_single":["https:\/\/pecbag.com\/wp-content\/uploads\/2025\/05\/Durable-Outdoor-Sport-Crossbody-Bag-5-600x600.jpeg",600,600,true],"woocommerce_gallery_thumbnail":["https:\/\/pecbag.com\/wp-content\/uploads\/2025\/05\/Durable-Outdoor-Sport-Crossbody-Bag-5-100x100.jpeg",100,100,true]},"uagb_author_info":{"display_name":"Lawrence","author_link":"https:\/\/pecbag.com\/da\/author\/"},"uagb_comment_info":0,"uagb_excerpt":"Customized Military Gear Messenger Bag 1.MOLLE system:\u00a0Molle tactical shoulder bag with molle system, can be used as an additional tactical pouch and equipment. The sticker on the front allows you to stick the badge, making the bag unique. 2.Multi-function:\u00a0The spacious closed compartment provides spacious and safe storage space for your equipment; the front pocket is&hellip;","_links":{"self":[{"href":"https:\/\/pecbag.com\/da\/wp-json\/wp\/v2\/product\/3324","targetHints":{"allow":["GET"]}}],"collection":[{"href":"https:\/\/pecbag.com\/da\/wp-json\/wp\/v2\/product"}],"about":[{"href":"https:\/\/pecbag.com\/da\/wp-json\/wp\/v2\/types\/product"}],"wp:featuredmedia":[{"embeddable":true,"href":"https:\/\/pecbag.com\/da\/wp-json\/wp\/v2\/media\/3323"}],"wp:attachment":[{"href":"https:\/\/pecbag.com\/da\/wp-json\/wp\/v2\/media?parent=3324"}],"wp:term":[{"taxonomy":"product_brand","embeddable":true,"href":"https:\/\/pecbag.com\/da\/wp-json\/wp\/v2\/product_brand?post=3324"},{"taxonomy":"product_cat","embeddable":true,"href":"https:\/\/pecbag.com\/da\/wp-json\/wp\/v2\/product_cat?post=3324"},{"taxonomy":"product_tag","embeddable":true,"href":"https:\/\/pecbag.com\/da\/wp-json\/wp\/v2\/product_tag?post=3324"}],"curies":[{"name":"wp","href":"https:\/\/api.w.org\/{rel}","templated":true}]}}