{"id":3325,"date":"2025-05-26T07:40:40","date_gmt":"2025-05-26T07:40:40","guid":{"rendered":"https:\/\/pecbag.com\/?post_type=product&#038;p=3325"},"modified":"2025-11-29T02:01:06","modified_gmt":"2025-11-29T02:01:06","slug":"factory-custom-color-fanny-waist-pack","status":"publish","type":"product","link":"https:\/\/pecbag.com\/da\/factory-custom-color-fanny-waist-pack\/","title":{"rendered":"Fabrikstilpasset b\u00e6ltetaske i farver"},"content":{"rendered":"<h5 title=\"Foldbar hundetaske \u00c5ndbar netskuldertaske til k\u00e6ledyr til sm\u00e5 hunde og katte\" data-immersive-translate-walked=\"1c928421-2e42-4cd3-8754-5404553c0af5\" data-immersive-translate-paragraph=\"1\" data-spm-anchor-id=\"a2700.details.0.i35.4f6757d4w4zNZA\">Fabrikstilpassede b\u00e6ltetasker i farver | Vandt\u00e6t taskefabrik og rygs\u00e6kproducent - OEM-hoftepakkel\u00f8sninger i l\u00f8s v\u00e6gt<\/h5>\n<div class=\"flex flex-grow flex-col max-w-full\">\n<div class=\"min-h-[20px] text-message flex w-full flex-col items-end gap-2 whitespace-pre-wrap break-words [.text-message+&amp;]:mt-5 overflow-x-auto\" dir=\"auto\" data-message-author-role=\"assistant\" data-message-id=\"3d7d46f6-7ec2-4222-9257-48fa0bba23c6\" data-suggestions=\"true\">\n<div class=\"flex w-full flex-col gap-1 empty:hidden first:pt-[3px]\">\n<div class=\"markdown prose w-full break-words dark:prose-invert light\">\n<table width=\"288\">\n<tbody>\n<tr>\n<td width=\"137\"><span style=\"color: #333333;\">Produkternes navn<\/span><\/td>\n<td width=\"151\"><span style=\"color: #333333;\">Crossbody-taske<\/span><\/td>\n<\/tr>\n<tr>\n<td><span style=\"color: #333333;\">Vare nr.<\/span><\/td>\n<td><span style=\"color: #333333;\">PB-2048<\/span><\/td>\n<\/tr>\n<tr>\n<td><span style=\"color: #333333;\">Materiale<\/span><\/td>\n<td>600D polyester<\/td>\n<\/tr>\n<tr>\n<td><span style=\"color: #333333;\">\u00a0St\u00f8rrelse og farve<\/span><\/td>\n<td>11 x 5 x 6 tommer<\/td>\n<\/tr>\n<tr>\n<td><span style=\"color: #333333;\">\u00a0Leveringstid<\/span><\/td>\n<td><span style=\"color: #333333;\">1-5 dage for sm\u00e5 m\u00e6ngder med fly og 30-35 dage for store m\u00e6ngder med skib<\/span><\/td>\n<\/tr>\n<\/tbody>\n<\/table>\n<p>Som Kinas f\u00f8rende producent af crossbody-tasker og vandt\u00e6t taskefabrik er vi specialiserede i at producere kraftige, fabrikstilpassede b\u00e6ltetasker i farver til globale m\u00e6rker. Vores crossbody taskefirma tilbyder:<\/p>\n<p>\u2705 <strong>B\u00e6ltetasker, der kan tilpasses<\/strong> med 200+ Pantone-farvemuligheder (MOQ 100 stk.)<br \/>\n\u2705 <strong>Vandt\u00e6tte crossbody-tasker<\/strong> bruger 420D-1680D nylon med TPU-bel\u00e6gning<br \/>\n\u2705 <strong>OEM\/ODM-tjenester<\/strong> for <strong>Taljepakker med eget m\u00e6rke<\/strong> - fra design til eksport<br \/>\n\u2705 <strong>Produktion af b\u00e6ltetasker i l\u00f8s v\u00e6gt<\/strong> med 12 dages hurtig levering<\/p>\n<p>Betroet af crossbody-taske-grossister og outdoor-m\u00e6rker over hele verden. Funktioner inkluderer:<br \/>\n- RFID-blokerende lommer og MIL-STD-b\u00e5nd<br \/>\n- Justerbare stropper i taljen (25-60 tommer)<br \/>\n- Milj\u00f8venlige OEKO-TEX-certificerede materialer<\/p>\n<p><strong>Hvorfor v\u00e6lge vores crossbody-taskefabrik<\/strong>?<br \/>\n\ud83d\udd39 18 \u00e5r som eksport\u00f8r af crossbody-tasker fra Kina<br \/>\n\ud83d\udd39 Gratis pr\u00f8veprogram med tilpasset logotryk<br \/>\n\ud83d\udd39 FOB\/DDP-forsendelse med REACH\/CPSC-certificeringer<\/p>\n<p>Anmod om \u00f8jeblikkelig pris p\u00e5 dit projekt med b\u00e6ltetasker i specialfarver. Leverand\u00f8rer af crossbody-tasker f\u00e5r eksklusive rabatter p\u00e5 ordrer p\u00e5 over 2.000 enheder.<\/p>\n<\/div>\n<\/div>\n<\/div>\n<\/div>","protected":false},"excerpt":{"rendered":"<h2 data-immersive-translate-walked=\"344be1c1-5052-41eb-8fcd-0dbe236a0d6b\" data-immersive-translate-paragraph=\"1\">Fabrikstilpasset b\u00e6ltetaske i farver<\/h2>\n<div>\n<p>1. Konstruktion og flere veje: Udstyret med 2 lynl\u00e5srum foran, 1 lynl\u00e5srum bagp\u00e5, 1 indvendigt lynl\u00e5srum og en polyesterforing holder denne rygs\u00e6k dine ID-kort, penge og alle andre v\u00e6rdigenstande sikre mod tyveri. Du kan ogs\u00e5 konvertere den fra en b\u00e6ltetaske til en crossbody-taske eller en taske over skulderen.<\/p>\n<p>2. St\u00f8rrelse p\u00e5 talje: Taljeb\u00e6ltet kan justeres, s\u00e5 det passer til taljem\u00e5lene 16\u2033 - 40\u2033, hvilket er velegnet til m\u00e6nd, kvinder, teenagere og store b\u00f8rn. Disse moderigtige b\u00e6ltetasker er ogs\u00e5 perfekte gaver til dine familiemedlemmer og venner.<\/p>\n<\/div>","protected":false},"featured_media":3329,"template":"","meta":{"_uag_custom_page_level_css":""},"product_brand":[],"product_cat":[62],"product_tag":[],"class_list":{"0":"post-3325","1":"product","2":"type-product","3":"status-publish","4":"has-post-thumbnail","6":"product_cat-crossbody-bags","8":"first","9":"instock","10":"shipping-taxable","11":"product-type-simple"},"uagb_featured_image_src":{"full":["https:\/\/pecbag.com\/wp-content\/uploads\/2025\/05\/Factory-Custom-Color-Fanny-Waist-Pack-2.jpeg",800,800,false],"thumbnail":["https:\/\/pecbag.com\/wp-content\/uploads\/2025\/05\/Factory-Custom-Color-Fanny-Waist-Pack-2-150x150.jpeg",150,150,true],"medium":["https:\/\/pecbag.com\/wp-content\/uploads\/2025\/05\/Factory-Custom-Color-Fanny-Waist-Pack-2-300x300.jpeg",300,300,true],"medium_large":["https:\/\/pecbag.com\/wp-content\/uploads\/2025\/05\/Factory-Custom-Color-Fanny-Waist-Pack-2-768x768.jpeg",768,768,true],"large":["https:\/\/pecbag.com\/wp-content\/uploads\/2025\/05\/Factory-Custom-Color-Fanny-Waist-Pack-2.jpeg",800,800,false],"1536x1536":["https:\/\/pecbag.com\/wp-content\/uploads\/2025\/05\/Factory-Custom-Color-Fanny-Waist-Pack-2.jpeg",800,800,false],"2048x2048":["https:\/\/pecbag.com\/wp-content\/uploads\/2025\/05\/Factory-Custom-Color-Fanny-Waist-Pack-2.jpeg",800,800,false],"trp-custom-language-flag":["https:\/\/pecbag.com\/wp-content\/uploads\/2025\/05\/Factory-Custom-Color-Fanny-Waist-Pack-2-12x12.jpeg",12,12,true],"woocommerce_thumbnail":["https:\/\/pecbag.com\/wp-content\/uploads\/2025\/05\/Factory-Custom-Color-Fanny-Waist-Pack-2-300x300.jpeg",300,300,true],"woocommerce_single":["https:\/\/pecbag.com\/wp-content\/uploads\/2025\/05\/Factory-Custom-Color-Fanny-Waist-Pack-2-600x600.jpeg",600,600,true],"woocommerce_gallery_thumbnail":["https:\/\/pecbag.com\/wp-content\/uploads\/2025\/05\/Factory-Custom-Color-Fanny-Waist-Pack-2-100x100.jpeg",100,100,true]},"uagb_author_info":{"display_name":"Lawrence","author_link":"https:\/\/pecbag.com\/da\/author\/"},"uagb_comment_info":0,"uagb_excerpt":"Factory Custom Color Fanny Waist Pack 1. Construction &amp; Multi-ways: Equipped with 2 front zippered compartments, 1 rear zipper compartment, 1 interior zipper compartment, and a polyester lining, this pack will keep your ID cards, money, and all other valuables safe from theft. Also, you can convert from a fanny pack to a crossbody bag&hellip;","_links":{"self":[{"href":"https:\/\/pecbag.com\/da\/wp-json\/wp\/v2\/product\/3325","targetHints":{"allow":["GET"]}}],"collection":[{"href":"https:\/\/pecbag.com\/da\/wp-json\/wp\/v2\/product"}],"about":[{"href":"https:\/\/pecbag.com\/da\/wp-json\/wp\/v2\/types\/product"}],"wp:featuredmedia":[{"embeddable":true,"href":"https:\/\/pecbag.com\/da\/wp-json\/wp\/v2\/media\/3329"}],"wp:attachment":[{"href":"https:\/\/pecbag.com\/da\/wp-json\/wp\/v2\/media?parent=3325"}],"wp:term":[{"taxonomy":"product_brand","embeddable":true,"href":"https:\/\/pecbag.com\/da\/wp-json\/wp\/v2\/product_brand?post=3325"},{"taxonomy":"product_cat","embeddable":true,"href":"https:\/\/pecbag.com\/da\/wp-json\/wp\/v2\/product_cat?post=3325"},{"taxonomy":"product_tag","embeddable":true,"href":"https:\/\/pecbag.com\/da\/wp-json\/wp\/v2\/product_tag?post=3325"}],"curies":[{"name":"wp","href":"https:\/\/api.w.org\/{rel}","templated":true}]}}