{"id":3339,"date":"2025-05-26T08:11:40","date_gmt":"2025-05-26T08:11:40","guid":{"rendered":"https:\/\/pecbag.com\/?post_type=product&#038;p=3339"},"modified":"2025-11-29T02:00:59","modified_gmt":"2025-11-29T02:00:59","slug":"stethoscope-organizer-belt-pocket-waist-bag","status":"publish","type":"product","link":"https:\/\/pecbag.com\/da\/stethoscope-organizer-belt-pocket-waist-bag\/","title":{"rendered":"Stetoskop-organisator b\u00e6ltelomme taljetaske"},"content":{"rendered":"<h5 title=\"Foldbar hundetaske \u00c5ndbar netskuldertaske til k\u00e6ledyr til sm\u00e5 hunde og katte\" data-immersive-translate-walked=\"1c928421-2e42-4cd3-8754-5404553c0af5\" data-immersive-translate-paragraph=\"1\" data-spm-anchor-id=\"a2700.details.0.i35.4f6757d4w4zNZA\">Stetoskop Organizer Belt Pocket Waist Bags | Vandt\u00e6t taske fabrik og rygs\u00e6k producent - medicinske crossbody taske l\u00f8sninger<\/h5>\n<div class=\"flex flex-grow flex-col max-w-full\">\n<div class=\"min-h-[20px] text-message flex w-full flex-col items-end gap-2 whitespace-pre-wrap break-words [.text-message+&amp;]:mt-5 overflow-x-auto\" dir=\"auto\" data-message-author-role=\"assistant\" data-message-id=\"3d7d46f6-7ec2-4222-9257-48fa0bba23c6\" data-suggestions=\"true\">\n<div class=\"flex w-full flex-col gap-1 empty:hidden first:pt-[3px]\">\n<div class=\"markdown prose w-full break-words dark:prose-invert light\">\n<table width=\"288\">\n<tbody>\n<tr>\n<td width=\"137\"><span style=\"color: #333333;\">Produkternes navn<\/span><\/td>\n<td width=\"151\"><span style=\"color: #333333;\">Crossbody-taske<\/span><\/td>\n<\/tr>\n<tr>\n<td><span style=\"color: #333333;\">Vare nr.<\/span><\/td>\n<td><span style=\"color: #333333;\">PB-2049<\/span><\/td>\n<\/tr>\n<tr>\n<td><span style=\"color: #333333;\">Materiale<\/span><\/td>\n<td>600D polyester<\/td>\n<\/tr>\n<tr>\n<td><span style=\"color: #333333;\">St\u00f8rrelse<\/span><\/td>\n<td>17,5 x 24 cm<\/td>\n<\/tr>\n<tr>\n<td><span style=\"color: #333333;\">\u00a0Leveringstid<\/span><\/td>\n<td><span style=\"color: #333333;\">1-5 dage for sm\u00e5 m\u00e6ngder med fly og 30-35 dage for store m\u00e6ngder med skib<\/span><\/td>\n<\/tr>\n<\/tbody>\n<\/table>\n<p>Som en professionel crossbody-taskeproducent og vandt\u00e6t taskefabrik i Kina har vi specialiseret os i at producere stetoskop-arrang\u00f8rb\u00e6ltetasker i medicinsk kvalitet til sundhedspersonale. Vores crossbody-taskefirma tilbyder:<\/p>\n<p>\u2705 <strong>HIPAA-kompatible organiseringsposer<\/strong> med antimikrobiel foring (500D PVC-belagt nylon)<br \/>\n\u2705 <strong>Specialfremstillede medicinske b\u00e6ltetasker<\/strong> med stetoskopsl\u00f8jfer og instrumentlommer<br \/>\n\u2705 <strong>OEM\/ODM-tjenester<\/strong> til crossbody-tasker med eget m\u00e6rke (MOQ 50 stk.)<br \/>\n\u2705 <strong>Produktion af medicinske poser i bulk<\/strong> med 10 dages hurtig levering<\/p>\n<p>Betroet af crossbody-taske-grossister og hospitalsleverand\u00f8rer over hele verden. N\u00f8glefunktioner omfatter:<br \/>\n- Vandt\u00e6tte lynl\u00e5se og overflader, der kan t\u00f8rres af<br \/>\n- RFID-blokerende rum til sikker opbevaring<br \/>\n- Justerbare stropper i taljen (28-52 tommer)<\/p>\n<p><strong>Hvorfor samarbejde med vores crossbody-taskefabrik?<\/strong><br \/>\n\ud83d\udd39 15 \u00e5r som f\u00f8rende eksport\u00f8r af crossbody-tasker fra Kina<br \/>\n\ud83d\udd39 CE\/FDA-certificering af medicinsk udstyr tilg\u00e6ngelig<br \/>\n\ud83d\udd39 Gratis udvikling af prototype med dit logo<br \/>\n\ud83d\udd39 FOB\/DDP-forsendelse med st\u00f8tte til toldklarering<\/p>\n<p>Anmod om gratis pr\u00f8ver af vores stetoskop-organiseringstasker eller f\u00e5 \u00f8jeblikkelige priser. Leverand\u00f8rer af crossbody-tasker sparer 15% p\u00e5 ordrer p\u00e5 over 1.000 enheder.<\/p>\n<\/div>\n<\/div>\n<\/div>\n<\/div>","protected":false},"excerpt":{"rendered":"<h2 data-immersive-translate-walked=\"344be1c1-5052-41eb-8fcd-0dbe236a0d6b\" data-immersive-translate-paragraph=\"1\">Stetoskop-organisator b\u00e6ltelomme taljetaske<\/h2>\n<div>\n<p>Multifunktionslommer giver mere plads - Perfekt sygeplejetaske til at organisere hyppigt anvendte sygeplejeartikler, f.eks. kuglepenne, tuscher, bandagesakse osv.<\/p>\n<\/div>","protected":false},"featured_media":3341,"template":"","meta":{"_uag_custom_page_level_css":""},"product_brand":[],"product_cat":[62],"product_tag":[],"class_list":{"0":"post-3339","1":"product","2":"type-product","3":"status-publish","4":"has-post-thumbnail","6":"product_cat-crossbody-bags","8":"first","9":"instock","10":"shipping-taxable","11":"product-type-simple"},"uagb_featured_image_src":{"full":["https:\/\/pecbag.com\/wp-content\/uploads\/2025\/05\/Stethoscope-Organizer-Belt-Pocket-Waist-Bag-6.jpeg",940,940,false],"thumbnail":["https:\/\/pecbag.com\/wp-content\/uploads\/2025\/05\/Stethoscope-Organizer-Belt-Pocket-Waist-Bag-6-150x150.jpeg",150,150,true],"medium":["https:\/\/pecbag.com\/wp-content\/uploads\/2025\/05\/Stethoscope-Organizer-Belt-Pocket-Waist-Bag-6-300x300.jpeg",300,300,true],"medium_large":["https:\/\/pecbag.com\/wp-content\/uploads\/2025\/05\/Stethoscope-Organizer-Belt-Pocket-Waist-Bag-6-768x768.jpeg",768,768,true],"large":["https:\/\/pecbag.com\/wp-content\/uploads\/2025\/05\/Stethoscope-Organizer-Belt-Pocket-Waist-Bag-6.jpeg",800,800,false],"1536x1536":["https:\/\/pecbag.com\/wp-content\/uploads\/2025\/05\/Stethoscope-Organizer-Belt-Pocket-Waist-Bag-6.jpeg",940,940,false],"2048x2048":["https:\/\/pecbag.com\/wp-content\/uploads\/2025\/05\/Stethoscope-Organizer-Belt-Pocket-Waist-Bag-6.jpeg",940,940,false],"trp-custom-language-flag":["https:\/\/pecbag.com\/wp-content\/uploads\/2025\/05\/Stethoscope-Organizer-Belt-Pocket-Waist-Bag-6-12x12.jpeg",12,12,true],"woocommerce_thumbnail":["https:\/\/pecbag.com\/wp-content\/uploads\/2025\/05\/Stethoscope-Organizer-Belt-Pocket-Waist-Bag-6-300x300.jpeg",300,300,true],"woocommerce_single":["https:\/\/pecbag.com\/wp-content\/uploads\/2025\/05\/Stethoscope-Organizer-Belt-Pocket-Waist-Bag-6-600x600.jpeg",600,600,true],"woocommerce_gallery_thumbnail":["https:\/\/pecbag.com\/wp-content\/uploads\/2025\/05\/Stethoscope-Organizer-Belt-Pocket-Waist-Bag-6-100x100.jpeg",100,100,true]},"uagb_author_info":{"display_name":"Lawrence","author_link":"https:\/\/pecbag.com\/da\/author\/"},"uagb_comment_info":0,"uagb_excerpt":"Stethoscope Organizer Belt Pocket Waist Bag Multifunction Pockets Offer More Room - Perfect nursing bag to organize frequently used nursing supplies, such as pens, markers, bandage scissors, etc.","_links":{"self":[{"href":"https:\/\/pecbag.com\/da\/wp-json\/wp\/v2\/product\/3339","targetHints":{"allow":["GET"]}}],"collection":[{"href":"https:\/\/pecbag.com\/da\/wp-json\/wp\/v2\/product"}],"about":[{"href":"https:\/\/pecbag.com\/da\/wp-json\/wp\/v2\/types\/product"}],"wp:featuredmedia":[{"embeddable":true,"href":"https:\/\/pecbag.com\/da\/wp-json\/wp\/v2\/media\/3341"}],"wp:attachment":[{"href":"https:\/\/pecbag.com\/da\/wp-json\/wp\/v2\/media?parent=3339"}],"wp:term":[{"taxonomy":"product_brand","embeddable":true,"href":"https:\/\/pecbag.com\/da\/wp-json\/wp\/v2\/product_brand?post=3339"},{"taxonomy":"product_cat","embeddable":true,"href":"https:\/\/pecbag.com\/da\/wp-json\/wp\/v2\/product_cat?post=3339"},{"taxonomy":"product_tag","embeddable":true,"href":"https:\/\/pecbag.com\/da\/wp-json\/wp\/v2\/product_tag?post=3339"}],"curies":[{"name":"wp","href":"https:\/\/api.w.org\/{rel}","templated":true}]}}