{"id":3347,"date":"2025-05-26T08:27:18","date_gmt":"2025-05-26T08:27:18","guid":{"rendered":"https:\/\/pecbag.com\/?post_type=product&#038;p=3347"},"modified":"2025-11-29T02:00:53","modified_gmt":"2025-11-29T02:00:53","slug":"waterproof-multi-functional-travel-sport-backpack","status":"publish","type":"product","link":"https:\/\/pecbag.com\/da\/waterproof-multi-functional-travel-sport-backpack\/","title":{"rendered":"Vandt\u00e6t multifunktionel rejse- og sportsrygs\u00e6k"},"content":{"rendered":"<h5 title=\"Foldbar hundetaske \u00c5ndbar netskuldertaske til k\u00e6ledyr til sm\u00e5 hunde og katte\" data-immersive-translate-walked=\"1c928421-2e42-4cd3-8754-5404553c0af5\" data-immersive-translate-paragraph=\"1\" data-spm-anchor-id=\"a2700.details.0.i35.4f6757d4w4zNZA\">Vandt\u00e6tte multifunktionelle rejsesportsrygs\u00e6kke | Vandt\u00e6t taskefabrik og rygs\u00e6kproducent - Bulk Duffel Bag Solutions<\/h5>\n<div class=\"flex flex-grow flex-col max-w-full\">\n<div class=\"min-h-[20px] text-message flex w-full flex-col items-end gap-2 whitespace-pre-wrap break-words [.text-message+&amp;]:mt-5 overflow-x-auto\" dir=\"auto\" data-message-author-role=\"assistant\" data-message-id=\"3d7d46f6-7ec2-4222-9257-48fa0bba23c6\" data-suggestions=\"true\">\n<div class=\"flex w-full flex-col gap-1 empty:hidden first:pt-[3px]\">\n<div class=\"markdown prose w-full break-words dark:prose-invert light\">\n<p>Har du brug for taktiske campingrygs\u00e6kke, der overlever i naturen? Vi er en vandt\u00e6t taskefabrik og rygs\u00e6kproducent i Kina, der fremstiller robuste multifunktionelle tasker til udend\u00f8rsm\u00e6rker, milit\u00e6r og globale grossister!<\/p>\n<table width=\"288\">\n<tbody>\n<tr>\n<td width=\"137\"><span style=\"color: #333333;\">Produkternes navn<\/span><\/td>\n<td width=\"151\"><span style=\"color: #333333;\">Lejrtaske<\/span><\/td>\n<\/tr>\n<tr>\n<td><span style=\"color: #333333;\">Vare nr.<\/span><\/td>\n<td><span style=\"color: #333333;\">PB-2050<\/span><\/td>\n<\/tr>\n<tr>\n<td><span style=\"color: #333333;\">Materiale<\/span><\/td>\n<td>Ripstop med l\u00e6derbel\u00e6gning<\/td>\n<\/tr>\n<tr>\n<td><span style=\"color: #333333;\">St\u00f8rrelse<\/span><\/td>\n<td>32L*16W*50H CM<\/td>\n<\/tr>\n<tr>\n<td><span style=\"color: #333333;\">\u00a0Leveringstid<\/span><\/td>\n<td><span style=\"color: #333333;\">1-5 dage for sm\u00e5 m\u00e6ngder med fly og 30-35 dage for store m\u00e6ngder med skib<\/span><\/td>\n<\/tr>\n<\/tbody>\n<\/table>\n<p>Som Kinas f\u00f8rende duffelbagproducent og vandt\u00e6tte taskefabrik er vi specialiserede i at producere kraftige vandt\u00e6tte multifunktionelle rejsesportsrygs\u00e6kke til globale m\u00e6rker. Vores duffelbag-firma tilbyder:<\/p>\n<p>\u2705 <strong>30L-90L vandt\u00e6tte rygs\u00e6kke<\/strong> med TPU-forseglede s\u00f8mme (500D-1000D nylon)<br \/>\n\u2705 <strong>Skr\u00e6ddersyede duffelbags<\/strong> med aftagelige hjul og kompressionsremme<br \/>\n\u2705 <strong>OEM\/ODM-tjenester<\/strong> for <strong>sportsrygs\u00e6kke med eget m\u00e6rke<\/strong><br \/>\n\u2705 <strong>Produktion af duffelbags i l\u00f8s v\u00e6gt<\/strong> med 15 dages hurtig ekspedition<\/p>\n<p>Betroet af duffelbag-grossister og outdoor-forhandlere over hele verden. N\u00f8glefunktioner omfatter:<br \/>\n- Flyselskabets godkendte dimensioner for h\u00e5ndbagage<br \/>\n- 360\u00b0 refleksb\u00e5nd til sikkerhed om natten<br \/>\n- Aftagelige v\u00e5d\/t\u00f8r-rum<\/p>\n<p><strong>Hvorfor v\u00e6lge vores duffelbag-fabrik \uff1a?<\/strong><br \/>\n\ud83d\udd39 12 \u00e5r som de bedste duffelbag-eksport\u00f8rer fra Kina<br \/>\n\ud83d\udd39 IPX6 vandt\u00e6t certificeret og slidst\u00e6rk<br \/>\n\ud83d\udd39 Gratis 3D-designsupport med dit logo<br \/>\n\ud83d\udd39 FOB\/DDP-forsendelse med REACH-overholdelse<\/p>\n<p>Anmod om gratis pr\u00f8ver af vores vandt\u00e6tte multifunktionelle rejserygs\u00e6kke eller f\u00e5 \u00f8jeblikkelige tilbud. Leverand\u00f8rer af duffelbags f\u00e5r 18% rabat p\u00e5 ordrer p\u00e5 over 2.000 enheder.<\/p>\n<\/div>\n<\/div>\n<\/div>\n<\/div>","protected":false},"excerpt":{"rendered":"<h2 data-immersive-translate-walked=\"344be1c1-5052-41eb-8fcd-0dbe236a0d6b\" data-immersive-translate-paragraph=\"1\">Vandt\u00e6t multifunktionel rejse- og sportsrygs\u00e6k<\/h2>\n<p>1. Stor st\u00f8rrelse, op til 10 multifunktionelle lommer, \u00e5ndbar skotaske, lynl\u00e5slomme p\u00e5 siden, elastisk netlomme, computerlomme, brillelomme med flannelbeskyttelse indeni.<\/p>\n<p>2. Hele tasken har et U-formet lynl\u00e5sdesign, og den omvendte lynl\u00e5s er smukkere og glattere<\/p>\n<p>3. Stoffet er slidst\u00e6rkt og vandafvisende, k\u00f8ligt at r\u00f8re ved og frisk i farven, et must-have modeitem til sommeren.<\/p>","protected":false},"featured_media":3349,"template":"","meta":{"_uag_custom_page_level_css":""},"product_brand":[],"product_cat":[60,63,56,55],"product_tag":[],"class_list":{"0":"post-3347","1":"product","2":"type-product","3":"status-publish","4":"has-post-thumbnail","6":"product_cat-backpack","7":"product_cat-duffel-bag","8":"product_cat-gym-bag","9":"product_cat-tactical-bag","11":"first","12":"instock","13":"shipping-taxable","14":"product-type-simple"},"uagb_featured_image_src":{"full":["https:\/\/pecbag.com\/wp-content\/uploads\/2025\/05\/Waterproof-Multi-Functional-Travel-Sport-Backpack-1.jpeg",1000,1000,false],"thumbnail":["https:\/\/pecbag.com\/wp-content\/uploads\/2025\/05\/Waterproof-Multi-Functional-Travel-Sport-Backpack-1-150x150.jpeg",150,150,true],"medium":["https:\/\/pecbag.com\/wp-content\/uploads\/2025\/05\/Waterproof-Multi-Functional-Travel-Sport-Backpack-1-300x300.jpeg",300,300,true],"medium_large":["https:\/\/pecbag.com\/wp-content\/uploads\/2025\/05\/Waterproof-Multi-Functional-Travel-Sport-Backpack-1-768x768.jpeg",768,768,true],"large":["https:\/\/pecbag.com\/wp-content\/uploads\/2025\/05\/Waterproof-Multi-Functional-Travel-Sport-Backpack-1.jpeg",800,800,false],"1536x1536":["https:\/\/pecbag.com\/wp-content\/uploads\/2025\/05\/Waterproof-Multi-Functional-Travel-Sport-Backpack-1.jpeg",1000,1000,false],"2048x2048":["https:\/\/pecbag.com\/wp-content\/uploads\/2025\/05\/Waterproof-Multi-Functional-Travel-Sport-Backpack-1.jpeg",1000,1000,false],"trp-custom-language-flag":["https:\/\/pecbag.com\/wp-content\/uploads\/2025\/05\/Waterproof-Multi-Functional-Travel-Sport-Backpack-1-12x12.jpeg",12,12,true],"woocommerce_thumbnail":["https:\/\/pecbag.com\/wp-content\/uploads\/2025\/05\/Waterproof-Multi-Functional-Travel-Sport-Backpack-1-300x300.jpeg",300,300,true],"woocommerce_single":["https:\/\/pecbag.com\/wp-content\/uploads\/2025\/05\/Waterproof-Multi-Functional-Travel-Sport-Backpack-1-600x600.jpeg",600,600,true],"woocommerce_gallery_thumbnail":["https:\/\/pecbag.com\/wp-content\/uploads\/2025\/05\/Waterproof-Multi-Functional-Travel-Sport-Backpack-1-100x100.jpeg",100,100,true]},"uagb_author_info":{"display_name":"Lawrence","author_link":"https:\/\/pecbag.com\/da\/author\/"},"uagb_comment_info":0,"uagb_excerpt":"Waterproof Multi-Functional Travel Sport Backpack 1. Large size, up to 10 multifunctional pockets, breathable shoe bag, side zipper pocket, mesh elastic pocket, computer pocket, glasses pocket with flannel protection inside. 2. The whole bag has a U-shaped zipper design, and the reverse zipper is more beautiful and smoother 3. The fabric is durable and water-repellent,&hellip;","_links":{"self":[{"href":"https:\/\/pecbag.com\/da\/wp-json\/wp\/v2\/product\/3347","targetHints":{"allow":["GET"]}}],"collection":[{"href":"https:\/\/pecbag.com\/da\/wp-json\/wp\/v2\/product"}],"about":[{"href":"https:\/\/pecbag.com\/da\/wp-json\/wp\/v2\/types\/product"}],"wp:featuredmedia":[{"embeddable":true,"href":"https:\/\/pecbag.com\/da\/wp-json\/wp\/v2\/media\/3349"}],"wp:attachment":[{"href":"https:\/\/pecbag.com\/da\/wp-json\/wp\/v2\/media?parent=3347"}],"wp:term":[{"taxonomy":"product_brand","embeddable":true,"href":"https:\/\/pecbag.com\/da\/wp-json\/wp\/v2\/product_brand?post=3347"},{"taxonomy":"product_cat","embeddable":true,"href":"https:\/\/pecbag.com\/da\/wp-json\/wp\/v2\/product_cat?post=3347"},{"taxonomy":"product_tag","embeddable":true,"href":"https:\/\/pecbag.com\/da\/wp-json\/wp\/v2\/product_tag?post=3347"}],"curies":[{"name":"wp","href":"https:\/\/api.w.org\/{rel}","templated":true}]}}