{"id":3361,"date":"2025-05-26T08:46:22","date_gmt":"2025-05-26T08:46:22","guid":{"rendered":"https:\/\/pecbag.com\/?post_type=product&#038;p=3361"},"modified":"2025-11-29T02:00:41","modified_gmt":"2025-11-29T02:00:41","slug":"durable-oxford-sports-travel-duffel-bag","status":"publish","type":"product","link":"https:\/\/pecbag.com\/da\/durable-oxford-sports-travel-duffel-bag\/","title":{"rendered":"Holdbar Oxford Sports Travel Duffel Bag"},"content":{"rendered":"<h5 title=\"Foldbar hundetaske \u00c5ndbar netskuldertaske til k\u00e6ledyr til sm\u00e5 hunde og katte\" data-immersive-translate-walked=\"1c928421-2e42-4cd3-8754-5404553c0af5\" data-immersive-translate-paragraph=\"1\" data-spm-anchor-id=\"a2700.details.0.i35.4f6757d4w4zNZA\">Holdbare Oxford Sports Travel Duffel Tasker | Vandt\u00e6t taskefabrik og rygs\u00e6kproducent - Bulk OEM-l\u00f8sninger<\/h5>\n<div class=\"flex flex-grow flex-col max-w-full\">\n<div class=\"min-h-[20px] text-message flex w-full flex-col items-end gap-2 whitespace-pre-wrap break-words [.text-message+&amp;]:mt-5 overflow-x-auto\" dir=\"auto\" data-message-author-role=\"assistant\" data-message-id=\"3d7d46f6-7ec2-4222-9257-48fa0bba23c6\" data-suggestions=\"true\">\n<div class=\"flex w-full flex-col gap-1 empty:hidden first:pt-[3px]\">\n<div class=\"markdown prose w-full break-words dark:prose-invert light\">\n<table width=\"288\">\n<tbody>\n<tr>\n<td width=\"137\"><span style=\"color: #333333;\">Produkternes navn<\/span><\/td>\n<td width=\"151\">Duffel-taske<\/td>\n<\/tr>\n<tr>\n<td><span style=\"color: #333333;\">Vare nr.<\/span><\/td>\n<td><span style=\"color: #333333;\">PB-2052<\/span><\/td>\n<\/tr>\n<tr>\n<td><span style=\"color: #333333;\">Materiale<\/span><\/td>\n<td>Ripstop med l\u00e6derbel\u00e6gning<\/td>\n<\/tr>\n<tr>\n<td><span style=\"color: #333333;\">St\u00f8rrelse og farve<\/span><\/td>\n<td><span style=\"color: #333333;\">Tilpasset<\/span><\/td>\n<\/tr>\n<tr>\n<td><span style=\"color: #333333;\">\u00a0Leveringstid<\/span><\/td>\n<td><span style=\"color: #333333;\">1-5 dage for sm\u00e5 m\u00e6ngder med fly og 30-35 dage for store m\u00e6ngder med skib<\/span><\/td>\n<\/tr>\n<\/tbody>\n<\/table>\n<p>Som en f\u00f8rende Duffel-taskeproducent og vandt\u00e6t taskefabrik i Kina er vi specialiserede i tunge, holdbare Oxford-sportsrejsetasker til globale distribut\u00f8rer. Vores Duffel bag-firma leverer:<\/p>\n<p>\u2705 <strong>Duffelbags i 1680D Oxford-stof<\/strong> med vandt\u00e6t TPU-bel\u00e6gning<br \/>\n\u2705 <strong>Specialfremstillede sportstasker<\/strong> med ventilerede skot\u00f8jsrum (MOQ 100 stk.)<br \/>\n\u2705 <strong>ODM\/OEM-tjenester<\/strong> for <strong>Duffelbags med eget m\u00e6rke<\/strong><br \/>\n\u2705 <strong>Produktion af duffelbags i l\u00f8s v\u00e6gt<\/strong> med 10 dages hurtig levering<\/p>\n<p>Betroet af duffelbag-grossister og sportsm\u00e6rker over hele verden. Vigtige funktioner:<br \/>\n- YKK-lynl\u00e5se i milit\u00e6r kvalitet og forst\u00e6rkede stresspunkter<br \/>\n- Aftagelige rygs\u00e6kstropper og RFID-sikre lommer<br \/>\n- Flyselskabsgodkendt h\u00e5ndbagagest\u00f8rrelse p\u00e5 22x14x9 tommer<\/p>\n<p><strong>Hvorfor v\u00e6lge vores Duffel bag-fabrik<\/strong>:<br \/>\n\ud83d\udd39 15+ \u00e5r som top Duffel taske eksport\u00f8rer fra Kina<br \/>\n\ud83d\udd39 Gratis 3D tech pack-design med dit logo<br \/>\n\ud83d\udd39 IP67 vandt\u00e6t certificeret og slidst\u00e6rk<br \/>\n\ud83d\udd39 20% rabat p\u00e5 ordrer over 1.500 enheder til leverand\u00f8rer af duffeltasker<\/p>\n<p>Anmod om gratis pr\u00f8ver af vores Oxford sportsrejsetasker eller f\u00e5 \u00f8jeblikkelige tilbud. Leverand\u00f8rer af duffelbags har dedikerede QC-chefer og EXW\/FOB-betingelser.<\/p>\n<\/div>\n<\/div>\n<\/div>\n<\/div>","protected":false},"excerpt":{"rendered":"<h2 data-immersive-translate-walked=\"344be1c1-5052-41eb-8fcd-0dbe236a0d6b\" data-immersive-translate-paragraph=\"1\">Holdbar Oxford Sports Travel Duffel Bag<\/h2>\n<p>Vi leverer f\u00f8rsteklasses tasker med fuld st\u00f8rrelse og farvetilpasning, slidst\u00e6rke stoffer og certificeret kvalitet.<\/p>\n<p>Nyd fleksible MOQ'er, hurtig global forsendelse og private label-l\u00f8sninger.<\/p>\n<p>Kontakt os i dag!<\/p>","protected":false},"featured_media":3366,"template":"","meta":{"_uag_custom_page_level_css":""},"product_brand":[],"product_cat":[63,56,67],"product_tag":[],"class_list":{"0":"post-3361","1":"product","2":"type-product","3":"status-publish","4":"has-post-thumbnail","6":"product_cat-duffel-bag","7":"product_cat-gym-bag","8":"product_cat-sports-bag","10":"first","11":"instock","12":"shipping-taxable","13":"product-type-simple"},"uagb_featured_image_src":{"full":["https:\/\/pecbag.com\/wp-content\/uploads\/2025\/05\/Durable-Oxford-Sports-Travel-Duffel-Bag-2.jpeg",1000,1000,false],"thumbnail":["https:\/\/pecbag.com\/wp-content\/uploads\/2025\/05\/Durable-Oxford-Sports-Travel-Duffel-Bag-2-150x150.jpeg",150,150,true],"medium":["https:\/\/pecbag.com\/wp-content\/uploads\/2025\/05\/Durable-Oxford-Sports-Travel-Duffel-Bag-2-300x300.jpeg",300,300,true],"medium_large":["https:\/\/pecbag.com\/wp-content\/uploads\/2025\/05\/Durable-Oxford-Sports-Travel-Duffel-Bag-2-768x768.jpeg",768,768,true],"large":["https:\/\/pecbag.com\/wp-content\/uploads\/2025\/05\/Durable-Oxford-Sports-Travel-Duffel-Bag-2.jpeg",800,800,false],"1536x1536":["https:\/\/pecbag.com\/wp-content\/uploads\/2025\/05\/Durable-Oxford-Sports-Travel-Duffel-Bag-2.jpeg",1000,1000,false],"2048x2048":["https:\/\/pecbag.com\/wp-content\/uploads\/2025\/05\/Durable-Oxford-Sports-Travel-Duffel-Bag-2.jpeg",1000,1000,false],"trp-custom-language-flag":["https:\/\/pecbag.com\/wp-content\/uploads\/2025\/05\/Durable-Oxford-Sports-Travel-Duffel-Bag-2-12x12.jpeg",12,12,true],"woocommerce_thumbnail":["https:\/\/pecbag.com\/wp-content\/uploads\/2025\/05\/Durable-Oxford-Sports-Travel-Duffel-Bag-2-300x300.jpeg",300,300,true],"woocommerce_single":["https:\/\/pecbag.com\/wp-content\/uploads\/2025\/05\/Durable-Oxford-Sports-Travel-Duffel-Bag-2-600x600.jpeg",600,600,true],"woocommerce_gallery_thumbnail":["https:\/\/pecbag.com\/wp-content\/uploads\/2025\/05\/Durable-Oxford-Sports-Travel-Duffel-Bag-2-100x100.jpeg",100,100,true]},"uagb_author_info":{"display_name":"Lawrence","author_link":"https:\/\/pecbag.com\/da\/author\/"},"uagb_comment_info":0,"uagb_excerpt":"Durable Oxford Sports Travel Duffel Bag We provide premium bags with full-size and color customization, durable fabrics, and certified quality. Enjoy flexible MOQs, fast global shipping, and private label solutions. Contact us today!","_links":{"self":[{"href":"https:\/\/pecbag.com\/da\/wp-json\/wp\/v2\/product\/3361","targetHints":{"allow":["GET"]}}],"collection":[{"href":"https:\/\/pecbag.com\/da\/wp-json\/wp\/v2\/product"}],"about":[{"href":"https:\/\/pecbag.com\/da\/wp-json\/wp\/v2\/types\/product"}],"wp:featuredmedia":[{"embeddable":true,"href":"https:\/\/pecbag.com\/da\/wp-json\/wp\/v2\/media\/3366"}],"wp:attachment":[{"href":"https:\/\/pecbag.com\/da\/wp-json\/wp\/v2\/media?parent=3361"}],"wp:term":[{"taxonomy":"product_brand","embeddable":true,"href":"https:\/\/pecbag.com\/da\/wp-json\/wp\/v2\/product_brand?post=3361"},{"taxonomy":"product_cat","embeddable":true,"href":"https:\/\/pecbag.com\/da\/wp-json\/wp\/v2\/product_cat?post=3361"},{"taxonomy":"product_tag","embeddable":true,"href":"https:\/\/pecbag.com\/da\/wp-json\/wp\/v2\/product_tag?post=3361"}],"curies":[{"name":"wp","href":"https:\/\/api.w.org\/{rel}","templated":true}]}}