{"id":3368,"date":"2025-05-26T09:16:35","date_gmt":"2025-05-26T09:16:35","guid":{"rendered":"https:\/\/pecbag.com\/?post_type=product&#038;p=3368"},"modified":"2025-11-29T02:00:35","modified_gmt":"2025-11-29T02:00:35","slug":"airline-friendly-sports-holdall-backpack","status":"publish","type":"product","link":"https:\/\/pecbag.com\/da\/airline-friendly-sports-holdall-backpack\/","title":{"rendered":"4 i 1 Airline Friendly Sports Holdall-rygs\u00e6k med flere rum"},"content":{"rendered":"<h5 title=\"Foldbar hundetaske \u00c5ndbar netskuldertaske til k\u00e6ledyr til sm\u00e5 hunde og katte\" data-immersive-translate-walked=\"1c928421-2e42-4cd3-8754-5404553c0af5\" data-immersive-translate-paragraph=\"1\" data-spm-anchor-id=\"a2700.details.0.i35.4f6757d4w4zNZA\">4-i-1 Airline Friendly Multi-Compartment Sports Holdall Backpacks | Vandt\u00e6t taskefabrik og rygs\u00e6kproducent - Bulk Duffel Bag Solutions<\/h5>\n<div class=\"flex flex-grow flex-col max-w-full\">\n<div class=\"min-h-[20px] text-message flex w-full flex-col items-end gap-2 whitespace-pre-wrap break-words [.text-message+&amp;]:mt-5 overflow-x-auto\" dir=\"auto\" data-message-author-role=\"assistant\" data-message-id=\"3d7d46f6-7ec2-4222-9257-48fa0bba23c6\" data-suggestions=\"true\">\n<div class=\"flex w-full flex-col gap-1 empty:hidden first:pt-[3px]\">\n<div class=\"markdown prose w-full break-words dark:prose-invert light\">\n<table width=\"288\">\n<tbody>\n<tr>\n<td width=\"137\"><span style=\"color: #333333;\">Produkternes navn<\/span><\/td>\n<td width=\"151\">Duffel-taske<\/td>\n<\/tr>\n<tr>\n<td><span style=\"color: #333333;\">Vare nr.<\/span><\/td>\n<td><span style=\"color: #333333;\">PB-2053<\/span><\/td>\n<\/tr>\n<tr>\n<td><span style=\"color: #333333;\">Materiale<\/span><\/td>\n<td>600D polyester<\/td>\n<\/tr>\n<tr>\n<td><span style=\"color: #333333;\">St\u00f8rrelse<\/span><\/td>\n<td>48 X 24 X 25 CM<\/td>\n<\/tr>\n<tr>\n<td><span style=\"color: #333333;\">\u00a0Leveringstid<\/span><\/td>\n<td><span style=\"color: #333333;\">1-5 dage for sm\u00e5 m\u00e6ngder med fly og 30-35 dage for store m\u00e6ngder med skib<\/span><\/td>\n<\/tr>\n<\/tbody>\n<\/table>\n<p>Som Kinas f\u00f8rende duffelbag-producent og vandt\u00e6tte taskefabrik udvikler vi alsidige 4-i-1 flyselskabsvenlige sportsrygs\u00e6kke med flere rum til globale distribut\u00f8rer. Vores duffelbag-firma leverer:<\/p>\n<p>\u2705 <strong>Konvertible designs<\/strong> (rygs\u00e6k\/duffel\/crossbody\/med hjul)<br \/>\n\u2705 <strong>Kompatibel med flyselskaber<\/strong> 22x14x9 tommer med TSA-godkendte l\u00e5se<br \/>\n\u2705 <strong>OEM\/ODM-tjenester<\/strong> for <strong>Rygs\u00e6kke af eget m\u00e6rke<\/strong> (MOQ 100 stk.)<br \/>\n\u2705 <strong>Produktion af duffelbags i l\u00f8s v\u00e6gt<\/strong> med 12 dages hurtig levering<\/p>\n<p>Betroet af duffelbag-grossister og sportsforhandlere over hele verden. Vigtige innovationer:<br \/>\n- 1680D ballistisk nylon med IPX6-vandt\u00e6thedsgrad<br \/>\n- 12+ specialiserede rum (ventilerede\/isolerede\/RFID-sikre)<br \/>\n- Hurtigudl\u00f8sende oph\u00e6ngningssystem og ergonomiske stropper<\/p>\n<p><strong>Hvorfor samarbejde med vores duffelbag-fabrik<\/strong>:<br \/>\n\ud83d\udd39 18 \u00e5r som f\u00f8rende duffelbag-eksport\u00f8r fra Kina<br \/>\n\ud83d\udd39 Gratis udvikling af 3D-prototyper med din branding<br \/>\n\ud83d\udd39 CE\/SGS-certificeringer &amp; EXW\/FOB\/DDP-forsendelse<br \/>\n\ud83d\udd39 25%-rabat til duffelbag-leverand\u00f8rer p\u00e5 ordrer p\u00e5 2.000+ enheder<\/p>\n<p>Anmod om gratis pr\u00f8ver af vores 4-i-1 sportstaske-rygs\u00e6kke eller f\u00e5 \u00f8jeblikkelige tilbud. Leverand\u00f8rer af duffelbags modtager dedikerede QC-rapporter og support til lagerstyring.<\/p>\n<\/div>\n<\/div>\n<\/div>\n<\/div>","protected":false},"excerpt":{"rendered":"<h2 data-immersive-translate-walked=\"344be1c1-5052-41eb-8fcd-0dbe236a0d6b\" data-immersive-translate-paragraph=\"1\">4 i 1 Airline Friendly Sports Holdall-rygs\u00e6k med flere rum<\/h2>\n<p>V\u00e5dlomme og skorum: V\u00e5dlommen er perfekt til at opbevare svedigt t\u00f8j eller h\u00e5ndkl\u00e6der efter tr\u00e6ningen; Skorummet g\u00f8r det nemt at opbevare og f\u00e5 adgang til dine tr\u00e6ningssko uden at tilsmudse hovedrummet.<\/p>\n<p>Cross-body eller rygs\u00e6k: Vores rejsetaske kan \u00e6ndres til b\u00e5de en cross-body-taske og en rygs\u00e6k, som du vil, hvilket g\u00f8r din rejse til en leg.<\/p>\n<p>Multifunktionel taske: Den multifunktionelle taske er bl\u00f8d og har mange anvendelsesmuligheder. Den kan bruges som gymnastiktaske, sportstaske, rejsetaske, weekendtaske, overnatningstaske, hospitalstaske, h\u00e5ndbagage, sv\u00f8mmetaske osv.<\/p>","protected":false},"featured_media":3373,"template":"","meta":{"_uag_custom_page_level_css":""},"product_brand":[],"product_cat":[63,56,67],"product_tag":[],"class_list":{"0":"post-3368","1":"product","2":"type-product","3":"status-publish","4":"has-post-thumbnail","6":"product_cat-duffel-bag","7":"product_cat-gym-bag","8":"product_cat-sports-bag","10":"first","11":"instock","12":"shipping-taxable","13":"product-type-simple"},"uagb_featured_image_src":{"full":["https:\/\/pecbag.com\/wp-content\/uploads\/2025\/05\/4-In-1-Airline-Friendly-Multi-Compartment-Sports-Holdall-Backpack-3.jpeg",1500,1500,false],"thumbnail":["https:\/\/pecbag.com\/wp-content\/uploads\/2025\/05\/4-In-1-Airline-Friendly-Multi-Compartment-Sports-Holdall-Backpack-3-150x150.jpeg",150,150,true],"medium":["https:\/\/pecbag.com\/wp-content\/uploads\/2025\/05\/4-In-1-Airline-Friendly-Multi-Compartment-Sports-Holdall-Backpack-3-300x300.jpeg",300,300,true],"medium_large":["https:\/\/pecbag.com\/wp-content\/uploads\/2025\/05\/4-In-1-Airline-Friendly-Multi-Compartment-Sports-Holdall-Backpack-3-768x768.jpeg",768,768,true],"large":["https:\/\/pecbag.com\/wp-content\/uploads\/2025\/05\/4-In-1-Airline-Friendly-Multi-Compartment-Sports-Holdall-Backpack-3-1024x1024.jpeg",800,800,true],"1536x1536":["https:\/\/pecbag.com\/wp-content\/uploads\/2025\/05\/4-In-1-Airline-Friendly-Multi-Compartment-Sports-Holdall-Backpack-3.jpeg",1500,1500,false],"2048x2048":["https:\/\/pecbag.com\/wp-content\/uploads\/2025\/05\/4-In-1-Airline-Friendly-Multi-Compartment-Sports-Holdall-Backpack-3.jpeg",1500,1500,false],"trp-custom-language-flag":["https:\/\/pecbag.com\/wp-content\/uploads\/2025\/05\/4-In-1-Airline-Friendly-Multi-Compartment-Sports-Holdall-Backpack-3-12x12.jpeg",12,12,true],"woocommerce_thumbnail":["https:\/\/pecbag.com\/wp-content\/uploads\/2025\/05\/4-In-1-Airline-Friendly-Multi-Compartment-Sports-Holdall-Backpack-3-300x300.jpeg",300,300,true],"woocommerce_single":["https:\/\/pecbag.com\/wp-content\/uploads\/2025\/05\/4-In-1-Airline-Friendly-Multi-Compartment-Sports-Holdall-Backpack-3-600x600.jpeg",600,600,true],"woocommerce_gallery_thumbnail":["https:\/\/pecbag.com\/wp-content\/uploads\/2025\/05\/4-In-1-Airline-Friendly-Multi-Compartment-Sports-Holdall-Backpack-3-100x100.jpeg",100,100,true]},"uagb_author_info":{"display_name":"Lawrence","author_link":"https:\/\/pecbag.com\/da\/author\/"},"uagb_comment_info":0,"uagb_excerpt":"4 In 1 Airline Friendly Multi-Compartment Sports Holdall Backpack Wet Pocket &amp; Shoe Compartment: The wet pocket is perfect for storing sweaty clothes or towels after your workout; The shoe compartment allows you to easily store and access your gym shoes without dirtying the main compartment. Cross-body or Backpack: Our Travel bag can be changed&hellip;","_links":{"self":[{"href":"https:\/\/pecbag.com\/da\/wp-json\/wp\/v2\/product\/3368","targetHints":{"allow":["GET"]}}],"collection":[{"href":"https:\/\/pecbag.com\/da\/wp-json\/wp\/v2\/product"}],"about":[{"href":"https:\/\/pecbag.com\/da\/wp-json\/wp\/v2\/types\/product"}],"wp:featuredmedia":[{"embeddable":true,"href":"https:\/\/pecbag.com\/da\/wp-json\/wp\/v2\/media\/3373"}],"wp:attachment":[{"href":"https:\/\/pecbag.com\/da\/wp-json\/wp\/v2\/media?parent=3368"}],"wp:term":[{"taxonomy":"product_brand","embeddable":true,"href":"https:\/\/pecbag.com\/da\/wp-json\/wp\/v2\/product_brand?post=3368"},{"taxonomy":"product_cat","embeddable":true,"href":"https:\/\/pecbag.com\/da\/wp-json\/wp\/v2\/product_cat?post=3368"},{"taxonomy":"product_tag","embeddable":true,"href":"https:\/\/pecbag.com\/da\/wp-json\/wp\/v2\/product_tag?post=3368"}],"curies":[{"name":"wp","href":"https:\/\/api.w.org\/{rel}","templated":true}]}}