{"id":3375,"date":"2025-05-26T09:33:23","date_gmt":"2025-05-26T09:33:23","guid":{"rendered":"https:\/\/pecbag.com\/?post_type=product&#038;p=3375"},"modified":"2025-11-29T02:00:28","modified_gmt":"2025-11-29T02:00:28","slug":"hot-selling-tackle-fishing-rod-bag","status":"publish","type":"product","link":"https:\/\/pecbag.com\/da\/hot-selling-tackle-fishing-rod-bag\/","title":{"rendered":"Hot Selling Tackle Fiskestangstaske"},"content":{"rendered":"<h5 title=\"Foldbar hundetaske \u00c5ndbar netskuldertaske til k\u00e6ledyr til sm\u00e5 hunde og katte\" data-immersive-translate-walked=\"1c928421-2e42-4cd3-8754-5404553c0af5\" data-immersive-translate-paragraph=\"1\" data-spm-anchor-id=\"a2700.details.0.i35.4f6757d4w4zNZA\">Hot Selling Tackle Fishing Rod Bags | Waterproof Bag Factory &amp; Backpack Manufacturer - Bulk Fishing Gear Solutions<\/h5>\n<div class=\"flex flex-grow flex-col max-w-full\">\n<div class=\"min-h-[20px] text-message flex w-full flex-col items-end gap-2 whitespace-pre-wrap break-words [.text-message+&amp;]:mt-5 overflow-x-auto\" dir=\"auto\" data-message-author-role=\"assistant\" data-message-id=\"3d7d46f6-7ec2-4222-9257-48fa0bba23c6\" data-suggestions=\"true\">\n<div class=\"flex w-full flex-col gap-1 empty:hidden first:pt-[3px]\">\n<div class=\"markdown prose w-full break-words dark:prose-invert light\">\n<table width=\"288\">\n<tbody>\n<tr>\n<td width=\"137\"><span style=\"color: #333333;\">Produkternes navn<\/span><\/td>\n<td width=\"151\">Fisketaske<\/td>\n<\/tr>\n<tr>\n<td><span style=\"color: #333333;\">Vare nr.<\/span><\/td>\n<td><span style=\"color: #333333;\">PB-2054<\/span><\/td>\n<\/tr>\n<tr>\n<td><span style=\"color: #333333;\">Materiale<\/span><\/td>\n<td>600D polyester<\/td>\n<\/tr>\n<tr>\n<td><span style=\"color: #333333;\">St\u00f8rrelse<\/span><\/td>\n<td>30*15*20cm<\/td>\n<\/tr>\n<tr>\n<td><span style=\"color: #333333;\">\u00a0Leveringstid<\/span><\/td>\n<td><span style=\"color: #333333;\">1-5 dage for sm\u00e5 m\u00e6ngder med fly og 30-35 dage for store m\u00e6ngder med skib<\/span><\/td>\n<\/tr>\n<\/tbody>\n<\/table>\n<p>Som Kinas f\u00f8rende producent af fisketasker og fabrik for vandt\u00e6tte tasker producerer vi f\u00f8rsteklasses hot selling-tasker til fiskest\u00e6nger til globale distribut\u00f8rer. Vores fisketaskefirma tilbyder:<\/p>\n<p>\u2705 <strong>Poser med kapacitet til 3-7 st\u00e6nger<\/strong> med PVC-r\u00f8rbeskyttere og 600D Oxford-stof<br \/>\n\u2705 <strong>Specialfremstillede fisketasker<\/strong> med modul\u00e6re grejbokse (MOQ 50 stk.)<br \/>\n\u2705 <strong>OEM\/ODM-tjenester<\/strong> for <strong>fiskeudstyr med eget m\u00e6rke<\/strong><br \/>\n\u2705 <strong>Produktion af fiskeposer i l\u00f8s v\u00e6gt<\/strong> med 10 dages hurtig levering<\/p>\n<p>Betroet af fisketaske-grossister og outdoor-m\u00e6rker over hele verden. Funktionerne omfatter:<br \/>\n- IPX5 vandt\u00e6tte lynl\u00e5se og forst\u00e6rkede skulderstropper<br \/>\n- Hurtigt\u00f8rrende netlommer og rustfri metalhardware<br \/>\n- Konvertible designs med rygs\u00e6k og crossbody<\/p>\n<p><strong>Hvorfor v\u00e6lge vores fisketaskefabrik<\/strong>:<br \/>\n\ud83d\udd39 12+ \u00e5r som f\u00f8rende eksport\u00f8r af fisketasker fra Kina<br \/>\n\ud83d\udd39 Gratis 3D-design med dit logo og farveskema<br \/>\n\ud83d\udd39 CE\/SGS-certificeringer og DDP-forsendelsessupport<br \/>\n\ud83d\udd39 20% rabat p\u00e5 ordrer over 1.000 enheder til leverand\u00f8rer af fisketasker<\/p>\n<p>Anmod om gratis pr\u00f8ver af vores tasker til fiskest\u00e6nger eller f\u00e5 \u00f8jeblikkelige tilbud. Leverand\u00f8rer af fisketasker f\u00e5r prioriterede produktionsslots og QC-rapporter.<\/p>\n<\/div>\n<\/div>\n<\/div>\n<\/div>","protected":false},"excerpt":{"rendered":"<h2 data-immersive-translate-walked=\"344be1c1-5052-41eb-8fcd-0dbe236a0d6b\" data-immersive-translate-paragraph=\"1\">Hot Selling Tackle Fiskestangstaske<\/h2>\n<p>1. P\u00c5LIDELIG BESKYTTELSE: Vores fisketaske er konstrueret af vandafvisende materiale for at sikre, at dit udstyr forbliver t\u00f8rt, sikkert og nemt.<br \/>\nfor at f\u00e5 adgang.<\/p>\n<p>2. MASSER AF PLADS: Denne stang- og grejtaske er bygget med otte udvendige rumdelere til alle dine st\u00e6nger, hjul, fluer, liner og andet.<br \/>\nUdstyr. B\u00e6r nemt alt, hvad du har brug for, til s\u00f8en eller floden, og v\u00e6r aldrig bange for at efterlade noget.<\/p>\n<p>3. B\u00c6RBAR: Tag den og g\u00e5. Denne kombinerede taske til fiskest\u00e6nger har to polstrede b\u00e6reh\u00e5ndtag og en aftagelig skulderrem. Den er nem at<br \/>\npakken ind og ud og har robuste lynl\u00e5se p\u00e5 de udvendige lommer.<\/p>\n<p>4. DIMENSIONER: Tasken m\u00e5ler 31,5\u2033 x 9,5\u2033 x 6\u2033 p\u00e5 ydersiden og har et hovedrum, der m\u00e5ler 30,5\u2033 x 8,75\u2033 x 3,75\u2033.<br \/>\nDen har den perfekte st\u00f8rrelse til at holde alting organiseret og inden for r\u00e6kkevidde, samtidig med at den er let at transportere.<\/p>","protected":false},"featured_media":3378,"template":"","meta":{"_uag_custom_page_level_css":""},"product_brand":[],"product_cat":[61,62,46],"product_tag":[],"class_list":{"0":"post-3375","1":"product","2":"type-product","3":"status-publish","4":"has-post-thumbnail","6":"product_cat-chest-bag","7":"product_cat-crossbody-bags","8":"product_cat-fishing-bag","10":"first","11":"instock","12":"shipping-taxable","13":"product-type-simple"},"uagb_featured_image_src":{"full":["https:\/\/pecbag.com\/wp-content\/uploads\/2025\/05\/Hot-Selling-Tackle-Fishing-Rod-Bag-2-scaled.jpg",2560,1920,false],"thumbnail":["https:\/\/pecbag.com\/wp-content\/uploads\/2025\/05\/Hot-Selling-Tackle-Fishing-Rod-Bag-2-150x150.jpg",150,150,true],"medium":["https:\/\/pecbag.com\/wp-content\/uploads\/2025\/05\/Hot-Selling-Tackle-Fishing-Rod-Bag-2-300x225.jpg",300,225,true],"medium_large":["https:\/\/pecbag.com\/wp-content\/uploads\/2025\/05\/Hot-Selling-Tackle-Fishing-Rod-Bag-2-768x576.jpg",768,576,true],"large":["https:\/\/pecbag.com\/wp-content\/uploads\/2025\/05\/Hot-Selling-Tackle-Fishing-Rod-Bag-2-1024x768.jpg",800,600,true],"1536x1536":["https:\/\/pecbag.com\/wp-content\/uploads\/2025\/05\/Hot-Selling-Tackle-Fishing-Rod-Bag-2-1536x1152.jpg",1536,1152,true],"2048x2048":["https:\/\/pecbag.com\/wp-content\/uploads\/2025\/05\/Hot-Selling-Tackle-Fishing-Rod-Bag-2-2048x1536.jpg",2048,1536,true],"trp-custom-language-flag":["https:\/\/pecbag.com\/wp-content\/uploads\/2025\/05\/Hot-Selling-Tackle-Fishing-Rod-Bag-2-16x12.jpg",16,12,true],"woocommerce_thumbnail":["https:\/\/pecbag.com\/wp-content\/uploads\/2025\/05\/Hot-Selling-Tackle-Fishing-Rod-Bag-2-300x300.jpg",300,300,true],"woocommerce_single":["https:\/\/pecbag.com\/wp-content\/uploads\/2025\/05\/Hot-Selling-Tackle-Fishing-Rod-Bag-2-600x450.jpg",600,450,true],"woocommerce_gallery_thumbnail":["https:\/\/pecbag.com\/wp-content\/uploads\/2025\/05\/Hot-Selling-Tackle-Fishing-Rod-Bag-2-100x100.jpg",100,100,true]},"uagb_author_info":{"display_name":"Lawrence","author_link":"https:\/\/pecbag.com\/da\/author\/"},"uagb_comment_info":0,"uagb_excerpt":"Hot Selling Tackle Fishing Rod Bag 1. RELIABLE PROTECTION: Our fishing bag is constructed of water-resistant material to ensure your gear stays dry, safe, and easy to access. 2. LOTS OF ROOM: This rod and tackle bag is built with eight exterior dividers for all of your rods, reels, flies, line, and other gear. Easily&hellip;","_links":{"self":[{"href":"https:\/\/pecbag.com\/da\/wp-json\/wp\/v2\/product\/3375","targetHints":{"allow":["GET"]}}],"collection":[{"href":"https:\/\/pecbag.com\/da\/wp-json\/wp\/v2\/product"}],"about":[{"href":"https:\/\/pecbag.com\/da\/wp-json\/wp\/v2\/types\/product"}],"wp:featuredmedia":[{"embeddable":true,"href":"https:\/\/pecbag.com\/da\/wp-json\/wp\/v2\/media\/3378"}],"wp:attachment":[{"href":"https:\/\/pecbag.com\/da\/wp-json\/wp\/v2\/media?parent=3375"}],"wp:term":[{"taxonomy":"product_brand","embeddable":true,"href":"https:\/\/pecbag.com\/da\/wp-json\/wp\/v2\/product_brand?post=3375"},{"taxonomy":"product_cat","embeddable":true,"href":"https:\/\/pecbag.com\/da\/wp-json\/wp\/v2\/product_cat?post=3375"},{"taxonomy":"product_tag","embeddable":true,"href":"https:\/\/pecbag.com\/da\/wp-json\/wp\/v2\/product_tag?post=3375"}],"curies":[{"name":"wp","href":"https:\/\/api.w.org\/{rel}","templated":true}]}}