{"id":3445,"date":"2025-05-27T02:35:31","date_gmt":"2025-05-27T02:35:31","guid":{"rendered":"https:\/\/pecbag.com\/?post_type=product&#038;p=3445"},"modified":"2025-11-29T01:58:38","modified_gmt":"2025-11-29T01:58:38","slug":"wholesale-outdoor-frisbee-golf-bag","status":"publish","type":"product","link":"https:\/\/pecbag.com\/da\/wholesale-outdoor-frisbee-golf-bag\/","title":{"rendered":"Engros udend\u00f8rs frisbee-golftaske"},"content":{"rendered":"<h5 title=\"Foldbar hundetaske \u00c5ndbar netskuldertaske til k\u00e6ledyr til sm\u00e5 hunde og katte\" data-immersive-translate-walked=\"1c928421-2e42-4cd3-8754-5404553c0af5\" data-immersive-translate-paragraph=\"1\" data-spm-anchor-id=\"a2700.details.0.i35.4f6757d4w4zNZA\">Engros udend\u00f8rs frisbee golf tasker | vandt\u00e6t taskefabrik og rygs\u00e6kproducent - Bulk Disc Gear Solutions<\/h5>\n<div class=\"flex flex-grow flex-col max-w-full\">\n<div class=\"min-h-[20px] text-message flex w-full flex-col items-end gap-2 whitespace-pre-wrap break-words [.text-message+&amp;]:mt-5 overflow-x-auto\" dir=\"auto\" data-message-author-role=\"assistant\" data-message-id=\"3d7d46f6-7ec2-4222-9257-48fa0bba23c6\" data-suggestions=\"true\">\n<div class=\"flex w-full flex-col gap-1 empty:hidden first:pt-[3px]\">\n<div class=\"markdown prose w-full break-words dark:prose-invert light\">\n<table width=\"288\">\n<tbody>\n<tr>\n<td width=\"137\"><span style=\"color: #333333;\">Produkternes navn<\/span><\/td>\n<td width=\"151\">Golftaske<\/td>\n<\/tr>\n<tr>\n<td><span style=\"color: #333333;\">Vare nr.<\/span><\/td>\n<td><span style=\"color: #333333;\">PB-2061<\/span><\/td>\n<\/tr>\n<tr>\n<td><span style=\"color: #333333;\">Materiale<\/span><\/td>\n<td>Stof af polyester<\/td>\n<\/tr>\n<tr>\n<td><span style=\"color: #333333;\">St\u00f8rrelse<\/span><\/td>\n<td>44 x 23 x 34 cm<\/td>\n<\/tr>\n<tr>\n<td><span style=\"color: #333333;\">\u00a0Leveringstid<\/span><\/td>\n<td><span style=\"color: #333333;\">1-5 dage for sm\u00e5 m\u00e6ngder med fly og 30-35 dage for store m\u00e6ngder med skib<\/span><\/td>\n<\/tr>\n<\/tbody>\n<\/table>\n<p>Som Kinas f\u00f8rende golftaskeproducent og vandt\u00e6tte taskefabrik har vi specialiseret os i kraftig engros udend\u00f8rs frisbeegolftaske til globale detailhandlere. Vores golftaskefirma tilbyder:<\/p>\n<p>\u2705 <strong>Kapacitet til 22 discs klar til turnering<\/strong> med PDGA-kompatibel organisation<br \/>\n\u2705 <strong>IPX7 vandt\u00e6t konstruktion<\/strong> (840D ballistisk nylon + svejsede s\u00f8mme)<br \/>\n\u2705 <strong>OEM\/ODM-tjenester<\/strong> for <strong>Discgolfudstyr med eget m\u00e6rke<\/strong> (MOQ 50 stk.)<br \/>\n\u2705 <strong>Produktion af golfbags i l\u00f8s v\u00e6gt<\/strong> med 12 dages hurtig levering<\/p>\n<p>Betroet af golfbag-grossister og proshops over hele verden. Vigtige funktioner:<br \/>\n- 6-punkts ergonomisk selesystem med airflow-rygpanel<br \/>\n- Lomme til v\u00e6rdigenstande med hurtig adgang og aftageligt regnslag<br \/>\n- Integreret adgang til vognrem og kopholder<\/p>\n<p><strong>Hvorfor v\u00e6lge vores golftaskefabrik<\/strong>:<br \/>\n\ud83d\udd39 18+ \u00e5r som top-eksport\u00f8r af golftasker fra Kina<br \/>\n\ud83d\udd39 Gratis 3D-designsupport med dit logo<br \/>\n\ud83d\udd39 CE\/SGS\/REACH-certificeringer og DDP-forsendelse<br \/>\n\ud83d\udd39 25%-rabat til leverand\u00f8rer af golfbags p\u00e5 2.500+ enheder<\/p>\n<p>Anmod om gratis pr\u00f8ver af vores udend\u00f8rs frisbee golfbags eller f\u00e5 \u00f8jeblikkelige tilbud. Leverand\u00f8rer af golftasker nyder det:<br \/>\n- Tilpassede opgraderinger af termisk foring<br \/>\n- Batch-specifik kvalitetscertificering<br \/>\n- Prioriteret produktionsplanl\u00e6gning<\/p>\n<\/div>\n<\/div>\n<\/div>\n<\/div>","protected":false},"excerpt":{"rendered":"<h2 data-immersive-translate-walked=\"344be1c1-5052-41eb-8fcd-0dbe236a0d6b\" data-immersive-translate-paragraph=\"1\">Engros udend\u00f8rs frisbee-golftaske<\/h2>\n<p>1. Opbevarer masser af discgolf og giver nem adgang.<\/p>\n<p>2. Behagelige skulderstropper.<\/p>\n<p>3. Denne rygs\u00e6k har flere store lommer med lynl\u00e5s, som kan rumme alle dine forn\u00f8denheder p\u00e5 banen.<\/p>\n<p>4. Super nem at b\u00e6re rundt p\u00e5.<\/p>\n<p>5. Denne golftaske holder styr p\u00e5 alt fra skiver til diverse ting.<\/p>\n<p>6. Sidelommen giver dig mulighed for at opbevare d\u00e5ser og flasker.<\/p>\n<p>7. Kan bruges som frisbee-taske.<\/p>\n<p>8. Ideel til fritidsspillere eller avancerede og dygtige spillere, der deltager i lokale eller internationale turneringer.<\/p>","protected":false},"featured_media":3450,"template":"","meta":{"_uag_custom_page_level_css":""},"product_brand":[],"product_cat":[51,60],"product_tag":[],"class_list":{"0":"post-3445","1":"product","2":"type-product","3":"status-publish","4":"has-post-thumbnail","6":"product_cat-golf-bag","7":"product_cat-backpack","9":"first","10":"instock","11":"shipping-taxable","12":"product-type-simple"},"uagb_featured_image_src":{"full":["https:\/\/pecbag.com\/wp-content\/uploads\/2025\/05\/Wholesale-Outdoor-Frisbee-Golf-Bag-2.jpeg",800,800,false],"thumbnail":["https:\/\/pecbag.com\/wp-content\/uploads\/2025\/05\/Wholesale-Outdoor-Frisbee-Golf-Bag-2-150x150.jpeg",150,150,true],"medium":["https:\/\/pecbag.com\/wp-content\/uploads\/2025\/05\/Wholesale-Outdoor-Frisbee-Golf-Bag-2-300x300.jpeg",300,300,true],"medium_large":["https:\/\/pecbag.com\/wp-content\/uploads\/2025\/05\/Wholesale-Outdoor-Frisbee-Golf-Bag-2-768x768.jpeg",768,768,true],"large":["https:\/\/pecbag.com\/wp-content\/uploads\/2025\/05\/Wholesale-Outdoor-Frisbee-Golf-Bag-2.jpeg",800,800,false],"1536x1536":["https:\/\/pecbag.com\/wp-content\/uploads\/2025\/05\/Wholesale-Outdoor-Frisbee-Golf-Bag-2.jpeg",800,800,false],"2048x2048":["https:\/\/pecbag.com\/wp-content\/uploads\/2025\/05\/Wholesale-Outdoor-Frisbee-Golf-Bag-2.jpeg",800,800,false],"trp-custom-language-flag":["https:\/\/pecbag.com\/wp-content\/uploads\/2025\/05\/Wholesale-Outdoor-Frisbee-Golf-Bag-2-12x12.jpeg",12,12,true],"woocommerce_thumbnail":["https:\/\/pecbag.com\/wp-content\/uploads\/2025\/05\/Wholesale-Outdoor-Frisbee-Golf-Bag-2-300x300.jpeg",300,300,true],"woocommerce_single":["https:\/\/pecbag.com\/wp-content\/uploads\/2025\/05\/Wholesale-Outdoor-Frisbee-Golf-Bag-2-600x600.jpeg",600,600,true],"woocommerce_gallery_thumbnail":["https:\/\/pecbag.com\/wp-content\/uploads\/2025\/05\/Wholesale-Outdoor-Frisbee-Golf-Bag-2-100x100.jpeg",100,100,true]},"uagb_author_info":{"display_name":"Lawrence","author_link":"https:\/\/pecbag.com\/da\/author\/"},"uagb_comment_info":0,"uagb_excerpt":"Wholesale Outdoor Frisbee Golf Bag 1. Stores plenty of disc golf and allows easy access. 2. Comfortable shoulder straps. 3. This backpack has multiple large, zipped pockets that can carry all of your necessities to the course. 4. Super easy to carry around. 5. From discs to miscellaneous stuff, this golf bag will keep everything&hellip;","_links":{"self":[{"href":"https:\/\/pecbag.com\/da\/wp-json\/wp\/v2\/product\/3445","targetHints":{"allow":["GET"]}}],"collection":[{"href":"https:\/\/pecbag.com\/da\/wp-json\/wp\/v2\/product"}],"about":[{"href":"https:\/\/pecbag.com\/da\/wp-json\/wp\/v2\/types\/product"}],"wp:featuredmedia":[{"embeddable":true,"href":"https:\/\/pecbag.com\/da\/wp-json\/wp\/v2\/media\/3450"}],"wp:attachment":[{"href":"https:\/\/pecbag.com\/da\/wp-json\/wp\/v2\/media?parent=3445"}],"wp:term":[{"taxonomy":"product_brand","embeddable":true,"href":"https:\/\/pecbag.com\/da\/wp-json\/wp\/v2\/product_brand?post=3445"},{"taxonomy":"product_cat","embeddable":true,"href":"https:\/\/pecbag.com\/da\/wp-json\/wp\/v2\/product_cat?post=3445"},{"taxonomy":"product_tag","embeddable":true,"href":"https:\/\/pecbag.com\/da\/wp-json\/wp\/v2\/product_tag?post=3445"}],"curies":[{"name":"wp","href":"https:\/\/api.w.org\/{rel}","templated":true}]}}