{"id":3452,"date":"2025-05-27T02:44:27","date_gmt":"2025-05-27T02:44:27","guid":{"rendered":"https:\/\/pecbag.com\/?post_type=product&#038;p=3452"},"modified":"2025-11-29T01:58:33","modified_gmt":"2025-11-29T01:58:33","slug":"oem-waterproof-disc-golf-bag","status":"publish","type":"product","link":"https:\/\/pecbag.com\/da\/oem-waterproof-disc-golf-bag\/","title":{"rendered":"Ny OEM vandt\u00e6t disc golf taske"},"content":{"rendered":"<h5 title=\"Foldbar hundetaske \u00c5ndbar netskuldertaske til k\u00e6ledyr til sm\u00e5 hunde og katte\" data-immersive-translate-walked=\"1c928421-2e42-4cd3-8754-5404553c0af5\" data-immersive-translate-paragraph=\"1\" data-spm-anchor-id=\"a2700.details.0.i35.4f6757d4w4zNZA\">OEM Vandt\u00e6tte Disc Golf Tasker | Vandt\u00e6t taskefabrik og rygs\u00e6kproducent - Tilpassede golfudstyrsl\u00f8sninger<\/h5>\n<div class=\"flex flex-grow flex-col max-w-full\">\n<div class=\"min-h-[20px] text-message flex w-full flex-col items-end gap-2 whitespace-pre-wrap break-words [.text-message+&amp;]:mt-5 overflow-x-auto\" dir=\"auto\" data-message-author-role=\"assistant\" data-message-id=\"3d7d46f6-7ec2-4222-9257-48fa0bba23c6\" data-suggestions=\"true\">\n<div class=\"flex w-full flex-col gap-1 empty:hidden first:pt-[3px]\">\n<div class=\"markdown prose w-full break-words dark:prose-invert light\">\n<table width=\"288\">\n<tbody>\n<tr>\n<td width=\"137\"><span style=\"color: #333333;\">Produkternes navn<\/span><\/td>\n<td width=\"151\">Golftaske<\/td>\n<\/tr>\n<tr>\n<td><span style=\"color: #333333;\">Vare nr.<\/span><\/td>\n<td><span style=\"color: #333333;\">PB-2062<\/span><\/td>\n<\/tr>\n<tr>\n<td><span style=\"color: #333333;\">Materiale<\/span><\/td>\n<td>Polyester<\/td>\n<\/tr>\n<tr>\n<td><span style=\"color: #333333;\">St\u00f8rrelse<\/span><\/td>\n<td>45,7*35,5*24,3 cm<\/td>\n<\/tr>\n<tr>\n<td><span style=\"color: #333333;\">\u00a0Leveringstid<\/span><\/td>\n<td><span style=\"color: #333333;\">1-5 dage for sm\u00e5 m\u00e6ngder med fly og 30-35 dage for store m\u00e6ngder med skib<\/span><\/td>\n<\/tr>\n<\/tbody>\n<\/table>\n<p>Som Kinas f\u00f8rende producent af golftasker og fabrik for vandt\u00e6tte tasker udvikler vi f\u00f8rsteklasses OEM vandt\u00e6tte disc-golftasker til globale m\u00e6rker. Vores golftaskefirma leverer:<\/p>\n<p>\u2705 <strong>IPX8 vandt\u00e6t beskyttelse<\/strong> med svejsede TPU-s\u00f8mme (800D ballistisk nylon)<br \/>\n\u2705 <strong>20+ disk-kapacitet<\/strong> med PDGA-godkendt organisation (MOQ 50 stk.)<br \/>\n\u2705 <strong>N\u00f8glef\u00e6rdige OEM\/ODM-tjenester<\/strong> for <strong>golfudstyr med eget m\u00e6rke<\/strong><br \/>\n\u2705 <strong>Produktion af golfbags i l\u00f8s v\u00e6gt<\/strong> med 10 dages hurtig levering<\/p>\n<p>Betroet af golfbag-grossister og pro-forhandlere over hele verden. Vigtige funktioner:<br \/>\n- 3D-rygsystem med luftgennemstr\u00f8mning og ergonomisk sele<br \/>\n- Lomme til v\u00e6rdigenstande med hurtig adgang + RFID-afsk\u00e6rmning<br \/>\n- Aftageligt k\u00f8lerum og paraplyhylster<\/p>\n<p><strong>Hvorfor samarbejde med vores golfbag-fabrik<\/strong>:<br \/>\n\ud83d\udd39 15+ \u00e5r som f\u00f8rende eksport\u00f8r af golftasker fra Kina<br \/>\n\ud83d\udd39 Gratis 3D tech pack-design med din branding<br \/>\n\ud83d\udd39 CE\/SGS\/REACH-certificeringer og DDP-forsendelse<br \/>\n\ud83d\udd39 30%-rabat til golfbag-leverand\u00f8rer p\u00e5 3.000+ enheder<\/p>\n<p>Anmod om gratis pr\u00f8ver af vores vandt\u00e6tte disc-golftasker, eller f\u00e5 \u00f8jeblikkelige tilbud. Leverand\u00f8rer af golftasker modtager:<br \/>\n- Tilpassede opgraderinger af varmeisolering<br \/>\n- Batch-specifikke kvalitetskontrolrapporter<br \/>\n- Dedikeret tildeling af produktionslinje<\/p>\n<\/div>\n<\/div>\n<\/div>\n<\/div>","protected":false},"excerpt":{"rendered":"<h2 data-immersive-translate-walked=\"344be1c1-5052-41eb-8fcd-0dbe236a0d6b\" data-immersive-translate-paragraph=\"1\">OEM Vandt\u00e6t Disc Golf Bag<\/h2>\n<p>Opbevaring til alt dit discgolfudstyr og meget mere: Vi har styr p\u00e5 alt det v\u00e6sentlige, n\u00e5r det g\u00e6lder opbevaring, men hvad med alt dit andet udstyr og tilbeh\u00f8r?<\/p>\n<p>Ud over den prim\u00e6re diskopbevaring, som kan rumme op til 18 diske, og k\u00f8lersektionen er der 7 andre opbevaringssektioner til alt fra dine biln\u00f8gler til en lille sammenklappelig skammel eller paraply.<\/p>\n<p>2 drikkevareholdere kan rumme alt fra en d\u00e5se til en 36 oz flaske.<\/p>","protected":false},"featured_media":3456,"template":"","meta":{"_uag_custom_page_level_css":""},"product_brand":[],"product_cat":[51,60],"product_tag":[],"class_list":{"0":"post-3452","1":"product","2":"type-product","3":"status-publish","4":"has-post-thumbnail","6":"product_cat-golf-bag","7":"product_cat-backpack","9":"first","10":"instock","11":"shipping-taxable","12":"product-type-simple"},"uagb_featured_image_src":{"full":["https:\/\/pecbag.com\/wp-content\/uploads\/2025\/05\/OEM-Waterproof-Disc-Golf-Bag-1.jpeg",720,720,false],"thumbnail":["https:\/\/pecbag.com\/wp-content\/uploads\/2025\/05\/OEM-Waterproof-Disc-Golf-Bag-1-150x150.jpeg",150,150,true],"medium":["https:\/\/pecbag.com\/wp-content\/uploads\/2025\/05\/OEM-Waterproof-Disc-Golf-Bag-1-300x300.jpeg",300,300,true],"medium_large":["https:\/\/pecbag.com\/wp-content\/uploads\/2025\/05\/OEM-Waterproof-Disc-Golf-Bag-1.jpeg",720,720,false],"large":["https:\/\/pecbag.com\/wp-content\/uploads\/2025\/05\/OEM-Waterproof-Disc-Golf-Bag-1.jpeg",720,720,false],"1536x1536":["https:\/\/pecbag.com\/wp-content\/uploads\/2025\/05\/OEM-Waterproof-Disc-Golf-Bag-1.jpeg",720,720,false],"2048x2048":["https:\/\/pecbag.com\/wp-content\/uploads\/2025\/05\/OEM-Waterproof-Disc-Golf-Bag-1.jpeg",720,720,false],"trp-custom-language-flag":["https:\/\/pecbag.com\/wp-content\/uploads\/2025\/05\/OEM-Waterproof-Disc-Golf-Bag-1-12x12.jpeg",12,12,true],"woocommerce_thumbnail":["https:\/\/pecbag.com\/wp-content\/uploads\/2025\/05\/OEM-Waterproof-Disc-Golf-Bag-1-300x300.jpeg",300,300,true],"woocommerce_single":["https:\/\/pecbag.com\/wp-content\/uploads\/2025\/05\/OEM-Waterproof-Disc-Golf-Bag-1-600x600.jpeg",600,600,true],"woocommerce_gallery_thumbnail":["https:\/\/pecbag.com\/wp-content\/uploads\/2025\/05\/OEM-Waterproof-Disc-Golf-Bag-1-100x100.jpeg",100,100,true]},"uagb_author_info":{"display_name":"Lawrence","author_link":"https:\/\/pecbag.com\/da\/author\/"},"uagb_comment_info":0,"uagb_excerpt":"OEM Waterproof Disc Golf Bag Storage for all your disc golf equipment and more: We have all the essentials covered when it comes to storage, but what about all your other gear and accessories? Besides the main disc storage section, which can hold up to 18 discs, and the cooler section, there are 7 other&hellip;","_links":{"self":[{"href":"https:\/\/pecbag.com\/da\/wp-json\/wp\/v2\/product\/3452","targetHints":{"allow":["GET"]}}],"collection":[{"href":"https:\/\/pecbag.com\/da\/wp-json\/wp\/v2\/product"}],"about":[{"href":"https:\/\/pecbag.com\/da\/wp-json\/wp\/v2\/types\/product"}],"wp:featuredmedia":[{"embeddable":true,"href":"https:\/\/pecbag.com\/da\/wp-json\/wp\/v2\/media\/3456"}],"wp:attachment":[{"href":"https:\/\/pecbag.com\/da\/wp-json\/wp\/v2\/media?parent=3452"}],"wp:term":[{"taxonomy":"product_brand","embeddable":true,"href":"https:\/\/pecbag.com\/da\/wp-json\/wp\/v2\/product_brand?post=3452"},{"taxonomy":"product_cat","embeddable":true,"href":"https:\/\/pecbag.com\/da\/wp-json\/wp\/v2\/product_cat?post=3452"},{"taxonomy":"product_tag","embeddable":true,"href":"https:\/\/pecbag.com\/da\/wp-json\/wp\/v2\/product_tag?post=3452"}],"curies":[{"name":"wp","href":"https:\/\/api.w.org\/{rel}","templated":true}]}}