{"id":3459,"date":"2025-05-27T02:51:48","date_gmt":"2025-05-27T02:51:48","guid":{"rendered":"https:\/\/pecbag.com\/?post_type=product&#038;p=3459"},"modified":"2025-11-29T01:58:26","modified_gmt":"2025-11-29T01:58:26","slug":"travel-hiking-daypack-foldable-lightweight-backpack","status":"publish","type":"product","link":"https:\/\/pecbag.com\/da\/travel-hiking-daypack-foldable-lightweight-backpack\/","title":{"rendered":"Travel Hiking Daypack foldbar letv\u00e6gtsrygs\u00e6k"},"content":{"rendered":"<h5 title=\"Foldbar hundetaske \u00c5ndbar netskuldertaske til k\u00e6ledyr til sm\u00e5 hunde og katte\" data-immersive-translate-walked=\"1c928421-2e42-4cd3-8754-5404553c0af5\" data-immersive-translate-paragraph=\"1\" data-spm-anchor-id=\"a2700.details.0.i35.4f6757d4w4zNZA\">Rejse Vandring Daypack Foldbar Letv\u00e6gtsrygs\u00e6kke | Vandt\u00e6t taske fabrik og rygs\u00e6k producent - Bulk vandreudstyr l\u00f8sninger<\/h5>\n<div class=\"flex flex-grow flex-col max-w-full\">\n<div class=\"min-h-[20px] text-message flex w-full flex-col items-end gap-2 whitespace-pre-wrap break-words [.text-message+&amp;]:mt-5 overflow-x-auto\" dir=\"auto\" data-message-author-role=\"assistant\" data-message-id=\"3d7d46f6-7ec2-4222-9257-48fa0bba23c6\" data-suggestions=\"true\">\n<div class=\"flex w-full flex-col gap-1 empty:hidden first:pt-[3px]\">\n<div class=\"markdown prose w-full break-words dark:prose-invert light\">\n<table width=\"288\">\n<tbody>\n<tr>\n<td width=\"137\"><span style=\"color: #333333;\">Produkternes navn<\/span><\/td>\n<td width=\"151\">Vandretaske<\/td>\n<\/tr>\n<tr>\n<td><span style=\"color: #333333;\">Vare nr.<\/span><\/td>\n<td><span style=\"color: #333333;\">PB-2063<\/span><\/td>\n<\/tr>\n<tr>\n<td><span style=\"color: #333333;\">Materiale<\/span><\/td>\n<td>Ripstop<\/td>\n<\/tr>\n<tr>\n<td><span style=\"color: #333333;\">St\u00f8rrelse<\/span><\/td>\n<td>47 x 28 x 23 cm<\/td>\n<\/tr>\n<tr>\n<td><span style=\"color: #333333;\">\u00a0Leveringstid<\/span><\/td>\n<td><span style=\"color: #333333;\">1-5 dage for sm\u00e5 m\u00e6ngder med fly og 30-35 dage for store m\u00e6ngder med skib<\/span><\/td>\n<\/tr>\n<\/tbody>\n<\/table>\n<p>Som Kinas f\u00f8rende producent af vandretasker og fabrik for vandt\u00e6tte tasker har vi specialiseret os i at producere f\u00f8rsteklasses dagtursrygs\u00e6kke, der kan foldes sammen og er lette at b\u00e6re, til globale outdoor-m\u00e6rker. Vores vandretaskefirma tilbyder:<\/p>\n<p>\u2705 <strong>Ultralet 300D ripstop-nylon<\/strong> (under 1,2 kg tom v\u00e6gt)<br \/>\n\u2705 <strong>3-sekunders foldbart design<\/strong> med kompressionsremme (MOQ 100 stk.)<br \/>\n\u2705 <strong>OEM\/ODM-tjenester<\/strong> for <strong>Vandreudstyr med eget m\u00e6rke<\/strong><br \/>\n\u2705 <strong>Produktion af vandres\u00e6kke i l\u00f8s v\u00e6gt<\/strong> med 15 dages hurtig levering<\/p>\n<p>Betroet af grossister og forhandlere af vandretasker over hele verden. Vigtige funktioner:<br \/>\n- IPX4-vandafvisende lynl\u00e5se og skjulte tyverisikringslommer<br \/>\n- Ergonomisk netrygpanel og justerbar brystbensrem<br \/>\n- Kompatibel med v\u00e6skebl\u00e6rer (3L kapacitet)<\/p>\n<p><strong>Hvorfor v\u00e6lge vores vandretaskefabrik<\/strong>:<br \/>\n\ud83d\udd39 12+ \u00e5r som de bedste eksport\u00f8rer af vandretasker fra Kina<br \/>\n\ud83d\udd39 Gratis 3D tech pack-design med din branding<br \/>\n\ud83d\udd39 OEKO-Tex &amp; REACH-certificerede materialer<br \/>\n\ud83d\udd39 25%-rabat til leverand\u00f8rer af vandretasker p\u00e5 2.000+ enheder<\/p>\n<p>Anmod om gratis pr\u00f8ver af vores foldbare letv\u00e6gtsrygs\u00e6kke eller f\u00e5 \u00f8jeblikkelige tilbud. Leverand\u00f8rer af vandretasker modtager:<br \/>\n- Tilpasset MOQ-fleksibilitet<br \/>\n- Batch-specifikke kvalitetsinspektionsrapporter<br \/>\n- Prioriteret tildeling af luft-\/s\u00f8fragt<\/p>\n<\/div>\n<\/div>\n<\/div>\n<\/div>","protected":false},"excerpt":{"rendered":"<h2 data-immersive-translate-walked=\"344be1c1-5052-41eb-8fcd-0dbe236a0d6b\" data-immersive-translate-paragraph=\"1\">Travel Hiking Daypack foldbar letv\u00e6gtsrygs\u00e6k<\/h2>\n<ul class=\"list-paddingleft-2\">\n<li>Justerbare stropper - juster stramheden efter behov, s\u00e5 du kan binde din rygs\u00e6k eller h\u00e6nge sovepose, liggeunderlag, h\u00e6ngek\u00f8je osv. op, velegnet til alle mennesker.<\/li>\n<li>Multifunktionel rejsetaske, 50L med h\u00f8j kapacitet inkluderer et hovedrum, to forlommer med lynl\u00e5s, et soveposerum, sidelommer i mesh, du kan l\u00e6gge dine telte, t\u00e6pper eller madlavningsudstyr i denne rygs\u00e6k, bedst til 2-4-dages eventyr.<\/li>\n<\/ul>","protected":false},"featured_media":3461,"template":"","meta":{"_uag_custom_page_level_css":""},"product_brand":[],"product_cat":[60,45,68],"product_tag":[],"class_list":{"0":"post-3459","1":"product","2":"type-product","3":"status-publish","4":"has-post-thumbnail","6":"product_cat-backpack","7":"product_cat-hiking-bag","8":"product_cat-travel-bag","10":"first","11":"instock","12":"shipping-taxable","13":"product-type-simple"},"uagb_featured_image_src":{"full":["https:\/\/pecbag.com\/wp-content\/uploads\/2025\/05\/Travel-Hiking-Daypack-foldable-Lightweight-Backpack-5.jpeg",487,487,false],"thumbnail":["https:\/\/pecbag.com\/wp-content\/uploads\/2025\/05\/Travel-Hiking-Daypack-foldable-Lightweight-Backpack-5-150x150.jpeg",150,150,true],"medium":["https:\/\/pecbag.com\/wp-content\/uploads\/2025\/05\/Travel-Hiking-Daypack-foldable-Lightweight-Backpack-5-300x300.jpeg",300,300,true],"medium_large":["https:\/\/pecbag.com\/wp-content\/uploads\/2025\/05\/Travel-Hiking-Daypack-foldable-Lightweight-Backpack-5.jpeg",487,487,false],"large":["https:\/\/pecbag.com\/wp-content\/uploads\/2025\/05\/Travel-Hiking-Daypack-foldable-Lightweight-Backpack-5.jpeg",487,487,false],"1536x1536":["https:\/\/pecbag.com\/wp-content\/uploads\/2025\/05\/Travel-Hiking-Daypack-foldable-Lightweight-Backpack-5.jpeg",487,487,false],"2048x2048":["https:\/\/pecbag.com\/wp-content\/uploads\/2025\/05\/Travel-Hiking-Daypack-foldable-Lightweight-Backpack-5.jpeg",487,487,false],"trp-custom-language-flag":["https:\/\/pecbag.com\/wp-content\/uploads\/2025\/05\/Travel-Hiking-Daypack-foldable-Lightweight-Backpack-5-12x12.jpeg",12,12,true],"woocommerce_thumbnail":["https:\/\/pecbag.com\/wp-content\/uploads\/2025\/05\/Travel-Hiking-Daypack-foldable-Lightweight-Backpack-5-300x300.jpeg",300,300,true],"woocommerce_single":["https:\/\/pecbag.com\/wp-content\/uploads\/2025\/05\/Travel-Hiking-Daypack-foldable-Lightweight-Backpack-5.jpeg",487,487,false],"woocommerce_gallery_thumbnail":["https:\/\/pecbag.com\/wp-content\/uploads\/2025\/05\/Travel-Hiking-Daypack-foldable-Lightweight-Backpack-5-100x100.jpeg",100,100,true]},"uagb_author_info":{"display_name":"Lawrence","author_link":"https:\/\/pecbag.com\/da\/author\/"},"uagb_comment_info":0,"uagb_excerpt":"Travel Hiking Daypack foldable Lightweight Backpack Adjustable Straps- adjust the tightness as you need, for tying up your pack or hanging sleeping bag, mat, hammock, etc, Suitable for all people. Multi-functional travel bag, 50L high-capacity includes a main compartment, two zipped front pockets, a sleeping bag compartment, mesh side pockets, you can put your tents,&hellip;","_links":{"self":[{"href":"https:\/\/pecbag.com\/da\/wp-json\/wp\/v2\/product\/3459","targetHints":{"allow":["GET"]}}],"collection":[{"href":"https:\/\/pecbag.com\/da\/wp-json\/wp\/v2\/product"}],"about":[{"href":"https:\/\/pecbag.com\/da\/wp-json\/wp\/v2\/types\/product"}],"wp:featuredmedia":[{"embeddable":true,"href":"https:\/\/pecbag.com\/da\/wp-json\/wp\/v2\/media\/3461"}],"wp:attachment":[{"href":"https:\/\/pecbag.com\/da\/wp-json\/wp\/v2\/media?parent=3459"}],"wp:term":[{"taxonomy":"product_brand","embeddable":true,"href":"https:\/\/pecbag.com\/da\/wp-json\/wp\/v2\/product_brand?post=3459"},{"taxonomy":"product_cat","embeddable":true,"href":"https:\/\/pecbag.com\/da\/wp-json\/wp\/v2\/product_cat?post=3459"},{"taxonomy":"product_tag","embeddable":true,"href":"https:\/\/pecbag.com\/da\/wp-json\/wp\/v2\/product_tag?post=3459"}],"curies":[{"name":"wp","href":"https:\/\/api.w.org\/{rel}","templated":true}]}}