{"id":3466,"date":"2025-05-27T02:56:56","date_gmt":"2025-05-27T02:56:56","guid":{"rendered":"https:\/\/pecbag.com\/?post_type=product&#038;p=3466"},"modified":"2025-11-29T01:58:22","modified_gmt":"2025-11-29T01:58:22","slug":"custom-logo-lightweight-camping-bag","status":"publish","type":"product","link":"https:\/\/pecbag.com\/da\/custom-logo-lightweight-camping-bag\/","title":{"rendered":"Letv\u00e6gtscampingtaske med eget logo"},"content":{"rendered":"<h5 title=\"Foldbar hundetaske \u00c5ndbar netskuldertaske til k\u00e6ledyr til sm\u00e5 hunde og katte\" data-immersive-translate-walked=\"1c928421-2e42-4cd3-8754-5404553c0af5\" data-immersive-translate-paragraph=\"1\" data-spm-anchor-id=\"a2700.details.0.i35.4f6757d4w4zNZA\">Brugerdefineret logo letv\u00e6gts camping tasker | vandt\u00e6t taske fabrik og rygs\u00e6k producent - bulk vandreudstyr l\u00f8sninger<\/h5>\n<div class=\"flex flex-grow flex-col max-w-full\">\n<div class=\"min-h-[20px] text-message flex w-full flex-col items-end gap-2 whitespace-pre-wrap break-words [.text-message+&amp;]:mt-5 overflow-x-auto\" dir=\"auto\" data-message-author-role=\"assistant\" data-message-id=\"3d7d46f6-7ec2-4222-9257-48fa0bba23c6\" data-suggestions=\"true\">\n<div class=\"flex w-full flex-col gap-1 empty:hidden first:pt-[3px]\">\n<div class=\"markdown prose w-full break-words dark:prose-invert light\">\n<table width=\"288\">\n<tbody>\n<tr>\n<td width=\"137\"><span style=\"color: #333333;\">Produkternes navn<\/span><\/td>\n<td width=\"151\">Vandretaske<\/td>\n<\/tr>\n<tr>\n<td><span style=\"color: #333333;\">Vare nr.<\/span><\/td>\n<td><span style=\"color: #333333;\">PB-2064<\/span><\/td>\n<\/tr>\n<tr>\n<td><span style=\"color: #333333;\">Materiale<\/span><\/td>\n<td>Ripstop<\/td>\n<\/tr>\n<tr>\n<td><span style=\"color: #333333;\">St\u00f8rrelse<\/span><\/td>\n<td>19,3*12,5*8,6 tommer<\/td>\n<\/tr>\n<tr>\n<td><span style=\"color: #333333;\">\u00a0Leveringstid<\/span><\/td>\n<td><span style=\"color: #333333;\">1-5 dage for sm\u00e5 m\u00e6ngder med fly og 30-35 dage for store m\u00e6ngder med skib<\/span><\/td>\n<\/tr>\n<\/tbody>\n<\/table>\n<p>Som Kinas f\u00f8rende producent af vandretasker og fabrik for vandt\u00e6tte tasker fremstiller vi letv\u00e6gtscampingtasker med brugerdefineret logo til globale outdoor-m\u00e6rker. Vores vandretaskefirma leverer:<\/p>\n<p>\u2705 <strong>Ultralet 210D nylon<\/strong> (under 1,1 kg) med vandt\u00e6t IPX5-bel\u00e6gning<br \/>\n\u2705 <strong>Design, der kan tilpasses<\/strong>\u00a0med 3D-puf\/broderi\/sublimeringstryk<br \/>\n\u2705 <strong>OEM\/ODM-tjenester<\/strong> for <strong>Vandretasker med eget m\u00e6rke<\/strong><br \/>\n\u2705 <strong>Produktion af vandres\u00e6kke i l\u00f8s v\u00e6gt<\/strong> med 12 dages hurtig levering<\/p>\n<p>Betroet af grossister og forhandlere af vandretasker over hele verden. Vigtige funktioner:<br \/>\n- Kompressionsremme og skjulte tyverisikringslommer<br \/>\n- Kompatibel med v\u00e6skebl\u00e6re og \u00e5ndbart rygpanel<br \/>\n- Kan foldes sammen til en selvopbevarende pose (8\u2033x5\u2033)<\/p>\n<p><strong>Hvorfor samarbejde med vores vandretaskefabrik<\/strong>:<br \/>\n\ud83d\udd39 15+ \u00e5r som de bedste eksport\u00f8rer af vandretasker fra Kina<br \/>\n\ud83d\udd39 Gratis digitale mockups med din branding<br \/>\n\ud83d\udd39 OEKO-Tex &amp; SGS-certificerede materialer<br \/>\n\ud83d\udd39 30%-rabat til leverand\u00f8rer af vandretasker p\u00e5 2.500+ enheder<\/p>\n<p>Anmod om gratis pr\u00f8ver af vores lette campingtasker, eller f\u00e5 et tilbud med det samme. Leverand\u00f8rer af vandretasker nyder det:<br \/>\n- Tilpasset MOQ-fleksibilitet<br \/>\n- Batch-specifikke kvalitetscertifikater<br \/>\n- Prioriterede ordninger for luft- og s\u00f8fragt<\/p>\n<\/div>\n<\/div>\n<\/div>\n<\/div>","protected":false},"excerpt":{"rendered":"<h2 data-immersive-translate-walked=\"344be1c1-5052-41eb-8fcd-0dbe236a0d6b\" data-immersive-translate-paragraph=\"1\">Letv\u00e6gtscampingtaske med eget logo<\/h2>\n<ul class=\"list-paddingleft-2\">\n<li>Lavet af rivefast polyester+ nylonstof af h\u00f8j kvalitet, rivefast, ridsefast, slidst\u00e6rkt, med regnslag, der forhindrer vandet i at sive ind i tasken og holder tingene t\u00f8rre.<\/li>\n<li>\u00c5ndbare skulderstropper i mesh med rigelig svampepolstring hj\u00e6lper med at aflaste dine skuldre. Brede og fortykkede S-skulderstropper og h\u00f8jelastisk, \u00e5ndbar rygst\u00f8tte giver den bedste ventilation og letter byrden.<\/li>\n<\/ul>","protected":false},"featured_media":3469,"template":"","meta":{"_uag_custom_page_level_css":""},"product_brand":[],"product_cat":[60,45,68],"product_tag":[],"class_list":{"0":"post-3466","1":"product","2":"type-product","3":"status-publish","4":"has-post-thumbnail","6":"product_cat-backpack","7":"product_cat-hiking-bag","8":"product_cat-travel-bag","10":"first","11":"instock","12":"shipping-taxable","13":"product-type-simple"},"uagb_featured_image_src":{"full":["https:\/\/pecbag.com\/wp-content\/uploads\/2025\/05\/Custom-Logo-Lightweight-Camping-Bag-2.jpeg",1448,1448,false],"thumbnail":["https:\/\/pecbag.com\/wp-content\/uploads\/2025\/05\/Custom-Logo-Lightweight-Camping-Bag-2-150x150.jpeg",150,150,true],"medium":["https:\/\/pecbag.com\/wp-content\/uploads\/2025\/05\/Custom-Logo-Lightweight-Camping-Bag-2-300x300.jpeg",300,300,true],"medium_large":["https:\/\/pecbag.com\/wp-content\/uploads\/2025\/05\/Custom-Logo-Lightweight-Camping-Bag-2-768x768.jpeg",768,768,true],"large":["https:\/\/pecbag.com\/wp-content\/uploads\/2025\/05\/Custom-Logo-Lightweight-Camping-Bag-2-1024x1024.jpeg",800,800,true],"1536x1536":["https:\/\/pecbag.com\/wp-content\/uploads\/2025\/05\/Custom-Logo-Lightweight-Camping-Bag-2.jpeg",1448,1448,false],"2048x2048":["https:\/\/pecbag.com\/wp-content\/uploads\/2025\/05\/Custom-Logo-Lightweight-Camping-Bag-2.jpeg",1448,1448,false],"trp-custom-language-flag":["https:\/\/pecbag.com\/wp-content\/uploads\/2025\/05\/Custom-Logo-Lightweight-Camping-Bag-2-12x12.jpeg",12,12,true],"woocommerce_thumbnail":["https:\/\/pecbag.com\/wp-content\/uploads\/2025\/05\/Custom-Logo-Lightweight-Camping-Bag-2-300x300.jpeg",300,300,true],"woocommerce_single":["https:\/\/pecbag.com\/wp-content\/uploads\/2025\/05\/Custom-Logo-Lightweight-Camping-Bag-2-600x600.jpeg",600,600,true],"woocommerce_gallery_thumbnail":["https:\/\/pecbag.com\/wp-content\/uploads\/2025\/05\/Custom-Logo-Lightweight-Camping-Bag-2-100x100.jpeg",100,100,true]},"uagb_author_info":{"display_name":"Lawrence","author_link":"https:\/\/pecbag.com\/da\/author\/"},"uagb_comment_info":0,"uagb_excerpt":"Custom Logo Lightweight Camping Bag Made with high-quality tear-resistant Polyester+ nylon fabric, tear resistant, anti-scratch, wear resistant, with rain cover, prevents the water from sipping into the bag, keeps things dry. Breathable mesh shoulder straps with plentiful sponge padding help relieve the stress on your shoulders. Widened and thickened S-type shoulder straps and high elastic&hellip;","_links":{"self":[{"href":"https:\/\/pecbag.com\/da\/wp-json\/wp\/v2\/product\/3466","targetHints":{"allow":["GET"]}}],"collection":[{"href":"https:\/\/pecbag.com\/da\/wp-json\/wp\/v2\/product"}],"about":[{"href":"https:\/\/pecbag.com\/da\/wp-json\/wp\/v2\/types\/product"}],"wp:featuredmedia":[{"embeddable":true,"href":"https:\/\/pecbag.com\/da\/wp-json\/wp\/v2\/media\/3469"}],"wp:attachment":[{"href":"https:\/\/pecbag.com\/da\/wp-json\/wp\/v2\/media?parent=3466"}],"wp:term":[{"taxonomy":"product_brand","embeddable":true,"href":"https:\/\/pecbag.com\/da\/wp-json\/wp\/v2\/product_brand?post=3466"},{"taxonomy":"product_cat","embeddable":true,"href":"https:\/\/pecbag.com\/da\/wp-json\/wp\/v2\/product_cat?post=3466"},{"taxonomy":"product_tag","embeddable":true,"href":"https:\/\/pecbag.com\/da\/wp-json\/wp\/v2\/product_tag?post=3466"}],"curies":[{"name":"wp","href":"https:\/\/api.w.org\/{rel}","templated":true}]}}