{"id":3485,"date":"2025-05-27T03:22:19","date_gmt":"2025-05-27T03:22:19","guid":{"rendered":"https:\/\/pecbag.com\/?post_type=product&#038;p=3485"},"modified":"2025-11-29T01:57:24","modified_gmt":"2025-11-29T01:57:24","slug":"new-design-tactical-hiking-bag","status":"publish","type":"product","link":"https:\/\/pecbag.com\/da\/new-design-tactical-hiking-bag\/","title":{"rendered":"Taktisk vandretaske i nyt design"},"content":{"rendered":"<h5 title=\"Foldbar hundetaske \u00c5ndbar netskuldertaske til k\u00e6ledyr til sm\u00e5 hunde og katte\" data-immersive-translate-walked=\"1c928421-2e42-4cd3-8754-5404553c0af5\" data-immersive-translate-paragraph=\"1\" data-spm-anchor-id=\"a2700.details.0.i35.4f6757d4w4zNZA\">Nyt design af taktiske vandretasker | Vandt\u00e6t taskefabrik og rygs\u00e6kproducent - Bulk Outdoor Solutions<\/h5>\n<div class=\"flex flex-grow flex-col max-w-full\">\n<div class=\"min-h-[20px] text-message flex w-full flex-col items-end gap-2 whitespace-pre-wrap break-words [.text-message+&amp;]:mt-5 overflow-x-auto\" dir=\"auto\" data-message-author-role=\"assistant\" data-message-id=\"3d7d46f6-7ec2-4222-9257-48fa0bba23c6\" data-suggestions=\"true\">\n<div class=\"flex w-full flex-col gap-1 empty:hidden first:pt-[3px]\">\n<div class=\"markdown prose w-full break-words dark:prose-invert light\">\n<table width=\"288\">\n<tbody>\n<tr>\n<td width=\"137\"><span style=\"color: #333333;\">Produkternes navn<\/span><\/td>\n<td width=\"151\">Vandretaske<\/td>\n<\/tr>\n<tr>\n<td><span style=\"color: #333333;\">Vare nr.<\/span><\/td>\n<td><span style=\"color: #333333;\">PB-2067<\/span><\/td>\n<\/tr>\n<tr>\n<td><span style=\"color: #333333;\">Materiale<\/span><\/td>\n<td>600D polyester<\/td>\n<\/tr>\n<tr>\n<td><span style=\"color: #333333;\">St\u00f8rrelse<\/span><\/td>\n<td>15 X 8 X 21 tommer<\/td>\n<\/tr>\n<tr>\n<td><span style=\"color: #333333;\">\u00a0Leveringstid<\/span><\/td>\n<td><span style=\"color: #333333;\">1-5 dage for sm\u00e5 m\u00e6ngder med fly og 30-35 dage for store m\u00e6ngder med skib<\/span><\/td>\n<\/tr>\n<\/tbody>\n<\/table>\n<p>Som Kinas f\u00f8rende producent af vandretasker og fabrik for vandt\u00e6tte tasker opfinder vi nyt design af taktiske vandretasker til globale outdoor-professionelle. Vores vandretaskefirma leverer:<\/p>\n<p>\u2705 <strong>1000D nylon af milit\u00e6r kvalitet<\/strong> med IPX7 vandt\u00e6tte lynl\u00e5se<br \/>\n\u2705 <strong>MODUL\u00c6RT MOLLE-system<\/strong> (20+ fastg\u00f8relsespunkter) til tilpasning af udstyr<br \/>\n\u2705 <strong>OEM\/ODM-tjenester<\/strong> for <strong>Vandretasker med eget m\u00e6rke<\/strong> (MOQ 50 stk.)<br \/>\n\u2705 <strong>Produktion af vandres\u00e6kke i l\u00f8s v\u00e6gt<\/strong> med 10 dages hurtig levering<\/p>\n<p>Betroet af grossister af vandretasker og m\u00e6rker af taktisk udstyr over hele verden. Vigtige innovationer:<br \/>\n- Hurtigt tilg\u00e6ngeligt v\u00e5benrum og \u00e6rme til v\u00e6skebl\u00e6re<br \/>\n- Forst\u00e6rket tr\u00e6kh\u00e5ndtag og n\u00f8dfl\u00f8jtesp\u00e6nde<br \/>\n- Kompatibel med ballistiske pladeindsatser<\/p>\n<p><strong>Hvorfor samarbejde med vores vandretaskefabrik<\/strong>:<br \/>\n\ud83d\udd39 18+ \u00e5r som de bedste eksport\u00f8rer af vandretasker fra Kina<br \/>\n\ud83d\udd39 Gratis 3D tech pack-design med din branding<br \/>\n\ud83d\udd39 MIL-STD-810G-testet og OEKO-Tex-certificeret<br \/>\n\ud83d\udd39 30%-rabat til leverand\u00f8rer af vandretasker p\u00e5 3.000+ enheder<\/p>\n<p>Anmod om gratis pr\u00f8ver af vores taktiske vandretasker eller f\u00e5 \u00f8jeblikkelige tilbud. Leverand\u00f8rer af vandretasker nyder det:<br \/>\n- Tilpasset MOQ fra 30 stk.<br \/>\n- RFID\/NFC-teknologi til bek\u00e6mpelse af forfalskning<br \/>\n- Prioriteret tildeling af luft- og s\u00f8fragt<\/p>\n<\/div>\n<\/div>\n<\/div>\n<\/div>","protected":false},"excerpt":{"rendered":"<h2 data-immersive-translate-walked=\"344be1c1-5052-41eb-8fcd-0dbe236a0d6b\" data-immersive-translate-paragraph=\"1\">Taktisk vandretaske i nyt design<\/h2>\n<p>Vi leverer f\u00f8rsteklasses tasker med fuld st\u00f8rrelse og farvetilpasning, slidst\u00e6rke stoffer og certificeret kvalitet.<\/p>\n<p>Nyd fleksible MOQ'er, hurtig global forsendelse og private label-l\u00f8sninger.<\/p>\n<p>Kontakt os i dag!<\/p>","protected":false},"featured_media":3488,"template":"","meta":{"_uag_custom_page_level_css":""},"product_brand":[],"product_cat":[60,45,68],"product_tag":[],"class_list":{"0":"post-3485","1":"product","2":"type-product","3":"status-publish","4":"has-post-thumbnail","6":"product_cat-backpack","7":"product_cat-hiking-bag","8":"product_cat-travel-bag","10":"first","11":"instock","12":"shipping-taxable","13":"product-type-simple"},"uagb_featured_image_src":{"full":["https:\/\/pecbag.com\/wp-content\/uploads\/2025\/05\/New-Design-Tactical-Hiking-Bag-5.jpeg",960,960,false],"thumbnail":["https:\/\/pecbag.com\/wp-content\/uploads\/2025\/05\/New-Design-Tactical-Hiking-Bag-5-150x150.jpeg",150,150,true],"medium":["https:\/\/pecbag.com\/wp-content\/uploads\/2025\/05\/New-Design-Tactical-Hiking-Bag-5-300x300.jpeg",300,300,true],"medium_large":["https:\/\/pecbag.com\/wp-content\/uploads\/2025\/05\/New-Design-Tactical-Hiking-Bag-5-768x768.jpeg",768,768,true],"large":["https:\/\/pecbag.com\/wp-content\/uploads\/2025\/05\/New-Design-Tactical-Hiking-Bag-5.jpeg",800,800,false],"1536x1536":["https:\/\/pecbag.com\/wp-content\/uploads\/2025\/05\/New-Design-Tactical-Hiking-Bag-5.jpeg",960,960,false],"2048x2048":["https:\/\/pecbag.com\/wp-content\/uploads\/2025\/05\/New-Design-Tactical-Hiking-Bag-5.jpeg",960,960,false],"trp-custom-language-flag":["https:\/\/pecbag.com\/wp-content\/uploads\/2025\/05\/New-Design-Tactical-Hiking-Bag-5-12x12.jpeg",12,12,true],"woocommerce_thumbnail":["https:\/\/pecbag.com\/wp-content\/uploads\/2025\/05\/New-Design-Tactical-Hiking-Bag-5-300x300.jpeg",300,300,true],"woocommerce_single":["https:\/\/pecbag.com\/wp-content\/uploads\/2025\/05\/New-Design-Tactical-Hiking-Bag-5-600x600.jpeg",600,600,true],"woocommerce_gallery_thumbnail":["https:\/\/pecbag.com\/wp-content\/uploads\/2025\/05\/New-Design-Tactical-Hiking-Bag-5-100x100.jpeg",100,100,true]},"uagb_author_info":{"display_name":"Lawrence","author_link":"https:\/\/pecbag.com\/da\/author\/"},"uagb_comment_info":0,"uagb_excerpt":"New Design Tactical Hiking Bag We provide premium bags with full-size and color customization, durable fabrics, and certified quality. Enjoy flexible MOQs, fast global shipping, and private label solutions. Contact us today!","_links":{"self":[{"href":"https:\/\/pecbag.com\/da\/wp-json\/wp\/v2\/product\/3485","targetHints":{"allow":["GET"]}}],"collection":[{"href":"https:\/\/pecbag.com\/da\/wp-json\/wp\/v2\/product"}],"about":[{"href":"https:\/\/pecbag.com\/da\/wp-json\/wp\/v2\/types\/product"}],"wp:featuredmedia":[{"embeddable":true,"href":"https:\/\/pecbag.com\/da\/wp-json\/wp\/v2\/media\/3488"}],"wp:attachment":[{"href":"https:\/\/pecbag.com\/da\/wp-json\/wp\/v2\/media?parent=3485"}],"wp:term":[{"taxonomy":"product_brand","embeddable":true,"href":"https:\/\/pecbag.com\/da\/wp-json\/wp\/v2\/product_brand?post=3485"},{"taxonomy":"product_cat","embeddable":true,"href":"https:\/\/pecbag.com\/da\/wp-json\/wp\/v2\/product_cat?post=3485"},{"taxonomy":"product_tag","embeddable":true,"href":"https:\/\/pecbag.com\/da\/wp-json\/wp\/v2\/product_tag?post=3485"}],"curies":[{"name":"wp","href":"https:\/\/api.w.org\/{rel}","templated":true}]}}