{"id":3513,"date":"2025-05-27T04:00:17","date_gmt":"2025-05-27T04:00:17","guid":{"rendered":"https:\/\/pecbag.com\/?post_type=product&#038;p=3513"},"modified":"2025-11-29T01:56:59","modified_gmt":"2025-11-29T01:56:59","slug":"camouflage-outdoor-hunting-fishing-gear-bag","status":"publish","type":"product","link":"https:\/\/pecbag.com\/da\/camouflage-outdoor-hunting-fishing-gear-bag\/","title":{"rendered":"Camouflage udend\u00f8rs taske til jagt- og fiskeudstyr"},"content":{"rendered":"<h5 title=\"Foldbar hundetaske \u00c5ndbar netskuldertaske til k\u00e6ledyr til sm\u00e5 hunde og katte\" data-immersive-translate-walked=\"1c928421-2e42-4cd3-8754-5404553c0af5\" data-immersive-translate-paragraph=\"1\" data-spm-anchor-id=\"a2700.details.0.i35.4f6757d4w4zNZA\">Camouflage udend\u00f8rs jagt fiskeudstyr tasker | vandt\u00e6t taske fabrik &amp; rygs\u00e6k producent - Bulk Tactical Solutions<\/h5>\n<div class=\"flex flex-grow flex-col max-w-full\">\n<div class=\"min-h-[20px] text-message flex w-full flex-col items-end gap-2 whitespace-pre-wrap break-words [.text-message+&amp;]:mt-5 overflow-x-auto\" dir=\"auto\" data-message-author-role=\"assistant\" data-message-id=\"3d7d46f6-7ec2-4222-9257-48fa0bba23c6\" data-suggestions=\"true\">\n<div class=\"flex w-full flex-col gap-1 empty:hidden first:pt-[3px]\">\n<div class=\"markdown prose w-full break-words dark:prose-invert light\">\n<table width=\"288\">\n<tbody>\n<tr>\n<td width=\"137\"><span style=\"color: #333333;\">Produkternes navn<\/span><\/td>\n<td width=\"151\">Jagttaske<\/td>\n<\/tr>\n<tr>\n<td><span style=\"color: #333333;\">Vare nr.<\/span><\/td>\n<td><span style=\"color: #333333;\">PB-2071<\/span><\/td>\n<\/tr>\n<tr>\n<td><span style=\"color: #333333;\">Materiale<\/span><\/td>\n<td>600D polyester<\/td>\n<\/tr>\n<tr>\n<td><span style=\"color: #333333;\">St\u00f8rrelse<\/span><\/td>\n<td>69 x 32 x 34 cm<\/td>\n<\/tr>\n<tr>\n<td><span style=\"color: #333333;\">\u00a0Leveringstid<\/span><\/td>\n<td><span style=\"color: #333333;\">1-5 dage for sm\u00e5 m\u00e6ngder med fly og 30-35 dage for store m\u00e6ngder med skib<\/span><\/td>\n<\/tr>\n<\/tbody>\n<\/table>\n<p>Som Kinas f\u00f8rende producent af jagttasker og fabrik for vandt\u00e6tte tasker fremstiller vi f\u00f8rsteklasses camouflage-tasker til udend\u00f8rs jagt- og fiskeudstyr til globale fagfolk. Vores jagttaskefirma tilbyder:<\/p>\n<p>\u2705 <strong>Camouflage til flere milj\u00f8er<\/strong> (Skov\/Sump\/Arktis) med duftkontrol-teknologi<br \/>\n\u2705 <strong>IPX7 vandt\u00e6t konstruktion<\/strong> (600D Cordura\u00ae + svejsede s\u00f8mme)<br \/>\n\u2705 <strong>OEM\/ODM-tjenester<\/strong> for <strong>Jagtudstyr med eget m\u00e6rke<\/strong> (MOQ 50 stk.)<br \/>\n\u2705 <strong>Produktion af jagts\u00e6kke i l\u00f8s v\u00e6gt<\/strong> med 12 dages hurtig levering<\/p>\n<p>Betroet af jagttaskegrossister og outdoor-m\u00e6rker over hele verden. Vigtige funktioner:<br \/>\n- Lydl\u00f8se magnetiske lukninger og adgang med begge h\u00e6nder<br \/>\n- Rum til fisk\/vildt med dr\u00e6nbart net<br \/>\n- MOLLE\/PALS-b\u00e5nd til taktisk udvidelse<\/p>\n<p><strong>Hvorfor v\u00e6lge vores jagttaskefabrik<\/strong>:<br \/>\n\ud83d\udd39 18+ \u00e5r som f\u00f8rende eksport\u00f8r af jagttasker fra Kina<br \/>\n\ud83d\udd39 Gratis tilpasning af digital 3D-camouflage<br \/>\n\ud83d\udd39 MIL-STD-810G-testet og OEKO-Tex-certificeret<br \/>\n\ud83d\udd39 30%-rabat til s\u00e6lgere af jagttasker p\u00e5 3.000+ enheder<\/p>\n<p>Anmod om gratis pr\u00f8ver af vores camouflage-udstyrstasker eller f\u00e5 \u00f8jeblikkelige tilbud. Leverand\u00f8rer af jagttasker nyder det:<br \/>\n- Opgraderinger af RFID-blokerende teknologi<br \/>\n- Batch-specifikke ballistiske nylonrapporter<br \/>\n- Prioriteret tildeling af lastrum<\/p>\n<\/div>\n<\/div>\n<\/div>\n<\/div>","protected":false},"excerpt":{"rendered":"<h2 data-immersive-translate-walked=\"344be1c1-5052-41eb-8fcd-0dbe236a0d6b\" data-immersive-translate-paragraph=\"1\">Camouflage udend\u00f8rs taske til jagt- og fiskeudstyr<\/h2>\n<p>1. D-formet lynl\u00e5sindgang for nem adgang til hovedrummet.<\/p>\n<p>2. To store stiklommer med lynl\u00e5s. To udvendige lommer med lynl\u00e5s p\u00e5 forsiden.<\/p>\n<p>3. Polstret h\u00e5ndtag. Aftagelig, justerbar skulderrem.<\/p>","protected":false},"featured_media":3516,"template":"","meta":{"_uag_custom_page_level_css":""},"product_brand":[],"product_cat":[54,63,46,68,66],"product_tag":[],"class_list":{"0":"post-3513","1":"product","2":"type-product","3":"status-publish","4":"has-post-thumbnail","6":"product_cat-hunting-bag","7":"product_cat-duffel-bag","8":"product_cat-fishing-bag","9":"product_cat-travel-bag","10":"product_cat-waterproof-bag","12":"first","13":"instock","14":"shipping-taxable","15":"product-type-simple"},"uagb_featured_image_src":{"full":["https:\/\/pecbag.com\/wp-content\/uploads\/2025\/05\/Camouflage-Outdoor-Hunting-Fishing-Gear-Bag-2.jpeg",800,800,false],"thumbnail":["https:\/\/pecbag.com\/wp-content\/uploads\/2025\/05\/Camouflage-Outdoor-Hunting-Fishing-Gear-Bag-2-150x150.jpeg",150,150,true],"medium":["https:\/\/pecbag.com\/wp-content\/uploads\/2025\/05\/Camouflage-Outdoor-Hunting-Fishing-Gear-Bag-2-300x300.jpeg",300,300,true],"medium_large":["https:\/\/pecbag.com\/wp-content\/uploads\/2025\/05\/Camouflage-Outdoor-Hunting-Fishing-Gear-Bag-2-768x768.jpeg",768,768,true],"large":["https:\/\/pecbag.com\/wp-content\/uploads\/2025\/05\/Camouflage-Outdoor-Hunting-Fishing-Gear-Bag-2.jpeg",800,800,false],"1536x1536":["https:\/\/pecbag.com\/wp-content\/uploads\/2025\/05\/Camouflage-Outdoor-Hunting-Fishing-Gear-Bag-2.jpeg",800,800,false],"2048x2048":["https:\/\/pecbag.com\/wp-content\/uploads\/2025\/05\/Camouflage-Outdoor-Hunting-Fishing-Gear-Bag-2.jpeg",800,800,false],"trp-custom-language-flag":["https:\/\/pecbag.com\/wp-content\/uploads\/2025\/05\/Camouflage-Outdoor-Hunting-Fishing-Gear-Bag-2-12x12.jpeg",12,12,true],"woocommerce_thumbnail":["https:\/\/pecbag.com\/wp-content\/uploads\/2025\/05\/Camouflage-Outdoor-Hunting-Fishing-Gear-Bag-2-300x300.jpeg",300,300,true],"woocommerce_single":["https:\/\/pecbag.com\/wp-content\/uploads\/2025\/05\/Camouflage-Outdoor-Hunting-Fishing-Gear-Bag-2-600x600.jpeg",600,600,true],"woocommerce_gallery_thumbnail":["https:\/\/pecbag.com\/wp-content\/uploads\/2025\/05\/Camouflage-Outdoor-Hunting-Fishing-Gear-Bag-2-100x100.jpeg",100,100,true]},"uagb_author_info":{"display_name":"Lawrence","author_link":"https:\/\/pecbag.com\/da\/author\/"},"uagb_comment_info":0,"uagb_excerpt":"Camouflage Outdoor Hunting Fishing Gear Bag 1. D-shaped zippered entry for easy access in the main compartment. 2. Two large zippered end pockets. Two exterior zippered pockets on the front. 3. Padded handle. Detachable, adjustable shoulder strap.","_links":{"self":[{"href":"https:\/\/pecbag.com\/da\/wp-json\/wp\/v2\/product\/3513","targetHints":{"allow":["GET"]}}],"collection":[{"href":"https:\/\/pecbag.com\/da\/wp-json\/wp\/v2\/product"}],"about":[{"href":"https:\/\/pecbag.com\/da\/wp-json\/wp\/v2\/types\/product"}],"wp:featuredmedia":[{"embeddable":true,"href":"https:\/\/pecbag.com\/da\/wp-json\/wp\/v2\/media\/3516"}],"wp:attachment":[{"href":"https:\/\/pecbag.com\/da\/wp-json\/wp\/v2\/media?parent=3513"}],"wp:term":[{"taxonomy":"product_brand","embeddable":true,"href":"https:\/\/pecbag.com\/da\/wp-json\/wp\/v2\/product_brand?post=3513"},{"taxonomy":"product_cat","embeddable":true,"href":"https:\/\/pecbag.com\/da\/wp-json\/wp\/v2\/product_cat?post=3513"},{"taxonomy":"product_tag","embeddable":true,"href":"https:\/\/pecbag.com\/da\/wp-json\/wp\/v2\/product_tag?post=3513"}],"curies":[{"name":"wp","href":"https:\/\/api.w.org\/{rel}","templated":true}]}}