{"id":3519,"date":"2025-05-27T06:13:43","date_gmt":"2025-05-27T06:13:43","guid":{"rendered":"https:\/\/pecbag.com\/?post_type=product&#038;p=3519"},"modified":"2025-11-29T01:56:54","modified_gmt":"2025-11-29T01:56:54","slug":"camo-hiking-camping-daypack","status":"publish","type":"product","link":"https:\/\/pecbag.com\/da\/camo-hiking-camping-daypack\/","title":{"rendered":"Camo vandre- og campingtaske"},"content":{"rendered":"<h5 title=\"Foldbar hundetaske \u00c5ndbar netskuldertaske til k\u00e6ledyr til sm\u00e5 hunde og katte\" data-immersive-translate-walked=\"1c928421-2e42-4cd3-8754-5404553c0af5\" data-immersive-translate-paragraph=\"1\" data-spm-anchor-id=\"a2700.details.0.i35.4f6757d4w4zNZA\">Camo Vandreture Camping Daypacks | Vandt\u00e6t taskefabrik og rygs\u00e6kproducent - Bulk Outdoor Solutions<\/h5>\n<div class=\"flex flex-grow flex-col max-w-full\">\n<div class=\"min-h-[20px] text-message flex w-full flex-col items-end gap-2 whitespace-pre-wrap break-words [.text-message+&amp;]:mt-5 overflow-x-auto\" dir=\"auto\" data-message-author-role=\"assistant\" data-message-id=\"3d7d46f6-7ec2-4222-9257-48fa0bba23c6\" data-suggestions=\"true\">\n<div class=\"flex w-full flex-col gap-1 empty:hidden first:pt-[3px]\">\n<div class=\"markdown prose w-full break-words dark:prose-invert light\">\n<table width=\"288\">\n<tbody>\n<tr>\n<td width=\"137\"><span style=\"color: #333333;\">Produkternes navn<\/span><\/td>\n<td width=\"151\">Jagttaske<\/td>\n<\/tr>\n<tr>\n<td><span style=\"color: #333333;\">Vare nr.<\/span><\/td>\n<td><span style=\"color: #333333;\">PB-2072<\/span><\/td>\n<\/tr>\n<tr>\n<td><span style=\"color: #333333;\">Materiale<\/span><\/td>\n<td>600D camouflage<\/td>\n<\/tr>\n<tr>\n<td><span style=\"color: #333333;\">St\u00f8rrelse<\/span><\/td>\n<td>12,6x9x22 tommer<\/td>\n<\/tr>\n<tr>\n<td><span style=\"color: #333333;\">\u00a0Leveringstid<\/span><\/td>\n<td><span style=\"color: #333333;\">1-5 dage for sm\u00e5 m\u00e6ngder med fly og 30-35 dage for store m\u00e6ngder med skib<\/span><\/td>\n<\/tr>\n<\/tbody>\n<\/table>\n<p>Som Kinas f\u00f8rende producent af jagttasker og fabrik for vandt\u00e6tte tasker producerer vi taktiske camo-tasker til vandreture og camping til globale udend\u00f8rsentusiaster. Vores jagttaskefirma tilbyder:<\/p>\n<p>\u2705 <strong>Camouflage til flere typer terr\u00e6n<\/strong> (Woodland\/Desert\/Urban) med duftblokerende teknologi<br \/>\n\u2705 <strong>IPX6 vandt\u00e6t design<\/strong> (600D polyester + TPU-s\u00f8mme)<br \/>\n\u2705 <strong>OEM\/ODM-tjenester<\/strong> for <strong>Jagtudstyr med eget m\u00e6rke<\/strong> (MOQ 50 stk.)<br \/>\n\u2705 <strong>Produktion af jagts\u00e6kke i l\u00f8s v\u00e6gt<\/strong> med 10 dages hurtig levering<\/p>\n<p>Betroet af jagttaske-grossister og adventure-m\u00e6rker over hele verden. Vigtige funktioner:<br \/>\n- Lydl\u00f8se magnetiske lukninger og \u00e6rme til v\u00e6skebl\u00e6re<br \/>\n- Kan foldes sammen til en selvopbevarende pose (7\u2033x5\u2033)<br \/>\n- MOLLE\/PALS-b\u00e5nd til taktisk udvidelse<\/p>\n<p><strong>Hvorfor samarbejde med vores jagttaskefabrik<\/strong>:<br \/>\n\ud83d\udd39 15+ \u00e5r som f\u00f8rende eksport\u00f8r af jagttasker fra Kina<br \/>\n\ud83d\udd39 Gratis tilpasning af 3D-camo-m\u00f8nstre<br \/>\n\ud83d\udd39 MIL-STD-810G-testet og OEKO-Tex-certificeret<br \/>\n\ud83d\udd39 25%-rabat til s\u00e6lgere af jagttasker p\u00e5 2.000+ enheder<\/p>\n<p>Anmod om gratis pr\u00f8ver af vores camo dagtursrygs\u00e6kke eller f\u00e5 \u00f8jeblikkelige tilbud. Leverand\u00f8rer af jagttasker nyder det:<br \/>\n- Opgraderinger af RFID-blokerende rum<br \/>\n- Batch-specifikke kvalitetscertificeringer<br \/>\n- Prioriterede muligheder for luft- og s\u00f8fragt<\/p>\n<\/div>\n<\/div>\n<\/div>\n<\/div>","protected":false},"excerpt":{"rendered":"<h2 data-immersive-translate-walked=\"344be1c1-5052-41eb-8fcd-0dbe236a0d6b\" data-immersive-translate-paragraph=\"1\">Camo vandre- og campingtaske<\/h2>\n<p><strong>1. Stort hovedrum:<\/strong> Det store hovedrum giver masser af opbevaringsplads. Sidelommer i net er perfekte til opbevaring af en vandflaske eller ekstra udstyr. Jagtdagtursrygs\u00e6k St\u00f8rrelse: 12,6 in X 9 in X 22 in.<\/p>\n<p><strong>2. Polstret for komfort:<\/strong>\u00a0B\u00e5de skulderstropperne og rygpanelet er polstrede, hvilket g\u00f8r rygs\u00e6kken mere komfortabel, n\u00e5r den er fyldt med v\u00e6gt. Det polstrede taljeb\u00e6lte og skulderstropperne med justerbare brystremme giver maksimal komfort.<\/p>\n<p><strong>3. Indbygget regnslag:<\/strong>\u00a0Regnovertr\u00e6k medf\u00f8lger, s\u00e5 du kan holde dit udstyr t\u00f8rt under d\u00e5rlige vejrforhold.<\/p>","protected":false},"featured_media":3520,"template":"","meta":{"_uag_custom_page_level_css":""},"product_brand":[],"product_cat":[54,44,45,66],"product_tag":[],"class_list":{"0":"post-3519","1":"product","2":"type-product","3":"status-publish","4":"has-post-thumbnail","6":"product_cat-hunting-bag","7":"product_cat-camping-bags","8":"product_cat-hiking-bag","9":"product_cat-waterproof-bag","11":"first","12":"instock","13":"shipping-taxable","14":"product-type-simple"},"uagb_featured_image_src":{"full":["https:\/\/pecbag.com\/wp-content\/uploads\/2025\/05\/Camo-Hiking-Camping-Daypack-4.jpeg",800,800,false],"thumbnail":["https:\/\/pecbag.com\/wp-content\/uploads\/2025\/05\/Camo-Hiking-Camping-Daypack-4-150x150.jpeg",150,150,true],"medium":["https:\/\/pecbag.com\/wp-content\/uploads\/2025\/05\/Camo-Hiking-Camping-Daypack-4-300x300.jpeg",300,300,true],"medium_large":["https:\/\/pecbag.com\/wp-content\/uploads\/2025\/05\/Camo-Hiking-Camping-Daypack-4-768x768.jpeg",768,768,true],"large":["https:\/\/pecbag.com\/wp-content\/uploads\/2025\/05\/Camo-Hiking-Camping-Daypack-4.jpeg",800,800,false],"1536x1536":["https:\/\/pecbag.com\/wp-content\/uploads\/2025\/05\/Camo-Hiking-Camping-Daypack-4.jpeg",800,800,false],"2048x2048":["https:\/\/pecbag.com\/wp-content\/uploads\/2025\/05\/Camo-Hiking-Camping-Daypack-4.jpeg",800,800,false],"trp-custom-language-flag":["https:\/\/pecbag.com\/wp-content\/uploads\/2025\/05\/Camo-Hiking-Camping-Daypack-4-12x12.jpeg",12,12,true],"woocommerce_thumbnail":["https:\/\/pecbag.com\/wp-content\/uploads\/2025\/05\/Camo-Hiking-Camping-Daypack-4-300x300.jpeg",300,300,true],"woocommerce_single":["https:\/\/pecbag.com\/wp-content\/uploads\/2025\/05\/Camo-Hiking-Camping-Daypack-4-600x600.jpeg",600,600,true],"woocommerce_gallery_thumbnail":["https:\/\/pecbag.com\/wp-content\/uploads\/2025\/05\/Camo-Hiking-Camping-Daypack-4-100x100.jpeg",100,100,true]},"uagb_author_info":{"display_name":"Lawrence","author_link":"https:\/\/pecbag.com\/da\/author\/"},"uagb_comment_info":0,"uagb_excerpt":"Camo Hiking Camping Daypack 1. Large Main Compartment: The large main storage compartment offers plenty of storage space. Mesh side pockets are perfect for storing a water bottle or extra gear. Hunting Daypack Size: 12.6 in X 9 in X 22 in. 2. Padded for Comfort:\u00a0Both the shoulder straps and back panel are padded, making&hellip;","_links":{"self":[{"href":"https:\/\/pecbag.com\/da\/wp-json\/wp\/v2\/product\/3519","targetHints":{"allow":["GET"]}}],"collection":[{"href":"https:\/\/pecbag.com\/da\/wp-json\/wp\/v2\/product"}],"about":[{"href":"https:\/\/pecbag.com\/da\/wp-json\/wp\/v2\/types\/product"}],"wp:featuredmedia":[{"embeddable":true,"href":"https:\/\/pecbag.com\/da\/wp-json\/wp\/v2\/media\/3520"}],"wp:attachment":[{"href":"https:\/\/pecbag.com\/da\/wp-json\/wp\/v2\/media?parent=3519"}],"wp:term":[{"taxonomy":"product_brand","embeddable":true,"href":"https:\/\/pecbag.com\/da\/wp-json\/wp\/v2\/product_brand?post=3519"},{"taxonomy":"product_cat","embeddable":true,"href":"https:\/\/pecbag.com\/da\/wp-json\/wp\/v2\/product_cat?post=3519"},{"taxonomy":"product_tag","embeddable":true,"href":"https:\/\/pecbag.com\/da\/wp-json\/wp\/v2\/product_tag?post=3519"}],"curies":[{"name":"wp","href":"https:\/\/api.w.org\/{rel}","templated":true}]}}