{"id":3526,"date":"2025-05-27T06:21:34","date_gmt":"2025-05-27T06:21:34","guid":{"rendered":"https:\/\/pecbag.com\/?post_type=product&#038;p=3526"},"modified":"2025-11-29T01:56:43","modified_gmt":"2025-11-29T01:56:43","slug":"customized-insulated-portable-lunch-bag","status":"publish","type":"product","link":"https:\/\/pecbag.com\/da\/customized-insulated-portable-lunch-bag\/","title":{"rendered":"Tilpasset isoleret b\u00e6rbar madkasse"},"content":{"rendered":"<h5 title=\"Foldbar hundetaske \u00c5ndbar netskuldertaske til k\u00e6ledyr til sm\u00e5 hunde og katte\" data-immersive-translate-walked=\"1c928421-2e42-4cd3-8754-5404553c0af5\" data-immersive-translate-paragraph=\"1\" data-spm-anchor-id=\"a2700.details.0.i35.4f6757d4w4zNZA\">Tilpassede isolerede b\u00e6rbare frokostposer | Vandt\u00e6t taskefabrik og rygs\u00e6kproducent - Bulk Food Solutions<\/h5>\n<div class=\"flex flex-grow flex-col max-w-full\">\n<div class=\"min-h-[20px] text-message flex w-full flex-col items-end gap-2 whitespace-pre-wrap break-words [.text-message+&amp;]:mt-5 overflow-x-auto\" dir=\"auto\" data-message-author-role=\"assistant\" data-message-id=\"3d7d46f6-7ec2-4222-9257-48fa0bba23c6\" data-suggestions=\"true\">\n<div class=\"flex w-full flex-col gap-1 empty:hidden first:pt-[3px]\">\n<div class=\"markdown prose w-full break-words dark:prose-invert light\">\n<table width=\"288\">\n<tbody>\n<tr>\n<td width=\"137\"><span style=\"color: #333333;\">Produkternes navn<\/span><\/td>\n<td width=\"151\">Madkasse<\/td>\n<\/tr>\n<tr>\n<td><span style=\"color: #333333;\">Vare nr.<\/span><\/td>\n<td><span style=\"color: #333333;\">PB-2073<\/span><\/td>\n<\/tr>\n<tr>\n<td><span style=\"color: #333333;\">Materiale<\/span><\/td>\n<td>600D polyester<\/td>\n<\/tr>\n<tr>\n<td><span style=\"color: #333333;\">\u00a0St\u00f8rrelse og farve<\/span><\/td>\n<td>15*10*13 tommer<\/td>\n<\/tr>\n<tr>\n<td><span style=\"color: #333333;\">\u00a0Leveringstid<\/span><\/td>\n<td><span style=\"color: #333333;\">1-5 dage for sm\u00e5 m\u00e6ngder med fly og 30-35 dage for store m\u00e6ngder med skib<\/span><\/td>\n<\/tr>\n<\/tbody>\n<\/table>\n<p>Som Kinas f\u00f8rende producent af madpakker og fabrik for vandt\u00e6tte tasker udvikler vi f\u00f8rsteklasses tilpassede isolerede b\u00e6rbare madpakker til globale f\u00f8devaredistribut\u00f8rer. Vores madkassefirma tilbyder:<\/p>\n<p>\u2705 <strong>6 timers termisk fastholdelse<\/strong> (FDA-godkendt PEVA-foring)<br \/>\n\u2705 <strong>L\u00e6kagesikkert, vandt\u00e6t design<\/strong> (IPX4-klassificering)<br \/>\n\u2705 <strong>OEM\/ODM-tjenester<\/strong> for <strong>madpakker med eget m\u00e6rke<\/strong> (MOQ 100 stk.)<br \/>\n\u2705 <strong>Produktion af madpakker i l\u00f8s v\u00e6gt<\/strong> med 10 dages hurtig levering<\/p>\n<p>Betroet af madkassegrossister og cateringfirmaer over hele verden. Vigtige funktioner:<br \/>\n- Justerbar skulderrem og sidelommer til flasker<br \/>\n- Milj\u00f8venlige materialer af f\u00f8devarekvalitet (BPA-fri)<br \/>\n- Fold-flat design til pladsbesparende opbevaring<\/p>\n<p><strong>Hvorfor v\u00e6lge vores madkassefabrik<\/strong>:<br \/>\n\ud83d\udd39 12+ \u00e5r som f\u00f8rende eksport\u00f8r af madpakker fra Kina<br \/>\n\ud83d\udd39 Gratis 3D-design med din branding og dit logo<br \/>\n\ud83d\udd39 SGS\/REACH-certificeringer og FOB\/DDP-forsendelse<br \/>\n\ud83d\udd39 25%-rabat til leverand\u00f8rer af madpakker p\u00e5 2.000+ enheder<\/p>\n<p>Anmod om gratis pr\u00f8ver p\u00e5 vores isolerede madpakker, eller f\u00e5 \u00f8jeblikkelige tilbud. Leverand\u00f8rer af madpakker nyder det:<br \/>\n- Tilpasset MOQ fra 50 stk.<br \/>\n- Batch-specifikke f\u00f8devaresikkerhedsrapporter<br \/>\n- Prioriteret tildeling af produktionslinjer<\/p>\n<\/div>\n<\/div>\n<\/div>\n<\/div>","protected":false},"excerpt":{"rendered":"<h2 data-immersive-translate-walked=\"344be1c1-5052-41eb-8fcd-0dbe236a0d6b\" data-immersive-translate-paragraph=\"1\">Tilpasset isoleret b\u00e6rbar madkasse<\/h2>\n<p>[IDEEL SAMMENKLAPPELIG K\u00d8LETASKE TIL REJSER]: Fra vores mindste til vores st\u00f8rste isolerede k\u00f8letaske til 50 d\u00e5ser er disse en perfekt rejsek\u00f8letaske til bilen, fordi k\u00f8letasken med den bl\u00f8de side lettere kan passe ind i sn\u00e6vre rum end en k\u00f8letaske af flamingo uden at bekymre sig om, at den g\u00e5r i stykker.<\/p>\n<p>Denne udend\u00f8rs k\u00f8leboks har en skulderrem, der g\u00f8r det nemmere end en picnickurv at transportere din mad og dine drikkevarer, mens du nyder naturen.<\/p>","protected":false},"featured_media":3530,"template":"","meta":{"_uag_custom_page_level_css":""},"product_brand":[],"product_cat":[52,50],"product_tag":[],"class_list":{"0":"post-3526","1":"product","2":"type-product","3":"status-publish","4":"has-post-thumbnail","6":"product_cat-lunch-bag","7":"product_cat-cooler-bag","9":"first","10":"instock","11":"shipping-taxable","12":"product-type-simple"},"uagb_featured_image_src":{"full":["https:\/\/pecbag.com\/wp-content\/uploads\/2025\/05\/Customized-Insulated-Portable-Lunch-Bag-3.jpeg",2400,2400,false],"thumbnail":["https:\/\/pecbag.com\/wp-content\/uploads\/2025\/05\/Customized-Insulated-Portable-Lunch-Bag-3-150x150.jpeg",150,150,true],"medium":["https:\/\/pecbag.com\/wp-content\/uploads\/2025\/05\/Customized-Insulated-Portable-Lunch-Bag-3-300x300.jpeg",300,300,true],"medium_large":["https:\/\/pecbag.com\/wp-content\/uploads\/2025\/05\/Customized-Insulated-Portable-Lunch-Bag-3-768x768.jpeg",768,768,true],"large":["https:\/\/pecbag.com\/wp-content\/uploads\/2025\/05\/Customized-Insulated-Portable-Lunch-Bag-3-1024x1024.jpeg",800,800,true],"1536x1536":["https:\/\/pecbag.com\/wp-content\/uploads\/2025\/05\/Customized-Insulated-Portable-Lunch-Bag-3-1536x1536.jpeg",1536,1536,true],"2048x2048":["https:\/\/pecbag.com\/wp-content\/uploads\/2025\/05\/Customized-Insulated-Portable-Lunch-Bag-3-2048x2048.jpeg",2048,2048,true],"trp-custom-language-flag":["https:\/\/pecbag.com\/wp-content\/uploads\/2025\/05\/Customized-Insulated-Portable-Lunch-Bag-3-12x12.jpeg",12,12,true],"woocommerce_thumbnail":["https:\/\/pecbag.com\/wp-content\/uploads\/2025\/05\/Customized-Insulated-Portable-Lunch-Bag-3-300x300.jpeg",300,300,true],"woocommerce_single":["https:\/\/pecbag.com\/wp-content\/uploads\/2025\/05\/Customized-Insulated-Portable-Lunch-Bag-3-600x600.jpeg",600,600,true],"woocommerce_gallery_thumbnail":["https:\/\/pecbag.com\/wp-content\/uploads\/2025\/05\/Customized-Insulated-Portable-Lunch-Bag-3-100x100.jpeg",100,100,true]},"uagb_author_info":{"display_name":"Lawrence","author_link":"https:\/\/pecbag.com\/da\/author\/"},"uagb_comment_info":0,"uagb_excerpt":"Customized Insulated Portable Lunch Bag [IDEAL COLLAPSIBLE COOLER BAG FOR TRAVEL]: From our smallest to our largest 50-can insulated cooler bag, these are a perfect travel cooler for the car because the soft-sided cooler can fit more easily in tight spaces than a Styrofoam cooler without worrying about them breaking. This outdoor cooler includes a&hellip;","_links":{"self":[{"href":"https:\/\/pecbag.com\/da\/wp-json\/wp\/v2\/product\/3526","targetHints":{"allow":["GET"]}}],"collection":[{"href":"https:\/\/pecbag.com\/da\/wp-json\/wp\/v2\/product"}],"about":[{"href":"https:\/\/pecbag.com\/da\/wp-json\/wp\/v2\/types\/product"}],"wp:featuredmedia":[{"embeddable":true,"href":"https:\/\/pecbag.com\/da\/wp-json\/wp\/v2\/media\/3530"}],"wp:attachment":[{"href":"https:\/\/pecbag.com\/da\/wp-json\/wp\/v2\/media?parent=3526"}],"wp:term":[{"taxonomy":"product_brand","embeddable":true,"href":"https:\/\/pecbag.com\/da\/wp-json\/wp\/v2\/product_brand?post=3526"},{"taxonomy":"product_cat","embeddable":true,"href":"https:\/\/pecbag.com\/da\/wp-json\/wp\/v2\/product_cat?post=3526"},{"taxonomy":"product_tag","embeddable":true,"href":"https:\/\/pecbag.com\/da\/wp-json\/wp\/v2\/product_tag?post=3526"}],"curies":[{"name":"wp","href":"https:\/\/api.w.org\/{rel}","templated":true}]}}