{"id":3533,"date":"2025-05-27T06:34:38","date_gmt":"2025-05-27T06:34:38","guid":{"rendered":"https:\/\/pecbag.com\/?post_type=product&#038;p=3533"},"modified":"2025-11-29T01:56:38","modified_gmt":"2025-11-29T01:56:38","slug":"customized-insulated-cooler-lunch-bag","status":"publish","type":"product","link":"https:\/\/pecbag.com\/da\/customized-insulated-cooler-lunch-bag\/","title":{"rendered":"Tilpasset isoleret k\u00f8letaske til frokost"},"content":{"rendered":"<h5 title=\"Foldbar hundetaske \u00c5ndbar netskuldertaske til k\u00e6ledyr til sm\u00e5 hunde og katte\" data-immersive-translate-walked=\"1c928421-2e42-4cd3-8754-5404553c0af5\" data-immersive-translate-paragraph=\"1\" data-spm-anchor-id=\"a2700.details.0.i35.4f6757d4w4zNZA\">Tilpassede isolerede k\u00f8letasker til frokost, vandt\u00e6t taskefabrik og rygs\u00e6kproducent - Bulk Food Solutions<\/h5>\n<div class=\"flex flex-grow flex-col max-w-full\">\n<div class=\"min-h-[20px] text-message flex w-full flex-col items-end gap-2 whitespace-pre-wrap break-words [.text-message+&amp;]:mt-5 overflow-x-auto\" dir=\"auto\" data-message-author-role=\"assistant\" data-message-id=\"3d7d46f6-7ec2-4222-9257-48fa0bba23c6\" data-suggestions=\"true\">\n<div class=\"flex w-full flex-col gap-1 empty:hidden first:pt-[3px]\">\n<div class=\"markdown prose w-full break-words dark:prose-invert light\">\n<table width=\"288\">\n<tbody>\n<tr>\n<td width=\"137\"><span style=\"color: #333333;\">Produkternes navn<\/span><\/td>\n<td width=\"151\">Madkasse<\/td>\n<\/tr>\n<tr>\n<td><span style=\"color: #333333;\">Vare nr.<\/span><\/td>\n<td><span style=\"color: #333333;\">PB-2074<\/span><\/td>\n<\/tr>\n<tr>\n<td><span style=\"color: #333333;\">Materiale<\/span><\/td>\n<td>600D polyester<\/td>\n<\/tr>\n<tr>\n<td><span style=\"color: #333333;\">St\u00f8rrelse<\/span><\/td>\n<td>21 x 17 x 8 tommer<\/td>\n<\/tr>\n<tr>\n<td><span style=\"color: #333333;\">\u00a0Leveringstid<\/span><\/td>\n<td><span style=\"color: #333333;\">1-5 dage for sm\u00e5 m\u00e6ngder med fly og 30-35 dage for store m\u00e6ngder med skib<\/span><\/td>\n<\/tr>\n<\/tbody>\n<\/table>\n<p>Som Kinas f\u00f8rende producent af madpakker og fabrik for vandt\u00e6tte tasker producerer vi f\u00f8rsteklasses tilpassede isolerede k\u00f8letasker til globale food service-udbydere. Vores madkassefirma tilbyder:<\/p>\n<p>\u2705 <strong>Holder p\u00e5 kulden i 8 timer<\/strong> med FDA-godkendt PEVA-isolering<br \/>\n\u2705 <strong>IPX5 vandt\u00e6t design<\/strong> (600D polyester + svejsede s\u00f8mme)<br \/>\n\u2705 <strong>OEM\/ODM-tjenester<\/strong> for <strong>madpakker med eget m\u00e6rke<\/strong><br \/>\n\u2705 <strong>Produktion af madpakker i l\u00f8s v\u00e6gt<\/strong> med 12 dages hurtig levering<\/p>\n<p>Betroet af madkassegrossister og cateringfirmaer over hele verden. Vigtige funktioner:<br \/>\n- L\u00e6kagesikker lukning uden lynl\u00e5s og justerbar skulderrem<br \/>\n- Aftagelig ispose og organisering med flere rum<br \/>\n- Fold-flat design til pladsbesparende forsendelse\/opbevaring<\/p>\n<p><strong>Hvorfor v\u00e6lge vores madkassefabrik<\/strong>:<br \/>\n\ud83d\udd39 15+ \u00e5r som f\u00f8rende eksport\u00f8r af madpakker fra Kina<br \/>\n\ud83d\udd39 Gratis 3D-design med dit logo\/kunstv\u00e6rk<br \/>\n\ud83d\udd39 SGS\/REACH-certificeringer og FOB\/DDP-forsendelse<br \/>\n\ud83d\udd39 30%-rabat til leverand\u00f8rer af madpakker p\u00e5 3.000+ enheder<\/p>\n<p>Anmod om gratis pr\u00f8ver af vores isolerede k\u00f8letasker, eller f\u00e5 \u00f8jeblikkelige tilbud. Leverand\u00f8rer af madpakker nyder det:<br \/>\n- Tilpasset MOQ<br \/>\n- Batch-specifikke f\u00f8devaresikkerhedscertificeringer<br \/>\n- Prioriteret tildeling af luftfragt<\/p>\n<\/div>\n<\/div>\n<\/div>\n<\/div>","protected":false},"excerpt":{"rendered":"<h2 data-immersive-translate-walked=\"344be1c1-5052-41eb-8fcd-0dbe236a0d6b\" data-immersive-translate-paragraph=\"1\">Tilpasset isoleret k\u00f8letaske til frokost<\/h2>\n<p>1. Holder isen frossen i timevis: Med tykt termisk skum, der holder dine drikkevarer iskolde p\u00e5 stranden og holder frossen mad frossen, mens du k\u00f8rer hjem! K\u00f8lerne er testet til at holde isen frossen i 8 timer eller mere, n\u00e5r de er lukket med lynl\u00e5s!<\/p>\n<p>2. Varm mad forbliver varm: De robuste b\u00e6lteh\u00e5ndtag kan justeres til at b\u00e6re pizza, udbringning og hjemmelavede retter vandret for at undg\u00e5 spild, mens 3-lags rejsek\u00f8leren holder din mad varm, mens du k\u00f8rer gennem byen! Indersiden kan nemt t\u00f8rres af<\/p>","protected":false},"featured_media":3534,"template":"","meta":{"_uag_custom_page_level_css":""},"product_brand":[],"product_cat":[52,50],"product_tag":[],"class_list":{"0":"post-3533","1":"product","2":"type-product","3":"status-publish","4":"has-post-thumbnail","6":"product_cat-lunch-bag","7":"product_cat-cooler-bag","9":"first","10":"instock","11":"shipping-taxable","12":"product-type-simple"},"uagb_featured_image_src":{"full":["https:\/\/pecbag.com\/wp-content\/uploads\/2025\/05\/Customized-Insulated-Cooler-Lunch-Bag-6.jpeg",1500,1500,false],"thumbnail":["https:\/\/pecbag.com\/wp-content\/uploads\/2025\/05\/Customized-Insulated-Cooler-Lunch-Bag-6-150x150.jpeg",150,150,true],"medium":["https:\/\/pecbag.com\/wp-content\/uploads\/2025\/05\/Customized-Insulated-Cooler-Lunch-Bag-6-300x300.jpeg",300,300,true],"medium_large":["https:\/\/pecbag.com\/wp-content\/uploads\/2025\/05\/Customized-Insulated-Cooler-Lunch-Bag-6-768x768.jpeg",768,768,true],"large":["https:\/\/pecbag.com\/wp-content\/uploads\/2025\/05\/Customized-Insulated-Cooler-Lunch-Bag-6-1024x1024.jpeg",800,800,true],"1536x1536":["https:\/\/pecbag.com\/wp-content\/uploads\/2025\/05\/Customized-Insulated-Cooler-Lunch-Bag-6.jpeg",1500,1500,false],"2048x2048":["https:\/\/pecbag.com\/wp-content\/uploads\/2025\/05\/Customized-Insulated-Cooler-Lunch-Bag-6.jpeg",1500,1500,false],"trp-custom-language-flag":["https:\/\/pecbag.com\/wp-content\/uploads\/2025\/05\/Customized-Insulated-Cooler-Lunch-Bag-6-12x12.jpeg",12,12,true],"woocommerce_thumbnail":["https:\/\/pecbag.com\/wp-content\/uploads\/2025\/05\/Customized-Insulated-Cooler-Lunch-Bag-6-300x300.jpeg",300,300,true],"woocommerce_single":["https:\/\/pecbag.com\/wp-content\/uploads\/2025\/05\/Customized-Insulated-Cooler-Lunch-Bag-6-600x600.jpeg",600,600,true],"woocommerce_gallery_thumbnail":["https:\/\/pecbag.com\/wp-content\/uploads\/2025\/05\/Customized-Insulated-Cooler-Lunch-Bag-6-100x100.jpeg",100,100,true]},"uagb_author_info":{"display_name":"Lawrence","author_link":"https:\/\/pecbag.com\/da\/author\/"},"uagb_comment_info":0,"uagb_excerpt":"Customized Insulated Cooler Lunch Bag 1. Keeps Ice Frozen for Hours: Featuring thick thermal foam to keep your drinks ice-cold at the beach and to keep frozen food frozen while you drive home! Coolers are tested to keep ice frozen for 8 or more hours when zipped closed! 2. Hot Food Stays Hot: The sturdy&hellip;","_links":{"self":[{"href":"https:\/\/pecbag.com\/da\/wp-json\/wp\/v2\/product\/3533","targetHints":{"allow":["GET"]}}],"collection":[{"href":"https:\/\/pecbag.com\/da\/wp-json\/wp\/v2\/product"}],"about":[{"href":"https:\/\/pecbag.com\/da\/wp-json\/wp\/v2\/types\/product"}],"wp:featuredmedia":[{"embeddable":true,"href":"https:\/\/pecbag.com\/da\/wp-json\/wp\/v2\/media\/3534"}],"wp:attachment":[{"href":"https:\/\/pecbag.com\/da\/wp-json\/wp\/v2\/media?parent=3533"}],"wp:term":[{"taxonomy":"product_brand","embeddable":true,"href":"https:\/\/pecbag.com\/da\/wp-json\/wp\/v2\/product_brand?post=3533"},{"taxonomy":"product_cat","embeddable":true,"href":"https:\/\/pecbag.com\/da\/wp-json\/wp\/v2\/product_cat?post=3533"},{"taxonomy":"product_tag","embeddable":true,"href":"https:\/\/pecbag.com\/da\/wp-json\/wp\/v2\/product_tag?post=3533"}],"curies":[{"name":"wp","href":"https:\/\/api.w.org\/{rel}","templated":true}]}}