{"id":3542,"date":"2025-05-27T06:42:12","date_gmt":"2025-05-27T06:42:12","guid":{"rendered":"https:\/\/pecbag.com\/?post_type=product&#038;p=3542"},"modified":"2025-11-29T01:56:34","modified_gmt":"2025-11-29T01:56:34","slug":"waterproof-600d-oxford-cooler-bag","status":"publish","type":"product","link":"https:\/\/pecbag.com\/da\/waterproof-600d-oxford-cooler-bag\/","title":{"rendered":"Vandt\u00e6t 600D Oxford k\u00f8letaske"},"content":{"rendered":"<h5 title=\"Foldbar hundetaske \u00c5ndbar netskuldertaske til k\u00e6ledyr til sm\u00e5 hunde og katte\" data-immersive-translate-walked=\"1c928421-2e42-4cd3-8754-5404553c0af5\" data-immersive-translate-paragraph=\"1\" data-spm-anchor-id=\"a2700.details.0.i35.4f6757d4w4zNZA\">Vandt\u00e6tte 600D Oxford k\u00f8letasker | Vandt\u00e6t taskefabrik og rygs\u00e6kproducent - Bulk Food Solutions<\/h5>\n<div class=\"flex flex-grow flex-col max-w-full\">\n<div class=\"min-h-[20px] text-message flex w-full flex-col items-end gap-2 whitespace-pre-wrap break-words [.text-message+&amp;]:mt-5 overflow-x-auto\" dir=\"auto\" data-message-author-role=\"assistant\" data-message-id=\"3d7d46f6-7ec2-4222-9257-48fa0bba23c6\" data-suggestions=\"true\">\n<div class=\"flex w-full flex-col gap-1 empty:hidden first:pt-[3px]\">\n<div class=\"markdown prose w-full break-words dark:prose-invert light\">\n<table width=\"288\">\n<tbody>\n<tr>\n<td width=\"137\"><span style=\"color: #333333;\">Produkternes navn<\/span><\/td>\n<td width=\"151\">Madkasse<\/td>\n<\/tr>\n<tr>\n<td><span style=\"color: #333333;\">Vare nr.<\/span><\/td>\n<td><span style=\"color: #333333;\">PB-2075<\/span><\/td>\n<\/tr>\n<tr>\n<td><span style=\"color: #333333;\">Materiale<\/span><\/td>\n<td>600D Oxford<\/td>\n<\/tr>\n<tr>\n<td><span style=\"color: #333333;\">St\u00f8rrelse<\/span><\/td>\n<td>13,77 x 9,44 x 10,62 tommer<\/td>\n<\/tr>\n<tr>\n<td><span style=\"color: #333333;\">\u00a0Leveringstid<\/span><\/td>\n<td><span style=\"color: #333333;\">1-5 dage for sm\u00e5 m\u00e6ngder med fly og 30-35 dage for store m\u00e6ngder med skib<\/span><\/td>\n<\/tr>\n<\/tbody>\n<\/table>\n<p>Som Kinas f\u00f8rende producent af madpakker og vandt\u00e6tte tasker producerer vi kraftige, vandt\u00e6tte 600D Oxford-k\u00f8letasker til globale f\u00f8devaredistribut\u00f8rer. Vores madkassefirma leverer:<\/p>\n<p>\u2705 <strong>IPX6 vandt\u00e6t beskyttelse<\/strong> med svejsede s\u00f8mme (600D oxford-stof)<br \/>\n\u2705 <strong>Holder p\u00e5 kulden i 12 timer<\/strong> (FDA-godkendt EPE-skumisolering)<br \/>\n\u2705 <strong>OEM\/ODM-tjenester<\/strong> for <strong>madpakker med eget m\u00e6rke<\/strong><br \/>\n\u2705 <strong>Produktion af madpakker i l\u00f8s v\u00e6gt<\/strong> med 10 dages hurtig levering<\/p>\n<p>Betroet af madkassegrossister og cateringfirmaer over hele verden. Vigtige funktioner:<br \/>\n- L\u00e6kagesikker rullelukning og justerbare skulderstropper<br \/>\n- Aftagelig plads til ispakker og organisering af redskaber<br \/>\n- Sammenklappeligt design (18\u2033x12\u2033 i flad tilstand) til kompakt opbevaring<\/p>\n<p><strong>Hvorfor samarbejde med vores madkassefabrik<\/strong>:<br \/>\n\ud83d\udd39 12+ \u00e5r som f\u00f8rende eksport\u00f8r af madpakker fra Kina<br \/>\n\ud83d\udd39 Gratis 3D-design med dit logo\/kunstv\u00e6rk<br \/>\n\ud83d\udd39 SGS\/REACH-certificerede og BPA-fri materialer<br \/>\n\ud83d\udd39 30%-rabat til leverand\u00f8rer af madpakker p\u00e5 3.000+ enheder<\/p>\n<p>Anmod om gratis pr\u00f8ver af vores 600D Oxford-k\u00f8letasker, eller f\u00e5 et tilbud med det samme. Leverand\u00f8rer af madpakker nyder det:<br \/>\n- Tilpasset MOQ<br \/>\n- Batch-specifikke f\u00f8devaresikkerhedsrapporter<br \/>\n- Prioriteret tildeling af luft- og s\u00f8fragt<\/p>\n<\/div>\n<\/div>\n<\/div>\n<\/div>","protected":false},"excerpt":{"rendered":"<h2 data-immersive-translate-walked=\"344be1c1-5052-41eb-8fcd-0dbe236a0d6b\" data-immersive-translate-paragraph=\"1\">Vandt\u00e6t 600D Oxford k\u00f8letaske<\/h2>\n<p><strong>1.\u3010Effektiv og massiv opbevaring\u3011.<\/strong>Det elastiske reb p\u00e5 k\u00f8lerens yderside holder en madpakke, og det \u00f8verste rum er godt til at forhindre, at maden bliver knust i bunden. Udvendige lommer foran og netlommer i siden er designet til dine sm\u00e5 forn\u00f8denheder, rummelige nok til de fleste af dine behov<\/p>\n<p><strong>2.\u3010Varierende brug\u3011.<\/strong>Du kan tage den bl\u00f8de k\u00f8leboks med p\u00e5 camping, skovture, strandture eller bilture, og du kan ogs\u00e5 bruge den til hverdagsaktiviteter som indk\u00f8b eller arbejdsfrokoster. Det er en god, stor madkasse, som sikrer, at dine forsyninger forbliver friske og beskyttede.<\/p>","protected":false},"featured_media":3546,"template":"","meta":{"_uag_custom_page_level_css":""},"product_brand":[],"product_cat":[52,50],"product_tag":[],"class_list":{"0":"post-3542","1":"product","2":"type-product","3":"status-publish","4":"has-post-thumbnail","6":"product_cat-lunch-bag","7":"product_cat-cooler-bag","9":"first","10":"instock","11":"shipping-taxable","12":"product-type-simple"},"uagb_featured_image_src":{"full":["https:\/\/pecbag.com\/wp-content\/uploads\/2025\/05\/Waterproof-600D-Oxford-Cooler-Bag-2.jpeg",960,960,false],"thumbnail":["https:\/\/pecbag.com\/wp-content\/uploads\/2025\/05\/Waterproof-600D-Oxford-Cooler-Bag-2-150x150.jpeg",150,150,true],"medium":["https:\/\/pecbag.com\/wp-content\/uploads\/2025\/05\/Waterproof-600D-Oxford-Cooler-Bag-2-300x300.jpeg",300,300,true],"medium_large":["https:\/\/pecbag.com\/wp-content\/uploads\/2025\/05\/Waterproof-600D-Oxford-Cooler-Bag-2-768x768.jpeg",768,768,true],"large":["https:\/\/pecbag.com\/wp-content\/uploads\/2025\/05\/Waterproof-600D-Oxford-Cooler-Bag-2.jpeg",800,800,false],"1536x1536":["https:\/\/pecbag.com\/wp-content\/uploads\/2025\/05\/Waterproof-600D-Oxford-Cooler-Bag-2.jpeg",960,960,false],"2048x2048":["https:\/\/pecbag.com\/wp-content\/uploads\/2025\/05\/Waterproof-600D-Oxford-Cooler-Bag-2.jpeg",960,960,false],"trp-custom-language-flag":["https:\/\/pecbag.com\/wp-content\/uploads\/2025\/05\/Waterproof-600D-Oxford-Cooler-Bag-2-12x12.jpeg",12,12,true],"woocommerce_thumbnail":["https:\/\/pecbag.com\/wp-content\/uploads\/2025\/05\/Waterproof-600D-Oxford-Cooler-Bag-2-300x300.jpeg",300,300,true],"woocommerce_single":["https:\/\/pecbag.com\/wp-content\/uploads\/2025\/05\/Waterproof-600D-Oxford-Cooler-Bag-2-600x600.jpeg",600,600,true],"woocommerce_gallery_thumbnail":["https:\/\/pecbag.com\/wp-content\/uploads\/2025\/05\/Waterproof-600D-Oxford-Cooler-Bag-2-100x100.jpeg",100,100,true]},"uagb_author_info":{"display_name":"Lawrence","author_link":"https:\/\/pecbag.com\/da\/author\/"},"uagb_comment_info":0,"uagb_excerpt":"Waterproof 600D Oxford Cooler Bag 1.\u3010Efficient and Mass Storage\u3011The elastic rope on the exterior of the cooler holds a lunch cloth, upper compartment is nice to prevent food from getting crushed in the bottom. Exterior front pockets &amp; side mesh pockets are designed for your small necessities, roomy enough for most of your needs 2.\u3010Versatile&hellip;","_links":{"self":[{"href":"https:\/\/pecbag.com\/da\/wp-json\/wp\/v2\/product\/3542","targetHints":{"allow":["GET"]}}],"collection":[{"href":"https:\/\/pecbag.com\/da\/wp-json\/wp\/v2\/product"}],"about":[{"href":"https:\/\/pecbag.com\/da\/wp-json\/wp\/v2\/types\/product"}],"wp:featuredmedia":[{"embeddable":true,"href":"https:\/\/pecbag.com\/da\/wp-json\/wp\/v2\/media\/3546"}],"wp:attachment":[{"href":"https:\/\/pecbag.com\/da\/wp-json\/wp\/v2\/media?parent=3542"}],"wp:term":[{"taxonomy":"product_brand","embeddable":true,"href":"https:\/\/pecbag.com\/da\/wp-json\/wp\/v2\/product_brand?post=3542"},{"taxonomy":"product_cat","embeddable":true,"href":"https:\/\/pecbag.com\/da\/wp-json\/wp\/v2\/product_cat?post=3542"},{"taxonomy":"product_tag","embeddable":true,"href":"https:\/\/pecbag.com\/da\/wp-json\/wp\/v2\/product_tag?post=3542"}],"curies":[{"name":"wp","href":"https:\/\/api.w.org\/{rel}","templated":true}]}}