{"id":3549,"date":"2025-05-27T06:51:33","date_gmt":"2025-05-27T06:51:33","guid":{"rendered":"https:\/\/pecbag.com\/?post_type=product&#038;p=3549"},"modified":"2025-11-29T01:56:24","modified_gmt":"2025-11-29T01:56:24","slug":"portable-insulated-food-container","status":"publish","type":"product","link":"https:\/\/pecbag.com\/da\/portable-insulated-food-container\/","title":{"rendered":"B\u00e6rbar isoleret madbeholder"},"content":{"rendered":"<h5 title=\"Foldbar hundetaske \u00c5ndbar netskuldertaske til k\u00e6ledyr til sm\u00e5 hunde og katte\" data-immersive-translate-walked=\"1c928421-2e42-4cd3-8754-5404553c0af5\" data-immersive-translate-paragraph=\"1\" data-spm-anchor-id=\"a2700.details.0.i35.4f6757d4w4zNZA\">B\u00e6rbare isolerede madbeholdere | Producent af vandt\u00e6tte tasker og rygs\u00e6kke - Bulk Catering Solutions<\/h5>\n<div class=\"flex flex-grow flex-col max-w-full\">\n<div class=\"min-h-[20px] text-message flex w-full flex-col items-end gap-2 whitespace-pre-wrap break-words [.text-message+&amp;]:mt-5 overflow-x-auto\" dir=\"auto\" data-message-author-role=\"assistant\" data-message-id=\"3d7d46f6-7ec2-4222-9257-48fa0bba23c6\" data-suggestions=\"true\">\n<div class=\"flex w-full flex-col gap-1 empty:hidden first:pt-[3px]\">\n<div class=\"markdown prose w-full break-words dark:prose-invert light\">\n<table width=\"288\">\n<tbody>\n<tr>\n<td width=\"137\"><span style=\"color: #333333;\">Produkternes navn<\/span><\/td>\n<td width=\"151\">Madkasse<\/td>\n<\/tr>\n<tr>\n<td><span style=\"color: #333333;\">Vare nr.<\/span><\/td>\n<td><span style=\"color: #333333;\">PB-2076<\/span><\/td>\n<\/tr>\n<tr>\n<td><span style=\"color: #333333;\">Materiale<\/span><\/td>\n<td>Ripstop<\/td>\n<\/tr>\n<tr>\n<td><span style=\"color: #333333;\">\u00a0St\u00f8rrelse og farve<\/span><\/td>\n<td>17 x 9 x 9 tommer<\/td>\n<\/tr>\n<tr>\n<td><span style=\"color: #333333;\">\u00a0Leveringstid<\/span><\/td>\n<td><span style=\"color: #333333;\">1-5 dage for sm\u00e5 m\u00e6ngder med fly og 30-35 dage for store m\u00e6ngder med skib<\/span><\/td>\n<\/tr>\n<\/tbody>\n<\/table>\n<p>Som Kinas f\u00f8rende producent af madpakker og fabrik for vandt\u00e6tte tasker udvikler vi f\u00f8rsteklasses b\u00e6rbare isolerede madbeholdere til globale cateringvirksomheder. Vores madkassefirma tilbyder:<\/p>\n<p>\u2705 <strong>12 timers termisk fastholdelse<\/strong> med FDA-godkendt PEVA-isolering<br \/>\n\u2705 <strong>IPX6 vandt\u00e6t design<\/strong> (600D Oxford-stof + svejsede s\u00f8mme)<br \/>\n\u2705 <strong>OEM\/ODM-tjenester<\/strong> for <strong>frokostbeholdere med eget m\u00e6rke<\/strong><br \/>\n\u2705 <strong>Produktion af madpakker i l\u00f8s v\u00e6gt<\/strong> med 10 dages hurtig levering<\/p>\n<p>Betroet af madkasse-grossister og food service-udbydere over hele verden. Vigtige funktioner:<br \/>\n- L\u00e6kagesikre silikoneforseglinger og h\u00e6ngsler i rustfrit st\u00e5l<br \/>\n- Stabelbart design med aftagelige rum<br \/>\n- Foldes fladt for pladsbesparende opbevaring\/forsendelse<\/p>\n<p><strong>Hvorfor v\u00e6lge vores madkassefabrik<\/strong>:<br \/>\n\ud83d\udd39 15+ \u00e5r som f\u00f8rende eksport\u00f8r af madpakker fra Kina<br \/>\n\ud83d\udd39 Gratis 3D-designsupport med din branding<br \/>\n\ud83d\udd39 BPA-fri\/SGS\/REACH-certificerede materialer<br \/>\n\ud83d\udd39 30%-rabat til leverand\u00f8rer af madpakker p\u00e5 3.000+ enheder<\/p>\n<p>Anmod om gratis pr\u00f8ver af vores isolerede madkasser, eller f\u00e5 et tilbud med det samme. Leverand\u00f8rer af madkasser nyder det:<br \/>\n- OEM\/ODM-tjenester til private label-frokostbeholdere<br \/>\n- Batch-specifikke f\u00f8devaresikkerhedscertificeringer<br \/>\n- Prioriteret tildeling af luftfragt<\/p>\n<\/div>\n<\/div>\n<\/div>\n<\/div>","protected":false},"excerpt":{"rendered":"<h2 data-immersive-translate-walked=\"344be1c1-5052-41eb-8fcd-0dbe236a0d6b\" data-immersive-translate-paragraph=\"1\">B\u00e6rbar isoleret madbeholder<\/h2>\n<p>Denne k\u00f8letaske har flere lommer, og den kan rumme mange flasker, d\u00e5ser og toppers. De mange lommer giver dig mulighed for at holde k\u00f8letasken organiseret. Takket v\u00e6re den store kapacitet er k\u00f8letasken ideel til picnics, camping, dage p\u00e5 stranden og weekendture.<\/p>","protected":false},"featured_media":3551,"template":"","meta":{"_uag_custom_page_level_css":""},"product_brand":[],"product_cat":[52,50],"product_tag":[],"class_list":{"0":"post-3549","1":"product","2":"type-product","3":"status-publish","4":"has-post-thumbnail","6":"product_cat-lunch-bag","7":"product_cat-cooler-bag","9":"first","10":"instock","11":"shipping-taxable","12":"product-type-simple"},"uagb_featured_image_src":{"full":["https:\/\/pecbag.com\/wp-content\/uploads\/2025\/05\/Portable-Insulated-Food-Container-1.jpeg",1500,1500,false],"thumbnail":["https:\/\/pecbag.com\/wp-content\/uploads\/2025\/05\/Portable-Insulated-Food-Container-1-150x150.jpeg",150,150,true],"medium":["https:\/\/pecbag.com\/wp-content\/uploads\/2025\/05\/Portable-Insulated-Food-Container-1-300x300.jpeg",300,300,true],"medium_large":["https:\/\/pecbag.com\/wp-content\/uploads\/2025\/05\/Portable-Insulated-Food-Container-1-768x768.jpeg",768,768,true],"large":["https:\/\/pecbag.com\/wp-content\/uploads\/2025\/05\/Portable-Insulated-Food-Container-1-1024x1024.jpeg",800,800,true],"1536x1536":["https:\/\/pecbag.com\/wp-content\/uploads\/2025\/05\/Portable-Insulated-Food-Container-1.jpeg",1500,1500,false],"2048x2048":["https:\/\/pecbag.com\/wp-content\/uploads\/2025\/05\/Portable-Insulated-Food-Container-1.jpeg",1500,1500,false],"trp-custom-language-flag":["https:\/\/pecbag.com\/wp-content\/uploads\/2025\/05\/Portable-Insulated-Food-Container-1-12x12.jpeg",12,12,true],"woocommerce_thumbnail":["https:\/\/pecbag.com\/wp-content\/uploads\/2025\/05\/Portable-Insulated-Food-Container-1-300x300.jpeg",300,300,true],"woocommerce_single":["https:\/\/pecbag.com\/wp-content\/uploads\/2025\/05\/Portable-Insulated-Food-Container-1-600x600.jpeg",600,600,true],"woocommerce_gallery_thumbnail":["https:\/\/pecbag.com\/wp-content\/uploads\/2025\/05\/Portable-Insulated-Food-Container-1-100x100.jpeg",100,100,true]},"uagb_author_info":{"display_name":"Lawrence","author_link":"https:\/\/pecbag.com\/da\/author\/"},"uagb_comment_info":0,"uagb_excerpt":"Portable Insulated Food Container This cooler bag has multiple pockets and it can fit so many bottles, cans, and toppers. The multiple pockets allow you to keep the cooler bag organized. Thanks to its large capacity, the cooler bag is ideal for picnics, camping, days at the beach, and weekend trips.","_links":{"self":[{"href":"https:\/\/pecbag.com\/da\/wp-json\/wp\/v2\/product\/3549","targetHints":{"allow":["GET"]}}],"collection":[{"href":"https:\/\/pecbag.com\/da\/wp-json\/wp\/v2\/product"}],"about":[{"href":"https:\/\/pecbag.com\/da\/wp-json\/wp\/v2\/types\/product"}],"wp:featuredmedia":[{"embeddable":true,"href":"https:\/\/pecbag.com\/da\/wp-json\/wp\/v2\/media\/3551"}],"wp:attachment":[{"href":"https:\/\/pecbag.com\/da\/wp-json\/wp\/v2\/media?parent=3549"}],"wp:term":[{"taxonomy":"product_brand","embeddable":true,"href":"https:\/\/pecbag.com\/da\/wp-json\/wp\/v2\/product_brand?post=3549"},{"taxonomy":"product_cat","embeddable":true,"href":"https:\/\/pecbag.com\/da\/wp-json\/wp\/v2\/product_cat?post=3549"},{"taxonomy":"product_tag","embeddable":true,"href":"https:\/\/pecbag.com\/da\/wp-json\/wp\/v2\/product_tag?post=3549"}],"curies":[{"name":"wp","href":"https:\/\/api.w.org\/{rel}","templated":true}]}}