{"id":3556,"date":"2025-05-27T07:02:50","date_gmt":"2025-05-27T07:02:50","guid":{"rendered":"https:\/\/pecbag.com\/?post_type=product&#038;p=3556"},"modified":"2025-11-29T01:55:25","modified_gmt":"2025-11-29T01:55:25","slug":"wine-cooler-picnic-backpack","status":"publish","type":"product","link":"https:\/\/pecbag.com\/da\/wine-cooler-picnic-backpack\/","title":{"rendered":"Picnic-rygs\u00e6k med vink\u00f8ler"},"content":{"rendered":"<h5 title=\"Foldbar hundetaske \u00c5ndbar netskuldertaske til k\u00e6ledyr til sm\u00e5 hunde og katte\" data-immersive-translate-walked=\"1c928421-2e42-4cd3-8754-5404553c0af5\" data-immersive-translate-paragraph=\"1\" data-spm-anchor-id=\"a2700.details.0.i35.4f6757d4w4zNZA\">Vink\u00f8ler Picnic-rygs\u00e6kke | Vandt\u00e6t taskefabrik og rygs\u00e6kproducent - Bulk Outdoor Solutions<\/h5>\n<div class=\"flex flex-grow flex-col max-w-full\">\n<div class=\"min-h-[20px] text-message flex w-full flex-col items-end gap-2 whitespace-pre-wrap break-words [.text-message+&amp;]:mt-5 overflow-x-auto\" dir=\"auto\" data-message-author-role=\"assistant\" data-message-id=\"3d7d46f6-7ec2-4222-9257-48fa0bba23c6\" data-suggestions=\"true\">\n<div class=\"flex w-full flex-col gap-1 empty:hidden first:pt-[3px]\">\n<div class=\"markdown prose w-full break-words dark:prose-invert light\">\n<table style=\"height: 233px;\" width=\"288\">\n<tbody>\n<tr>\n<td width=\"137\"><span style=\"color: #333333;\">Produkternes navn<\/span><\/td>\n<td width=\"151\">Madkasse<\/td>\n<\/tr>\n<tr>\n<td><span style=\"color: #333333;\">Vare nr.<\/span><\/td>\n<td><span style=\"color: #333333;\">PB-2077<\/span><\/td>\n<\/tr>\n<tr>\n<td><span style=\"color: #333333;\">Materiale<\/span><\/td>\n<td>Snefnug<\/td>\n<\/tr>\n<tr>\n<td><span style=\"color: #333333;\">Dimensioner<\/span><\/td>\n<td>17,32 x 14,13 x 7,48 tommer<\/td>\n<\/tr>\n<tr>\n<td><span style=\"color: #333333;\">\u00a0Leveringstid<\/span><\/td>\n<td><span style=\"color: #333333;\">1-5 dage for sm\u00e5 m\u00e6ngder med fly og 30-35 dage for store m\u00e6ngder med skib<\/span><\/td>\n<\/tr>\n<\/tbody>\n<\/table>\n<p>Som Kinas f\u00f8rende producent af madpakker og vandt\u00e6tte tasker fremstiller vi f\u00f8rsteklasses vink\u00f8ler-picnic-rygs\u00e6kke til globale brands inden for hotel- og restaurationsbranchen. Vores madpakkefirma tilbyder:<\/p>\n<p>\u2705 <strong>Kapacitet p\u00e5 6 flasker<\/strong> med 24-timers isolering (FDA-godkendt PEVA-foring)<br \/>\n\u2705 <strong>IPX4 vandt\u00e6t design<\/strong> (600D polyester + svejsede s\u00f8mme)<br \/>\n\u2705 <strong>OEM\/ODM-tjenester<\/strong> for <strong>madpakker med eget m\u00e6rke<\/strong><br \/>\n\u2705 <strong>Produktion af madpakker i l\u00f8s v\u00e6gt<\/strong> med 12 dages hurtig levering<\/p>\n<p>Betroet af frokostposegrossister og vindistribut\u00f8rer over hele verden. Vigtige funktioner:<br \/>\n- Indbygget vin\u00e5bner og stilkholdere<br \/>\n- Justerbare skulderstropper og skridsikkert underlag<br \/>\n- Foldbart skillev\u00e6gssystem til beskyttelse af flere flasker<\/p>\n<p><strong>Hvorfor samarbejde med vores madkassefabrik<\/strong>:<br \/>\n\ud83d\udd39 15+ \u00e5r som f\u00f8rende eksport\u00f8r af madpakker fra Kina<br \/>\n\ud83d\udd39 Gratis 3D-design med din branding<br \/>\n\ud83d\udd39 BPA-fri\/SGS\/REACH-certificerede materialer<br \/>\n\ud83d\udd39 25%-rabat til leverand\u00f8rer af madpakker p\u00e5 2.500+ enheder<\/p>\n<p>Anmod om gratis pr\u00f8ver af vores vink\u00f8lerrygs\u00e6kke eller f\u00e5 \u00f8jeblikkelige tilbud. Leverand\u00f8rer af madpakker nyder det:<br \/>\n- Tilpasset MOQ<br \/>\n- Batch-specifikke f\u00f8devaresikkerhedsrapporter<br \/>\n- Prioriteret tildeling af luft- og s\u00f8fragt<\/p>\n<\/div>\n<\/div>\n<\/div>\n<\/div>","protected":false},"excerpt":{"rendered":"<h2 data-immersive-translate-walked=\"344be1c1-5052-41eb-8fcd-0dbe236a0d6b\" data-immersive-translate-paragraph=\"1\">Picnic-rygs\u00e6k med vink\u00f8ler<\/h2>\n<p>Isoleret hovedrum - Isoleret foring betyder, at din varme mad forbliver varm, og din kolde mad forbliver k\u00f8lig.<\/p>\n<p>Dine friske frugter, l\u00e6kre madvarer, velsmagende desserter og drikkevarer vil holde den rette temperatur, indtil du ankommer til din destination.<\/p>\n<p>Ingen anden picnickurv har et fuldt isoleret hovedrum, der er s\u00e5 stort som vores!<\/p>","protected":false},"featured_media":3558,"template":"","meta":{"_uag_custom_page_level_css":""},"product_brand":[],"product_cat":[52,50],"product_tag":[],"class_list":{"0":"post-3556","1":"product","2":"type-product","3":"status-publish","4":"has-post-thumbnail","6":"product_cat-lunch-bag","7":"product_cat-cooler-bag","9":"first","10":"instock","11":"shipping-taxable","12":"product-type-simple"},"uagb_featured_image_src":{"full":["https:\/\/pecbag.com\/wp-content\/uploads\/2025\/05\/Wine-Cooler-Picnic-Backpack-5.jpeg",800,800,false],"thumbnail":["https:\/\/pecbag.com\/wp-content\/uploads\/2025\/05\/Wine-Cooler-Picnic-Backpack-5-150x150.jpeg",150,150,true],"medium":["https:\/\/pecbag.com\/wp-content\/uploads\/2025\/05\/Wine-Cooler-Picnic-Backpack-5-300x300.jpeg",300,300,true],"medium_large":["https:\/\/pecbag.com\/wp-content\/uploads\/2025\/05\/Wine-Cooler-Picnic-Backpack-5-768x768.jpeg",768,768,true],"large":["https:\/\/pecbag.com\/wp-content\/uploads\/2025\/05\/Wine-Cooler-Picnic-Backpack-5.jpeg",800,800,false],"1536x1536":["https:\/\/pecbag.com\/wp-content\/uploads\/2025\/05\/Wine-Cooler-Picnic-Backpack-5.jpeg",800,800,false],"2048x2048":["https:\/\/pecbag.com\/wp-content\/uploads\/2025\/05\/Wine-Cooler-Picnic-Backpack-5.jpeg",800,800,false],"trp-custom-language-flag":["https:\/\/pecbag.com\/wp-content\/uploads\/2025\/05\/Wine-Cooler-Picnic-Backpack-5-12x12.jpeg",12,12,true],"woocommerce_thumbnail":["https:\/\/pecbag.com\/wp-content\/uploads\/2025\/05\/Wine-Cooler-Picnic-Backpack-5-300x300.jpeg",300,300,true],"woocommerce_single":["https:\/\/pecbag.com\/wp-content\/uploads\/2025\/05\/Wine-Cooler-Picnic-Backpack-5-600x600.jpeg",600,600,true],"woocommerce_gallery_thumbnail":["https:\/\/pecbag.com\/wp-content\/uploads\/2025\/05\/Wine-Cooler-Picnic-Backpack-5-100x100.jpeg",100,100,true]},"uagb_author_info":{"display_name":"Lawrence","author_link":"https:\/\/pecbag.com\/da\/author\/"},"uagb_comment_info":0,"uagb_excerpt":"Wine Cooler Picnic Backpack Insulated Main Compartment - Insulated lining means your hot foods stay hot, and your cold foods stay cool. Your fresh fruits, delicious foods, tasty desserts, and beverages will stay at the correct temperature until you arrive at your destination. No other picnic basket features a fully insulated main compartment as large&hellip;","_links":{"self":[{"href":"https:\/\/pecbag.com\/da\/wp-json\/wp\/v2\/product\/3556","targetHints":{"allow":["GET"]}}],"collection":[{"href":"https:\/\/pecbag.com\/da\/wp-json\/wp\/v2\/product"}],"about":[{"href":"https:\/\/pecbag.com\/da\/wp-json\/wp\/v2\/types\/product"}],"wp:featuredmedia":[{"embeddable":true,"href":"https:\/\/pecbag.com\/da\/wp-json\/wp\/v2\/media\/3558"}],"wp:attachment":[{"href":"https:\/\/pecbag.com\/da\/wp-json\/wp\/v2\/media?parent=3556"}],"wp:term":[{"taxonomy":"product_brand","embeddable":true,"href":"https:\/\/pecbag.com\/da\/wp-json\/wp\/v2\/product_brand?post=3556"},{"taxonomy":"product_cat","embeddable":true,"href":"https:\/\/pecbag.com\/da\/wp-json\/wp\/v2\/product_cat?post=3556"},{"taxonomy":"product_tag","embeddable":true,"href":"https:\/\/pecbag.com\/da\/wp-json\/wp\/v2\/product_tag?post=3556"}],"curies":[{"name":"wp","href":"https:\/\/api.w.org\/{rel}","templated":true}]}}