{"id":3626,"date":"2025-05-27T09:22:18","date_gmt":"2025-05-27T09:22:18","guid":{"rendered":"https:\/\/pecbag.com\/?post_type=product&#038;p=3626"},"modified":"2025-11-29T01:54:54","modified_gmt":"2025-11-29T01:54:54","slug":"laptop-sleeve-briefcase-bag","status":"publish","type":"product","link":"https:\/\/pecbag.com\/da\/laptop-sleeve-briefcase-bag\/","title":{"rendered":"Laptop-\u00e6rme, dokumentmappe, taske"},"content":{"rendered":"<h5 title=\"Foldbar hundetaske \u00c5ndbar netskuldertaske til k\u00e6ledyr til sm\u00e5 hunde og katte\" data-immersive-translate-walked=\"1c928421-2e42-4cd3-8754-5404553c0af5\" data-immersive-translate-paragraph=\"1\" data-spm-anchor-id=\"a2700.details.0.i35.4f6757d4w4zNZA\">Laptop Sleeve Briefcase Tasker | Vandt\u00e6t taskefabrik og rygs\u00e6kproducent - Bulk Corporate Solutions<\/h5>\n<div class=\"flex flex-grow flex-col max-w-full\">\n<div class=\"min-h-[20px] text-message flex w-full flex-col items-end gap-2 whitespace-pre-wrap break-words [.text-message+&amp;]:mt-5 overflow-x-auto\" dir=\"auto\" data-message-author-role=\"assistant\" data-message-id=\"3d7d46f6-7ec2-4222-9257-48fa0bba23c6\" data-suggestions=\"true\">\n<div class=\"flex w-full flex-col gap-1 empty:hidden first:pt-[3px]\">\n<div class=\"markdown prose w-full break-words dark:prose-invert light\">\n<table width=\"288\">\n<tbody>\n<tr>\n<td width=\"137\"><span style=\"color: #333333;\">Produkternes navn<\/span><\/td>\n<td width=\"151\">Messenger-taske<\/td>\n<\/tr>\n<tr>\n<td><span style=\"color: #333333;\">Vare nr.<\/span><\/td>\n<td><span style=\"color: #333333;\">PB-2082<\/span><\/td>\n<\/tr>\n<tr>\n<td><span style=\"color: #333333;\">Materiale<\/span><\/td>\n<td>500D Cordura<\/td>\n<\/tr>\n<tr>\n<td><span style=\"color: #333333;\">St\u00f8rrelse<\/span><\/td>\n<td>43 x 16,5 x 30 cm<\/td>\n<\/tr>\n<tr>\n<td><span style=\"color: #333333;\">\u00a0Leveringstid<\/span><\/td>\n<td><span style=\"color: #333333;\">1-5 dage for sm\u00e5 m\u00e6ngder med fly og 30-35 dage for store m\u00e6ngder med skib<\/span><\/td>\n<\/tr>\n<\/tbody>\n<\/table>\n<p>Som Kinas f\u00f8rende producent af messenger-tasker og fabrik for vandt\u00e6tte tasker designer vi f\u00f8rsteklasses tasker med laptop-sleeve til globale fagfolk. Vores messenger bag-firma tilbyder:<\/p>\n<p>\u2705 <strong>St\u00f8dsikkert rum til b\u00e6rbar computer<\/strong> (passer til op til 17\u2033 enheder) +. <strong>IPX5 vandt\u00e6t udvendigt<\/strong><br \/>\n\u2705 <strong>Design, der kan tilpasses<\/strong> (MOQ 50 stk.) til <strong>messenger-tasker med eget m\u00e6rke<\/strong><br \/>\n\u2705 <strong>OEM\/ODM-tjenester<\/strong> med hurtig produktionstid p\u00e5 10 dage<br \/>\n\u2705 <strong>Produktion af messenger-tasker i l\u00f8s v\u00e6gt<\/strong> Betroet af Fortune 500-virksomheder<\/p>\n<p>N\u00f8glefunktioner, som grossisterne i messenger-tasker har tillid til:<br \/>\n- RFID-blokerende dokumentlommer og skjult USB-opladningsport<br \/>\n- Aftagelig skulderrem + trolley-sleeve til rejser<br \/>\n- Veganske l\u00e6derdetaljer og lydl\u00f8se magnetiske lukninger<\/p>\n<p><strong>Hvorfor v\u00e6lge vores messenger-taskefabrik<\/strong>:<br \/>\n\ud83d\udd39 12+ \u00e5r som top-eksport\u00f8r af messenger-tasker fra Kina<br \/>\n\ud83d\udd39 Gratis 3D-teknologipakke med din branding<br \/>\n\ud83d\udd39 OEKO-Tex\/SGS-certificerede b\u00e6redygtige materialer<br \/>\n\ud83d\udd39 30%-rabat til leverand\u00f8rer af messenger-tasker p\u00e5 3.000+ enheder<\/p>\n<p>Anmod om gratis pr\u00f8ver af vores kufferttasker eller f\u00e5 \u00f8jeblikkelige tilbud. Leverand\u00f8rer af Messenger-tasker nyder det:<br \/>\n- Tilpasset MOQ fra 30 stk.<br \/>\n- Batch-specifikke slibetestrapporter<br \/>\n- Prioriteret tildeling af luftfragt<\/p>\n<\/div>\n<\/div>\n<\/div>\n<\/div>","protected":false},"excerpt":{"rendered":"<h2 data-immersive-translate-walked=\"344be1c1-5052-41eb-8fcd-0dbe236a0d6b\" data-immersive-translate-paragraph=\"1\">Laptop-\u00e6rme, dokumentmappe, taske<\/h2>\n<div class=\"sliderTable mt10 mb10 sliderTable-index0\">\n<div class=\"inner\">\n<p>Vi leverer f\u00f8rsteklasses tasker med fuld st\u00f8rrelse og farvetilpasning, slidst\u00e6rke stoffer og certificeret kvalitet.<\/p>\n<p>Nyd fleksible MOQ'er, hurtig global forsendelse og private label-l\u00f8sninger.<\/p>\n<p>Kontakt os i dag!<\/p>\n<\/div>\n<\/div>","protected":false},"featured_media":3632,"template":"","meta":{"_uag_custom_page_level_css":""},"product_brand":[],"product_cat":[65,64,55],"product_tag":[],"class_list":{"0":"post-3626","1":"product","2":"type-product","3":"status-publish","4":"has-post-thumbnail","6":"product_cat-messenger-bag","7":"product_cat-shoulder-bag","8":"product_cat-tactical-bag","10":"first","11":"instock","12":"shipping-taxable","13":"product-type-simple"},"uagb_featured_image_src":{"full":["https:\/\/pecbag.com\/wp-content\/uploads\/2025\/05\/Laptop-Sleeve-Briefcase-Bag-4.jpeg",800,800,false],"thumbnail":["https:\/\/pecbag.com\/wp-content\/uploads\/2025\/05\/Laptop-Sleeve-Briefcase-Bag-4-150x150.jpeg",150,150,true],"medium":["https:\/\/pecbag.com\/wp-content\/uploads\/2025\/05\/Laptop-Sleeve-Briefcase-Bag-4-300x300.jpeg",300,300,true],"medium_large":["https:\/\/pecbag.com\/wp-content\/uploads\/2025\/05\/Laptop-Sleeve-Briefcase-Bag-4-768x768.jpeg",768,768,true],"large":["https:\/\/pecbag.com\/wp-content\/uploads\/2025\/05\/Laptop-Sleeve-Briefcase-Bag-4.jpeg",800,800,false],"1536x1536":["https:\/\/pecbag.com\/wp-content\/uploads\/2025\/05\/Laptop-Sleeve-Briefcase-Bag-4.jpeg",800,800,false],"2048x2048":["https:\/\/pecbag.com\/wp-content\/uploads\/2025\/05\/Laptop-Sleeve-Briefcase-Bag-4.jpeg",800,800,false],"trp-custom-language-flag":["https:\/\/pecbag.com\/wp-content\/uploads\/2025\/05\/Laptop-Sleeve-Briefcase-Bag-4-12x12.jpeg",12,12,true],"woocommerce_thumbnail":["https:\/\/pecbag.com\/wp-content\/uploads\/2025\/05\/Laptop-Sleeve-Briefcase-Bag-4-300x300.jpeg",300,300,true],"woocommerce_single":["https:\/\/pecbag.com\/wp-content\/uploads\/2025\/05\/Laptop-Sleeve-Briefcase-Bag-4-600x600.jpeg",600,600,true],"woocommerce_gallery_thumbnail":["https:\/\/pecbag.com\/wp-content\/uploads\/2025\/05\/Laptop-Sleeve-Briefcase-Bag-4-100x100.jpeg",100,100,true]},"uagb_author_info":{"display_name":"Lawrence","author_link":"https:\/\/pecbag.com\/da\/author\/"},"uagb_comment_info":0,"uagb_excerpt":"Laptop Sleeve Briefcase Bag We provide premium bags with full-size and color customization, durable fabrics, and certified quality. Enjoy flexible MOQs, fast global shipping, and private label solutions. Contact us today!","_links":{"self":[{"href":"https:\/\/pecbag.com\/da\/wp-json\/wp\/v2\/product\/3626","targetHints":{"allow":["GET"]}}],"collection":[{"href":"https:\/\/pecbag.com\/da\/wp-json\/wp\/v2\/product"}],"about":[{"href":"https:\/\/pecbag.com\/da\/wp-json\/wp\/v2\/types\/product"}],"wp:featuredmedia":[{"embeddable":true,"href":"https:\/\/pecbag.com\/da\/wp-json\/wp\/v2\/media\/3632"}],"wp:attachment":[{"href":"https:\/\/pecbag.com\/da\/wp-json\/wp\/v2\/media?parent=3626"}],"wp:term":[{"taxonomy":"product_brand","embeddable":true,"href":"https:\/\/pecbag.com\/da\/wp-json\/wp\/v2\/product_brand?post=3626"},{"taxonomy":"product_cat","embeddable":true,"href":"https:\/\/pecbag.com\/da\/wp-json\/wp\/v2\/product_cat?post=3626"},{"taxonomy":"product_tag","embeddable":true,"href":"https:\/\/pecbag.com\/da\/wp-json\/wp\/v2\/product_tag?post=3626"}],"curies":[{"name":"wp","href":"https:\/\/api.w.org\/{rel}","templated":true}]}}