{"id":3714,"date":"2025-05-28T01:00:32","date_gmt":"2025-05-28T01:00:32","guid":{"rendered":"https:\/\/pecbag.com\/?post_type=product&#038;p=3714"},"modified":"2025-11-04T10:20:05","modified_gmt":"2025-11-04T10:20:05","slug":"custom-durable-briefcase-messenger-bag","status":"publish","type":"product","link":"https:\/\/pecbag.com\/da\/custom-durable-briefcase-messenger-bag\/","title":{"rendered":"Brugerdefineret holdbar dokumentmappe Messenger-taske"},"content":{"rendered":"<h5 title=\"Foldbar hundetaske \u00c5ndbar netskuldertaske til k\u00e6ledyr til sm\u00e5 hunde og katte\" data-immersive-translate-walked=\"1c928421-2e42-4cd3-8754-5404553c0af5\" data-immersive-translate-paragraph=\"1\" data-spm-anchor-id=\"a2700.details.0.i35.4f6757d4w4zNZA\">Brugerdefineret holdbar dokumentmappe Messenger Tasker | Vandt\u00e6t taskefabrik og rygs\u00e6kproducent - Bulk Corporate Solutions<\/h5>\n<div class=\"flex flex-grow flex-col max-w-full\">\n<div class=\"min-h-[20px] text-message flex w-full flex-col items-end gap-2 whitespace-pre-wrap break-words [.text-message+&amp;]:mt-5 overflow-x-auto\" dir=\"auto\" data-message-author-role=\"assistant\" data-message-id=\"3d7d46f6-7ec2-4222-9257-48fa0bba23c6\" data-suggestions=\"true\">\n<div class=\"flex w-full flex-col gap-1 empty:hidden first:pt-[3px]\">\n<div class=\"markdown prose w-full break-words dark:prose-invert light\">\n<table width=\"288\">\n<tbody>\n<tr>\n<td width=\"137\"><span style=\"color: #333333;\">Produkternes navn<\/span><\/td>\n<td width=\"151\">Messenger-taske<\/td>\n<\/tr>\n<tr>\n<td><span style=\"color: #333333;\">Vare nr.<\/span><\/td>\n<td><span style=\"color: #333333;\">PB-2084<\/span><\/td>\n<\/tr>\n<tr>\n<td><span style=\"color: #333333;\">Materiale<\/span><\/td>\n<td>Polyester<\/td>\n<\/tr>\n<tr>\n<td><span style=\"color: #333333;\">St\u00f8rrelse<\/span><\/td>\n<td>17,5 x 6,5 x 13 tommer<\/td>\n<\/tr>\n<tr>\n<td><span style=\"color: #333333;\">\u00a0Leveringstid<\/span><\/td>\n<td><span style=\"color: #333333;\">1-5 dage for sm\u00e5 m\u00e6ngder med fly og 30-35 dage for store m\u00e6ngder med skib<\/span><\/td>\n<\/tr>\n<\/tbody>\n<\/table>\n<p>Som Kinas f\u00f8rende producent af messenger-tasker og fabrik for vandt\u00e6tte tasker udvikler vi f\u00f8rsteklasses brugerdefinerede, slidst\u00e6rke messenger-tasker til globale virksomheder. Vores messenger bag-firma tilbyder:<\/p>\n<p>\u2705 <strong>1000D nylon af milit\u00e6r kvalitet<\/strong> med IPX6 vandt\u00e6tte lynl\u00e5se<br \/>\n\u2705 <strong>Rum, der kan tilpasses<\/strong> til b\u00e6rbare computere op til 17\u2033<br \/>\n\u2705 <strong>OEM\/ODM-tjenester<\/strong> for <strong>messenger-tasker med eget m\u00e6rke<\/strong><br \/>\n\u2705 <strong>Produktion af messenger-tasker i l\u00f8s v\u00e6gt<\/strong> med 10 dages hurtig levering<\/p>\n<p>Betroet af messenger bag-grossister og Fortune 500-virksomheder. Vigtige funktioner:<br \/>\n- RFID-blokerende dokumentlommer og skjulte tyverisikringslommer<br \/>\n- Aftagelig skulderrem + trolley-sleeve til rejser<br \/>\n- Professionelle detaljer i vegansk l\u00e6der og lydl\u00f8se sp\u00e6nder<\/p>\n<p><strong>Hvorfor samarbejde med vores messenger taske-fabrik<\/strong>:<br \/>\n\ud83d\udd39 15+ \u00e5r som top-eksport\u00f8r af messenger-tasker fra Kina<br \/>\n\ud83d\udd39 Gratis 3D tech pack-design med din branding<br \/>\n\ud83d\udd39 OEKO-Tex\/SGS-certificerede b\u00e6redygtige materialer<br \/>\n\ud83d\udd39 25%-rabat til leverand\u00f8rer af messenger-tasker p\u00e5 2.500+ enheder<\/p>\n<p>Anmod om gratis pr\u00f8ver af vores kufferttasker eller f\u00e5 \u00f8jeblikkelige tilbud. Leverand\u00f8rer af messenger-tasker nyder det:<br \/>\n- Tilpasset MOQ<br \/>\n- Batch-specifikke slibetestrapporter<br \/>\n- Prioriteret tildeling af luft- og s\u00f8fragt<\/p>\n<\/div>\n<\/div>\n<\/div>\n<\/div>","protected":false},"excerpt":{"rendered":"<h2 data-immersive-translate-walked=\"344be1c1-5052-41eb-8fcd-0dbe236a0d6b\" data-immersive-translate-paragraph=\"1\">Brugerdefineret holdbar dokumentmappe Messenger-taske<\/h2>\n<div class=\"sliderTable mt10 mb10 sliderTable-index0\">\n<div class=\"inner\">\n<p>UDVIDELSE OG FLERE KOMPONENTER: Lynl\u00e5sen til udvidelse g\u00f8r den mere fleksibel, og computertasken kan omdannes til en stor duffelbag, n\u00e5r det er n\u00f8dvendigt. Op til 4 rum kan opfylde alle dine behov. Det store tekniske rum kan rumme b\u00e6rbare computere p\u00e5 op til 17,3 tommer. To lommer foran giver dig mulighed for at opbevare daglige forn\u00f8denheder p\u00e5 en organiseret m\u00e5de. Det udvidelige dokumentrum kan rumme dine A4-mapper, magasiner, t\u00f8j eller en paraply.<\/p>\n<\/div>\n<\/div>","protected":false},"featured_media":3720,"template":"","meta":{"_uag_custom_page_level_css":""},"product_brand":[],"product_cat":[65],"product_tag":[],"class_list":{"0":"post-3714","1":"product","2":"type-product","3":"status-publish","4":"has-post-thumbnail","6":"product_cat-messenger-bag","8":"first","9":"instock","10":"shipping-taxable","11":"product-type-simple"},"uagb_featured_image_src":{"full":["https:\/\/pecbag.com\/wp-content\/uploads\/2025\/05\/Custom-Durable-Briefcase-Messenger-Bag-2.jpeg",768,706,false],"thumbnail":["https:\/\/pecbag.com\/wp-content\/uploads\/2025\/05\/Custom-Durable-Briefcase-Messenger-Bag-2-150x150.jpeg",150,150,true],"medium":["https:\/\/pecbag.com\/wp-content\/uploads\/2025\/05\/Custom-Durable-Briefcase-Messenger-Bag-2-300x276.jpeg",300,276,true],"medium_large":["https:\/\/pecbag.com\/wp-content\/uploads\/2025\/05\/Custom-Durable-Briefcase-Messenger-Bag-2.jpeg",768,706,false],"large":["https:\/\/pecbag.com\/wp-content\/uploads\/2025\/05\/Custom-Durable-Briefcase-Messenger-Bag-2.jpeg",768,706,false],"1536x1536":["https:\/\/pecbag.com\/wp-content\/uploads\/2025\/05\/Custom-Durable-Briefcase-Messenger-Bag-2.jpeg",768,706,false],"2048x2048":["https:\/\/pecbag.com\/wp-content\/uploads\/2025\/05\/Custom-Durable-Briefcase-Messenger-Bag-2.jpeg",768,706,false],"trp-custom-language-flag":["https:\/\/pecbag.com\/wp-content\/uploads\/2025\/05\/Custom-Durable-Briefcase-Messenger-Bag-2-13x12.jpeg",13,12,true],"woocommerce_thumbnail":["https:\/\/pecbag.com\/wp-content\/uploads\/2025\/05\/Custom-Durable-Briefcase-Messenger-Bag-2-300x300.jpeg",300,300,true],"woocommerce_single":["https:\/\/pecbag.com\/wp-content\/uploads\/2025\/05\/Custom-Durable-Briefcase-Messenger-Bag-2-600x552.jpeg",600,552,true],"woocommerce_gallery_thumbnail":["https:\/\/pecbag.com\/wp-content\/uploads\/2025\/05\/Custom-Durable-Briefcase-Messenger-Bag-2-100x100.jpeg",100,100,true]},"uagb_author_info":{"display_name":"Lawrence","author_link":"https:\/\/pecbag.com\/da\/author\/"},"uagb_comment_info":0,"uagb_excerpt":"Custom Durable Briefcase Messenger Bag EXPANSION &amp; MULTIPLE COMPARTMENTS: expansion zipper makes it more flexible, and the laptop briefcase can be transformed into a large duffel bag when necessary. Up to 4 compartments can meet all your needs well. The large tech compartment can accommodate laptops up to 17.3 inches in size. Two front pockets&hellip;","_links":{"self":[{"href":"https:\/\/pecbag.com\/da\/wp-json\/wp\/v2\/product\/3714","targetHints":{"allow":["GET"]}}],"collection":[{"href":"https:\/\/pecbag.com\/da\/wp-json\/wp\/v2\/product"}],"about":[{"href":"https:\/\/pecbag.com\/da\/wp-json\/wp\/v2\/types\/product"}],"wp:featuredmedia":[{"embeddable":true,"href":"https:\/\/pecbag.com\/da\/wp-json\/wp\/v2\/media\/3720"}],"wp:attachment":[{"href":"https:\/\/pecbag.com\/da\/wp-json\/wp\/v2\/media?parent=3714"}],"wp:term":[{"taxonomy":"product_brand","embeddable":true,"href":"https:\/\/pecbag.com\/da\/wp-json\/wp\/v2\/product_brand?post=3714"},{"taxonomy":"product_cat","embeddable":true,"href":"https:\/\/pecbag.com\/da\/wp-json\/wp\/v2\/product_cat?post=3714"},{"taxonomy":"product_tag","embeddable":true,"href":"https:\/\/pecbag.com\/da\/wp-json\/wp\/v2\/product_tag?post=3714"}],"curies":[{"name":"wp","href":"https:\/\/api.w.org\/{rel}","templated":true}]}}