{"id":3721,"date":"2025-05-28T01:21:42","date_gmt":"2025-05-28T01:21:42","guid":{"rendered":"https:\/\/pecbag.com\/?post_type=product&#038;p=3721"},"modified":"2025-11-29T01:54:11","modified_gmt":"2025-11-29T01:54:11","slug":"protection-ski-travel-bag","status":"publish","type":"product","link":"https:\/\/pecbag.com\/da\/protection-ski-travel-bag\/","title":{"rendered":"Beskyttelse af skirejsetaske"},"content":{"rendered":"<h5 title=\"Foldbar hundetaske \u00c5ndbar netskuldertaske til k\u00e6ledyr til sm\u00e5 hunde og katte\" data-immersive-translate-walked=\"1c928421-2e42-4cd3-8754-5404553c0af5\" data-immersive-translate-paragraph=\"1\" data-spm-anchor-id=\"a2700.details.0.i35.4f6757d4w4zNZA\">Beskyttelse af skirejsetasker | Vandt\u00e6t taskefabrik og rygs\u00e6kproducent - Bulk Winter Solutions<\/h5>\n<div class=\"flex flex-grow flex-col max-w-full\">\n<div class=\"min-h-[20px] text-message flex w-full flex-col items-end gap-2 whitespace-pre-wrap break-words [.text-message+&amp;]:mt-5 overflow-x-auto\" dir=\"auto\" data-message-author-role=\"assistant\" data-message-id=\"3d7d46f6-7ec2-4222-9257-48fa0bba23c6\" data-suggestions=\"true\">\n<div class=\"flex w-full flex-col gap-1 empty:hidden first:pt-[3px]\">\n<div class=\"markdown prose w-full break-words dark:prose-invert light\">\n<table width=\"288\">\n<tbody>\n<tr>\n<td width=\"137\"><span style=\"color: #333333;\">Produkternes navn<\/span><\/td>\n<td width=\"151\">Skitaske<\/td>\n<\/tr>\n<tr>\n<td><span style=\"color: #333333;\">Vare nr.<\/span><\/td>\n<td><span style=\"color: #333333;\">PB-2085<\/span><\/td>\n<\/tr>\n<tr>\n<td><span style=\"color: #333333;\">Materiale<\/span><\/td>\n<td>600D polyester<\/td>\n<\/tr>\n<tr>\n<td><span style=\"color: #333333;\">St\u00f8rrelse<\/span><\/td>\n<td>185 cm<\/td>\n<\/tr>\n<tr>\n<td><span style=\"color: #333333;\">\u00a0Leveringstid<\/span><\/td>\n<td><span style=\"color: #333333;\">1-5 dage for sm\u00e5 m\u00e6ngder med fly og 30-35 dage for store m\u00e6ngder med skib<\/span><\/td>\n<\/tr>\n<\/tbody>\n<\/table>\n<p>Som Kinas f\u00f8rende producent af skitasker og fabrik for vandt\u00e6tte tasker udvikler vi robuste og beskyttende skitasker til globale vintersportsm\u00e6rker. Vores skitaskefirma leverer:<\/p>\n<p>\u2705 <strong>Luftfartsgodkendt h\u00e5rd skal<\/strong> med skumpolstret interi\u00f8r<br \/>\n\u2705 <strong>IPX6 vandt\u00e6tte lynl\u00e5se<\/strong> &amp; -40\u00b0C kuldebestandige materialer (MOQ 200 stk.)<br \/>\n\u2705 <strong>OEM\/ODM-tjenester<\/strong> til skitasker med eget m\u00e6rke<br \/>\n\u2705 <strong>Produktion af bulk-skis\u00e6kke<\/strong> med 12 dages hurtig levering<\/p>\n<p>Betroet af skitaske-grossister og bjergresorts over hele verden. Vigtige funktioner:<br \/>\n- TSA-godkendte l\u00e5se og forst\u00e6rkede hjulsystemer<br \/>\n- Aftagelige b\u00e6restropper til ski\/snowboard<br \/>\n- \u00c5bning til RFID-bagagetag og ventilerede bagagerum<\/p>\n<p><strong>Hvorfor v\u00e6lge vores skitaskefabrik<\/strong>:<br \/>\n\ud83d\udd39 15+ \u00e5r som f\u00f8rende eksport\u00f8r af skitasker fra Kina<br \/>\n\ud83d\udd39 Gratis 3D-design med din alpine branding<br \/>\n\ud83d\udd39 SGS\/OEKO-Tex-certificerede slagfaste materialer<br \/>\n\ud83d\udd39 30%-rabat til leverand\u00f8rer af skitasker p\u00e5 3.000+ enheder<\/p>\n<p>Anmod om gratis pr\u00f8ver af vores beskyttende skitasker, eller f\u00e5 \u00f8jeblikkelige tilbud. Leverand\u00f8rer af skitasker nyder det:<br \/>\n- Tilpasset MOQ fra 300 stk.<br \/>\n- Batch-specifikke testrapporter fra k\u00f8lekammeret<br \/>\n- Prioriteret tildeling af luftfragt<\/p>\n<\/div>\n<\/div>\n<\/div>\n<\/div>","protected":false},"excerpt":{"rendered":"<h2 data-immersive-translate-walked=\"344be1c1-5052-41eb-8fcd-0dbe236a0d6b\" data-immersive-translate-paragraph=\"1\">Beskyttelse af skirejsetaske<\/h2>\n<ul class=\"list-paddingleft-2\">\n<li>FULLY PADDED THROUGHOUT - Denne skitaske er polstret hele vejen igennem for at beskytte dine ski og dit skiudstyr, n\u00e5r du rejser i bil, tog eller fly.<\/li>\n<li>BYGGET TIL AT HOLDE - Fremstillet af 600 denier vandafvisende polyester for at beskytte dine ski og dit skiudstyr mod elementerne.<\/li>\n<li>ERGONOMISK OG NEM AT B\u00c6RE - Polstrede b\u00e6reh\u00e5ndtag g\u00f8r din skibagage nem at b\u00e6re gennem lufthavnen, til din bil og op til pisterne, n\u00e5r du rejser.<\/li>\n<\/ul>","protected":false},"featured_media":3722,"template":"","meta":{"_uag_custom_page_level_css":""},"product_brand":[],"product_cat":[59,67],"product_tag":[],"class_list":{"0":"post-3721","1":"product","2":"type-product","3":"status-publish","4":"has-post-thumbnail","6":"product_cat-ski-bag","7":"product_cat-sports-bag","9":"first","10":"instock","11":"shipping-taxable","12":"product-type-simple"},"uagb_featured_image_src":{"full":["https:\/\/pecbag.com\/wp-content\/uploads\/2025\/05\/Protection-Ski-Travel-Bag-3.jpeg",800,800,false],"thumbnail":["https:\/\/pecbag.com\/wp-content\/uploads\/2025\/05\/Protection-Ski-Travel-Bag-3-150x150.jpeg",150,150,true],"medium":["https:\/\/pecbag.com\/wp-content\/uploads\/2025\/05\/Protection-Ski-Travel-Bag-3-300x300.jpeg",300,300,true],"medium_large":["https:\/\/pecbag.com\/wp-content\/uploads\/2025\/05\/Protection-Ski-Travel-Bag-3-768x768.jpeg",768,768,true],"large":["https:\/\/pecbag.com\/wp-content\/uploads\/2025\/05\/Protection-Ski-Travel-Bag-3.jpeg",800,800,false],"1536x1536":["https:\/\/pecbag.com\/wp-content\/uploads\/2025\/05\/Protection-Ski-Travel-Bag-3.jpeg",800,800,false],"2048x2048":["https:\/\/pecbag.com\/wp-content\/uploads\/2025\/05\/Protection-Ski-Travel-Bag-3.jpeg",800,800,false],"trp-custom-language-flag":["https:\/\/pecbag.com\/wp-content\/uploads\/2025\/05\/Protection-Ski-Travel-Bag-3-12x12.jpeg",12,12,true],"woocommerce_thumbnail":["https:\/\/pecbag.com\/wp-content\/uploads\/2025\/05\/Protection-Ski-Travel-Bag-3-300x300.jpeg",300,300,true],"woocommerce_single":["https:\/\/pecbag.com\/wp-content\/uploads\/2025\/05\/Protection-Ski-Travel-Bag-3-600x600.jpeg",600,600,true],"woocommerce_gallery_thumbnail":["https:\/\/pecbag.com\/wp-content\/uploads\/2025\/05\/Protection-Ski-Travel-Bag-3-100x100.jpeg",100,100,true]},"uagb_author_info":{"display_name":"Lawrence","author_link":"https:\/\/pecbag.com\/da\/author\/"},"uagb_comment_info":0,"uagb_excerpt":"Protection Ski Travel Bag FULLY PADDED THROUGHOUT - This ski bag features padding throughout to protect your skis and ski equipment while traveling by car, train, or plane. BUILT TO LAST - Crafted of 600 denier water-resistant polyester to keep your skis and ski gear safe from the elements ERGONOMICAL &amp; EASY TO CARRY -&hellip;","_links":{"self":[{"href":"https:\/\/pecbag.com\/da\/wp-json\/wp\/v2\/product\/3721","targetHints":{"allow":["GET"]}}],"collection":[{"href":"https:\/\/pecbag.com\/da\/wp-json\/wp\/v2\/product"}],"about":[{"href":"https:\/\/pecbag.com\/da\/wp-json\/wp\/v2\/types\/product"}],"wp:featuredmedia":[{"embeddable":true,"href":"https:\/\/pecbag.com\/da\/wp-json\/wp\/v2\/media\/3722"}],"wp:attachment":[{"href":"https:\/\/pecbag.com\/da\/wp-json\/wp\/v2\/media?parent=3721"}],"wp:term":[{"taxonomy":"product_brand","embeddable":true,"href":"https:\/\/pecbag.com\/da\/wp-json\/wp\/v2\/product_brand?post=3721"},{"taxonomy":"product_cat","embeddable":true,"href":"https:\/\/pecbag.com\/da\/wp-json\/wp\/v2\/product_cat?post=3721"},{"taxonomy":"product_tag","embeddable":true,"href":"https:\/\/pecbag.com\/da\/wp-json\/wp\/v2\/product_tag?post=3721"}],"curies":[{"name":"wp","href":"https:\/\/api.w.org\/{rel}","templated":true}]}}