{"id":3735,"date":"2025-05-28T01:56:56","date_gmt":"2025-05-28T01:56:56","guid":{"rendered":"https:\/\/pecbag.com\/?post_type=product&#038;p=3735"},"modified":"2025-11-29T01:53:51","modified_gmt":"2025-11-29T01:53:51","slug":"tsa-approved-durable-ski-boot-bag","status":"publish","type":"product","link":"https:\/\/pecbag.com\/da\/tsa-approved-durable-ski-boot-bag\/","title":{"rendered":"Ultimativ TSA-godkendt slidst\u00e6rk skist\u00f8vletaske"},"content":{"rendered":"<h5 title=\"Foldbar hundetaske \u00c5ndbar netskuldertaske til k\u00e6ledyr til sm\u00e5 hunde og katte\" data-immersive-translate-walked=\"1c928421-2e42-4cd3-8754-5404553c0af5\" data-immersive-translate-paragraph=\"1\" data-spm-anchor-id=\"a2700.details.0.i35.4f6757d4w4zNZA\">TSA-godkendte slidst\u00e6rke skist\u00f8vletasker | Vandt\u00e6t taskefabrik og rygs\u00e6kproducent - Bulk Winter Solutions<\/h5>\n<div class=\"flex flex-grow flex-col max-w-full\">\n<div class=\"min-h-[20px] text-message flex w-full flex-col items-end gap-2 whitespace-pre-wrap break-words [.text-message+&amp;]:mt-5 overflow-x-auto\" dir=\"auto\" data-message-author-role=\"assistant\" data-message-id=\"3d7d46f6-7ec2-4222-9257-48fa0bba23c6\" data-suggestions=\"true\">\n<div class=\"flex w-full flex-col gap-1 empty:hidden first:pt-[3px]\">\n<div class=\"markdown prose w-full break-words dark:prose-invert light\">\n<table width=\"288\">\n<tbody>\n<tr>\n<td width=\"137\"><span style=\"color: #333333;\">Produkternes navn<\/span><\/td>\n<td width=\"151\">Skitaske<\/td>\n<\/tr>\n<tr>\n<td><span style=\"color: #333333;\">Vare nr.<\/span><\/td>\n<td><span style=\"color: #333333;\">PB-2087<\/span><\/td>\n<\/tr>\n<tr>\n<td><span style=\"color: #333333;\">Materiale<\/span><\/td>\n<td>Polyester<\/td>\n<\/tr>\n<tr>\n<td><span style=\"color: #333333;\">St\u00f8rrelse<\/span><\/td>\n<td>190 cm<\/td>\n<\/tr>\n<tr>\n<td><span style=\"color: #333333;\">\u00a0Leveringstid<\/span><\/td>\n<td><span style=\"color: #333333;\">1-5 dage for sm\u00e5 m\u00e6ngder med fly og 30-35 dage for store m\u00e6ngder med skib<\/span><\/td>\n<\/tr>\n<\/tbody>\n<\/table>\n<p>Som Kinas f\u00f8rende producent af skitasker og vandt\u00e6tte tasker producerer vi TSA-godkendte slidst\u00e6rke skist\u00f8vletasker til globale vintersportsm\u00e6rker. Vores skitaskefirma tilbyder:<\/p>\n<p>\u2705 <strong>TSA-kompatible l\u00e5se<\/strong> med hurtig adgang til sikkerhedskontrollen i lufthavnen<br \/>\n\u2705 <strong>IPX6 vandt\u00e6t design<\/strong> (600D polyester + svejsede s\u00f8mme)<br \/>\n\u2705 <strong>OEM\/ODM-tjenester<\/strong> til skitasker med eget m\u00e6rke (MOQ 200 stk.)<br \/>\n\u2705 <strong>Produktion af bulk-skis\u00e6kke<\/strong> med 10 dages hurtig levering<\/p>\n<p>Betroet af skitaske-grossister og bjergresorts over hele verden. Vigtige funktioner:<br \/>\n- Skumpolstrede st\u00f8vlelommer og ventileret opbevaring<br \/>\n- Forst\u00e6rkede transporth\u00e5ndtag og aftagelige skulderstropper<br \/>\n- \u00c5bning til RFID-bagagetag og -30 \u00b0C kuldebestandige materialer<\/p>\n<p><strong>Hvorfor v\u00e6lge vores skitaskefabrik<\/strong>:<br \/>\n\ud83d\udd39 15+ \u00e5r som f\u00f8rende eksport\u00f8r af skitasker fra Kina<br \/>\n\ud83d\udd39 Gratis 3D-design med dit alpine feriesteds branding<br \/>\n\ud83d\udd39 OEKO-Tex\/SGS-certificerede kraftige materialer<br \/>\n\ud83d\udd39 25%-rabat til leverand\u00f8rer af skitasker p\u00e5 2.500+ enheder<\/p>\n<p>Anmod om gratis pr\u00f8ver af vores TSA-godkendte skitasker, eller f\u00e5 et tilbud med det samme. Leverand\u00f8rer af skitasker nyder det:<br \/>\n- Tilpasset MOQ fra 300 stk.<br \/>\n- Batch-specifikke effekttestrapporter<br \/>\n- Prioriteret tildeling af luftfragt<\/p>\n<\/div>\n<\/div>\n<\/div>\n<\/div>","protected":false},"excerpt":{"rendered":"<h2 data-immersive-translate-walked=\"344be1c1-5052-41eb-8fcd-0dbe236a0d6b\" data-immersive-translate-paragraph=\"1\">TSA-godkendt slidst\u00e6rk skist\u00f8vletaske<\/h2>\n<p>Vi leverer TSA-godkendt holdbar skist\u00f8vletaske med fuld st\u00f8rrelse og farvetilpasning, slidst\u00e6rke stoffer og certificeret kvalitet.<\/p>\n<p>Nyd fleksible MOQ'er, hurtig global forsendelse og private label-l\u00f8sninger.<\/p>\n<p>Kontakt os i dag!<\/p>","protected":false},"featured_media":3738,"template":"","meta":{"_uag_custom_page_level_css":""},"product_brand":[],"product_cat":[59,67,66],"product_tag":[],"class_list":{"0":"post-3735","1":"product","2":"type-product","3":"status-publish","4":"has-post-thumbnail","6":"product_cat-ski-bag","7":"product_cat-sports-bag","8":"product_cat-waterproof-bag","10":"first","11":"instock","12":"shipping-taxable","13":"product-type-simple"},"uagb_featured_image_src":{"full":["https:\/\/pecbag.com\/wp-content\/uploads\/2025\/05\/TSA-Approved-Durable-Ski-Boot-Bag-6.jpeg",1611,1500,false],"thumbnail":["https:\/\/pecbag.com\/wp-content\/uploads\/2025\/05\/TSA-Approved-Durable-Ski-Boot-Bag-6-150x150.jpeg",150,150,true],"medium":["https:\/\/pecbag.com\/wp-content\/uploads\/2025\/05\/TSA-Approved-Durable-Ski-Boot-Bag-6-300x279.jpeg",300,279,true],"medium_large":["https:\/\/pecbag.com\/wp-content\/uploads\/2025\/05\/TSA-Approved-Durable-Ski-Boot-Bag-6-768x715.jpeg",768,715,true],"large":["https:\/\/pecbag.com\/wp-content\/uploads\/2025\/05\/TSA-Approved-Durable-Ski-Boot-Bag-6-1024x953.jpeg",800,745,true],"1536x1536":["https:\/\/pecbag.com\/wp-content\/uploads\/2025\/05\/TSA-Approved-Durable-Ski-Boot-Bag-6-1536x1430.jpeg",1536,1430,true],"2048x2048":["https:\/\/pecbag.com\/wp-content\/uploads\/2025\/05\/TSA-Approved-Durable-Ski-Boot-Bag-6.jpeg",1611,1500,false],"trp-custom-language-flag":["https:\/\/pecbag.com\/wp-content\/uploads\/2025\/05\/TSA-Approved-Durable-Ski-Boot-Bag-6-13x12.jpeg",13,12,true],"woocommerce_thumbnail":["https:\/\/pecbag.com\/wp-content\/uploads\/2025\/05\/TSA-Approved-Durable-Ski-Boot-Bag-6-300x300.jpeg",300,300,true],"woocommerce_single":["https:\/\/pecbag.com\/wp-content\/uploads\/2025\/05\/TSA-Approved-Durable-Ski-Boot-Bag-6-600x559.jpeg",600,559,true],"woocommerce_gallery_thumbnail":["https:\/\/pecbag.com\/wp-content\/uploads\/2025\/05\/TSA-Approved-Durable-Ski-Boot-Bag-6-100x100.jpeg",100,100,true]},"uagb_author_info":{"display_name":"Lawrence","author_link":"https:\/\/pecbag.com\/da\/author\/"},"uagb_comment_info":0,"uagb_excerpt":"TSA-Approved Durable Ski Boot Bag We provide TSA-Approved Durable Ski Boot Bag with full-size and color customization, durable fabrics, and certified quality. Enjoy flexible MOQs, fast global shipping, and private label solutions. Contact us today!","_links":{"self":[{"href":"https:\/\/pecbag.com\/da\/wp-json\/wp\/v2\/product\/3735","targetHints":{"allow":["GET"]}}],"collection":[{"href":"https:\/\/pecbag.com\/da\/wp-json\/wp\/v2\/product"}],"about":[{"href":"https:\/\/pecbag.com\/da\/wp-json\/wp\/v2\/types\/product"}],"wp:featuredmedia":[{"embeddable":true,"href":"https:\/\/pecbag.com\/da\/wp-json\/wp\/v2\/media\/3738"}],"wp:attachment":[{"href":"https:\/\/pecbag.com\/da\/wp-json\/wp\/v2\/media?parent=3735"}],"wp:term":[{"taxonomy":"product_brand","embeddable":true,"href":"https:\/\/pecbag.com\/da\/wp-json\/wp\/v2\/product_brand?post=3735"},{"taxonomy":"product_cat","embeddable":true,"href":"https:\/\/pecbag.com\/da\/wp-json\/wp\/v2\/product_cat?post=3735"},{"taxonomy":"product_tag","embeddable":true,"href":"https:\/\/pecbag.com\/da\/wp-json\/wp\/v2\/product_tag?post=3735"}],"curies":[{"name":"wp","href":"https:\/\/api.w.org\/{rel}","templated":true}]}}