{"id":3760,"date":"2025-05-28T02:56:12","date_gmt":"2025-05-28T02:56:12","guid":{"rendered":"https:\/\/pecbag.com\/?post_type=product&#038;p=3760"},"modified":"2025-11-29T01:53:35","modified_gmt":"2025-11-29T01:53:35","slug":"beach-surfboard-sling-bag","status":"publish","type":"product","link":"https:\/\/pecbag.com\/da\/beach-surfboard-sling-bag\/","title":{"rendered":"Slyngetaske til surfbr\u00e6t p\u00e5 stranden"},"content":{"rendered":"<h5 title=\"Foldbar hundetaske \u00c5ndbar netskuldertaske til k\u00e6ledyr til sm\u00e5 hunde og katte\" data-immersive-translate-walked=\"1c928421-2e42-4cd3-8754-5404553c0af5\" data-immersive-translate-paragraph=\"1\" data-spm-anchor-id=\"a2700.details.0.i35.4f6757d4w4zNZA\">Beach Surfboard Sling Bags | Vandt\u00e6t taskefabrik og rygs\u00e6kproducent - Bulk Surf Solutions<\/h5>\n<div class=\"flex flex-grow flex-col max-w-full\">\n<div class=\"min-h-[20px] text-message flex w-full flex-col items-end gap-2 whitespace-pre-wrap break-words [.text-message+&amp;]:mt-5 overflow-x-auto\" dir=\"auto\" data-message-author-role=\"assistant\" data-message-id=\"3d7d46f6-7ec2-4222-9257-48fa0bba23c6\" data-suggestions=\"true\">\n<div class=\"flex w-full flex-col gap-1 empty:hidden first:pt-[3px]\">\n<div class=\"markdown prose w-full break-words dark:prose-invert light\">\n<table width=\"288\">\n<tbody>\n<tr>\n<td width=\"137\"><span style=\"color: #333333;\">Produkternes navn<\/span><\/td>\n<td width=\"151\">Surfboard-taske<\/td>\n<\/tr>\n<tr>\n<td><span style=\"color: #333333;\">Vare nr.<\/span><\/td>\n<td><span style=\"color: #333333;\">PB-2089<\/span><\/td>\n<\/tr>\n<tr>\n<td><span style=\"color: #333333;\">Materiale<\/span><\/td>\n<td>600D polyester + PP v\u00e6vet<\/td>\n<\/tr>\n<tr>\n<td><span style=\"color: #333333;\">St\u00f8rrelse<\/span><\/td>\n<td>6,2 x 25,5 tommer<\/td>\n<\/tr>\n<tr>\n<td><span style=\"color: #333333;\">\u00a0Leveringstid<\/span><\/td>\n<td><span style=\"color: #333333;\">1-5 dage for sm\u00e5 m\u00e6ngder med fly og 30-35 dage for store m\u00e6ngder med skib<\/span><\/td>\n<\/tr>\n<\/tbody>\n<\/table>\n<p>Som Kinas f\u00f8rende producent af surfbr\u00e6ttasker og fabrik for vandt\u00e6tte tasker designer vi robuste slyngetasker til surfbr\u00e6tter til globale surfm\u00e6rker. Vores surfbr\u00e6t-taskefirma tilbyder:<\/p>\n<p>\u2705 <strong>Saltvandsresistent 600D polyester<\/strong> med IPX6 vandt\u00e6tte lynl\u00e5se<br \/>\n\u2705 <strong>Op til 9'6\u2033 bordkapacitet<\/strong> + tilbeh\u00f8rslommer (MOQ 50 stk.)<br \/>\n\u2705 <strong>OEM\/ODM-tjenester<\/strong> til private label-tasker til surfbr\u00e6tter<br \/>\n\u2705 <strong>Produktion af surfbr\u00e6tposer i l\u00f8s v\u00e6gt<\/strong> med 10 dages hurtig levering<\/p>\n<p>Betroet af surfbr\u00e6ttaske-grossister og feriesteder verden over. Vigtige funktioner:<br \/>\n- Hurtigt\u00f8rrende meshpaneler og forst\u00e6rkede transporth\u00e5ndtag<br \/>\n- Justerbar skulderrem og beskyttelse af bordkanten<br \/>\n- RFID-bagagem\u00e6rkeplads og anti-sandafl\u00f8bssystem<\/p>\n<p><strong>Hvorfor samarbejde med vores fabrik for surfbr\u00e6tposer<\/strong>:<br \/>\n\ud83d\udd39 12+ \u00e5r som f\u00f8rende eksport\u00f8r af surfbr\u00e6tposer fra Kina<br \/>\n\ud83d\udd39 Gratis 3D-design med din strandklubs branding<br \/>\n\ud83d\udd39 OEKO-Tex\/SGS-certificerede UV-bestandige materialer<br \/>\n\ud83d\udd39 25%-rabat til leverand\u00f8rer af surfbr\u00e6tposer p\u00e5 2.500+ enheder<\/p>\n<p>Anmod om gratis pr\u00f8ver af vores surfbr\u00e6tposer eller f\u00e5 \u00f8jeblikkelige tilbud. Leverand\u00f8rer af surfboardtasker nyder det:<br \/>\n- Tilpasset MOQ fra 30 stk.<br \/>\n- Batch-specifikke testrapporter for saltt\u00e5ge<br \/>\n- Prioriteret tildeling af luft- og s\u00f8fragt<\/p>\n<\/div>\n<\/div>\n<\/div>\n<\/div>","protected":false},"excerpt":{"rendered":"<h2 data-immersive-translate-walked=\"344be1c1-5052-41eb-8fcd-0dbe236a0d6b\" data-immersive-translate-paragraph=\"1\">Slyngetaske til surfbr\u00e6t p\u00e5 stranden<\/h2>\n<p>Mere opbevaring: Indvendig velcrolomme til opbevaring af personlige ejendele, f.eks. mobiltelefon, n\u00f8gler, v\u00e5ddragt osv.<\/p>\n<p>Udvendig lynl\u00e5slomme, der bruges til at opbevare udstyr, finner og andre nyttige og n\u00f8dvendige ting.<\/p>","protected":false},"featured_media":3772,"template":"","meta":{"_uag_custom_page_level_css":""},"product_brand":[],"product_cat":[47,67],"product_tag":[],"class_list":{"0":"post-3760","1":"product","2":"type-product","3":"status-publish","4":"has-post-thumbnail","6":"product_cat-surfboard-bag","7":"product_cat-sports-bag","9":"first","10":"instock","11":"shipping-taxable","12":"product-type-simple"},"uagb_featured_image_src":{"full":["https:\/\/pecbag.com\/wp-content\/uploads\/2025\/05\/Beach-Surfboard-Sling-Bag-6.jpeg",800,800,false],"thumbnail":["https:\/\/pecbag.com\/wp-content\/uploads\/2025\/05\/Beach-Surfboard-Sling-Bag-6-150x150.jpeg",150,150,true],"medium":["https:\/\/pecbag.com\/wp-content\/uploads\/2025\/05\/Beach-Surfboard-Sling-Bag-6-300x300.jpeg",300,300,true],"medium_large":["https:\/\/pecbag.com\/wp-content\/uploads\/2025\/05\/Beach-Surfboard-Sling-Bag-6-768x768.jpeg",768,768,true],"large":["https:\/\/pecbag.com\/wp-content\/uploads\/2025\/05\/Beach-Surfboard-Sling-Bag-6.jpeg",800,800,false],"1536x1536":["https:\/\/pecbag.com\/wp-content\/uploads\/2025\/05\/Beach-Surfboard-Sling-Bag-6.jpeg",800,800,false],"2048x2048":["https:\/\/pecbag.com\/wp-content\/uploads\/2025\/05\/Beach-Surfboard-Sling-Bag-6.jpeg",800,800,false],"trp-custom-language-flag":["https:\/\/pecbag.com\/wp-content\/uploads\/2025\/05\/Beach-Surfboard-Sling-Bag-6-12x12.jpeg",12,12,true],"woocommerce_thumbnail":["https:\/\/pecbag.com\/wp-content\/uploads\/2025\/05\/Beach-Surfboard-Sling-Bag-6-300x300.jpeg",300,300,true],"woocommerce_single":["https:\/\/pecbag.com\/wp-content\/uploads\/2025\/05\/Beach-Surfboard-Sling-Bag-6-600x600.jpeg",600,600,true],"woocommerce_gallery_thumbnail":["https:\/\/pecbag.com\/wp-content\/uploads\/2025\/05\/Beach-Surfboard-Sling-Bag-6-100x100.jpeg",100,100,true]},"uagb_author_info":{"display_name":"Lawrence","author_link":"https:\/\/pecbag.com\/da\/author\/"},"uagb_comment_info":0,"uagb_excerpt":"Beach Surfboard Sling Bag More Storage: Inner velcro pocket, used to store personal belongings, such as mobile phones, keys, wetsuit, etc. Exterior zipper pocket, used to store gears, fins, and some useful and necessary things.","_links":{"self":[{"href":"https:\/\/pecbag.com\/da\/wp-json\/wp\/v2\/product\/3760","targetHints":{"allow":["GET"]}}],"collection":[{"href":"https:\/\/pecbag.com\/da\/wp-json\/wp\/v2\/product"}],"about":[{"href":"https:\/\/pecbag.com\/da\/wp-json\/wp\/v2\/types\/product"}],"wp:featuredmedia":[{"embeddable":true,"href":"https:\/\/pecbag.com\/da\/wp-json\/wp\/v2\/media\/3772"}],"wp:attachment":[{"href":"https:\/\/pecbag.com\/da\/wp-json\/wp\/v2\/media?parent=3760"}],"wp:term":[{"taxonomy":"product_brand","embeddable":true,"href":"https:\/\/pecbag.com\/da\/wp-json\/wp\/v2\/product_brand?post=3760"},{"taxonomy":"product_cat","embeddable":true,"href":"https:\/\/pecbag.com\/da\/wp-json\/wp\/v2\/product_cat?post=3760"},{"taxonomy":"product_tag","embeddable":true,"href":"https:\/\/pecbag.com\/da\/wp-json\/wp\/v2\/product_tag?post=3760"}],"curies":[{"name":"wp","href":"https:\/\/api.w.org\/{rel}","templated":true}]}}