{"id":3777,"date":"2025-05-28T03:04:57","date_gmt":"2025-05-28T03:04:57","guid":{"rendered":"https:\/\/pecbag.com\/?post_type=product&#038;p=3777"},"modified":"2025-11-29T01:53:30","modified_gmt":"2025-11-29T01:53:30","slug":"custom-pro-paddle-surfboard-bag","status":"publish","type":"product","link":"https:\/\/pecbag.com\/da\/custom-pro-paddle-surfboard-bag\/","title":{"rendered":"Custom Pro Paddle Surfboard Bag - 72 timers vandt\u00e6t garanti"},"content":{"rendered":"<h5 title=\"Foldbar hundetaske \u00c5ndbar netskuldertaske til k\u00e6ledyr til sm\u00e5 hunde og katte\" data-immersive-translate-walked=\"1c928421-2e42-4cd3-8754-5404553c0af5\" data-immersive-translate-paragraph=\"1\" data-spm-anchor-id=\"a2700.details.0.i35.4f6757d4w4zNZA\">Brugerdefinerede Pro Paddle Surfboard-tasker | Vandt\u00e6t taskefabrik og rygs\u00e6kproducent - Bulk Surf Solutions<\/h5>\n<div class=\"flex flex-grow flex-col max-w-full\">\n<div class=\"min-h-[20px] text-message flex w-full flex-col items-end gap-2 whitespace-pre-wrap break-words [.text-message+&amp;]:mt-5 overflow-x-auto\" dir=\"auto\" data-message-author-role=\"assistant\" data-message-id=\"3d7d46f6-7ec2-4222-9257-48fa0bba23c6\" data-suggestions=\"true\">\n<div class=\"flex w-full flex-col gap-1 empty:hidden first:pt-[3px]\">\n<div class=\"markdown prose w-full break-words dark:prose-invert light\">\n<table width=\"288\">\n<tbody>\n<tr>\n<td width=\"137\"><span style=\"color: #333333;\">Produkternes navn<\/span><\/td>\n<td width=\"151\">Surfboard-taske<\/td>\n<\/tr>\n<tr>\n<td><span style=\"color: #333333;\">Vare nr.<\/span><\/td>\n<td><span style=\"color: #333333;\">PB-2090<\/span><\/td>\n<\/tr>\n<tr>\n<td><span style=\"color: #333333;\">Materiale<\/span><\/td>\n<td>1680D polyester<\/td>\n<\/tr>\n<tr>\n<td><span style=\"color: #333333;\">St\u00f8rrelse<\/span><\/td>\n<td>Tilpasset st\u00f8rrelse<\/td>\n<\/tr>\n<tr>\n<td><span style=\"color: #333333;\">\u00a0Leveringstid<\/span><\/td>\n<td><span style=\"color: #333333;\">1-5 dage for sm\u00e5 m\u00e6ngder med fly og 30-35 dage for store m\u00e6ngder med skib<\/span><\/td>\n<\/tr>\n<\/tbody>\n<\/table>\n<p>Som Kinas f\u00f8rende producent af surfbr\u00e6ttasker og vandt\u00e6tte taskefabrik udvikler vi f\u00f8rsteklasses brugerdefinerede pro paddle-surfbr\u00e6ttasker til globale vandsportsm\u00e6rker. Vores surfbr\u00e6tposefirma tilbyder:<\/p>\n<p>\u2705 <strong>IPX7 vandt\u00e6t beskyttelse<\/strong> (600D PVC-belagt polyester + s\u00f8ml\u00f8s svejsning)<br \/>\n\u2705 <strong>Op til 14\u2032 bordkapacitet<\/strong> med forst\u00e6rkede h\u00e5ndtag (MOQ 200 stk.)<br \/>\n\u2705 <strong>OEM\/ODM-tjenester<\/strong> til private label-tasker til surfbr\u00e6tter<br \/>\n\u2705 <strong>Produktion af surfbr\u00e6tposer i l\u00f8s v\u00e6gt<\/strong> med 10 dages hurtig levering<\/p>\n<p>Betroet af surfboardbag-grossister og professionelle surfere over hele verden. Vigtige funktioner:<br \/>\n- UV-bestandig bel\u00e6gning og anti-sand netlommer<br \/>\n- Justerbare skulderstropper og padleholdere<br \/>\n- Plads til RFID-bagagem\u00e6rker og TSA-godkendte l\u00e5se<\/p>\n<p><strong>Hvorfor v\u00e6lge vores surfbr\u00e6t-taskefabrik<\/strong>:<br \/>\n\ud83d\udd39 15+ \u00e5r som f\u00f8rende eksport\u00f8r af surfbr\u00e6tposer fra Kina<br \/>\n\ud83d\udd39 Gratis 3D-design med dit brands logo\/farver<br \/>\n\ud83d\udd39 OEKO-Tex\/SGS-certificerede materialer af marinekvalitet<br \/>\n\ud83d\udd39 30%-rabat til leverand\u00f8rer af surfbr\u00e6tposer p\u00e5 3.000+ enheder<\/p>\n<p>Anmod om gratis pr\u00f8ver af vores pro paddle surfboard tasker eller f\u00e5 \u00f8jeblikkelige tilbud. Leverand\u00f8rer af surfboardtasker nyder det:<br \/>\n- Tilpasset MOQ fra 300 stk.<br \/>\n- Batch-specifikke rapporter om saltvandskorrosion<br \/>\n- Prioriteret tildeling af luft-\/s\u00f8fragt<\/p>\n<p>- Prioriteret tildeling af luft- og s\u00f8fragt<\/p>\n<\/div>\n<\/div>\n<\/div>\n<\/div>","protected":false},"excerpt":{"rendered":"<h2 data-immersive-translate-walked=\"344be1c1-5052-41eb-8fcd-0dbe236a0d6b\" data-immersive-translate-paragraph=\"1\">Custom Pro Paddle Surfboard-taske<\/h2>\n<p><strong>1. Holdbart materiale:<\/strong> Rundt hoved, runde haledele er lavet af 1680D polyester plus 40 mm skumpolstring for at beskytte den s\u00e5rbare del af surfbr\u00e6ttet; Den gr\u00e5 del er PP-v\u00e6vet, hvilket ikke kun opretholder tekstur og udseende, men ogs\u00e5 forbedrer den vandt\u00e6tte effekt.<\/p>\n<p><strong>2. Stor opbevaringsplads:<\/strong>\u00a0Udvendige lynl\u00e5slommer er ogs\u00e5 lavet af 1680D-stof, det bedste sted at opbevare finner; der er ogs\u00e5 en lomme indeni, som kan opbevare v\u00e6rdigenstande som n\u00f8gler, mobiltelefoner, Opbevar ting separat for at undg\u00e5 skader p\u00e5 br\u00e6ttet.<\/p>","protected":false},"featured_media":3788,"template":"","meta":{"_uag_custom_page_level_css":""},"product_brand":[],"product_cat":[47,67],"product_tag":[],"class_list":{"0":"post-3777","1":"product","2":"type-product","3":"status-publish","4":"has-post-thumbnail","6":"product_cat-surfboard-bag","7":"product_cat-sports-bag","9":"first","10":"instock","11":"shipping-taxable","12":"product-type-simple"},"uagb_featured_image_src":{"full":["https:\/\/pecbag.com\/wp-content\/uploads\/2025\/05\/Custom-Pro-Paddle-Surfboard-Bag-5.jpeg",800,800,false],"thumbnail":["https:\/\/pecbag.com\/wp-content\/uploads\/2025\/05\/Custom-Pro-Paddle-Surfboard-Bag-5-150x150.jpeg",150,150,true],"medium":["https:\/\/pecbag.com\/wp-content\/uploads\/2025\/05\/Custom-Pro-Paddle-Surfboard-Bag-5-300x300.jpeg",300,300,true],"medium_large":["https:\/\/pecbag.com\/wp-content\/uploads\/2025\/05\/Custom-Pro-Paddle-Surfboard-Bag-5-768x768.jpeg",768,768,true],"large":["https:\/\/pecbag.com\/wp-content\/uploads\/2025\/05\/Custom-Pro-Paddle-Surfboard-Bag-5.jpeg",800,800,false],"1536x1536":["https:\/\/pecbag.com\/wp-content\/uploads\/2025\/05\/Custom-Pro-Paddle-Surfboard-Bag-5.jpeg",800,800,false],"2048x2048":["https:\/\/pecbag.com\/wp-content\/uploads\/2025\/05\/Custom-Pro-Paddle-Surfboard-Bag-5.jpeg",800,800,false],"trp-custom-language-flag":["https:\/\/pecbag.com\/wp-content\/uploads\/2025\/05\/Custom-Pro-Paddle-Surfboard-Bag-5-12x12.jpeg",12,12,true],"woocommerce_thumbnail":["https:\/\/pecbag.com\/wp-content\/uploads\/2025\/05\/Custom-Pro-Paddle-Surfboard-Bag-5-300x300.jpeg",300,300,true],"woocommerce_single":["https:\/\/pecbag.com\/wp-content\/uploads\/2025\/05\/Custom-Pro-Paddle-Surfboard-Bag-5-600x600.jpeg",600,600,true],"woocommerce_gallery_thumbnail":["https:\/\/pecbag.com\/wp-content\/uploads\/2025\/05\/Custom-Pro-Paddle-Surfboard-Bag-5-100x100.jpeg",100,100,true]},"uagb_author_info":{"display_name":"Lawrence","author_link":"https:\/\/pecbag.com\/da\/author\/"},"uagb_comment_info":0,"uagb_excerpt":"Custom Pro Paddle Surfboard Bag 1. Durable material: Roundhead, round tail parts are made of 1680D Polyester plus 40mm foam padding to protect the vulnerable part of the surfboard; The gray part is PP Woven, which not only maintains the texture and appearance but also enhances the waterproof effect. 2. Large storage space:\u00a0Exterior zipper pockets&hellip;","_links":{"self":[{"href":"https:\/\/pecbag.com\/da\/wp-json\/wp\/v2\/product\/3777","targetHints":{"allow":["GET"]}}],"collection":[{"href":"https:\/\/pecbag.com\/da\/wp-json\/wp\/v2\/product"}],"about":[{"href":"https:\/\/pecbag.com\/da\/wp-json\/wp\/v2\/types\/product"}],"wp:featuredmedia":[{"embeddable":true,"href":"https:\/\/pecbag.com\/da\/wp-json\/wp\/v2\/media\/3788"}],"wp:attachment":[{"href":"https:\/\/pecbag.com\/da\/wp-json\/wp\/v2\/media?parent=3777"}],"wp:term":[{"taxonomy":"product_brand","embeddable":true,"href":"https:\/\/pecbag.com\/da\/wp-json\/wp\/v2\/product_brand?post=3777"},{"taxonomy":"product_cat","embeddable":true,"href":"https:\/\/pecbag.com\/da\/wp-json\/wp\/v2\/product_cat?post=3777"},{"taxonomy":"product_tag","embeddable":true,"href":"https:\/\/pecbag.com\/da\/wp-json\/wp\/v2\/product_tag?post=3777"}],"curies":[{"name":"wp","href":"https:\/\/api.w.org\/{rel}","templated":true}]}}