{"id":3810,"date":"2025-05-28T03:47:02","date_gmt":"2025-05-28T03:47:02","guid":{"rendered":"https:\/\/pecbag.com\/?post_type=product&#038;p=3810"},"modified":"2025-11-29T01:53:11","modified_gmt":"2025-11-29T01:53:11","slug":"rainproof-pro-golf-tour-bag","status":"publish","type":"product","link":"https:\/\/pecbag.com\/da\/rainproof-pro-golf-tour-bag\/","title":{"rendered":"Regnt\u00e6t Pro Golf Tour Bag - PGA-godkendt"},"content":{"rendered":"<h5 title=\"Foldbar hundetaske \u00c5ndbar netskuldertaske til k\u00e6ledyr til sm\u00e5 hunde og katte\" data-immersive-translate-walked=\"1c928421-2e42-4cd3-8754-5404553c0af5\" data-immersive-translate-paragraph=\"1\" data-spm-anchor-id=\"a2700.details.0.i35.4f6757d4w4zNZA\">Regnt\u00e6tte Pro Golf Tour-tasker | Vandt\u00e6t taskefabrik og rygs\u00e6kproducent - Bulk Golf Solutions<\/h5>\n<div class=\"flex flex-grow flex-col max-w-full\">\n<div class=\"min-h-[20px] text-message flex w-full flex-col items-end gap-2 whitespace-pre-wrap break-words [.text-message+&amp;]:mt-5 overflow-x-auto\" dir=\"auto\" data-message-author-role=\"assistant\" data-message-id=\"3d7d46f6-7ec2-4222-9257-48fa0bba23c6\" data-suggestions=\"true\">\n<div class=\"flex w-full flex-col gap-1 empty:hidden first:pt-[3px]\">\n<div class=\"markdown prose w-full break-words dark:prose-invert light\">\n<table width=\"288\">\n<tbody>\n<tr>\n<td width=\"137\"><span style=\"color: #333333;\">Produkternes navn<\/span><\/td>\n<td width=\"151\">Golftaske<\/td>\n<\/tr>\n<tr>\n<td><span style=\"color: #333333;\">Vare nr.<\/span><\/td>\n<td><span style=\"color: #333333;\">PB-2093<\/span><\/td>\n<\/tr>\n<tr>\n<td><span style=\"color: #333333;\">Materiale<\/span><\/td>\n<td>PU-l\u00e6der + nylon<\/td>\n<\/tr>\n<tr>\n<td><span style=\"color: #333333;\">St\u00f8rrelse<\/span><\/td>\n<td>Tilpasset<\/td>\n<\/tr>\n<tr>\n<td><span style=\"color: #333333;\">\u00a0Leveringstid<\/span><\/td>\n<td><span style=\"color: #333333;\">1-5 dage for sm\u00e5 m\u00e6ngder med fly og 30-35 dage for store m\u00e6ngder med skib<\/span><\/td>\n<\/tr>\n<\/tbody>\n<\/table>\n<p>Som Kinas f\u00f8rende producent af golftasker og fabrik for vandt\u00e6tte tasker fremstiller vi professionelle regnt\u00e6tte pro-golftasker til globale golfm\u00e6rker. Vores golftaskefirma tilbyder:<\/p>\n<p>\u2705 <strong>IPX7 vandt\u00e6t beskyttelse<\/strong> (600D TPU-belagt polyester + svejsede s\u00f8mme)<br \/>\n\u2705 <strong>Kapacitet p\u00e5 14 klubber<\/strong> med individuelle skillev\u00e6gge i fuld l\u00e6ngde (MOQ 200 stk)<br \/>\n\u2705 <strong>OEM\/ODM-tjenester<\/strong> til golfbags med eget m\u00e6rke<br \/>\n\u2705 <strong>Produktion af golfbags i l\u00f8s v\u00e6gt<\/strong> med 12 dages hurtig levering<\/p>\n<p>Betroet af golfbag-grossister og PGA Tour-leverand\u00f8rer. Vigtige funktioner:<br \/>\n- Hurtigt\u00f8rrende meshpaneler og forst\u00e6rket trolley-\u00e6rme<br \/>\n- Ergonomiske dobbelte skulderstropper og UV-bestandigt stof<br \/>\n- RFID-blokerende lomme til v\u00e6rdigenstande og tee- og boldholdere<\/p>\n<p><strong>Hvorfor samarbejde med vores golfbag-fabrik<\/strong>:<br \/>\n\ud83d\udd39 15+ \u00e5r som top-eksport\u00f8r af golftasker fra Kina<br \/>\n\ud83d\udd39 Gratis 3D-design med din klubs logo\/farver<br \/>\n\ud83d\udd39 OEKO-Tex\/SGS-certificerede holdbare materialer<br \/>\n\ud83d\udd39 25%-rabat til leverand\u00f8rer af golfbags p\u00e5 2.500+ enheder<\/p>\n<p>Anmod om gratis pr\u00f8ver af vores regnt\u00e6tte golfbags, eller f\u00e5 et tilbud med det samme. Leverand\u00f8rer af golftasker nyder det:<br \/>\n- Tilpasset MOQ fra 300 stk.<br \/>\n- Batch-specifikke regnsimuleringstestrapporter<br \/>\n- Prioriteret tildeling af luft- og s\u00f8fragt<\/p>\n<\/div>\n<\/div>\n<\/div>\n<\/div>","protected":false},"excerpt":{"rendered":"<h2 data-immersive-translate-walked=\"344be1c1-5052-41eb-8fcd-0dbe236a0d6b\" data-immersive-translate-paragraph=\"1\">Regnt\u00e6t Pro Golf Tour Bag<\/h2>\n<p>Vi leverer f\u00f8rsteklasses golftourbag med fuld st\u00f8rrelse og farvetilpasning, slidst\u00e6rke stoffer og certificeret kvalitet.<\/p>\n<p>Nyd fleksible MOQ'er, hurtig global forsendelse og private label-l\u00f8sninger.<\/p>\n<p>Kontakt os i dag!<\/p>","protected":false},"featured_media":3814,"template":"","meta":{"_uag_custom_page_level_css":""},"product_brand":[],"product_cat":[51,67],"product_tag":[],"class_list":{"0":"post-3810","1":"product","2":"type-product","3":"status-publish","4":"has-post-thumbnail","6":"product_cat-golf-bag","7":"product_cat-sports-bag","9":"first","10":"instock","11":"shipping-taxable","12":"product-type-simple"},"uagb_featured_image_src":{"full":["https:\/\/pecbag.com\/wp-content\/uploads\/2025\/05\/Rainproof-Pro-Golf-Tour-Bag-2.jpg",600,600,false],"thumbnail":["https:\/\/pecbag.com\/wp-content\/uploads\/2025\/05\/Rainproof-Pro-Golf-Tour-Bag-2-150x150.jpg",150,150,true],"medium":["https:\/\/pecbag.com\/wp-content\/uploads\/2025\/05\/Rainproof-Pro-Golf-Tour-Bag-2-300x300.jpg",300,300,true],"medium_large":["https:\/\/pecbag.com\/wp-content\/uploads\/2025\/05\/Rainproof-Pro-Golf-Tour-Bag-2.jpg",600,600,false],"large":["https:\/\/pecbag.com\/wp-content\/uploads\/2025\/05\/Rainproof-Pro-Golf-Tour-Bag-2.jpg",600,600,false],"1536x1536":["https:\/\/pecbag.com\/wp-content\/uploads\/2025\/05\/Rainproof-Pro-Golf-Tour-Bag-2.jpg",600,600,false],"2048x2048":["https:\/\/pecbag.com\/wp-content\/uploads\/2025\/05\/Rainproof-Pro-Golf-Tour-Bag-2.jpg",600,600,false],"trp-custom-language-flag":["https:\/\/pecbag.com\/wp-content\/uploads\/2025\/05\/Rainproof-Pro-Golf-Tour-Bag-2-12x12.jpg",12,12,true],"woocommerce_thumbnail":["https:\/\/pecbag.com\/wp-content\/uploads\/2025\/05\/Rainproof-Pro-Golf-Tour-Bag-2-300x300.jpg",300,300,true],"woocommerce_single":["https:\/\/pecbag.com\/wp-content\/uploads\/2025\/05\/Rainproof-Pro-Golf-Tour-Bag-2.jpg",600,600,false],"woocommerce_gallery_thumbnail":["https:\/\/pecbag.com\/wp-content\/uploads\/2025\/05\/Rainproof-Pro-Golf-Tour-Bag-2-100x100.jpg",100,100,true]},"uagb_author_info":{"display_name":"Lawrence","author_link":"https:\/\/pecbag.com\/da\/author\/"},"uagb_comment_info":0,"uagb_excerpt":"Rainproof Pro Golf Tour Bag We provide premium golf tour bag with full-size and color customization, durable fabrics, and certified quality. Enjoy flexible MOQs, fast global shipping, and private label solutions. Contact us today!","_links":{"self":[{"href":"https:\/\/pecbag.com\/da\/wp-json\/wp\/v2\/product\/3810","targetHints":{"allow":["GET"]}}],"collection":[{"href":"https:\/\/pecbag.com\/da\/wp-json\/wp\/v2\/product"}],"about":[{"href":"https:\/\/pecbag.com\/da\/wp-json\/wp\/v2\/types\/product"}],"wp:featuredmedia":[{"embeddable":true,"href":"https:\/\/pecbag.com\/da\/wp-json\/wp\/v2\/media\/3814"}],"wp:attachment":[{"href":"https:\/\/pecbag.com\/da\/wp-json\/wp\/v2\/media?parent=3810"}],"wp:term":[{"taxonomy":"product_brand","embeddable":true,"href":"https:\/\/pecbag.com\/da\/wp-json\/wp\/v2\/product_brand?post=3810"},{"taxonomy":"product_cat","embeddable":true,"href":"https:\/\/pecbag.com\/da\/wp-json\/wp\/v2\/product_cat?post=3810"},{"taxonomy":"product_tag","embeddable":true,"href":"https:\/\/pecbag.com\/da\/wp-json\/wp\/v2\/product_tag?post=3810"}],"curies":[{"name":"wp","href":"https:\/\/api.w.org\/{rel}","templated":true}]}}