{"id":3832,"date":"2025-05-28T06:45:06","date_gmt":"2025-05-28T06:45:06","guid":{"rendered":"https:\/\/pecbag.com\/?post_type=product&#038;p=3832"},"modified":"2025-11-29T01:46:05","modified_gmt":"2025-11-29T01:46:05","slug":"pro-surfboard-longboard-travel-bag","status":"publish","type":"product","link":"https:\/\/pecbag.com\/da\/pro-surfboard-longboard-travel-bag\/","title":{"rendered":"Pro Surfboard Longboard Rejsetaske - 100% Vandt\u00e6t"},"content":{"rendered":"<h5 title=\"Foldbar hundetaske \u00c5ndbar netskuldertaske til k\u00e6ledyr til sm\u00e5 hunde og katte\" data-immersive-translate-walked=\"1c928421-2e42-4cd3-8754-5404553c0af5\" data-immersive-translate-paragraph=\"1\" data-spm-anchor-id=\"a2700.details.0.i35.4f6757d4w4zNZA\">Pro Surfboard Longboard Rejsetaske | Vandt\u00e6t taskefabrik og rygs\u00e6kproducent - Bulk Surf Solutions<\/h5>\n<div class=\"flex flex-grow flex-col max-w-full\">\n<div class=\"min-h-[20px] text-message flex w-full flex-col items-end gap-2 whitespace-pre-wrap break-words [.text-message+&amp;]:mt-5 overflow-x-auto\" dir=\"auto\" data-message-author-role=\"assistant\" data-message-id=\"3d7d46f6-7ec2-4222-9257-48fa0bba23c6\" data-suggestions=\"true\">\n<div class=\"flex w-full flex-col gap-1 empty:hidden first:pt-[3px]\">\n<div class=\"markdown prose w-full break-words dark:prose-invert light\">\n<table width=\"288\">\n<tbody>\n<tr>\n<td width=\"137\"><span style=\"color: #333333;\">Produkternes navn<\/span><\/td>\n<td width=\"151\">Surfboard-taske<\/td>\n<\/tr>\n<tr>\n<td><span style=\"color: #333333;\">Vare nr.<\/span><\/td>\n<td><span style=\"color: #333333;\">PB-2097<\/span><\/td>\n<\/tr>\n<tr>\n<td><span style=\"color: #333333;\">Materiale<\/span><\/td>\n<td>600D SNOW\/PVC<\/td>\n<\/tr>\n<tr>\n<td><span style=\"color: #333333;\">St\u00f8rrelse<\/span><\/td>\n<td>6'0'' x 22''x 6\"<\/td>\n<\/tr>\n<tr>\n<td><span style=\"color: #333333;\">\u00a0Leveringstid<\/span><\/td>\n<td><span style=\"color: #333333;\">1-5 dage for sm\u00e5 m\u00e6ngder med fly og 30-35 dage for store m\u00e6ngder med skib<\/span><\/td>\n<\/tr>\n<\/tbody>\n<\/table>\n<p>Som Kinas f\u00f8rende producent af surfboardtasker og vandt\u00e6t taskefabrik udvikler vi professionelle longboard-rejsetasker til globale surfingm\u00e6rker. Vores surfbr\u00e6t taske firma tilbyder:<\/p>\n<p>\u2705 <strong>IPX7 vandt\u00e6t beskyttelse<\/strong> (1000D PVC-belagt nylon + svejsede s\u00f8mme)<br \/>\n\u2705 <strong>Op til 10\u2032 longboard-kapacitet<\/strong> med polstrede h\u00e5ndtag (MOQ 200 stk)<br \/>\n\u2705 <strong>OEM\/ODM-tjenester<\/strong> til private label-tasker til surfbr\u00e6tter<br \/>\n\u2705 <strong>Produktion af surfbr\u00e6tposer i l\u00f8s v\u00e6gt<\/strong> med 10 dages hurtig levering<\/p>\n<p>Betroet af <strong>surfbr\u00e6t taske grossister<\/strong> og kystbyer. Vigtige funktioner:<br \/>\n- UV-bestandig bel\u00e6gning og anti-sand netlommer<br \/>\n- Aftagelige skulderstropper og kantbeskyttere p\u00e5 br\u00e6ttet<br \/>\n- Plads til RFID-bagagem\u00e6rker og TSA-godkendte l\u00e5se<\/p>\n<p><strong>Hvorfor samarbejde med vores fabrik for surfbr\u00e6tposer<\/strong>:<br \/>\n\ud83d\udd39 15+ \u00e5r som f\u00f8rende eksport\u00f8r af surfbr\u00e6tposer fra Kina<br \/>\n\ud83d\udd39 Gratis 3D-design med din strandklubs branding<br \/>\n\ud83d\udd39 OEKO-Tex\/SGS-certificerede materialer af marinekvalitet<br \/>\n\ud83d\udd39 25%-rabat til leverand\u00f8rer af surfbr\u00e6tposer p\u00e5 2.500+ enheder<\/p>\n<p>Anmod om gratis pr\u00f8ver af vores pro travel surfboard taske eller f\u00e5 \u00f8jeblikkelige tilbud. Leverand\u00f8rer af surfbr\u00e6t-tasker nyder det:<br \/>\n- Tilpasset MOQ fra 300 stk.<br \/>\n- Batch-specifikke rapporter om saltvandskorrosion<br \/>\n- Prioriteret tildeling af luft- og s\u00f8fragt<\/p>\n<\/div>\n<\/div>\n<\/div>\n<\/div>","protected":false},"excerpt":{"rendered":"<h2 data-immersive-translate-walked=\"344be1c1-5052-41eb-8fcd-0dbe236a0d6b\" data-immersive-translate-paragraph=\"1\">Pro Surfboard Longboard rejsetaske<\/h2>\n<p>1. TASKEST\u00d8RRELSE V\u00c6GT OG FORM: 6'0'' x 22''x 6\", 10 lbs, til boardst\u00f8rrelse op til 6'2'' x 24''; spidst hoved og stor rund hale; med \u00e5bning til finne.<\/p>\n<p>2.360\u00b0 BESKYTTELSE: Med 200 g PE-presenning indeni, 10 mm (0,4 tommer) polstring p\u00e5 hver side imellem, 600D\/1680D belagt stof p\u00e5 toppen og ekstra stofforst\u00e6rkning ved hoved- og halesektionerne p\u00e5 hver side, er denne surfbr\u00e6t-rejsetaske bygget til bekymringsfri rejser. Den beskytter din taske hele vejen rundt, is\u00e6r ved langdistancerejser.<\/p>\n<p>3. KOMFORTABEL: Denne taske har 3 fortykkede polstrede b\u00e6reh\u00e5ndtag og 1 justerbar skulderrem. Den store skulderremspude (14'' x4'' x1'') vil i h\u00f8j grad lette trykket p\u00e5 din skulder. Du kan ogs\u00e5 afmontere skulderremmen under transport p\u00e5 bilens tag eller p\u00e5 andre langdistancerejser.<\/p>","protected":false},"featured_media":3834,"template":"","meta":{"_uag_custom_page_level_css":""},"product_brand":[],"product_cat":[47,67],"product_tag":[],"class_list":{"0":"post-3832","1":"product","2":"type-product","3":"status-publish","4":"has-post-thumbnail","6":"product_cat-surfboard-bag","7":"product_cat-sports-bag","9":"first","10":"instock","11":"shipping-taxable","12":"product-type-simple"},"uagb_featured_image_src":{"full":["https:\/\/pecbag.com\/wp-content\/uploads\/2025\/05\/Pro-Surfboard-Longboard-Travel-Bag-1.jpg",808,808,false],"thumbnail":["https:\/\/pecbag.com\/wp-content\/uploads\/2025\/05\/Pro-Surfboard-Longboard-Travel-Bag-1-150x150.jpg",150,150,true],"medium":["https:\/\/pecbag.com\/wp-content\/uploads\/2025\/05\/Pro-Surfboard-Longboard-Travel-Bag-1-300x300.jpg",300,300,true],"medium_large":["https:\/\/pecbag.com\/wp-content\/uploads\/2025\/05\/Pro-Surfboard-Longboard-Travel-Bag-1-768x768.jpg",768,768,true],"large":["https:\/\/pecbag.com\/wp-content\/uploads\/2025\/05\/Pro-Surfboard-Longboard-Travel-Bag-1.jpg",800,800,false],"1536x1536":["https:\/\/pecbag.com\/wp-content\/uploads\/2025\/05\/Pro-Surfboard-Longboard-Travel-Bag-1.jpg",808,808,false],"2048x2048":["https:\/\/pecbag.com\/wp-content\/uploads\/2025\/05\/Pro-Surfboard-Longboard-Travel-Bag-1.jpg",808,808,false],"trp-custom-language-flag":["https:\/\/pecbag.com\/wp-content\/uploads\/2025\/05\/Pro-Surfboard-Longboard-Travel-Bag-1-12x12.jpg",12,12,true],"woocommerce_thumbnail":["https:\/\/pecbag.com\/wp-content\/uploads\/2025\/05\/Pro-Surfboard-Longboard-Travel-Bag-1-300x300.jpg",300,300,true],"woocommerce_single":["https:\/\/pecbag.com\/wp-content\/uploads\/2025\/05\/Pro-Surfboard-Longboard-Travel-Bag-1-600x600.jpg",600,600,true],"woocommerce_gallery_thumbnail":["https:\/\/pecbag.com\/wp-content\/uploads\/2025\/05\/Pro-Surfboard-Longboard-Travel-Bag-1-100x100.jpg",100,100,true]},"uagb_author_info":{"display_name":"Lawrence","author_link":"https:\/\/pecbag.com\/da\/author\/"},"uagb_comment_info":0,"uagb_excerpt":"Pro Surfboard Longboard Travel Bag 1.BAG SIZE WEIGHT AND SHAPE: 6\u20190\u2019\u2019 x 22\u2019\u2019x 6'', 10 lbs, for board size up to 6\u20192\u2019\u2019 x 24\u2019\u2019; pointed head and big round tail; with fin slot opening 2.360\u00b0 PROTECTION: With 200g PE tarpaulin inside, 10mm (0.4 inches) padding on each side in between, 600D\/1680D coated fabric on top,&hellip;","_links":{"self":[{"href":"https:\/\/pecbag.com\/da\/wp-json\/wp\/v2\/product\/3832","targetHints":{"allow":["GET"]}}],"collection":[{"href":"https:\/\/pecbag.com\/da\/wp-json\/wp\/v2\/product"}],"about":[{"href":"https:\/\/pecbag.com\/da\/wp-json\/wp\/v2\/types\/product"}],"wp:featuredmedia":[{"embeddable":true,"href":"https:\/\/pecbag.com\/da\/wp-json\/wp\/v2\/media\/3834"}],"wp:attachment":[{"href":"https:\/\/pecbag.com\/da\/wp-json\/wp\/v2\/media?parent=3832"}],"wp:term":[{"taxonomy":"product_brand","embeddable":true,"href":"https:\/\/pecbag.com\/da\/wp-json\/wp\/v2\/product_brand?post=3832"},{"taxonomy":"product_cat","embeddable":true,"href":"https:\/\/pecbag.com\/da\/wp-json\/wp\/v2\/product_cat?post=3832"},{"taxonomy":"product_tag","embeddable":true,"href":"https:\/\/pecbag.com\/da\/wp-json\/wp\/v2\/product_tag?post=3832"}],"curies":[{"name":"wp","href":"https:\/\/api.w.org\/{rel}","templated":true}]}}