{"id":3840,"date":"2025-05-28T07:05:51","date_gmt":"2025-05-28T07:05:51","guid":{"rendered":"https:\/\/pecbag.com\/?post_type=product&#038;p=3840"},"modified":"2025-11-29T01:44:48","modified_gmt":"2025-11-29T01:44:48","slug":"cleaning-tool-bag-manufacturer","status":"publish","type":"product","link":"https:\/\/pecbag.com\/da\/cleaning-tool-bag-manufacturer\/","title":{"rendered":"Producent af reng\u00f8ringsv\u00e6rkt\u00f8jstasker"},"content":{"rendered":"<h5 title=\"Foldbar hundetaske \u00c5ndbar netskuldertaske til k\u00e6ledyr til sm\u00e5 hunde og katte\" data-immersive-translate-walked=\"1c928421-2e42-4cd3-8754-5404553c0af5\" data-immersive-translate-paragraph=\"1\" data-spm-anchor-id=\"a2700.details.0.i35.4f6757d4w4zNZA\">Producent af reng\u00f8ringsv\u00e6rkt\u00f8jstasker | Fabrikant af vandt\u00e6tte tasker og rygs\u00e6kke - Bulk Solutions<\/h5>\n<div class=\"flex flex-grow flex-col max-w-full\">\n<div class=\"min-h-[20px] text-message flex w-full flex-col items-end gap-2 whitespace-pre-wrap break-words [.text-message+&amp;]:mt-5 overflow-x-auto\" dir=\"auto\" data-message-author-role=\"assistant\" data-message-id=\"3d7d46f6-7ec2-4222-9257-48fa0bba23c6\" data-suggestions=\"true\">\n<div class=\"flex w-full flex-col gap-1 empty:hidden first:pt-[3px]\">\n<div class=\"markdown prose w-full break-words dark:prose-invert light\">\n<table width=\"288\">\n<tbody>\n<tr>\n<td width=\"137\"><span style=\"color: #333333;\">Produkternes navn<\/span><\/td>\n<td width=\"151\">V\u00e6rkt\u00f8jstaske<\/td>\n<\/tr>\n<tr>\n<td><span style=\"color: #333333;\">Vare nr.<\/span><\/td>\n<td><span style=\"color: #333333;\">PB-2098<\/span><\/td>\n<\/tr>\n<tr>\n<td><span style=\"color: #333333;\">Materiale<\/span><\/td>\n<td>600D snefnug<\/td>\n<\/tr>\n<tr>\n<td><span style=\"color: #333333;\">\u00a0St\u00f8rrelse og farve<\/span><\/td>\n<td>15,5 x 8,8 x 10 tommer<\/td>\n<\/tr>\n<tr>\n<td><span style=\"color: #333333;\">\u00a0Leveringstid<\/span><\/td>\n<td><span style=\"color: #333333;\">1-5 dage for sm\u00e5 m\u00e6ngder med fly og 30-35 dage for store m\u00e6ngder med skib<\/span><\/td>\n<\/tr>\n<\/tbody>\n<\/table>\n<p>Som Kinas f\u00f8rende producent af v\u00e6rkt\u00f8jstasker og fabrik for vandt\u00e6tte tasker producerer vi kraftige reng\u00f8ringsv\u00e6rkt\u00f8jstasker til globale industrim\u00e6rker. Vores v\u00e6rkt\u00f8jstaskefirma tilbyder:<\/p>\n<p>\u2705 <strong>IPX5 vandt\u00e6tte v\u00e6rkt\u00f8jstasker<\/strong> (600D polyester + svejsede s\u00f8mme)<br \/>\n\u2705 <strong>Tilpassede rum<\/strong> til reng\u00f8ringsudstyr (MOQ 300 stk.)<br \/>\n\u2705 <strong>OEM\/ODM-tjenester<\/strong> til v\u00e6rkt\u00f8jstasker med eget m\u00e6rke<br \/>\n\u2705 <strong>Produktion af v\u00e6rkt\u00f8jstasker i l\u00f8s v\u00e6gt<\/strong> med 10 dages levering<\/p>\n<p>Betroet af grossister i v\u00e6rkt\u00f8jstasker og leverand\u00f8rer af reng\u00f8ringsartikler. Vigtige funktioner:<br \/>\n- Anti-mikrobiel foring og forst\u00e6rkede b\u00e6reh\u00e5ndtag<br \/>\n- MOLLE-b\u00e5nd til fastg\u00f8relse af v\u00e6rkt\u00f8j og aftagelige stropper<br \/>\n- RFID-aktivtags og farvekodede organisationspaneler<\/p>\n<p><strong>Hvorfor samarbejde med vores v\u00e6rkt\u00f8jstaskefabrik<\/strong>:<br \/>\n\ud83d\udd39 12+ \u00e5r som f\u00f8rende eksport\u00f8r af v\u00e6rkt\u00f8jstasker fra Kina<br \/>\n\ud83d\udd39 Gratis 3D-design med din industrielle branding<br \/>\n\ud83d\udd39 OEKO-Tex\/SGS-certificerede slidst\u00e6rke materialer<br \/>\n\ud83d\udd39 30%-rabat til leverand\u00f8rer af v\u00e6rkt\u00f8jstasker p\u00e5 2.500+ enheder<\/p>\n<p>Anmod om gratis pr\u00f8ver af vores reng\u00f8ringsv\u00e6rkt\u00f8jstaske, eller f\u00e5 \u00f8jeblikkelige tilbud. Leverand\u00f8rer af v\u00e6rkt\u00f8jstasker nyder det:<br \/>\n- Tilpasset MOQ fra 300 stk.<br \/>\n- Batch-specifikke slibetestrapporter<br \/>\n- Prioriteret tildeling af luft- og s\u00f8fragt<\/p>\n<\/div>\n<\/div>\n<\/div>\n<\/div>","protected":false},"excerpt":{"rendered":"<h2 data-immersive-translate-walked=\"344be1c1-5052-41eb-8fcd-0dbe236a0d6b\" data-immersive-translate-paragraph=\"1\">Producent af reng\u00f8ringsv\u00e6rkt\u00f8jstasker | Tilpassede OEM-l\u00f8sninger<\/h2>\n<p>1. STOR KAPACITET: Reng\u00f8ringstasken har 4 foldbare indvendige skillev\u00e6gge, der opdeler et stort rum i 5 rum, hvilket g\u00f8r det nemt at organisere dine reng\u00f8ringsartikler p\u00e6nt. Bagsiden har en tyverisikret lomme til telefoner, visitkort, opladere og meget mere.<\/p>\n<p>2. MANGE LOMMER: Store l\u00e6kagesikre lommer p\u00e5 siden er gode til st\u00f8rre flasker, v\u00e5de klude, svampe og b\u00f8rster, s\u00e5 reng\u00f8ringsredskaberne er nemme at have med, og man aldrig skal bekymre sig om at miste dem igen.<\/p>","protected":false},"featured_media":3843,"template":"","meta":{"_uag_custom_page_level_css":""},"product_brand":[],"product_cat":[49],"product_tag":[],"class_list":{"0":"post-3840","1":"product","2":"type-product","3":"status-publish","4":"has-post-thumbnail","6":"product_cat-tool-bag","8":"first","9":"instock","10":"shipping-taxable","11":"product-type-simple"},"uagb_featured_image_src":{"full":["https:\/\/pecbag.com\/wp-content\/uploads\/2025\/05\/Cleaning-Tool-Bag-Manufacturer-2.jpeg",1500,1500,false],"thumbnail":["https:\/\/pecbag.com\/wp-content\/uploads\/2025\/05\/Cleaning-Tool-Bag-Manufacturer-2-150x150.jpeg",150,150,true],"medium":["https:\/\/pecbag.com\/wp-content\/uploads\/2025\/05\/Cleaning-Tool-Bag-Manufacturer-2-300x300.jpeg",300,300,true],"medium_large":["https:\/\/pecbag.com\/wp-content\/uploads\/2025\/05\/Cleaning-Tool-Bag-Manufacturer-2-768x768.jpeg",768,768,true],"large":["https:\/\/pecbag.com\/wp-content\/uploads\/2025\/05\/Cleaning-Tool-Bag-Manufacturer-2-1024x1024.jpeg",800,800,true],"1536x1536":["https:\/\/pecbag.com\/wp-content\/uploads\/2025\/05\/Cleaning-Tool-Bag-Manufacturer-2.jpeg",1500,1500,false],"2048x2048":["https:\/\/pecbag.com\/wp-content\/uploads\/2025\/05\/Cleaning-Tool-Bag-Manufacturer-2.jpeg",1500,1500,false],"trp-custom-language-flag":["https:\/\/pecbag.com\/wp-content\/uploads\/2025\/05\/Cleaning-Tool-Bag-Manufacturer-2-12x12.jpeg",12,12,true],"woocommerce_thumbnail":["https:\/\/pecbag.com\/wp-content\/uploads\/2025\/05\/Cleaning-Tool-Bag-Manufacturer-2-300x300.jpeg",300,300,true],"woocommerce_single":["https:\/\/pecbag.com\/wp-content\/uploads\/2025\/05\/Cleaning-Tool-Bag-Manufacturer-2-600x600.jpeg",600,600,true],"woocommerce_gallery_thumbnail":["https:\/\/pecbag.com\/wp-content\/uploads\/2025\/05\/Cleaning-Tool-Bag-Manufacturer-2-100x100.jpeg",100,100,true]},"uagb_author_info":{"display_name":"Lawrence","author_link":"https:\/\/pecbag.com\/da\/author\/"},"uagb_comment_info":0,"uagb_excerpt":"Cleaning Tool Bag Manufacturer | Custom OEM Solutions 1. LARGE CAPACITY: The cleaning caddy bag features 4 foldable inner dividers, dividing a large compartment into 5 compartments, making it easy to organize your cleaning supplies neatly. The back has an anti-theft pocket to keep phones, business cards, chargers, and more. 2. MANY POCKETS: Large leak-proof&hellip;","_links":{"self":[{"href":"https:\/\/pecbag.com\/da\/wp-json\/wp\/v2\/product\/3840","targetHints":{"allow":["GET"]}}],"collection":[{"href":"https:\/\/pecbag.com\/da\/wp-json\/wp\/v2\/product"}],"about":[{"href":"https:\/\/pecbag.com\/da\/wp-json\/wp\/v2\/types\/product"}],"wp:featuredmedia":[{"embeddable":true,"href":"https:\/\/pecbag.com\/da\/wp-json\/wp\/v2\/media\/3843"}],"wp:attachment":[{"href":"https:\/\/pecbag.com\/da\/wp-json\/wp\/v2\/media?parent=3840"}],"wp:term":[{"taxonomy":"product_brand","embeddable":true,"href":"https:\/\/pecbag.com\/da\/wp-json\/wp\/v2\/product_brand?post=3840"},{"taxonomy":"product_cat","embeddable":true,"href":"https:\/\/pecbag.com\/da\/wp-json\/wp\/v2\/product_cat?post=3840"},{"taxonomy":"product_tag","embeddable":true,"href":"https:\/\/pecbag.com\/da\/wp-json\/wp\/v2\/product_tag?post=3840"}],"curies":[{"name":"wp","href":"https:\/\/api.w.org\/{rel}","templated":true}]}}