{"id":3847,"date":"2025-05-28T07:17:44","date_gmt":"2025-05-28T07:17:44","guid":{"rendered":"https:\/\/pecbag.com\/?post_type=product&#038;p=3847"},"modified":"2025-11-29T01:44:36","modified_gmt":"2025-11-29T01:44:36","slug":"professional-electrician-tool-carry-bag","status":"publish","type":"product","link":"https:\/\/pecbag.com\/da\/professional-electrician-tool-carry-bag\/","title":{"rendered":"B\u00e6retaske til professionelt elektrikerv\u00e6rkt\u00f8j"},"content":{"rendered":"<h5 title=\"Foldbar hundetaske \u00c5ndbar netskuldertaske til k\u00e6ledyr til sm\u00e5 hunde og katte\" data-immersive-translate-walked=\"1c928421-2e42-4cd3-8754-5404553c0af5\" data-immersive-translate-paragraph=\"1\" data-spm-anchor-id=\"a2700.details.0.i35.4f6757d4w4zNZA\">Professionelle b\u00e6retasker til elektrikerv\u00e6rkt\u00f8j | Vandt\u00e6t taskefabrik og rygs\u00e6kproducent - Bulk Industrial Solutions<\/h5>\n<div class=\"flex flex-grow flex-col max-w-full\">\n<div class=\"min-h-[20px] text-message flex w-full flex-col items-end gap-2 whitespace-pre-wrap break-words [.text-message+&amp;]:mt-5 overflow-x-auto\" dir=\"auto\" data-message-author-role=\"assistant\" data-message-id=\"3d7d46f6-7ec2-4222-9257-48fa0bba23c6\" data-suggestions=\"true\">\n<div class=\"flex w-full flex-col gap-1 empty:hidden first:pt-[3px]\">\n<div class=\"markdown prose w-full break-words dark:prose-invert light\">\n<table width=\"288\">\n<tbody>\n<tr>\n<td width=\"137\"><span style=\"color: #333333;\">Produkternes navn<\/span><\/td>\n<td width=\"151\">V\u00e6rkt\u00f8jstaske<\/td>\n<\/tr>\n<tr>\n<td><span style=\"color: #333333;\">Vare nr.<\/span><\/td>\n<td><span style=\"color: #333333;\">PB-2099<\/span><\/td>\n<\/tr>\n<tr>\n<td><span style=\"color: #333333;\">Materiale<\/span><\/td>\n<td>600D polyester<\/td>\n<\/tr>\n<tr>\n<td><span style=\"color: #333333;\">\u00a0St\u00f8rrelse og farve<\/span><\/td>\n<td>15 x 11 x 5 tommer<\/td>\n<\/tr>\n<tr>\n<td><span style=\"color: #333333;\">\u00a0Leveringstid<\/span><\/td>\n<td><span style=\"color: #333333;\">1-5 dage for sm\u00e5 m\u00e6ngder med fly og 30-35 dage for store m\u00e6ngder med skib<\/span><\/td>\n<\/tr>\n<\/tbody>\n<\/table>\n<p>Som Kinas f\u00f8rende producent af v\u00e6rkt\u00f8jstasker og fabrik for vandt\u00e6tte tasker udvikler vi professionelle b\u00e6retasker til elektrikerv\u00e6rkt\u00f8j til globale industrim\u00e6rker. Vores v\u00e6rkt\u00f8jstaskefirma tilbyder:<\/p>\n<p>\u2705 <strong>IPX5 vandt\u00e6t beskyttelse<\/strong> (600D polyester + svejsede s\u00f8mme)<br \/>\n\u2705 <strong>Rum, der kan tilpasses<\/strong> til elektrisk v\u00e6rkt\u00f8j (MOQ 300 stk)<br \/>\n\u2705 <strong>OEM\/ODM-tjenester<\/strong> til v\u00e6rkt\u00f8jstasker med eget m\u00e6rke<br \/>\n\u2705 <strong>Produktion af v\u00e6rkt\u00f8jstasker i l\u00f8s v\u00e6gt<\/strong> med 10 dages levering<\/p>\n<p>Betroet af grossister i v\u00e6rkt\u00f8jstasker og MRO-leverand\u00f8rer. Vigtige funktioner:<br \/>\n- Antistatisk foring og isolerede v\u00e6rkt\u00f8jslommer<br \/>\n- MOLLE-b\u00e5nd + aftagelige skulderstropper<br \/>\n- RFID-aktivtags og farvekodet organisation<\/p>\n<p><strong>Hvorfor samarbejde med vores v\u00e6rkt\u00f8jstaskefabrik<\/strong>:<br \/>\n\ud83d\udd39 15+ \u00e5r som f\u00f8rende eksport\u00f8r af v\u00e6rkt\u00f8jstasker fra Kina<br \/>\n\ud83d\udd39 Gratis 3D-design med din industrielle branding<br \/>\n\ud83d\udd39 OEKO-Tex\/SGS-certificerede flammeh\u00e6mmende materialer<br \/>\n\ud83d\udd39 30%-rabat til leverand\u00f8rer af v\u00e6rkt\u00f8jstasker p\u00e5 3.000+ enheder<\/p>\n<p>Anmod om gratis pr\u00f8ver af vores elektriker-v\u00e6rkt\u00f8jstaske, eller f\u00e5 \u00f8jeblikkelige tilbud. Leverand\u00f8rer af v\u00e6rkt\u00f8jstasker nyder det:<br \/>\n- Tilpasset MOQ fra 300 stk.<br \/>\n- Batch-specifikke dielektriske testrapporter<br \/>\n- Prioriteret tildeling af luft- og s\u00f8fragt<\/p>\n<\/div>\n<\/div>\n<\/div>\n<\/div>","protected":false},"excerpt":{"rendered":"<h2 data-immersive-translate-walked=\"344be1c1-5052-41eb-8fcd-0dbe236a0d6b\" data-immersive-translate-paragraph=\"1\">Professionel b\u00e6retaske til elektrikerv\u00e6rkt\u00f8j - brugerdefineret vandt\u00e6t OEM<\/h2>\n<p>1. Den indvendige metalramme giver nem adgang og forhindrer tasken i at falde sammen indad.<\/p>\n<p>2. Tredobbelt syet konstruktion, robuste tr\u00e6kh\u00e5ndtag, SBS-lynl\u00e5se, metalbeslag og slidst\u00e6rk bund.<\/p>","protected":false},"featured_media":3848,"template":"","meta":{"_uag_custom_page_level_css":""},"product_brand":[],"product_cat":[49],"product_tag":[],"class_list":{"0":"post-3847","1":"product","2":"type-product","3":"status-publish","4":"has-post-thumbnail","6":"product_cat-tool-bag","8":"first","9":"instock","10":"shipping-taxable","11":"product-type-simple"},"uagb_featured_image_src":{"full":["https:\/\/pecbag.com\/wp-content\/uploads\/2025\/05\/Professional-Electrician-Tool-Carry-Bag-5.jpeg",600,600,false],"thumbnail":["https:\/\/pecbag.com\/wp-content\/uploads\/2025\/05\/Professional-Electrician-Tool-Carry-Bag-5-150x150.jpeg",150,150,true],"medium":["https:\/\/pecbag.com\/wp-content\/uploads\/2025\/05\/Professional-Electrician-Tool-Carry-Bag-5-300x300.jpeg",300,300,true],"medium_large":["https:\/\/pecbag.com\/wp-content\/uploads\/2025\/05\/Professional-Electrician-Tool-Carry-Bag-5.jpeg",600,600,false],"large":["https:\/\/pecbag.com\/wp-content\/uploads\/2025\/05\/Professional-Electrician-Tool-Carry-Bag-5.jpeg",600,600,false],"1536x1536":["https:\/\/pecbag.com\/wp-content\/uploads\/2025\/05\/Professional-Electrician-Tool-Carry-Bag-5.jpeg",600,600,false],"2048x2048":["https:\/\/pecbag.com\/wp-content\/uploads\/2025\/05\/Professional-Electrician-Tool-Carry-Bag-5.jpeg",600,600,false],"trp-custom-language-flag":["https:\/\/pecbag.com\/wp-content\/uploads\/2025\/05\/Professional-Electrician-Tool-Carry-Bag-5-12x12.jpeg",12,12,true],"woocommerce_thumbnail":["https:\/\/pecbag.com\/wp-content\/uploads\/2025\/05\/Professional-Electrician-Tool-Carry-Bag-5-300x300.jpeg",300,300,true],"woocommerce_single":["https:\/\/pecbag.com\/wp-content\/uploads\/2025\/05\/Professional-Electrician-Tool-Carry-Bag-5.jpeg",600,600,false],"woocommerce_gallery_thumbnail":["https:\/\/pecbag.com\/wp-content\/uploads\/2025\/05\/Professional-Electrician-Tool-Carry-Bag-5-100x100.jpeg",100,100,true]},"uagb_author_info":{"display_name":"Lawrence","author_link":"https:\/\/pecbag.com\/da\/author\/"},"uagb_comment_info":0,"uagb_excerpt":"Professional Electrician Tool Carry Bag - Custom Waterproof OEM 1. The internal metal frame provides easy access and prevents the bag from collapsing inward. 2. Triple needle-stitch construction, rugged haul handles, SBS zippers, metal hardware, and abrasion-resistant base.","_links":{"self":[{"href":"https:\/\/pecbag.com\/da\/wp-json\/wp\/v2\/product\/3847","targetHints":{"allow":["GET"]}}],"collection":[{"href":"https:\/\/pecbag.com\/da\/wp-json\/wp\/v2\/product"}],"about":[{"href":"https:\/\/pecbag.com\/da\/wp-json\/wp\/v2\/types\/product"}],"wp:featuredmedia":[{"embeddable":true,"href":"https:\/\/pecbag.com\/da\/wp-json\/wp\/v2\/media\/3848"}],"wp:attachment":[{"href":"https:\/\/pecbag.com\/da\/wp-json\/wp\/v2\/media?parent=3847"}],"wp:term":[{"taxonomy":"product_brand","embeddable":true,"href":"https:\/\/pecbag.com\/da\/wp-json\/wp\/v2\/product_brand?post=3847"},{"taxonomy":"product_cat","embeddable":true,"href":"https:\/\/pecbag.com\/da\/wp-json\/wp\/v2\/product_cat?post=3847"},{"taxonomy":"product_tag","embeddable":true,"href":"https:\/\/pecbag.com\/da\/wp-json\/wp\/v2\/product_tag?post=3847"}],"curies":[{"name":"wp","href":"https:\/\/api.w.org\/{rel}","templated":true}]}}