{"id":3875,"date":"2025-05-28T08:26:55","date_gmt":"2025-05-28T08:26:55","guid":{"rendered":"https:\/\/pecbag.com\/?post_type=product&#038;p=3875"},"modified":"2025-11-29T01:30:49","modified_gmt":"2025-11-29T01:30:49","slug":"large-cosmetic-pouch-manufacturer","status":"publish","type":"product","link":"https:\/\/pecbag.com\/da\/large-cosmetic-pouch-manufacturer\/","title":{"rendered":"Producent af store kosmetikposer"},"content":{"rendered":"<h5 title=\"Foldbar hundetaske \u00c5ndbar netskuldertaske til k\u00e6ledyr til sm\u00e5 hunde og katte\" data-immersive-translate-walked=\"1c928421-2e42-4cd3-8754-5404553c0af5\" data-immersive-translate-paragraph=\"1\" data-spm-anchor-id=\"a2700.details.0.i35.4f6757d4w4zNZA\">Producent af store kosmetikposer, vandt\u00e6t taskefabrik og rygs\u00e6kproducent - Bulk Beauty Solutions<\/h5>\n<div class=\"flex flex-grow flex-col max-w-full\">\n<div class=\"min-h-[20px] text-message flex w-full flex-col items-end gap-2 whitespace-pre-wrap break-words [.text-message+&amp;]:mt-5 overflow-x-auto\" dir=\"auto\" data-message-author-role=\"assistant\" data-message-id=\"3d7d46f6-7ec2-4222-9257-48fa0bba23c6\" data-suggestions=\"true\">\n<div class=\"flex w-full flex-col gap-1 empty:hidden first:pt-[3px]\">\n<div class=\"markdown prose w-full break-words dark:prose-invert light\">\n<table width=\"288\">\n<tbody>\n<tr>\n<td width=\"137\"><span style=\"color: #333333;\">Produkternes navn<\/span><\/td>\n<td width=\"151\"><span style=\"color: #333333;\">Makeup-taske<\/span><\/td>\n<\/tr>\n<tr>\n<td><span style=\"color: #333333;\">Vare nr.<\/span><\/td>\n<td><span style=\"color: #333333;\">PB-2103<\/span><\/td>\n<\/tr>\n<tr>\n<td><span style=\"color: #333333;\">Materiale<\/span><\/td>\n<td><span style=\"color: #333333;\">Bomuld, polyester, fleece<\/span><\/td>\n<\/tr>\n<tr>\n<td><span style=\"color: #333333;\">\u00a0St\u00f8rrelse og farve<\/span><\/td>\n<td><span style=\"color: #333333;\">Tilpasset<\/span><\/td>\n<\/tr>\n<tr>\n<td><span style=\"color: #333333;\">\u00a0Leveringstid<\/span><\/td>\n<td><span style=\"color: #333333;\">1-5 dage for sm\u00e5 m\u00e6ngder med fly og 30-35 dage for store m\u00e6ngder med skib<\/span><\/td>\n<\/tr>\n<\/tbody>\n<\/table>\n<p>Som Kinas f\u00f8rende producent af makeup-tasker og fabrik for vandt\u00e6tte tasker har vi specialiseret os i at producere store kosmetikposer til globale sk\u00f8nhedsm\u00e6rker. Vores makeup-taskefirma leverer:<\/p>\n<p>\u2705 <strong>IPX5 vandt\u00e6tte lynl\u00e5se<\/strong> (vegansk l\u00e6der + 600D genbrugspolyester)<br \/>\n\u2705 <strong>Overdimensionerede rum<\/strong> med \u00e5bninger til b\u00f8rste\/spejl (MOQ 200 stk.)<br \/>\n\u2705 <strong>ODM\/OEM-tjenester<\/strong> til makeup-tasker af eget m\u00e6rke<br \/>\n\u2705 <strong>Produktion af makeup-poser i l\u00f8s v\u00e6gt<\/strong> med 12-dages levering<\/p>\n<p>Betroet af makeup-taske-grossister og forhandlere af luksuskosmetik. Vigtige funktioner:<br \/>\n- RFID-blokerende kortlommer og anti-tarnish-foring<br \/>\n- Aftagelige h\u00e5ndledsremme og gaveklar emballage<br \/>\n- OEKO-Tex-certificerede grusomhedsfrie materialer<\/p>\n<p><strong>Hvorfor v\u00e6lge vores makeup-taskefabrik<\/strong>:<br \/>\n\ud83d\udd39 15+ \u00e5r som f\u00f8rende eksport\u00f8r af makeup-tasker fra Kina<br \/>\n\ud83d\udd39 Gratis 3D-design med dit brands farvepalet<br \/>\n\ud83d\udd39 SGS\/REACH-certificeret b\u00e6redygtig produktion<br \/>\n\ud83d\udd39 30%-rabat til leverand\u00f8rer af makeup-tasker p\u00e5 3.000+ enheder<\/p>\n<p>Anmod om gratis pr\u00f8ver af vores kosmetikpose eller f\u00e5 \u00f8jeblikkelige tilbud. Makeup taske leverand\u00f8rer nyder:<br \/>\n- Tilpasset MOQ fra 200 stk.<br \/>\n- Batch-specifikke kvalitetscertificeringer<br \/>\n- Prioriteret tildeling af luft-\/s\u00f8fragt<\/p>\n<\/div>\n<\/div>\n<\/div>\n<\/div>","protected":false},"excerpt":{"rendered":"<h2 data-immersive-translate-walked=\"344be1c1-5052-41eb-8fcd-0dbe236a0d6b\" data-immersive-translate-paragraph=\"1\">Producent af store kosmetikposer<\/h2>\n<p>Vi leverer f\u00f8rsteklasses tasker med fuld st\u00f8rrelse og farvetilpasning, slidst\u00e6rke stoffer og certificeret kvalitet.<\/p>\n<p>Nyd fleksible MOQ'er, hurtig global forsendelse og private label-l\u00f8sninger.<\/p>\n<p>Kontakt os i dag!<\/p>","protected":false},"featured_media":3880,"template":"","meta":{"_uag_custom_page_level_css":""},"product_brand":[],"product_cat":[53],"product_tag":[],"class_list":{"0":"post-3875","1":"product","2":"type-product","3":"status-publish","4":"has-post-thumbnail","6":"product_cat-makeup-bag","8":"first","9":"instock","10":"shipping-taxable","11":"product-type-simple"},"uagb_featured_image_src":{"full":["https:\/\/pecbag.com\/wp-content\/uploads\/2025\/05\/Large-Cosmetic-Pouch-Manufacturer-2.jpeg",600,600,false],"thumbnail":["https:\/\/pecbag.com\/wp-content\/uploads\/2025\/05\/Large-Cosmetic-Pouch-Manufacturer-2-150x150.jpeg",150,150,true],"medium":["https:\/\/pecbag.com\/wp-content\/uploads\/2025\/05\/Large-Cosmetic-Pouch-Manufacturer-2-300x300.jpeg",300,300,true],"medium_large":["https:\/\/pecbag.com\/wp-content\/uploads\/2025\/05\/Large-Cosmetic-Pouch-Manufacturer-2.jpeg",600,600,false],"large":["https:\/\/pecbag.com\/wp-content\/uploads\/2025\/05\/Large-Cosmetic-Pouch-Manufacturer-2.jpeg",600,600,false],"1536x1536":["https:\/\/pecbag.com\/wp-content\/uploads\/2025\/05\/Large-Cosmetic-Pouch-Manufacturer-2.jpeg",600,600,false],"2048x2048":["https:\/\/pecbag.com\/wp-content\/uploads\/2025\/05\/Large-Cosmetic-Pouch-Manufacturer-2.jpeg",600,600,false],"trp-custom-language-flag":["https:\/\/pecbag.com\/wp-content\/uploads\/2025\/05\/Large-Cosmetic-Pouch-Manufacturer-2-12x12.jpeg",12,12,true],"woocommerce_thumbnail":["https:\/\/pecbag.com\/wp-content\/uploads\/2025\/05\/Large-Cosmetic-Pouch-Manufacturer-2-300x300.jpeg",300,300,true],"woocommerce_single":["https:\/\/pecbag.com\/wp-content\/uploads\/2025\/05\/Large-Cosmetic-Pouch-Manufacturer-2.jpeg",600,600,false],"woocommerce_gallery_thumbnail":["https:\/\/pecbag.com\/wp-content\/uploads\/2025\/05\/Large-Cosmetic-Pouch-Manufacturer-2-100x100.jpeg",100,100,true]},"uagb_author_info":{"display_name":"Lawrence","author_link":"https:\/\/pecbag.com\/da\/author\/"},"uagb_comment_info":0,"uagb_excerpt":"Large Cosmetic Pouch Manufacturer We provide premium bags with full-size and color customization, durable fabrics, and certified quality. Enjoy flexible MOQs, fast global shipping, and private label solutions. Contact us today!","_links":{"self":[{"href":"https:\/\/pecbag.com\/da\/wp-json\/wp\/v2\/product\/3875","targetHints":{"allow":["GET"]}}],"collection":[{"href":"https:\/\/pecbag.com\/da\/wp-json\/wp\/v2\/product"}],"about":[{"href":"https:\/\/pecbag.com\/da\/wp-json\/wp\/v2\/types\/product"}],"wp:featuredmedia":[{"embeddable":true,"href":"https:\/\/pecbag.com\/da\/wp-json\/wp\/v2\/media\/3880"}],"wp:attachment":[{"href":"https:\/\/pecbag.com\/da\/wp-json\/wp\/v2\/media?parent=3875"}],"wp:term":[{"taxonomy":"product_brand","embeddable":true,"href":"https:\/\/pecbag.com\/da\/wp-json\/wp\/v2\/product_brand?post=3875"},{"taxonomy":"product_cat","embeddable":true,"href":"https:\/\/pecbag.com\/da\/wp-json\/wp\/v2\/product_cat?post=3875"},{"taxonomy":"product_tag","embeddable":true,"href":"https:\/\/pecbag.com\/da\/wp-json\/wp\/v2\/product_tag?post=3875"}],"curies":[{"name":"wp","href":"https:\/\/api.w.org\/{rel}","templated":true}]}}