{"id":3889,"date":"2025-05-28T08:44:52","date_gmt":"2025-05-28T08:44:52","guid":{"rendered":"https:\/\/pecbag.com\/?post_type=product&#038;p=3889"},"modified":"2025-11-29T01:30:37","modified_gmt":"2025-11-29T01:30:37","slug":"multifunctional-storage-makeup-bag","status":"publish","type":"product","link":"https:\/\/pecbag.com\/da\/multifunctional-storage-makeup-bag\/","title":{"rendered":"Multifunktionel makeup-taske til opbevaring"},"content":{"rendered":"<h5 title=\"Foldbar hundetaske \u00c5ndbar netskuldertaske til k\u00e6ledyr til sm\u00e5 hunde og katte\" data-immersive-translate-walked=\"1c928421-2e42-4cd3-8754-5404553c0af5\" data-immersive-translate-paragraph=\"1\" data-spm-anchor-id=\"a2700.details.0.i35.4f6757d4w4zNZA\">Multifunktionelle opbevaringstasker til makeup, vandt\u00e6t taskefabrik og producent af rygs\u00e6kke - Bulk Beauty Solutions<\/h5>\n<div class=\"flex flex-grow flex-col max-w-full\">\n<div class=\"min-h-[20px] text-message flex w-full flex-col items-end gap-2 whitespace-pre-wrap break-words [.text-message+&amp;]:mt-5 overflow-x-auto\" dir=\"auto\" data-message-author-role=\"assistant\" data-message-id=\"3d7d46f6-7ec2-4222-9257-48fa0bba23c6\" data-suggestions=\"true\">\n<div class=\"flex w-full flex-col gap-1 empty:hidden first:pt-[3px]\">\n<div class=\"markdown prose w-full break-words dark:prose-invert light\">\n<table width=\"288\">\n<tbody>\n<tr>\n<td width=\"137\"><span style=\"color: #333333;\">Produkternes navn<\/span><\/td>\n<td width=\"151\"><span style=\"color: #333333;\">Makeup-taske<\/span><\/td>\n<\/tr>\n<tr>\n<td><span style=\"color: #333333;\">Vare nr.<\/span><\/td>\n<td><span style=\"color: #333333;\">PB-2105<\/span><\/td>\n<\/tr>\n<tr>\n<td><span style=\"color: #333333;\">Materiale<\/span><\/td>\n<td>PU-l\u00e6der<\/td>\n<\/tr>\n<tr>\n<td><span style=\"color: #333333;\">St\u00f8rrelse<\/span><\/td>\n<td>9,25*4,33*4,33 tommer<\/td>\n<\/tr>\n<tr>\n<td><span style=\"color: #333333;\">\u00a0Leveringstid<\/span><\/td>\n<td><span style=\"color: #333333;\">1-5 dage for sm\u00e5 m\u00e6ngder med fly og 30-35 dage for store m\u00e6ngder med skib<\/span><\/td>\n<\/tr>\n<\/tbody>\n<\/table>\n<p>Som Kinas f\u00f8rende makeuptaskeproducent og vandt\u00e6tte taskefabrik innoverer vi multifunktionelle opbevaringssminketasker til globale sk\u00f8nhedsm\u00e6rker. Vores makeup-taskefirma leverer:<\/p>\n<p>\u2705 <strong>IPX5 vandt\u00e6tte rum<\/strong> (600D genbrugspolyester + svejsede s\u00f8mme)<br \/>\n\u2705 <strong>Organisatorer, der kan tilpasses<\/strong> med 12+ slots (MOQ 200 stk)<br \/>\n\u2705 <strong>ODM\/OEM-tjenester<\/strong> til makeup-tasker af eget m\u00e6rke<br \/>\n\u2705 <strong>Produktion af makeup-poser i l\u00f8s v\u00e6gt<\/strong> med 10 dages levering<\/p>\n<p>Betroet af makeup-taske-grossister og kosmetikforhandlere. Vigtige funktioner:<br \/>\n- Aftagelige b\u00f8rsteholdere og indbygget LED-spejl<br \/>\n- RFID-blokerende kortholdere og antibakteriel foring<br \/>\n- OEKO-Tex-certificerede veganske l\u00e6derdetaljer<\/p>\n<p><strong>Hvorfor v\u00e6lge vores makeup-taskefabrik<\/strong>:<br \/>\n\ud83d\udd39 15+ \u00e5r som f\u00f8rende eksport\u00f8r af makeup-tasker fra Kina<br \/>\n\ud83d\udd39 Gratis 3D-design med dit brands visuelle identitet<br \/>\n\ud83d\udd39 SGS\/REACH-certificerede milj\u00f8venlige materialer<br \/>\n\ud83d\udd39 30%-rabat til leverand\u00f8rer af makeup-tasker p\u00e5 3.000+ enheder<\/p>\n<p>Anmod om gratis pr\u00f8ver af vores makeup-taske til opbevaring, eller f\u00e5 \u00f8jeblikkelige tilbud. Leverand\u00f8rer af makeup-tasker nyder det:<br \/>\n- Tilpasset MOQ fra 200 stk.<br \/>\n- Batch-specifikke kvalitetskontrolrapporter<br \/>\n- Prioriteret tildeling af luft-\/s\u00f8fragt<\/p>\n<\/div>\n<\/div>\n<\/div>\n<\/div>","protected":false},"excerpt":{"rendered":"<h2 data-immersive-translate-walked=\"344be1c1-5052-41eb-8fcd-0dbe236a0d6b\" data-immersive-translate-paragraph=\"1\">Multifunktionel makeup-taske til opbevaring<\/h2>\n<p><span class=\"a-list-item\">1. MAKEUP BAG FABRIC\u3011- Den store kapacitet rejse kosmetik taske er lavet af milj\u00f8beskyttelse vand vandafvisende PU l\u00e6der, 100% polyester indre<\/span><\/p>\n<p><span class=\"a-list-item\">2. \u3010SLIM &amp; PORTABLE DESIGN\u3011- Rejsemakeup-arrang\u00f8ren med 180-graders flad \u00e5ben mund er det mest praktiske design. Dobbeltlags syning er holdbar; Dobbelt lynl\u00e5s er mere praktisk og lettere at \u00e5bne<\/span><\/p>\n<p><span class=\"a-list-item\">3. \u3010MULTI-FUNKTIONEL\u3011- Ikke kun kan bruges som en rejsekosmetikpose, en makeuptaske, ogs\u00e5 som en makeup-rejsearrang\u00f8r til kosmetik, makeupv\u00e6rkt\u00f8jer, oplader og kabler, en rejsetoilettaske til kvinder, velegnet til alle former for daglig eller rejsebrug, og vil give stor bekvemmelighed i dit liv.<\/span><\/p>","protected":false},"featured_media":3894,"template":"","meta":{"_uag_custom_page_level_css":""},"product_brand":[],"product_cat":[53],"product_tag":[],"class_list":{"0":"post-3889","1":"product","2":"type-product","3":"status-publish","4":"has-post-thumbnail","6":"product_cat-makeup-bag","8":"first","9":"instock","10":"shipping-taxable","11":"product-type-simple"},"uagb_featured_image_src":{"full":["https:\/\/pecbag.com\/wp-content\/uploads\/2025\/05\/Multifunctional-Storage-Makeup-Bag-7.jpg",1600,1600,false],"thumbnail":["https:\/\/pecbag.com\/wp-content\/uploads\/2025\/05\/Multifunctional-Storage-Makeup-Bag-7-150x150.jpg",150,150,true],"medium":["https:\/\/pecbag.com\/wp-content\/uploads\/2025\/05\/Multifunctional-Storage-Makeup-Bag-7-300x300.jpg",300,300,true],"medium_large":["https:\/\/pecbag.com\/wp-content\/uploads\/2025\/05\/Multifunctional-Storage-Makeup-Bag-7-768x768.jpg",768,768,true],"large":["https:\/\/pecbag.com\/wp-content\/uploads\/2025\/05\/Multifunctional-Storage-Makeup-Bag-7-1024x1024.jpg",800,800,true],"1536x1536":["https:\/\/pecbag.com\/wp-content\/uploads\/2025\/05\/Multifunctional-Storage-Makeup-Bag-7-1536x1536.jpg",1536,1536,true],"2048x2048":["https:\/\/pecbag.com\/wp-content\/uploads\/2025\/05\/Multifunctional-Storage-Makeup-Bag-7.jpg",1600,1600,false],"trp-custom-language-flag":["https:\/\/pecbag.com\/wp-content\/uploads\/2025\/05\/Multifunctional-Storage-Makeup-Bag-7-12x12.jpg",12,12,true],"woocommerce_thumbnail":["https:\/\/pecbag.com\/wp-content\/uploads\/2025\/05\/Multifunctional-Storage-Makeup-Bag-7-300x300.jpg",300,300,true],"woocommerce_single":["https:\/\/pecbag.com\/wp-content\/uploads\/2025\/05\/Multifunctional-Storage-Makeup-Bag-7-600x600.jpg",600,600,true],"woocommerce_gallery_thumbnail":["https:\/\/pecbag.com\/wp-content\/uploads\/2025\/05\/Multifunctional-Storage-Makeup-Bag-7-100x100.jpg",100,100,true]},"uagb_author_info":{"display_name":"Lawrence","author_link":"https:\/\/pecbag.com\/da\/author\/"},"uagb_comment_info":0,"uagb_excerpt":"Multifunctional Storage Makeup Bag 1. \u3010 MAKEUP BAG FABRIC\u3011- The large capacity travel cosmetic bag is made from environmentally protection water water-proof PU leather, 100% polyester inner 2. \u3010SLIM &amp; PORTABLE DESIGN\u3011- The travel makeup organizer of 180-degree flat open mouth is the most convenient design. Double-layer sewing is durable; Double zipper is more convenient&hellip;","_links":{"self":[{"href":"https:\/\/pecbag.com\/da\/wp-json\/wp\/v2\/product\/3889","targetHints":{"allow":["GET"]}}],"collection":[{"href":"https:\/\/pecbag.com\/da\/wp-json\/wp\/v2\/product"}],"about":[{"href":"https:\/\/pecbag.com\/da\/wp-json\/wp\/v2\/types\/product"}],"wp:featuredmedia":[{"embeddable":true,"href":"https:\/\/pecbag.com\/da\/wp-json\/wp\/v2\/media\/3894"}],"wp:attachment":[{"href":"https:\/\/pecbag.com\/da\/wp-json\/wp\/v2\/media?parent=3889"}],"wp:term":[{"taxonomy":"product_brand","embeddable":true,"href":"https:\/\/pecbag.com\/da\/wp-json\/wp\/v2\/product_brand?post=3889"},{"taxonomy":"product_cat","embeddable":true,"href":"https:\/\/pecbag.com\/da\/wp-json\/wp\/v2\/product_cat?post=3889"},{"taxonomy":"product_tag","embeddable":true,"href":"https:\/\/pecbag.com\/da\/wp-json\/wp\/v2\/product_tag?post=3889"}],"curies":[{"name":"wp","href":"https:\/\/api.w.org\/{rel}","templated":true}]}}