{"id":3898,"date":"2025-05-28T08:53:24","date_gmt":"2025-05-28T08:53:24","guid":{"rendered":"https:\/\/pecbag.com\/?post_type=product&#038;p=3898"},"modified":"2025-11-29T01:30:29","modified_gmt":"2025-11-29T01:30:29","slug":"heavy-duty-tool-bag-carrier","status":"publish","type":"product","link":"https:\/\/pecbag.com\/da\/heavy-duty-tool-bag-carrier\/","title":{"rendered":"Heavy-Duty Tool Bag Carrier | Industrielle OEM-producentl\u00f8sninger"},"content":{"rendered":"<h5 title=\"Foldbar hundetaske \u00c5ndbar netskuldertaske til k\u00e6ledyr til sm\u00e5 hunde og katte\" data-immersive-translate-walked=\"1c928421-2e42-4cd3-8754-5404553c0af5\" data-immersive-translate-paragraph=\"1\" data-spm-anchor-id=\"a2700.details.0.i35.4f6757d4w4zNZA\">Heavy-Duty Tool Bag Carriers | Vandt\u00e6t taskefabrik og producent af rygs\u00e6kke - Bulk Industrial Solutions<\/h5>\n<div class=\"flex flex-grow flex-col max-w-full\">\n<div class=\"min-h-[20px] text-message flex w-full flex-col items-end gap-2 whitespace-pre-wrap break-words [.text-message+&amp;]:mt-5 overflow-x-auto\" dir=\"auto\" data-message-author-role=\"assistant\" data-message-id=\"3d7d46f6-7ec2-4222-9257-48fa0bba23c6\" data-suggestions=\"true\">\n<div class=\"flex w-full flex-col gap-1 empty:hidden first:pt-[3px]\">\n<div class=\"markdown prose w-full break-words dark:prose-invert light\">\n<table width=\"288\">\n<tbody>\n<tr>\n<td width=\"137\"><span style=\"color: #333333;\">Produkternes navn<\/span><\/td>\n<td width=\"151\">V\u00e6rkt\u00f8jstaske<\/td>\n<\/tr>\n<tr>\n<td><span style=\"color: #333333;\">Vare nr.<\/span><\/td>\n<td><span style=\"color: #333333;\">PB-2106<\/span><\/td>\n<\/tr>\n<tr>\n<td><span style=\"color: #333333;\">Materiale<\/span><\/td>\n<td>100% genanvendt polyester<\/td>\n<\/tr>\n<tr>\n<td><span style=\"color: #333333;\">\u00a0St\u00f8rrelse og farve<\/span><\/td>\n<td>Tilpasset<\/td>\n<\/tr>\n<tr>\n<td><span style=\"color: #333333;\">\u00a0Leveringstid<\/span><\/td>\n<td><span style=\"color: #333333;\">1-5 dage for sm\u00e5 m\u00e6ngder med fly og 30-35 dage for store m\u00e6ngder med skib<\/span><\/td>\n<\/tr>\n<\/tbody>\n<\/table>\n<p>Som Kinas f\u00f8rende producent af v\u00e6rkt\u00f8jstasker og fabrik for vandt\u00e6tte tasker konstruerer vi kraftige v\u00e6rkt\u00f8jstasker til globale industrim\u00e6rker. Vores v\u00e6rkt\u00f8jstaskefirma leverer:<\/p>\n<p>\u2705 <strong>IPX6 vandt\u00e6t beskyttelse<\/strong> (1000D PVC-belagt polyester + svejsede s\u00f8mme)<br \/>\n\u2705 <strong>50 kg belastningskapacitet<\/strong> med MOLLE\/PALS-b\u00e5nd (MOQ 200 stk.)<br \/>\n\u2705 <strong>ODM\/OEM-tjenester<\/strong> til v\u00e6rkt\u00f8jstasker med eget m\u00e6rke<br \/>\n\u2705 <strong>Produktion af v\u00e6rkt\u00f8jstasker i l\u00f8s v\u00e6gt<\/strong> med 10 dages levering<\/p>\n<p>Betroet af grossister i v\u00e6rkt\u00f8jstasker og MRO-leverand\u00f8rer. Vigtige funktioner:<br \/>\n- Forst\u00e6rkede D-ringe i st\u00e5l og skridsikre skulderpuder<br \/>\n- V\u00e6rkt\u00f8jssl\u00f8jfer med hurtig adgang og modul\u00e6rt panelsystem<br \/>\n- RFID-aktivtags og OEKO-Tex-certificerede materialer<\/p>\n<p><strong>Hvorfor samarbejde med vores v\u00e6rkt\u00f8jstaskefabrik<\/strong>:<br \/>\n\ud83d\udd39 18+ \u00e5r som f\u00f8rende eksport\u00f8r af v\u00e6rkt\u00f8jstasker fra Kina<br \/>\n\ud83d\udd39 Gratis 3D-design med din industrielle branding<br \/>\n\ud83d\udd39 SGS\/REACH-certificerede kraftige materialer<br \/>\n\ud83d\udd39 30%-rabat til leverand\u00f8rer af v\u00e6rkt\u00f8jstasker p\u00e5 3.000+ enheder<\/p>\n<p>Anmod om gratis pr\u00f8ver af vores v\u00e6rkt\u00f8jsb\u00e6rer eller f\u00e5 \u00f8jeblikkelige tilbud. Leverand\u00f8rer af v\u00e6rkt\u00f8jstasker nyder det:<br \/>\n- Tilpasset MOQ fra 200 stk.<br \/>\n- Batch-specifikke slibetestrapporter<br \/>\n- Prioriteret tildeling af luft- og s\u00f8fragt<\/p>\n<\/div>\n<\/div>\n<\/div>\n<\/div>","protected":false},"excerpt":{"rendered":"<h2 data-immersive-translate-walked=\"344be1c1-5052-41eb-8fcd-0dbe236a0d6b\" data-immersive-translate-paragraph=\"1\">Kraftig b\u00e6retaske til v\u00e6rkt\u00f8j<\/h2>\n<p>Opgrader din v\u00e6rkt\u00f8jskasse med denne kraftige v\u00e6rkt\u00f8jstaske med 15 tommer lommer.<\/p>\n<p>Denne sorte taske med struktureret finish er fremstillet af 100% genbrugspolyester og har et hovedrum med lynl\u00e5s og 35 lommer, som giver masser af plads og organisering til alt dit v\u00e6rkt\u00f8j og tilbeh\u00f8r.<\/p>\n<p>Den justerbare skulderrem og de dobbelte toph\u00e5ndtag giver alsidige b\u00e6remuligheder og g\u00f8r det nemt at transportere dit v\u00e6rkt\u00f8j, uanset om du er p\u00e5 stedet eller p\u00e5 farten.<\/p>","protected":false},"featured_media":3899,"template":"","meta":{"_uag_custom_page_level_css":""},"product_brand":[],"product_cat":[49],"product_tag":[],"class_list":{"0":"post-3898","1":"product","2":"type-product","3":"status-publish","4":"has-post-thumbnail","6":"product_cat-tool-bag","8":"first","9":"instock","10":"shipping-taxable","11":"product-type-simple"},"uagb_featured_image_src":{"full":["https:\/\/pecbag.com\/wp-content\/uploads\/2025\/05\/Heavy-Duty-Tool-Bag-Carrier-3.jpeg",800,800,false],"thumbnail":["https:\/\/pecbag.com\/wp-content\/uploads\/2025\/05\/Heavy-Duty-Tool-Bag-Carrier-3-150x150.jpeg",150,150,true],"medium":["https:\/\/pecbag.com\/wp-content\/uploads\/2025\/05\/Heavy-Duty-Tool-Bag-Carrier-3-300x300.jpeg",300,300,true],"medium_large":["https:\/\/pecbag.com\/wp-content\/uploads\/2025\/05\/Heavy-Duty-Tool-Bag-Carrier-3-768x768.jpeg",768,768,true],"large":["https:\/\/pecbag.com\/wp-content\/uploads\/2025\/05\/Heavy-Duty-Tool-Bag-Carrier-3.jpeg",800,800,false],"1536x1536":["https:\/\/pecbag.com\/wp-content\/uploads\/2025\/05\/Heavy-Duty-Tool-Bag-Carrier-3.jpeg",800,800,false],"2048x2048":["https:\/\/pecbag.com\/wp-content\/uploads\/2025\/05\/Heavy-Duty-Tool-Bag-Carrier-3.jpeg",800,800,false],"trp-custom-language-flag":["https:\/\/pecbag.com\/wp-content\/uploads\/2025\/05\/Heavy-Duty-Tool-Bag-Carrier-3-12x12.jpeg",12,12,true],"woocommerce_thumbnail":["https:\/\/pecbag.com\/wp-content\/uploads\/2025\/05\/Heavy-Duty-Tool-Bag-Carrier-3-300x300.jpeg",300,300,true],"woocommerce_single":["https:\/\/pecbag.com\/wp-content\/uploads\/2025\/05\/Heavy-Duty-Tool-Bag-Carrier-3-600x600.jpeg",600,600,true],"woocommerce_gallery_thumbnail":["https:\/\/pecbag.com\/wp-content\/uploads\/2025\/05\/Heavy-Duty-Tool-Bag-Carrier-3-100x100.jpeg",100,100,true]},"uagb_author_info":{"display_name":"Lawrence","author_link":"https:\/\/pecbag.com\/da\/author\/"},"uagb_comment_info":0,"uagb_excerpt":"Heavy-Duty Tool Bag Carrier Level up your toolkit with this 15-Inch Pocket Heavy-Duty Tool Bag. Made from 100% recycled polyester, this black bag with a textured finish boasts a zippered main compartment and 35 pockets, offering plenty of space and organization for all your tools and accessories. The adjustable shoulder strap and double top handles&hellip;","_links":{"self":[{"href":"https:\/\/pecbag.com\/da\/wp-json\/wp\/v2\/product\/3898","targetHints":{"allow":["GET"]}}],"collection":[{"href":"https:\/\/pecbag.com\/da\/wp-json\/wp\/v2\/product"}],"about":[{"href":"https:\/\/pecbag.com\/da\/wp-json\/wp\/v2\/types\/product"}],"wp:featuredmedia":[{"embeddable":true,"href":"https:\/\/pecbag.com\/da\/wp-json\/wp\/v2\/media\/3899"}],"wp:attachment":[{"href":"https:\/\/pecbag.com\/da\/wp-json\/wp\/v2\/media?parent=3898"}],"wp:term":[{"taxonomy":"product_brand","embeddable":true,"href":"https:\/\/pecbag.com\/da\/wp-json\/wp\/v2\/product_brand?post=3898"},{"taxonomy":"product_cat","embeddable":true,"href":"https:\/\/pecbag.com\/da\/wp-json\/wp\/v2\/product_cat?post=3898"},{"taxonomy":"product_tag","embeddable":true,"href":"https:\/\/pecbag.com\/da\/wp-json\/wp\/v2\/product_tag?post=3898"}],"curies":[{"name":"wp","href":"https:\/\/api.w.org\/{rel}","templated":true}]}}