{"id":3920,"date":"2025-05-28T09:51:14","date_gmt":"2025-05-28T09:51:14","guid":{"rendered":"https:\/\/pecbag.com\/?post_type=product&#038;p=3920"},"modified":"2025-11-29T01:28:44","modified_gmt":"2025-11-29T01:28:44","slug":"single-board-short-surfboard-bag","status":"publish","type":"product","link":"https:\/\/pecbag.com\/da\/single-board-short-surfboard-bag\/","title":{"rendered":"Single Board Short Surfboard Bag"},"content":{"rendered":"<h5 title=\"Foldbar hundetaske \u00c5ndbar netskuldertaske til k\u00e6ledyr til sm\u00e5 hunde og katte\" data-immersive-translate-walked=\"1c928421-2e42-4cd3-8754-5404553c0af5\" data-immersive-translate-paragraph=\"1\" data-spm-anchor-id=\"a2700.details.0.i35.4f6757d4w4zNZA\">Single Board Short Surfboard Bags | Vandt\u00e6t taskefabrik og producent af rygs\u00e6kke - Bulk Surf Solutions<\/h5>\n<div class=\"flex flex-grow flex-col max-w-full\">\n<div class=\"min-h-[20px] text-message flex w-full flex-col items-end gap-2 whitespace-pre-wrap break-words [.text-message+&amp;]:mt-5 overflow-x-auto\" dir=\"auto\" data-message-author-role=\"assistant\" data-message-id=\"3d7d46f6-7ec2-4222-9257-48fa0bba23c6\" data-suggestions=\"true\">\n<div class=\"flex w-full flex-col gap-1 empty:hidden first:pt-[3px]\">\n<div class=\"markdown prose w-full break-words dark:prose-invert light\">\n<table width=\"288\">\n<tbody>\n<tr>\n<td width=\"137\"><span style=\"color: #333333;\">Produkternes navn<\/span><\/td>\n<td width=\"151\">Surfboard-taske<\/td>\n<\/tr>\n<tr>\n<td><span style=\"color: #333333;\">Vare nr.<\/span><\/td>\n<td><span style=\"color: #333333;\">PB-2109<\/span><\/td>\n<\/tr>\n<tr>\n<td><span style=\"color: #333333;\">Materiale<\/span><\/td>\n<td>600 denier poly<\/td>\n<\/tr>\n<tr>\n<td><span style=\"color: #333333;\">St\u00f8rrelse<\/span><\/td>\n<td>Tilpasset<\/td>\n<\/tr>\n<tr>\n<td><span style=\"color: #333333;\">\u00a0Leveringstid<\/span><\/td>\n<td><span style=\"color: #333333;\">1-5 dage for sm\u00e5 m\u00e6ngder med fly og 30-35 dage for store m\u00e6ngder med skib<\/span><\/td>\n<\/tr>\n<\/tbody>\n<\/table>\n<p>Som Kinas f\u00f8rende producent af surfbr\u00e6ttasker og fabrik for vandt\u00e6tte tasker fremstiller vi korte surfbr\u00e6ttasker til enkeltbr\u00e6tter til globale surfm\u00e6rker. Vores surfbr\u00e6t-taskefirma leverer:<\/p>\n<p>\u2705 <strong>IPX5 vandt\u00e6t beskyttelse<\/strong> (420D nylon + svejsede s\u00f8mme)<br \/>\n\u2705 <strong>Op til 6\u2032 shortboard-kapacitet<\/strong> med polstrede skinnebeskyttere (MOQ 200 stk.)<br \/>\n\u2705 <strong>ODM\/OEM-tjenester<\/strong> til private label-tasker til surfbr\u00e6tter<br \/>\n\u2705 <strong>Produktion af surfbr\u00e6tposer i l\u00f8s v\u00e6gt<\/strong> med 10 dages levering<\/p>\n<p>Betroet af surfbr\u00e6ttaske-grossister og kystferiesteder. Vigtige funktioner:<br \/>\n- Hurtigt\u00f8rrende meshpaneler og FCS-finne\u00e5bninger<br \/>\n- Justerbare skulderstropper og TSA-godkendte l\u00e5se<br \/>\n- OEKO-Tex-certificerede milj\u00f8venlige materialer<\/p>\n<p><strong>Hvorfor samarbejde med vores fabrik for surfbr\u00e6tposer<\/strong>:<br \/>\n\ud83d\udd39 12+ \u00e5r som f\u00f8rende eksport\u00f8r af surfbr\u00e6tposer fra Kina<br \/>\n\ud83d\udd39 Gratis 3D-design med dit surfbrands logo<br \/>\n\ud83d\udd39 SGS\/REACH-certificeret slidst\u00e6rkt stof<br \/>\n\ud83d\udd39 30%-rabat til leverand\u00f8rer af surfbr\u00e6tposer p\u00e5 3.000+ enheder<\/p>\n<p>Anmod om gratis pr\u00f8ver af vores korte surfbr\u00e6tposer, eller f\u00e5 \u00f8jeblikkelige tilbud. Leverand\u00f8rer af surfbr\u00e6tposer nyder det:<br \/>\n- Tilpasset MOQ fra 200 stk.<br \/>\n- Batch-specifikke saltvandstestrapporter<br \/>\n- Prioriteret tildeling af luft-\/s\u00f8fragt<\/p>\n<\/div>\n<\/div>\n<\/div>\n<\/div>","protected":false},"excerpt":{"rendered":"<h2 data-immersive-translate-walked=\"344be1c1-5052-41eb-8fcd-0dbe236a0d6b\" data-immersive-translate-paragraph=\"1\">Single Board Short Surfboard Bag<\/h2>\n<ul class=\"css-1isgwd\" role=\"list\" data-id=\"detailsAccordion\">\n<li class=\"css-e3648i\">En l\u00e6ngdejusterbar boardbag til boards mellem 5'3\" og 6'4\"<\/li>\n<li class=\"css-e3648i\">Bygget af genbrugspolyester for uovertruffen holdbarhed<\/li>\n<li class=\"css-e3648i\">Forst\u00e6rket polstring i hele tasken giver optimal beskyttelse<\/li>\n<li class=\"css-e3648i\">En ekstern smart lomme opbevarer nemt finner, snore, voks og andre vigtige ting.<\/li>\n<li class=\"css-e3648i\">Let at opbevare mellem brug med komprimerbare, strategisk placerede paneler<\/li>\n<\/ul>","protected":false},"featured_media":3922,"template":"","meta":{"_uag_custom_page_level_css":""},"product_brand":[],"product_cat":[47,67,66],"product_tag":[],"class_list":{"0":"post-3920","1":"product","2":"type-product","3":"status-publish","4":"has-post-thumbnail","6":"product_cat-surfboard-bag","7":"product_cat-sports-bag","8":"product_cat-waterproof-bag","10":"first","11":"instock","12":"shipping-taxable","13":"product-type-simple"},"uagb_featured_image_src":{"full":["https:\/\/pecbag.com\/wp-content\/uploads\/2025\/05\/Single-Board-Short-Surfboard-Bag-1.jpg",1200,1200,false],"thumbnail":["https:\/\/pecbag.com\/wp-content\/uploads\/2025\/05\/Single-Board-Short-Surfboard-Bag-1-150x150.jpg",150,150,true],"medium":["https:\/\/pecbag.com\/wp-content\/uploads\/2025\/05\/Single-Board-Short-Surfboard-Bag-1-300x300.jpg",300,300,true],"medium_large":["https:\/\/pecbag.com\/wp-content\/uploads\/2025\/05\/Single-Board-Short-Surfboard-Bag-1-768x768.jpg",768,768,true],"large":["https:\/\/pecbag.com\/wp-content\/uploads\/2025\/05\/Single-Board-Short-Surfboard-Bag-1-1024x1024.jpg",800,800,true],"1536x1536":["https:\/\/pecbag.com\/wp-content\/uploads\/2025\/05\/Single-Board-Short-Surfboard-Bag-1.jpg",1200,1200,false],"2048x2048":["https:\/\/pecbag.com\/wp-content\/uploads\/2025\/05\/Single-Board-Short-Surfboard-Bag-1.jpg",1200,1200,false],"trp-custom-language-flag":["https:\/\/pecbag.com\/wp-content\/uploads\/2025\/05\/Single-Board-Short-Surfboard-Bag-1-12x12.jpg",12,12,true],"woocommerce_thumbnail":["https:\/\/pecbag.com\/wp-content\/uploads\/2025\/05\/Single-Board-Short-Surfboard-Bag-1-300x300.jpg",300,300,true],"woocommerce_single":["https:\/\/pecbag.com\/wp-content\/uploads\/2025\/05\/Single-Board-Short-Surfboard-Bag-1-600x600.jpg",600,600,true],"woocommerce_gallery_thumbnail":["https:\/\/pecbag.com\/wp-content\/uploads\/2025\/05\/Single-Board-Short-Surfboard-Bag-1-100x100.jpg",100,100,true]},"uagb_author_info":{"display_name":"Lawrence","author_link":"https:\/\/pecbag.com\/da\/author\/"},"uagb_comment_info":0,"uagb_excerpt":"Single Board Short Surfboard Bag A length-adjustable board bag for boards between 5\u20193\u201d and 6\u20194\u201d Built with a recycled polyester fabric for unmatched durability Reinforced padding throughout the bag provides optimal protection An external smart pocket easily stores fins, leashes, wax, and other essentials Easy to store between uses with compressible, strategically placed panels","_links":{"self":[{"href":"https:\/\/pecbag.com\/da\/wp-json\/wp\/v2\/product\/3920","targetHints":{"allow":["GET"]}}],"collection":[{"href":"https:\/\/pecbag.com\/da\/wp-json\/wp\/v2\/product"}],"about":[{"href":"https:\/\/pecbag.com\/da\/wp-json\/wp\/v2\/types\/product"}],"wp:featuredmedia":[{"embeddable":true,"href":"https:\/\/pecbag.com\/da\/wp-json\/wp\/v2\/media\/3922"}],"wp:attachment":[{"href":"https:\/\/pecbag.com\/da\/wp-json\/wp\/v2\/media?parent=3920"}],"wp:term":[{"taxonomy":"product_brand","embeddable":true,"href":"https:\/\/pecbag.com\/da\/wp-json\/wp\/v2\/product_brand?post=3920"},{"taxonomy":"product_cat","embeddable":true,"href":"https:\/\/pecbag.com\/da\/wp-json\/wp\/v2\/product_cat?post=3920"},{"taxonomy":"product_tag","embeddable":true,"href":"https:\/\/pecbag.com\/da\/wp-json\/wp\/v2\/product_tag?post=3920"}],"curies":[{"name":"wp","href":"https:\/\/api.w.org\/{rel}","templated":true}]}}