{"id":4075,"date":"2025-06-18T02:06:30","date_gmt":"2025-06-18T02:06:30","guid":{"rendered":"https:\/\/pecbag.com\/?post_type=product&#038;p=4075"},"modified":"2025-11-29T01:28:37","modified_gmt":"2025-11-29T01:28:37","slug":"leakproof-fishing-cooler-bag-factory","status":"publish","type":"product","link":"https:\/\/pecbag.com\/da\/leakproof-fishing-cooler-bag-factory\/","title":{"rendered":"L\u00e6kagesikker k\u00f8letaske til fiskeri Factory"},"content":{"rendered":"<h5 title=\"Foldbar hundetaske \u00c5ndbar netskuldertaske til k\u00e6ledyr til sm\u00e5 hunde og katte\" data-immersive-translate-walked=\"1c928421-2e42-4cd3-8754-5404553c0af5\" data-immersive-translate-paragraph=\"1\" data-spm-anchor-id=\"a2700.details.0.i35.4f6757d4w4zNZA\">\u00a0L\u00e6kagesikker fiskek\u00f8letaskefabrik | Industriel vandt\u00e6t taskefabrik &amp; kraftig rygs\u00e6kproducent | Bulk OEM<\/h5>\n<div class=\"flex flex-grow flex-col max-w-full\">\n<div class=\"min-h-[20px] text-message flex w-full flex-col items-end gap-2 whitespace-pre-wrap break-words [.text-message+&amp;]:mt-5 overflow-x-auto\" dir=\"auto\" data-message-author-role=\"assistant\" data-message-id=\"3d7d46f6-7ec2-4222-9257-48fa0bba23c6\" data-suggestions=\"true\">\n<div class=\"flex w-full flex-col gap-1 empty:hidden first:pt-[3px]\">\n<div class=\"markdown prose w-full break-words dark:prose-invert light\">\n<table width=\"288\">\n<tbody>\n<tr>\n<td width=\"137\"><span style=\"color: #333333;\">Produkternes navn<\/span><\/td>\n<td width=\"151\">Surfboard-taske<\/td>\n<\/tr>\n<tr>\n<td><span style=\"color: #333333;\">Vare nr.<\/span><\/td>\n<td><span style=\"color: #333333;\">PB-2110<\/span><\/td>\n<\/tr>\n<tr>\n<td><span style=\"color: #333333;\">Materiale<\/span><\/td>\n<td>500D presenning PVC<\/td>\n<\/tr>\n<tr>\n<td><span style=\"color: #333333;\">St\u00f8rrelse<\/span><\/td>\n<td>40,1*16,5 tommer<\/td>\n<\/tr>\n<tr>\n<td><span style=\"color: #333333;\">\u00a0Leveringstid<\/span><\/td>\n<td><span style=\"color: #333333;\">1-5 dage for sm\u00e5 m\u00e6ngder med fly og 30-35 dage for store m\u00e6ngder med skib<\/span><\/td>\n<\/tr>\n<\/tbody>\n<\/table>\n<p class=\"ds-markdown-paragraph\">Har du brug for l\u00e6kaget\u00e6tte fiskek\u00f8letasker, der overlever h\u00e5rdt hav og blodige fangster? Som en af de bedste producenter af vandt\u00e6tte tasker og rygs\u00e6kke i Kina fremstiller vores Leakproof Fishing Cooler Bag Factory kampklart udstyr til kommercielle fiskere, marine brands og grossister i fisketasker!<\/p>\n<p class=\"ds-markdown-paragraph\">\u2705\u00a0<strong>Hvorfor 200+ k\u00f8bere v\u00e6lger vores fabrik:<\/strong><\/p>\n<ul>\n<li>\n<p class=\"ds-markdown-paragraph\"><strong>Nul-l\u00e6kage-garanti<\/strong>: Svejsede TPU-s\u00f8mme + trykpr\u00f8vede hj\u00f8rner (t\u00e5ler 72 timer under vand!)<\/p>\n<\/li>\n<li>\n<p class=\"ds-markdown-paragraph\"><strong>Pro Angler Design<\/strong>: Integrerede stangholdere + aftagelige agnbakker - holder grejet organiseret og fanger iskoldt<\/p>\n<\/li>\n<li>\n<p class=\"ds-markdown-paragraph\"><strong>Fordele ved massebestilling<\/strong>: Producer fisketaske bulkordrer (MOQ 50 stk.) via fisketaske ODM \/ OEM eller privat etiket p\u00e5 15 dage!<\/p>\n<\/li>\n<li>\n<p class=\"ds-markdown-paragraph\"><strong>Kinas omkostningskant<\/strong>: Som en af de bedste producenter af fisketasker i Kina m\u00f8der kvalitet i industriel kvalitet fabrikspriser<\/p>\n<\/li>\n<\/ul>\n<p class=\"ds-markdown-paragraph\"><strong>Havsikre funktioner:<\/strong><br \/>\n\ud83d\udd39\u00a0<strong>5 cm \u00f8ko-isolering<\/strong>\u00a0- 2X l\u00e6ngere isopbevaring end standardposer<br \/>\n\ud83d\udd39 Fiskesikker OEKO-TEX-foring (ingen kemisk forurening) + blodafl\u00f8bspropper<br \/>\n\ud83d\udd39 Skridsikker gummibund + 360\u00b0 hjul (klar til klippekysten)<br \/>\n\ud83d\udd39 Rustfri hardware + UV-bestandig 1200D PVC-presenning<\/p>\n<p class=\"ds-markdown-paragraph\"><strong>Perfekt til:<\/strong><\/p>\n<ul>\n<li>\n<p class=\"ds-markdown-paragraph\">Kommercielle fl\u00e5der og leverand\u00f8rer af fisketasker<\/p>\n<\/li>\n<li>\n<p class=\"ds-markdown-paragraph\">Eksport\u00f8rer af fiskegrej og grossister af fisketasker<\/p>\n<\/li>\n<li>\n<p class=\"ds-markdown-paragraph\">M\u00e6rker opbygger Fishing Bag private label-linjer<\/p>\n<\/li>\n<\/ul>\n<p class=\"ds-markdown-paragraph\"><strong>Din problemfri proces:<\/strong><br \/>\n1\ufe0f\u20e3 Tilpas farver\/kapacitet (30+ professionelle designs tilg\u00e6ngelige)<br \/>\n2\ufe0f\u20e3 Prototype p\u00e5 6 dage \u2192 havtest \u2192 masseproduktion<br \/>\n3\ufe0f\u20e3 Skib via Fishing Bag-eksportnetv\u00e6rk (DDP air\/sea globalt)<\/p>\n<p class=\"ds-markdown-paragraph\"><strong>Factory Trust Badges:<\/strong><br \/>\n\u2705 12+ \u00e5rs ekspertise i fremstilling af rygs\u00e6kke<br \/>\n\u2705 40% tykkere v\u00e6gge end konkurrenterne<br \/>\n\u2705 Certificeringer: ISO 9001, SGS, BSCI<\/p>\n<p class=\"ds-markdown-paragraph\"><strong>Er du klar til at opn\u00e5 l\u00e6kagesikkert overskud?<\/strong><br \/>\n\ud83d\udc49 [Gratis saltvandstestet pr\u00f8ve] \ud83d\udc49 [20%-indskud] \ud83d\udc49 [24 timers tilbud].<\/p>\n<\/div>\n<\/div>\n<\/div>\n<\/div>","protected":false},"excerpt":{"rendered":"<h2 data-immersive-translate-walked=\"344be1c1-5052-41eb-8fcd-0dbe236a0d6b\" data-immersive-translate-paragraph=\"1\">L\u00e6kagesikker k\u00f8letaske til fiskeri Factory<\/h2>\n<p>Vi leverer f\u00f8rsteklasses tasker med fuld st\u00f8rrelse og farvetilpasning, slidst\u00e6rke stoffer og certificeret kvalitet.<\/p>\n<p>Nyd fleksible MOQ'er, hurtig global forsendelse og private label-l\u00f8sninger.<\/p>\n<p>Kontakt os i dag!<\/p>","protected":false},"featured_media":4076,"template":"","meta":{"_uag_custom_page_level_css":""},"product_brand":[],"product_cat":[66,50,46],"product_tag":[],"class_list":{"0":"post-4075","1":"product","2":"type-product","3":"status-publish","4":"has-post-thumbnail","6":"product_cat-waterproof-bag","7":"product_cat-cooler-bag","8":"product_cat-fishing-bag","10":"first","11":"instock","12":"shipping-taxable","13":"product-type-simple"},"uagb_featured_image_src":{"full":["https:\/\/pecbag.com\/wp-content\/uploads\/2025\/06\/Leakproof-Fishing-Cooler-Bag-Factory-1.jpg",1000,1000,false],"thumbnail":["https:\/\/pecbag.com\/wp-content\/uploads\/2025\/06\/Leakproof-Fishing-Cooler-Bag-Factory-1-150x150.jpg",150,150,true],"medium":["https:\/\/pecbag.com\/wp-content\/uploads\/2025\/06\/Leakproof-Fishing-Cooler-Bag-Factory-1-300x300.jpg",300,300,true],"medium_large":["https:\/\/pecbag.com\/wp-content\/uploads\/2025\/06\/Leakproof-Fishing-Cooler-Bag-Factory-1-768x768.jpg",768,768,true],"large":["https:\/\/pecbag.com\/wp-content\/uploads\/2025\/06\/Leakproof-Fishing-Cooler-Bag-Factory-1.jpg",800,800,false],"1536x1536":["https:\/\/pecbag.com\/wp-content\/uploads\/2025\/06\/Leakproof-Fishing-Cooler-Bag-Factory-1.jpg",1000,1000,false],"2048x2048":["https:\/\/pecbag.com\/wp-content\/uploads\/2025\/06\/Leakproof-Fishing-Cooler-Bag-Factory-1.jpg",1000,1000,false],"trp-custom-language-flag":["https:\/\/pecbag.com\/wp-content\/uploads\/2025\/06\/Leakproof-Fishing-Cooler-Bag-Factory-1-12x12.jpg",12,12,true],"woocommerce_thumbnail":["https:\/\/pecbag.com\/wp-content\/uploads\/2025\/06\/Leakproof-Fishing-Cooler-Bag-Factory-1-300x300.jpg",300,300,true],"woocommerce_single":["https:\/\/pecbag.com\/wp-content\/uploads\/2025\/06\/Leakproof-Fishing-Cooler-Bag-Factory-1-600x600.jpg",600,600,true],"woocommerce_gallery_thumbnail":["https:\/\/pecbag.com\/wp-content\/uploads\/2025\/06\/Leakproof-Fishing-Cooler-Bag-Factory-1-100x100.jpg",100,100,true]},"uagb_author_info":{"display_name":"Lawrence","author_link":"https:\/\/pecbag.com\/da\/author\/"},"uagb_comment_info":0,"uagb_excerpt":"Leakproof Fishing Cooler Bag Factory We provide premium bags with full-size and color customization, durable fabrics, and certified quality. Enjoy flexible MOQs, fast global shipping, and private label solutions. Contact us today!","_links":{"self":[{"href":"https:\/\/pecbag.com\/da\/wp-json\/wp\/v2\/product\/4075","targetHints":{"allow":["GET"]}}],"collection":[{"href":"https:\/\/pecbag.com\/da\/wp-json\/wp\/v2\/product"}],"about":[{"href":"https:\/\/pecbag.com\/da\/wp-json\/wp\/v2\/types\/product"}],"wp:featuredmedia":[{"embeddable":true,"href":"https:\/\/pecbag.com\/da\/wp-json\/wp\/v2\/media\/4076"}],"wp:attachment":[{"href":"https:\/\/pecbag.com\/da\/wp-json\/wp\/v2\/media?parent=4075"}],"wp:term":[{"taxonomy":"product_brand","embeddable":true,"href":"https:\/\/pecbag.com\/da\/wp-json\/wp\/v2\/product_brand?post=4075"},{"taxonomy":"product_cat","embeddable":true,"href":"https:\/\/pecbag.com\/da\/wp-json\/wp\/v2\/product_cat?post=4075"},{"taxonomy":"product_tag","embeddable":true,"href":"https:\/\/pecbag.com\/da\/wp-json\/wp\/v2\/product_tag?post=4075"}],"curies":[{"name":"wp","href":"https:\/\/api.w.org\/{rel}","templated":true}]}}