{"id":4097,"date":"2025-06-19T02:24:25","date_gmt":"2025-06-19T02:24:25","guid":{"rendered":"https:\/\/pecbag.com\/?post_type=product&#038;p=4097"},"modified":"2025-11-29T01:29:20","modified_gmt":"2025-11-29T01:29:20","slug":"woodland-camo-waterproof-waist-hunting-bag","status":"publish","type":"product","link":"https:\/\/pecbag.com\/da\/woodland-camo-waterproof-waist-hunting-bag\/","title":{"rendered":"Woodland Camo vandt\u00e6t talje-jagttaske"},"content":{"rendered":"<h5 title=\"Foldbar hundetaske \u00c5ndbar netskuldertaske til k\u00e6ledyr til sm\u00e5 hunde og katte\" data-immersive-translate-walked=\"1c928421-2e42-4cd3-8754-5404553c0af5\" data-immersive-translate-paragraph=\"1\" data-spm-anchor-id=\"a2700.details.0.i35.4f6757d4w4zNZA\">Woodland Camo vandt\u00e6t taljejagtposeproducent | Vandt\u00e6t taskefabrik og taktisk rygs\u00e6kproducent | Bulk OEM<\/h5>\n<p>Har du brug for vandt\u00e6tte jagttasker i woodland camo, der forsvinder i krattet? Som en top vandt\u00e6t taskefabrik og rygs\u00e6kproducent i Kina fremstiller vi taktiske woodland camo vandt\u00e6tte taljejagtposer til j\u00e6gere, milit\u00e6re leverand\u00f8rer og Hunting Bag-grossister!<\/p>\n<div class=\"flex flex-grow flex-col max-w-full\">\n<div class=\"min-h-[20px] text-message flex w-full flex-col items-end gap-2 whitespace-pre-wrap break-words [.text-message+&amp;]:mt-5 overflow-x-auto\" dir=\"auto\" data-message-author-role=\"assistant\" data-message-id=\"3d7d46f6-7ec2-4222-9257-48fa0bba23c6\" data-suggestions=\"true\">\n<div class=\"flex w-full flex-col gap-1 empty:hidden first:pt-[3px]\">\n<div class=\"markdown prose w-full break-words dark:prose-invert light\">\n<table width=\"288\">\n<tbody>\n<tr>\n<td width=\"137\"><span style=\"color: #333333;\">Produkternes navn<\/span><\/td>\n<td width=\"151\">Jagttaske<\/td>\n<\/tr>\n<tr>\n<td><span style=\"color: #333333;\">Vare nr.<\/span><\/td>\n<td><span style=\"color: #333333;\">PB-2113<\/span><\/td>\n<\/tr>\n<tr>\n<td><span style=\"color: #333333;\">Materiale<\/span><\/td>\n<td>600D polyester<\/td>\n<\/tr>\n<tr>\n<td><span style=\"color: #333333;\">St\u00f8rrelse<\/span><\/td>\n<td>15 x 8,5 x 5 tommer<\/td>\n<\/tr>\n<tr>\n<td><span style=\"color: #333333;\">\u00a0Leveringstid<\/span><\/td>\n<td><span style=\"color: #333333;\">1-5 dage for sm\u00e5 m\u00e6ngder med fly og 30-35 dage for store m\u00e6ngder med skib<\/span><\/td>\n<\/tr>\n<\/tbody>\n<\/table>\n<p class=\"ds-markdown-paragraph\">\u2705\u00a0<strong>Hvorfor taktiske k\u00f8bere v\u00e6lger os:<\/strong><\/p>\n<ul>\n<li>\n<p class=\"ds-markdown-paragraph\"><strong>\u00c6gte stealth i vildmarken<\/strong>: Licenseret Realtree\u00ae-camouflage + lydl\u00f8se, matte lynl\u00e5se - forsvinder i skoven uden duft eller lyd!<\/p>\n<\/li>\n<li>\n<p class=\"ds-markdown-paragraph\"><strong>Vandt\u00e6t kriger<\/strong>: S\u00f8mforseglet TPU-konstruktion (IPX6-klassificeret) - vade gennem vandl\u00f8b uden at gennembl\u00f8de udstyret.<\/p>\n<\/li>\n<li>\n<p class=\"ds-markdown-paragraph\"><strong>Klar til massebestilling<\/strong>: Producer jagtpose bulkordrer via jagtpose ODM \/ OEM eller privat etiket p\u00e5 12 dage!<\/p>\n<\/li>\n<li>\n<p class=\"ds-markdown-paragraph\"><strong>Kina koster str\u00f8m<\/strong>: Som en f\u00f8rende fabrik for jagttasker i Kina m\u00f8der kvalitet i milit\u00e6r kvalitet fabrikspriser.<\/p>\n<\/li>\n<\/ul>\n<p class=\"ds-markdown-paragraph\"><strong>Hunter-godkendte funktioner:<\/strong><br \/>\n\ud83d\udd39\u00a0<strong>3-i-1-design<\/strong>: Aftagelig bino-sele + blodsporsikker foring + \u00e5bninger til tr\u00e6remme<br \/>\n\ud83d\udd39 Lugtblokerende kulstoffor + st\u00f8jfrit sp\u00e6ndesystem<br \/>\n\ud83d\udd39 Justerbart taljeb\u00e6lte (passer til 28\u2033-48\u2033) + Molle-kompatible paneler<br \/>\n\ud83d\udd39 Dr\u00e6nbare vildtlommer (kan rumme 20 kg udstyr eller vildt)<\/p>\n<p class=\"ds-markdown-paragraph\"><strong>Perfekt til:<\/strong><\/p>\n<ul>\n<li>\n<p class=\"ds-markdown-paragraph\">Jagtforretninger og leverand\u00f8rer af jagttasker<\/p>\n<\/li>\n<li>\n<p class=\"ds-markdown-paragraph\">Butikker med taktisk udstyr &amp; grossister i jagttasker<\/p>\n<\/li>\n<li>\n<p class=\"ds-markdown-paragraph\">M\u00e6rker, der bygger Hunting Bag private label-jagtserier<\/p>\n<\/li>\n<\/ul>\n<p class=\"ds-markdown-paragraph\"><strong>Din produktionsvej:<\/strong><br \/>\n1\ufe0f\u20e3 Tilpas camouflagem\u00f8nstre (eller brug Realtree\u00ae\/Mossy Oak\u00ae-licenser)<br \/>\n2\ufe0f\u20e3 Prototype p\u00e5 5 dage \u2192 felttest \u2192 masseproduktion<br \/>\n3\ufe0f\u20e3 Send via Hunting Bag-eksportnetv\u00e6rk (DDP til USA\/EU)<\/p>\n<p class=\"ds-markdown-paragraph\"><strong>Fabrikslegitimation:<\/strong><br \/>\n\u2705 10+ \u00e5rs ekspertise som producent af taktiske rygs\u00e6kke<br \/>\n\u2705 40% mere st\u00f8jsvag hardware end standard jagttasker<br \/>\n\u2705 Certificeringer: ISO 9001, SGS, OEKO-TEX<\/p>\n<p class=\"ds-markdown-paragraph\"><strong>Er du klar til at k\u00f8be udstyr p\u00e5 sp\u00f8gelsesniveau?<\/strong><br \/>\n\ud83d\udc49\u00a0<strong>Gratis camouflagepr\u00f8ve<\/strong>\u00a0\ud83d\udc49 15% depositum \ud83d\udc49 24 timers tilbud<\/p>\n<\/div>\n<\/div>\n<\/div>\n<\/div>","protected":false},"excerpt":{"rendered":"<h2 data-immersive-translate-walked=\"344be1c1-5052-41eb-8fcd-0dbe236a0d6b\" data-immersive-translate-paragraph=\"1\">Woodland Camo vandt\u00e6t talje-jagttaske<\/h2>\n<p>1. Denne b\u00e6ltetaske er lavet af polyesterstof af h\u00f8j kvalitet med en vandt\u00e6t PVC-bel\u00e6gning, der sikrer, at dit udstyr forbliver t\u00f8rt og beskyttet i al slags vejr. Den robuste konstruktion er perfekt til det barske udend\u00f8rsliv og giver p\u00e5lidelig opbevaring af dit vigtigste jagtudstyr.<\/p>\n<p>2. Det naturlige woodland-camouflagetryk giver overlegen skjulbarhed og hj\u00e6lper dig med at falde s\u00f8ml\u00f8st ind i dine omgivelser. Det g\u00f8r b\u00e6ltetasken til et fremragende valg til hjortejagt, kalkunjagt og andre udend\u00f8rs aktiviteter, hvor det er afg\u00f8rende at holde sig skjult.<\/p>\n<p>3. Det realistiske camo-design efterligner de naturlige omgivelser, hvilket g\u00f8r dig mere skjult og \u00f8ger dine chancer for en vellykket jagt. Komfort og justerbarhed er n\u00f8glefunktioner i denne b\u00e6ltetaske.<\/p>\n<p>4. Den justerbare nylonrem g\u00f8r det muligt at b\u00e6re den som en hofterygs\u00e6k eller en crossbody-rygs\u00e6k, s\u00e5 den kan tilpasses til b\u00e5de m\u00e6nd, kvinder og b\u00f8rn.<\/p>","protected":false},"featured_media":4098,"template":"","meta":{"_uag_custom_page_level_css":""},"product_brand":[],"product_cat":[54],"product_tag":[],"class_list":{"0":"post-4097","1":"product","2":"type-product","3":"status-publish","4":"has-post-thumbnail","6":"product_cat-hunting-bag","8":"first","9":"instock","10":"shipping-taxable","11":"product-type-simple"},"uagb_featured_image_src":{"full":["https:\/\/pecbag.com\/wp-content\/uploads\/2025\/06\/Woodland-Camo-Waterproof-Waist-Hunting-Bag-4.jpg",960,960,false],"thumbnail":["https:\/\/pecbag.com\/wp-content\/uploads\/2025\/06\/Woodland-Camo-Waterproof-Waist-Hunting-Bag-4-150x150.jpg",150,150,true],"medium":["https:\/\/pecbag.com\/wp-content\/uploads\/2025\/06\/Woodland-Camo-Waterproof-Waist-Hunting-Bag-4-300x300.jpg",300,300,true],"medium_large":["https:\/\/pecbag.com\/wp-content\/uploads\/2025\/06\/Woodland-Camo-Waterproof-Waist-Hunting-Bag-4-768x768.jpg",768,768,true],"large":["https:\/\/pecbag.com\/wp-content\/uploads\/2025\/06\/Woodland-Camo-Waterproof-Waist-Hunting-Bag-4.jpg",800,800,false],"1536x1536":["https:\/\/pecbag.com\/wp-content\/uploads\/2025\/06\/Woodland-Camo-Waterproof-Waist-Hunting-Bag-4.jpg",960,960,false],"2048x2048":["https:\/\/pecbag.com\/wp-content\/uploads\/2025\/06\/Woodland-Camo-Waterproof-Waist-Hunting-Bag-4.jpg",960,960,false],"trp-custom-language-flag":["https:\/\/pecbag.com\/wp-content\/uploads\/2025\/06\/Woodland-Camo-Waterproof-Waist-Hunting-Bag-4-12x12.jpg",12,12,true],"woocommerce_thumbnail":["https:\/\/pecbag.com\/wp-content\/uploads\/2025\/06\/Woodland-Camo-Waterproof-Waist-Hunting-Bag-4-300x300.jpg",300,300,true],"woocommerce_single":["https:\/\/pecbag.com\/wp-content\/uploads\/2025\/06\/Woodland-Camo-Waterproof-Waist-Hunting-Bag-4-600x600.jpg",600,600,true],"woocommerce_gallery_thumbnail":["https:\/\/pecbag.com\/wp-content\/uploads\/2025\/06\/Woodland-Camo-Waterproof-Waist-Hunting-Bag-4-100x100.jpg",100,100,true]},"uagb_author_info":{"display_name":"Lawrence","author_link":"https:\/\/pecbag.com\/da\/author\/"},"uagb_comment_info":0,"uagb_excerpt":"Woodland Camo Waterproof Waist Hunting Bag 1. This fanny pack is made from high-quality polyester fabric with a PVC waterproof coating, ensuring your gear stays dry and protected in any weather. Its robust construction is perfect for the rugged outdoors, providing reliable storage for your essential hunting gear. 2. The natural woodland camouflage printing offers&hellip;","_links":{"self":[{"href":"https:\/\/pecbag.com\/da\/wp-json\/wp\/v2\/product\/4097","targetHints":{"allow":["GET"]}}],"collection":[{"href":"https:\/\/pecbag.com\/da\/wp-json\/wp\/v2\/product"}],"about":[{"href":"https:\/\/pecbag.com\/da\/wp-json\/wp\/v2\/types\/product"}],"wp:featuredmedia":[{"embeddable":true,"href":"https:\/\/pecbag.com\/da\/wp-json\/wp\/v2\/media\/4098"}],"wp:attachment":[{"href":"https:\/\/pecbag.com\/da\/wp-json\/wp\/v2\/media?parent=4097"}],"wp:term":[{"taxonomy":"product_brand","embeddable":true,"href":"https:\/\/pecbag.com\/da\/wp-json\/wp\/v2\/product_brand?post=4097"},{"taxonomy":"product_cat","embeddable":true,"href":"https:\/\/pecbag.com\/da\/wp-json\/wp\/v2\/product_cat?post=4097"},{"taxonomy":"product_tag","embeddable":true,"href":"https:\/\/pecbag.com\/da\/wp-json\/wp\/v2\/product_tag?post=4097"}],"curies":[{"name":"wp","href":"https:\/\/api.w.org\/{rel}","templated":true}]}}