{"id":4131,"date":"2025-06-24T02:01:02","date_gmt":"2025-06-24T02:01:02","guid":{"rendered":"https:\/\/pecbag.com\/?post_type=product&#038;p=4131"},"modified":"2025-11-29T01:19:18","modified_gmt":"2025-11-29T01:19:18","slug":"custom-soft-tactical-storage-gun-bag","status":"publish","type":"product","link":"https:\/\/pecbag.com\/da\/custom-soft-tactical-storage-gun-bag\/","title":{"rendered":"Brugerdefineret bl\u00f8d taktisk opbevaringspistoltaske"},"content":{"rendered":"<h5 title=\"Foldbar hundetaske \u00c5ndbar netskuldertaske til k\u00e6ledyr til sm\u00e5 hunde og katte\" data-immersive-translate-walked=\"1c928421-2e42-4cd3-8754-5404553c0af5\" data-immersive-translate-paragraph=\"1\" data-spm-anchor-id=\"a2700.details.0.i35.4f6757d4w4zNZA\">Brugerdefineret bl\u00f8d taktisk opbevaringspistoltaskeproducent | vandt\u00e6t taskefabrik &amp; taktisk rygs\u00e6kproducent | bulk OEM<\/h5>\n<p>Brug for tilpassede bl\u00f8de taktiske opbevaringspistoltasker, der beskytter skydev\u00e5ben\u00a0<em>og<\/em>\u00a0bev\u00e6ge sig som skygger? Som en specialiseret vandt\u00e6t taskefabrik og rygs\u00e6kproducent i Kina fremstiller vi skjulte brugerdefinerede bl\u00f8de taktiske opbevaringspistoltasker til milit\u00e6re enheder, skydebaner og jagttaskegrossister!<\/p>\n<div class=\"flex flex-grow flex-col max-w-full\">\n<div class=\"min-h-[20px] text-message flex w-full flex-col items-end gap-2 whitespace-pre-wrap break-words [.text-message+&amp;]:mt-5 overflow-x-auto\" dir=\"auto\" data-message-author-role=\"assistant\" data-message-id=\"3d7d46f6-7ec2-4222-9257-48fa0bba23c6\" data-suggestions=\"true\">\n<div class=\"flex w-full flex-col gap-1 empty:hidden first:pt-[3px]\">\n<div class=\"markdown prose w-full break-words dark:prose-invert light\">\n<table style=\"height: 251px;\" width=\"313\">\n<tbody>\n<tr>\n<td width=\"137\"><span style=\"color: #333333;\">Produkternes navn<\/span><\/td>\n<td width=\"151\">Jagttaske<\/td>\n<\/tr>\n<tr>\n<td><span style=\"color: #333333;\">Vare nr.<\/span><\/td>\n<td><span style=\"color: #333333;\">PB-2118<\/span><\/td>\n<\/tr>\n<tr>\n<td><span style=\"color: #333333;\">Materiale<\/span><\/td>\n<td>600D camouflage<\/td>\n<\/tr>\n<tr>\n<td><span style=\"color: #333333;\">St\u00f8rrelse<\/span><\/td>\n<td>44 x 11 tommer<\/td>\n<\/tr>\n<tr>\n<td><span style=\"color: #333333;\">\u00a0Leveringstid<\/span><\/td>\n<td><span style=\"color: #333333;\">1-5 dage for sm\u00e5 m\u00e6ngder med fly og 30-35 dage for store m\u00e6ngder med skib<\/span><\/td>\n<\/tr>\n<\/tbody>\n<\/table>\n<p class=\"ds-markdown-paragraph\">\u2705\u00a0<strong>Hvorfor taktiske indk\u00f8bere stoler p\u00e5 os:<\/strong><\/p>\n<ul>\n<li>\n<p class=\"ds-markdown-paragraph\"><strong>Lydl\u00f8s og sikker<\/strong>: 600D polstret nylon + skumforede rum - ingen rystelser, 100% diskret transport!<\/p>\n<\/li>\n<li>\n<p class=\"ds-markdown-paragraph\"><strong>Total tilpasning<\/strong>: Design brugerdefinerede bl\u00f8de taktiske opbevaringspistoltasker med skeder, magasinposer eller RFID-blokke via Hunting Bag ODM\/OEM!<\/p>\n<\/li>\n<li>\n<p class=\"ds-markdown-paragraph\"><strong>Fordele ved massebestilling<\/strong>: Producer Hunting Bag-bulkordrer under eget m\u00e6rke p\u00e5 12 dage!<\/p>\n<\/li>\n<li>\n<p class=\"ds-markdown-paragraph\"><strong>Kina koster str\u00f8m<\/strong>: Som en af de bedste Hunting Bag-fabrikker i Kina m\u00f8der milt\u00e6r kvalitet eksportpriserne.<\/p>\n<\/li>\n<\/ul>\n<p class=\"ds-markdown-paragraph\"><strong>Driftsklare funktioner:<\/strong><br \/>\n\ud83d\udd39\u00a0<strong>Design med lav profil<\/strong>: Kan foldes sammen til 30%-st\u00f8rrelse - gemmes i kufferter eller skabe uden at blive opdaget<br \/>\n\ud83d\udd39 Fugttransporterende foring + korrosionsbestandige lynl\u00e5se (saltvands-\/t\u00e5gesikre)<br \/>\n\ud83d\udd39 CCW-kompatible snit + skjulte b\u00e6reh\u00e5ndtag<br \/>\n\ud83d\udd39 ITAR-kompatible muligheder for offentlige kontrakter<\/p>\n<p class=\"ds-markdown-paragraph\"><strong>Perfekt til:<\/strong><\/p>\n<ul>\n<li>\n<p class=\"ds-markdown-paragraph\">V\u00e5benhandlere og s\u00e6lgere af jagttasker<\/p>\n<\/li>\n<li>\n<p class=\"ds-markdown-paragraph\">Taktiske forhandlere &amp; Jagttaske-grossister<\/p>\n<\/li>\n<li>\n<p class=\"ds-markdown-paragraph\">M\u00e6rker opbygger private label-linjer med jagttasker<\/p>\n<\/li>\n<\/ul>\n<p class=\"ds-markdown-paragraph\"><strong>Din skjulte arbejdsgang:<\/strong><br \/>\n1\ufe0f\u20e3 Indsend tegninger\/Pantone-koder \u2192 2\ufe0f\u20e3 Prototype p\u00e5 5 dage \u2192 3\ufe0f\u20e3 R\u00e6kkevidde-test \u2192 4\ufe0f\u20e3 Masseproduktion \u2192 5\ufe0f\u20e3 Send via\u00a0<strong>Eksport af jagttasker<\/strong>\u00a0netv\u00e6rk<\/p>\n<p class=\"ds-markdown-paragraph\"><strong>Fabrikslegitimation:<\/strong><br \/>\n\u2705 12+ \u00e5rs ekspertise i fremstilling af rygs\u00e6kke<br \/>\n\u2705 40% lettere end h\u00e5rde kufferter (stealth-fordel)<br \/>\n\u2705 Certificeringer: ISO 9001, SGS, ITAR-klar<\/p>\n<p class=\"ds-markdown-paragraph\"><strong>Er du klar til at bev\u00e6bne de tavse professionelle?<\/strong><br \/>\n\ud83d\udc49 [Gratis diskret pr\u00f8ve] \ud83d\udc49 [25% Depositum] \ud83d\udc49 [24 timers specifikationsark].<\/p>\n<\/div>\n<\/div>\n<\/div>\n<\/div>","protected":false},"excerpt":{"rendered":"<h2 data-immersive-translate-walked=\"344be1c1-5052-41eb-8fcd-0dbe236a0d6b\" data-immersive-translate-paragraph=\"1\">Brugerdefineret bl\u00f8d taktisk opbevaringspistoltaske fabrik<\/h2>\n<p><strong>1. Let at b\u00e6re:<\/strong> Den kan b\u00e6res p\u00e5 skulderen eller i h\u00e5ndtaget. Juster l\u00e6ngden p\u00e5 skulderremmen efter dine behov. To m\u00e5der at b\u00e6re p\u00e5 kan v\u00e6re praktisk til dine behov. Let at opbevare din riffel eller dit haglgev\u00e6r overalt.<\/p>\n<p><strong>2. Perfekt design<\/strong>: Letv\u00e6gtsdesign. V\u00e5bentasken har stor kapacitet og en SBS-lynl\u00e5slomme p\u00e5 ydersiden. Det er nemt at opbevare din riffeltaske overalt.<\/p>","protected":false},"featured_media":4137,"template":"","meta":{"_uag_custom_page_level_css":""},"product_brand":[],"product_cat":[54],"product_tag":[],"class_list":{"0":"post-4131","1":"product","2":"type-product","3":"status-publish","4":"has-post-thumbnail","6":"product_cat-hunting-bag","8":"first","9":"instock","10":"shipping-taxable","11":"product-type-simple"},"uagb_featured_image_src":{"full":["https:\/\/pecbag.com\/wp-content\/uploads\/2025\/06\/Custom-Soft-Tactical-Storage-Gun-Bag-5.jpg",800,800,false],"thumbnail":["https:\/\/pecbag.com\/wp-content\/uploads\/2025\/06\/Custom-Soft-Tactical-Storage-Gun-Bag-5-150x150.jpg",150,150,true],"medium":["https:\/\/pecbag.com\/wp-content\/uploads\/2025\/06\/Custom-Soft-Tactical-Storage-Gun-Bag-5-300x300.jpg",300,300,true],"medium_large":["https:\/\/pecbag.com\/wp-content\/uploads\/2025\/06\/Custom-Soft-Tactical-Storage-Gun-Bag-5-768x768.jpg",768,768,true],"large":["https:\/\/pecbag.com\/wp-content\/uploads\/2025\/06\/Custom-Soft-Tactical-Storage-Gun-Bag-5.jpg",800,800,false],"1536x1536":["https:\/\/pecbag.com\/wp-content\/uploads\/2025\/06\/Custom-Soft-Tactical-Storage-Gun-Bag-5.jpg",800,800,false],"2048x2048":["https:\/\/pecbag.com\/wp-content\/uploads\/2025\/06\/Custom-Soft-Tactical-Storage-Gun-Bag-5.jpg",800,800,false],"trp-custom-language-flag":["https:\/\/pecbag.com\/wp-content\/uploads\/2025\/06\/Custom-Soft-Tactical-Storage-Gun-Bag-5-12x12.jpg",12,12,true],"woocommerce_thumbnail":["https:\/\/pecbag.com\/wp-content\/uploads\/2025\/06\/Custom-Soft-Tactical-Storage-Gun-Bag-5-300x300.jpg",300,300,true],"woocommerce_single":["https:\/\/pecbag.com\/wp-content\/uploads\/2025\/06\/Custom-Soft-Tactical-Storage-Gun-Bag-5-600x600.jpg",600,600,true],"woocommerce_gallery_thumbnail":["https:\/\/pecbag.com\/wp-content\/uploads\/2025\/06\/Custom-Soft-Tactical-Storage-Gun-Bag-5-100x100.jpg",100,100,true]},"uagb_author_info":{"display_name":"Lawrence","author_link":"https:\/\/pecbag.com\/da\/author\/"},"uagb_comment_info":0,"uagb_excerpt":"Custom Soft Tactical Storage Gun Bag Factory 1. Easy to Carry: It can be carried by shoulder carry or handle. Adjust the length of the shoulder strap according to your requirements. Two ways of carrying can be convenient for your needs. Easily to store your rifle or shotgun anywhere. 2. Perfect Design: Lightweight design. The&hellip;","_links":{"self":[{"href":"https:\/\/pecbag.com\/da\/wp-json\/wp\/v2\/product\/4131","targetHints":{"allow":["GET"]}}],"collection":[{"href":"https:\/\/pecbag.com\/da\/wp-json\/wp\/v2\/product"}],"about":[{"href":"https:\/\/pecbag.com\/da\/wp-json\/wp\/v2\/types\/product"}],"wp:featuredmedia":[{"embeddable":true,"href":"https:\/\/pecbag.com\/da\/wp-json\/wp\/v2\/media\/4137"}],"wp:attachment":[{"href":"https:\/\/pecbag.com\/da\/wp-json\/wp\/v2\/media?parent=4131"}],"wp:term":[{"taxonomy":"product_brand","embeddable":true,"href":"https:\/\/pecbag.com\/da\/wp-json\/wp\/v2\/product_brand?post=4131"},{"taxonomy":"product_cat","embeddable":true,"href":"https:\/\/pecbag.com\/da\/wp-json\/wp\/v2\/product_cat?post=4131"},{"taxonomy":"product_tag","embeddable":true,"href":"https:\/\/pecbag.com\/da\/wp-json\/wp\/v2\/product_tag?post=4131"}],"curies":[{"name":"wp","href":"https:\/\/api.w.org\/{rel}","templated":true}]}}