{"id":4169,"date":"2025-06-26T02:25:16","date_gmt":"2025-06-26T02:25:16","guid":{"rendered":"https:\/\/pecbag.com\/?post_type=product&#038;p=4169"},"modified":"2025-11-29T01:18:26","modified_gmt":"2025-11-29T01:18:26","slug":"resistant-tackle-storage-fishing-tool-bag","status":"publish","type":"product","link":"https:\/\/pecbag.com\/da\/resistant-tackle-storage-fishing-tool-bag\/","title":{"rendered":"Modstandsdygtig taske til opbevaring af fiskeredskaber"},"content":{"rendered":"<h5 title=\"Foldbar hundetaske \u00c5ndbar netskuldertaske til k\u00e6ledyr til sm\u00e5 hunde og katte\" data-immersive-translate-walked=\"1c928421-2e42-4cd3-8754-5404553c0af5\" data-immersive-translate-paragraph=\"1\" data-spm-anchor-id=\"a2700.details.0.i35.4f6757d4w4zNZA\"><strong>Resistent Tackle Storage Fishing Tool Bag Factory | Waterproof Bag Factory &amp; Durable Backpack Manufacturer | Saltwater-Ready<\/strong><\/h5>\n<p>Har du brug for virkelig saltvandsresistent opbevaring af fiskegrej og tasker til dit udend\u00f8rs brand? Som certificeret producent af vandt\u00e6tte tasker og marine-rygs\u00e6kke i Kina (Tool Bag China) udvikler vi korrosionssikre tasker til fiskegrej med rustfri lynl\u00e5se, opdelt opbevaring og quick-drain-baser. Samarbejd med vores producent af v\u00e6rkt\u00f8jstasker om ordrer p\u00e5 v\u00e6rkt\u00f8jstasker i store partier - som grossister af v\u00e6rkt\u00f8jstasker, forhandlere af fiskegrej og leverand\u00f8rer af v\u00e6rkt\u00f8jstasker over hele verden har tillid til.<\/p>\n<div class=\"flex flex-grow flex-col max-w-full\">\n<div class=\"min-h-[20px] text-message flex w-full flex-col items-end gap-2 whitespace-pre-wrap break-words [.text-message+&amp;]:mt-5 overflow-x-auto\" dir=\"auto\" data-message-author-role=\"assistant\" data-message-id=\"3d7d46f6-7ec2-4222-9257-48fa0bba23c6\" data-suggestions=\"true\">\n<div class=\"flex w-full flex-col gap-1 empty:hidden first:pt-[3px]\">\n<div class=\"markdown prose w-full break-words dark:prose-invert light\">\n<table width=\"288\">\n<tbody>\n<tr>\n<td width=\"137\"><span style=\"color: #333333;\">Produkternes navn<\/span><\/td>\n<td width=\"151\">V\u00e6rkt\u00f8jstaske<\/td>\n<\/tr>\n<tr>\n<td><span style=\"color: #333333;\">Vare nr.<\/span><\/td>\n<td><span style=\"color: #333333;\">PB-2123<\/span><\/td>\n<\/tr>\n<tr>\n<td><span style=\"color: #333333;\">Materiale<\/span><\/td>\n<td>600D polyester<\/td>\n<\/tr>\n<tr>\n<td><span style=\"color: #333333;\">St\u00f8rrelse og farve<\/span><\/td>\n<td>Tilpasset<\/td>\n<\/tr>\n<tr>\n<td><span style=\"color: #333333;\">\u00a0Leveringstid<\/span><\/td>\n<td><span style=\"color: #333333;\">1-5 dage for sm\u00e5 m\u00e6ngder med fly og 30-35 dage for store m\u00e6ngder med skib<\/span><\/td>\n<\/tr>\n<\/tbody>\n<\/table>\n<p class=\"ds-markdown-paragraph\">\u2705\u00a0<strong>Hvorfor lystfiskere stoler p\u00e5 vores tasker:<\/strong><\/p>\n<ul>\n<li>\n<p class=\"ds-markdown-paragraph\"><strong>Modstandsdygtighed over for saltvand<\/strong>: Korrosionsfri YKK-lynl\u00e5se + PVC-belagt 1680D nylon (overlever 500 timers saltt\u00e5getest)<\/p>\n<\/li>\n<li>\n<p class=\"ds-markdown-paragraph\">V\u00e6rkt\u00f8jstaske ODM\/OEM med komplette private label-tjenester til v\u00e6rkt\u00f8jstasker<\/p>\n<\/li>\n<li>\n<p class=\"ds-markdown-paragraph\">Lav MOQ Tool Bag bulk-produktion<\/p>\n<\/li>\n<li>\n<p class=\"ds-markdown-paragraph\">Hurtig eksport af v\u00e6rkt\u00f8jstasker fra vores ISO-certificerede v\u00e6rkt\u00f8jstaskefabrik<\/p>\n<\/li>\n<li>\n<p class=\"ds-markdown-paragraph\">15+ \u00e5r som f\u00f8rsteklasses leverand\u00f8r af v\u00e6rkt\u00f8jstasker<\/p>\n<\/li>\n<\/ul>\n<p class=\"ds-markdown-paragraph\">\ud83c\udfa3\u00a0<strong>Bygget til kamp Funktioner:<\/strong><br \/>\n- Formbestandige inddelingssystemer + krogpuder til agn<br \/>\n- Selvdr\u00e6nende sokler + neds\u00e6nket op til 1 m<br \/>\n- Rustfri D-ringe + forst\u00e6rkede skulderstropper<br \/>\n- Tilpassede konfigurationer via Tool Bag OEM<\/p>\n<p class=\"ds-markdown-paragraph\">Ideel til Tool Bag-virksomheder, fiskedistribut\u00f8rer og Tool Bag-grossistnetv\u00e6rk. Anmod om GRATIS testrapporter om saltst\u00e6nk fra din dedikerede Tool Bag-producent i dag!<\/p>\n<\/div>\n<\/div>\n<\/div>\n<\/div>","protected":false},"excerpt":{"rendered":"<h2 data-immersive-translate-walked=\"344be1c1-5052-41eb-8fcd-0dbe236a0d6b\" data-immersive-translate-paragraph=\"1\">Modstandsdygtig taske til opbevaring af fiskeredskaber<\/h2>\n<div>\n<div>1. Holdbar og vandafvisende - Fiskegrejstasken er lavet af vandt\u00e6t, st\u00e6rk 1000D polyester med kraftige lynl\u00e5se og sp\u00e6nder, den er ideel til h\u00e5rdh\u00e6ndet brug. En indvendig lomme med klar lynl\u00e5s under l\u00e5get holder dine licenser og andre v\u00e6rdigenstande synlige og sikre. Et regnslag i baglommen kan bruges i regnvejr til at holde dine ting t\u00f8rre.<\/div>\n<div><\/div>\n<div>2. Stor kapacitet - Fiskegrejstasken har en meget stor kapacitet. Det store hovedrum med en udtagelig skillev\u00e6g omdanner rygs\u00e6kken til opbevaring af st\u00f8rre ting. To lynl\u00e5slommer foran, fire sidelommer med lynl\u00e5s, to netlommer og en taljepakke giver ekstra b\u00e6reevne og masser af ekstra opbevaringsplads til tilbeh\u00f8r.<\/div>\n<div>\n<div><\/div>\n<div>\n<p>3. Komfortabelt og ergonomisk design - Tykkere polstret, \u00e5ndbart rygpanel og ergonomiske skulderstropper giver meget bedre komfort, n\u00e5r du b\u00e6rer. Taljepakken kan opbevares p\u00e5 rygpanelet og bruges som taljeb\u00e6lte med ekstra komfort. Refleksstriberne foran holder dig sikker om natten.<\/p>\n<\/div>\n<div>4. Anti-ridsebund - Robuste bundpuder beskytter rygs\u00e6kken mod at blive ridset p\u00e5 stenet eller v\u00e5dt underlag.<\/div>\n<\/div>\n<\/div>","protected":false},"featured_media":4170,"template":"","meta":{"_uag_custom_page_level_css":""},"product_brand":[],"product_cat":[49,46],"product_tag":[],"class_list":{"0":"post-4169","1":"product","2":"type-product","3":"status-publish","4":"has-post-thumbnail","6":"product_cat-tool-bag","7":"product_cat-fishing-bag","9":"first","10":"instock","11":"shipping-taxable","12":"product-type-simple"},"uagb_featured_image_src":{"full":["https:\/\/pecbag.com\/wp-content\/uploads\/2025\/06\/Resistant-Tackle-Storage-Fishing-Tool-Bag-4.jpeg",500,500,false],"thumbnail":["https:\/\/pecbag.com\/wp-content\/uploads\/2025\/06\/Resistant-Tackle-Storage-Fishing-Tool-Bag-4-150x150.jpeg",150,150,true],"medium":["https:\/\/pecbag.com\/wp-content\/uploads\/2025\/06\/Resistant-Tackle-Storage-Fishing-Tool-Bag-4-300x300.jpeg",300,300,true],"medium_large":["https:\/\/pecbag.com\/wp-content\/uploads\/2025\/06\/Resistant-Tackle-Storage-Fishing-Tool-Bag-4.jpeg",500,500,false],"large":["https:\/\/pecbag.com\/wp-content\/uploads\/2025\/06\/Resistant-Tackle-Storage-Fishing-Tool-Bag-4.jpeg",500,500,false],"1536x1536":["https:\/\/pecbag.com\/wp-content\/uploads\/2025\/06\/Resistant-Tackle-Storage-Fishing-Tool-Bag-4.jpeg",500,500,false],"2048x2048":["https:\/\/pecbag.com\/wp-content\/uploads\/2025\/06\/Resistant-Tackle-Storage-Fishing-Tool-Bag-4.jpeg",500,500,false],"trp-custom-language-flag":["https:\/\/pecbag.com\/wp-content\/uploads\/2025\/06\/Resistant-Tackle-Storage-Fishing-Tool-Bag-4-12x12.jpeg",12,12,true],"woocommerce_thumbnail":["https:\/\/pecbag.com\/wp-content\/uploads\/2025\/06\/Resistant-Tackle-Storage-Fishing-Tool-Bag-4-300x300.jpeg",300,300,true],"woocommerce_single":["https:\/\/pecbag.com\/wp-content\/uploads\/2025\/06\/Resistant-Tackle-Storage-Fishing-Tool-Bag-4.jpeg",500,500,false],"woocommerce_gallery_thumbnail":["https:\/\/pecbag.com\/wp-content\/uploads\/2025\/06\/Resistant-Tackle-Storage-Fishing-Tool-Bag-4-100x100.jpeg",100,100,true]},"uagb_author_info":{"display_name":"Lawrence","author_link":"https:\/\/pecbag.com\/da\/author\/"},"uagb_comment_info":0,"uagb_excerpt":"Resistant Tackle Storage Fishing Tool Bag 1. Durable &amp; Water Resistance - The fishing tackle bag is made of waterproof strong 1000D polyester with heavy-duty zippers and buckles, it is ideal for rough use. Clear zippered interior pocket under the lid keeps your licenses and other valuables visible and secure. A rain cover stored in&hellip;","_links":{"self":[{"href":"https:\/\/pecbag.com\/da\/wp-json\/wp\/v2\/product\/4169","targetHints":{"allow":["GET"]}}],"collection":[{"href":"https:\/\/pecbag.com\/da\/wp-json\/wp\/v2\/product"}],"about":[{"href":"https:\/\/pecbag.com\/da\/wp-json\/wp\/v2\/types\/product"}],"wp:featuredmedia":[{"embeddable":true,"href":"https:\/\/pecbag.com\/da\/wp-json\/wp\/v2\/media\/4170"}],"wp:attachment":[{"href":"https:\/\/pecbag.com\/da\/wp-json\/wp\/v2\/media?parent=4169"}],"wp:term":[{"taxonomy":"product_brand","embeddable":true,"href":"https:\/\/pecbag.com\/da\/wp-json\/wp\/v2\/product_brand?post=4169"},{"taxonomy":"product_cat","embeddable":true,"href":"https:\/\/pecbag.com\/da\/wp-json\/wp\/v2\/product_cat?post=4169"},{"taxonomy":"product_tag","embeddable":true,"href":"https:\/\/pecbag.com\/da\/wp-json\/wp\/v2\/product_tag?post=4169"}],"curies":[{"name":"wp","href":"https:\/\/api.w.org\/{rel}","templated":true}]}}