{"id":4210,"date":"2025-06-27T03:06:39","date_gmt":"2025-06-27T03:06:39","guid":{"rendered":"https:\/\/pecbag.com\/?post_type=product&#038;p=4210"},"modified":"2025-11-29T01:18:22","modified_gmt":"2025-11-29T01:18:22","slug":"custom-tactical-military-tool-bag","status":"publish","type":"product","link":"https:\/\/pecbag.com\/da\/custom-tactical-military-tool-bag\/","title":{"rendered":"Brugerdefineret taktisk milit\u00e6r v\u00e6rkt\u00f8jstaske"},"content":{"rendered":"<h5 title=\"Foldbar hundetaske \u00c5ndbar netskuldertaske til k\u00e6ledyr til sm\u00e5 hunde og katte\" data-immersive-translate-walked=\"1c928421-2e42-4cd3-8754-5404553c0af5\" data-immersive-translate-paragraph=\"1\" data-spm-anchor-id=\"a2700.details.0.i35.4f6757d4w4zNZA\"><strong>Custom Tactical Military Tool Bag Factory | Battle-Proven Waterproof Bag Factory &amp; MOLLE Backpack Manufacturer | Mission-Ready Bulk<\/strong><\/h5>\n<p>Har du brug for missionsklare brugerdefinerede taktiske milit\u00e6re v\u00e6rkt\u00f8jstasker til forsvarsleverand\u00f8rer eller feltoperationer? Som ISO-certificeret fabrik for vandt\u00e6tte tasker og producent af taktiske rygs\u00e6kke i Kina (Tool Bag China) udvikler vi milt\u00e6re v\u00e6rkt\u00f8jstasker med MOLLE-paneler, der kan tilpasses, korrosionsbestandige lynl\u00e5se og tr\u00e6kh\u00e5ndtag. Samarbejd med vores producent af v\u00e6rkt\u00f8jstasker om store ordrer p\u00e5 v\u00e6rkt\u00f8jstasker - som grossister af v\u00e6rkt\u00f8jstasker, milit\u00e6re leverand\u00f8rer og leverand\u00f8rer af v\u00e6rkt\u00f8jstasker over hele verden har tillid til.<\/p>\n<div class=\"flex flex-grow flex-col max-w-full\">\n<div class=\"min-h-[20px] text-message flex w-full flex-col items-end gap-2 whitespace-pre-wrap break-words [.text-message+&amp;]:mt-5 overflow-x-auto\" dir=\"auto\" data-message-author-role=\"assistant\" data-message-id=\"3d7d46f6-7ec2-4222-9257-48fa0bba23c6\" data-suggestions=\"true\">\n<div class=\"flex w-full flex-col gap-1 empty:hidden first:pt-[3px]\">\n<div class=\"markdown prose w-full break-words dark:prose-invert light\">\n<table width=\"288\">\n<tbody>\n<tr>\n<td width=\"137\"><span style=\"color: #333333;\">Produkternes navn<\/span><\/td>\n<td width=\"151\">V\u00e6rkt\u00f8jstaske<\/td>\n<\/tr>\n<tr>\n<td><span style=\"color: #333333;\">Vare nr.<\/span><\/td>\n<td><span style=\"color: #333333;\">PB-2124<\/span><\/td>\n<\/tr>\n<tr>\n<td><span style=\"color: #333333;\">Materiale<\/span><\/td>\n<td>1000D nylon<\/td>\n<\/tr>\n<tr>\n<td><span style=\"color: #333333;\">St\u00f8rrelse og farve<\/span><\/td>\n<td>8,8 x 1,5 x 6,8 tommer<\/td>\n<\/tr>\n<tr>\n<td><span style=\"color: #333333;\">\u00a0Leveringstid<\/span><\/td>\n<td><span style=\"color: #333333;\">1-5 dage for sm\u00e5 m\u00e6ngder med fly og 30-35 dage for store m\u00e6ngder med skib<\/span><\/td>\n<\/tr>\n<\/tbody>\n<\/table>\n<p class=\"ds-markdown-paragraph\">\u2705\u00a0<strong>Hvorfor kommandanter v\u00e6lger vores udstyr:<\/strong><\/p>\n<ul>\n<li>\n<p class=\"ds-markdown-paragraph\"><strong>Validering p\u00e5 slagmarken<\/strong>: 1000D PVC-belagt nylon + dobbeltsyede s\u00f8mme (testet i henhold til MIL-STD-810G)<\/p>\n<\/li>\n<li>\n<p class=\"ds-markdown-paragraph\">Tool Bag ODM\/OEM med fuld Tool Bag private label-service<\/p>\n<\/li>\n<li>\n<p class=\"ds-markdown-paragraph\">Bulkproduktion af v\u00e6rkt\u00f8jstasker med lav MOQ (100+ enheder)<\/p>\n<\/li>\n<li>\n<p class=\"ds-markdown-paragraph\">Diskret eksport af v\u00e6rkt\u00f8jstasker fra vores sikre v\u00e6rkt\u00f8jstaskefabrik<\/p>\n<\/li>\n<li>\n<p class=\"ds-markdown-paragraph\">ITAR-kompatible muligheder for forsvarskontrakter<\/p>\n<\/li>\n<\/ul>\n<p class=\"ds-markdown-paragraph\">\ud83c\udfaf\u00a0<strong>Tactical Advantage Funktioner:<\/strong><br \/>\n- Modulopbygget MOLLE\/PALS-b\u00e5nd + sl\u00f8jfer til radio\/udstyr<br \/>\n- Neds\u00e6nket vandt\u00e6thed (IPX7-klassificeret)<br \/>\n- Administratorpaneler med hurtig adgang + dokumenthylstre<br \/>\n- Tilpassede konfigurationer via Tool Bag OEM<\/p>\n<p class=\"ds-markdown-paragraph\">Ideel til Tool Bag-virksomheder, milit\u00e6re distribut\u00f8rer og netv\u00e6rk af Tool Bag-leverand\u00f8rer. Anmod om en GRATIS CAD-designservice fra din dedikerede producent af v\u00e6rkt\u00f8jstasker i dag!<\/p>\n<\/div>\n<\/div>\n<\/div>\n<\/div>","protected":false},"excerpt":{"rendered":"<h2 data-immersive-translate-walked=\"344be1c1-5052-41eb-8fcd-0dbe236a0d6b\" data-immersive-translate-paragraph=\"1\">Brugerdefineret taktisk milit\u00e6r v\u00e6rkt\u00f8jstaske<\/h2>\n<div>\n<p><strong>1. SKJULT LOMME FORAN: <\/strong>Denne pung har et forreste rum med Hook-N-Loop-lukning, og den udvendige forside har to store rum med en magisk klisterm\u00e6rkelukning, som sikrer, at dine ting er velorganiserede og har stor lasteevne.<\/p>\n<p><strong>2. MOLLE-MONTERET:<\/strong>\u00a0Molle admin pouch er udstyret med 2 Molle-rygstropper med st\u00e6rke trykknapper, der passer perfekt til 3 \u00e5bne r\u00e6kker af Molle-b\u00e5nd p\u00e5 din vest, rygs\u00e6k eller brystudstyr. Et godt supplement til ting, du kan n\u00e5 uden at tage rygs\u00e6kken af.<\/p>\n<\/div>","protected":false},"featured_media":4217,"template":"","meta":{"_uag_custom_page_level_css":""},"product_brand":[],"product_cat":[49,46],"product_tag":[],"class_list":{"0":"post-4210","1":"product","2":"type-product","3":"status-publish","4":"has-post-thumbnail","6":"product_cat-tool-bag","7":"product_cat-fishing-bag","9":"first","10":"instock","11":"shipping-taxable","12":"product-type-simple"},"uagb_featured_image_src":{"full":["https:\/\/pecbag.com\/wp-content\/uploads\/2025\/06\/Custom-5.jpg",1500,1500,false],"thumbnail":["https:\/\/pecbag.com\/wp-content\/uploads\/2025\/06\/Custom-5-150x150.jpg",150,150,true],"medium":["https:\/\/pecbag.com\/wp-content\/uploads\/2025\/06\/Custom-5-300x300.jpg",300,300,true],"medium_large":["https:\/\/pecbag.com\/wp-content\/uploads\/2025\/06\/Custom-5-768x768.jpg",768,768,true],"large":["https:\/\/pecbag.com\/wp-content\/uploads\/2025\/06\/Custom-5-1024x1024.jpg",800,800,true],"1536x1536":["https:\/\/pecbag.com\/wp-content\/uploads\/2025\/06\/Custom-5.jpg",1500,1500,false],"2048x2048":["https:\/\/pecbag.com\/wp-content\/uploads\/2025\/06\/Custom-5.jpg",1500,1500,false],"trp-custom-language-flag":["https:\/\/pecbag.com\/wp-content\/uploads\/2025\/06\/Custom-5-12x12.jpg",12,12,true],"woocommerce_thumbnail":["https:\/\/pecbag.com\/wp-content\/uploads\/2025\/06\/Custom-5-300x300.jpg",300,300,true],"woocommerce_single":["https:\/\/pecbag.com\/wp-content\/uploads\/2025\/06\/Custom-5-600x600.jpg",600,600,true],"woocommerce_gallery_thumbnail":["https:\/\/pecbag.com\/wp-content\/uploads\/2025\/06\/Custom-5-100x100.jpg",100,100,true]},"uagb_author_info":{"display_name":"Lawrence","author_link":"https:\/\/pecbag.com\/da\/author\/"},"uagb_comment_info":0,"uagb_excerpt":"Custom Tactical Military Tool Bag 1. FRONT HIDDEN POCKET: This pouch has a front compartment with Hook-N-Loop closure, the front exterior has two large compartments with a magic sticker flap closure to ensure your items well organized and strong loading capacity. 2. MOLLE MOUNTED:\u00a0Molle admin pouch equips 2 back Molle back straps with strong snaps&hellip;","_links":{"self":[{"href":"https:\/\/pecbag.com\/da\/wp-json\/wp\/v2\/product\/4210","targetHints":{"allow":["GET"]}}],"collection":[{"href":"https:\/\/pecbag.com\/da\/wp-json\/wp\/v2\/product"}],"about":[{"href":"https:\/\/pecbag.com\/da\/wp-json\/wp\/v2\/types\/product"}],"wp:featuredmedia":[{"embeddable":true,"href":"https:\/\/pecbag.com\/da\/wp-json\/wp\/v2\/media\/4217"}],"wp:attachment":[{"href":"https:\/\/pecbag.com\/da\/wp-json\/wp\/v2\/media?parent=4210"}],"wp:term":[{"taxonomy":"product_brand","embeddable":true,"href":"https:\/\/pecbag.com\/da\/wp-json\/wp\/v2\/product_brand?post=4210"},{"taxonomy":"product_cat","embeddable":true,"href":"https:\/\/pecbag.com\/da\/wp-json\/wp\/v2\/product_cat?post=4210"},{"taxonomy":"product_tag","embeddable":true,"href":"https:\/\/pecbag.com\/da\/wp-json\/wp\/v2\/product_tag?post=4210"}],"curies":[{"name":"wp","href":"https:\/\/api.w.org\/{rel}","templated":true}]}}