{"id":4219,"date":"2025-06-27T03:48:50","date_gmt":"2025-06-27T03:48:50","guid":{"rendered":"https:\/\/pecbag.com\/?post_type=product&#038;p=4219"},"modified":"2025-11-29T01:18:14","modified_gmt":"2025-11-29T01:18:14","slug":"premium-firefighter-turnout-fire-gear-tool-bag","status":"publish","type":"product","link":"https:\/\/pecbag.com\/da\/premium-firefighter-turnout-fire-gear-tool-bag\/","title":{"rendered":"Premium brandmandsudrustning V\u00e6rkt\u00f8jstaske"},"content":{"rendered":"<h5 title=\"Foldbar hundetaske \u00c5ndbar netskuldertaske til k\u00e6ledyr til sm\u00e5 hunde og katte\" data-immersive-translate-walked=\"1c928421-2e42-4cd3-8754-5404553c0af5\" data-immersive-translate-paragraph=\"1\" data-spm-anchor-id=\"a2700.details.0.i35.4f6757d4w4zNZA\"><strong>Premium brandmandsudrykning Brandudstyr V\u00e6rkt\u00f8jstaske Fabrik | Vandt\u00e6t taske Fabrik &amp; Taktisk rygs\u00e6k Producent | F\u00f8rstehj\u00e6lpsklasse<\/strong><\/h5>\n<p>Har du brug for NFPA-kompatible premium brandmandsudrykningsv\u00e6rkt\u00f8jstasker til leverand\u00f8rer af beredskabstjenester? Som en certificeret vandt\u00e6t taskefabrik og taktisk rygs\u00e6kproducent i Kina (Tool Bag China) udvikler vi v\u00e6rkt\u00f8jstasker til f\u00f8rstehj\u00e6lpere med flammebestandige materialer, varmereflekterende strimler og hurtig adgangsorganisation. Samarbejd med vores producent af v\u00e6rkt\u00f8jstasker om bulkordrer p\u00e5 v\u00e6rkt\u00f8jstasker - som grossister, kommunale leverand\u00f8rer og leverand\u00f8rer af v\u00e6rkt\u00f8jstasker har tillid til globalt.<\/p>\n<div class=\"flex flex-grow flex-col max-w-full\">\n<div class=\"min-h-[20px] text-message flex w-full flex-col items-end gap-2 whitespace-pre-wrap break-words [.text-message+&amp;]:mt-5 overflow-x-auto\" dir=\"auto\" data-message-author-role=\"assistant\" data-message-id=\"3d7d46f6-7ec2-4222-9257-48fa0bba23c6\" data-suggestions=\"true\">\n<div class=\"flex w-full flex-col gap-1 empty:hidden first:pt-[3px]\">\n<div class=\"markdown prose w-full break-words dark:prose-invert light\">\n<table width=\"288\">\n<tbody>\n<tr>\n<td width=\"137\"><span style=\"color: #333333;\">Produkternes navn<\/span><\/td>\n<td width=\"151\">V\u00e6rkt\u00f8jstaske<\/td>\n<\/tr>\n<tr>\n<td><span style=\"color: #333333;\">Vare nr.<\/span><\/td>\n<td><span style=\"color: #333333;\">PB-2125<\/span><\/td>\n<\/tr>\n<tr>\n<td><span style=\"color: #333333;\">Materiale<\/span><\/td>\n<td>Ripstop<\/td>\n<\/tr>\n<tr>\n<td><span style=\"color: #333333;\">St\u00f8rrelse og farve<\/span><\/td>\n<td>27 x 17 x 13 tommer<\/td>\n<\/tr>\n<tr>\n<td><span style=\"color: #333333;\">\u00a0Leveringstid<\/span><\/td>\n<td><span style=\"color: #333333;\">1-5 dage for sm\u00e5 m\u00e6ngder med fly og 30-35 dage for store m\u00e6ngder med skib<\/span><\/td>\n<\/tr>\n<\/tbody>\n<\/table>\n<p class=\"ds-markdown-paragraph\">\ud83d\udd25\u00a0<strong>Hvorfor brandv\u00e6sener v\u00e6lger vores tasker:<\/strong><\/p>\n<ul>\n<li>\n<p class=\"ds-markdown-paragraph\"><strong>Udrykningsklart design<\/strong>: 500\u00b0F-bestandige materialer + Hi-Vis-refleksb\u00e5nd (opfylder NFPA 1971-standarder)<\/p>\n<\/li>\n<li>\n<p class=\"ds-markdown-paragraph\">Tool Bag ODM\/OEM med fuld Tool Bag private label-service<\/p>\n<\/li>\n<li>\n<p class=\"ds-markdown-paragraph\">Bulkproduktion af v\u00e6rkt\u00f8jstasker med lav MOQ (75+ enheder)<\/p>\n<\/li>\n<li>\n<p class=\"ds-markdown-paragraph\">Hurtig eksport af v\u00e6rkt\u00f8jstasker fra vores sikre v\u00e6rkt\u00f8jstaskefabrik<\/p>\n<\/li>\n<li>\n<p class=\"ds-markdown-paragraph\">20+ \u00e5r som p\u00e5lidelig leverand\u00f8r af v\u00e6rkt\u00f8jstasker til beredskabstjenester<\/p>\n<\/li>\n<\/ul>\n<p class=\"ds-markdown-paragraph\">\ud83d\ude92\u00a0<strong>Livreddende funktioner:<\/strong><br \/>\n- Nomex\u00ae\/Kevlar\u00ae-blandingsstof (ASTM F2733-certificeret)<br \/>\n- Molle-kompatibel til SCBA-integration + radiosl\u00f8jfer<br \/>\n- Vandt\u00e6tte rum + dekontamineringsdr\u00e6nings\u00e5bninger<br \/>\n- Tilpassede konfigurationer via Tool Bag OEM<\/p>\n<p class=\"ds-markdown-paragraph\">Ideel til Tool Bag-virksomheder, kommunale distribut\u00f8rer og Tool Bag-grossistnetv\u00e6rk. Anmod om GRATIS brandtestrapporter fra din dedikerede Tool Bag-producent i dag!<\/p>\n<\/div>\n<\/div>\n<\/div>\n<\/div>","protected":false},"excerpt":{"rendered":"<h2 data-immersive-translate-walked=\"344be1c1-5052-41eb-8fcd-0dbe236a0d6b\" data-immersive-translate-paragraph=\"1\">Premium brandmandsudrustning V\u00e6rkt\u00f8jstaske<\/h2>\n<div>\n<p>1. Brandmandstasken har en forst\u00e6rket bund med webbing-h\u00e5ndtag, der er viklet rundt om tasken, og et polstret b\u00e6reh\u00e5ndtag.<\/p>\n<p>2. Vi har gjort vores udrykningstaske lettere at gribe, smide over skulderen og reagere hurtigt ved at inkludere lange, kraftige metalbeslag, en aftagelig, justerbar polstret skulderrem med metalclips.<\/p>\n<\/div>","protected":false},"featured_media":4224,"template":"","meta":{"_uag_custom_page_level_css":""},"product_brand":[],"product_cat":[49],"product_tag":[],"class_list":{"0":"post-4219","1":"product","2":"type-product","3":"status-publish","4":"has-post-thumbnail","6":"product_cat-tool-bag","8":"first","9":"instock","10":"shipping-taxable","11":"product-type-simple"},"uagb_featured_image_src":{"full":["https:\/\/pecbag.com\/wp-content\/uploads\/2025\/06\/Premium-Firefighter-Turnout-Fire-Gear-Tool-Bag-2.jpg",2000,2000,false],"thumbnail":["https:\/\/pecbag.com\/wp-content\/uploads\/2025\/06\/Premium-Firefighter-Turnout-Fire-Gear-Tool-Bag-2-150x150.jpg",150,150,true],"medium":["https:\/\/pecbag.com\/wp-content\/uploads\/2025\/06\/Premium-Firefighter-Turnout-Fire-Gear-Tool-Bag-2-300x300.jpg",300,300,true],"medium_large":["https:\/\/pecbag.com\/wp-content\/uploads\/2025\/06\/Premium-Firefighter-Turnout-Fire-Gear-Tool-Bag-2-768x768.jpg",768,768,true],"large":["https:\/\/pecbag.com\/wp-content\/uploads\/2025\/06\/Premium-Firefighter-Turnout-Fire-Gear-Tool-Bag-2-1024x1024.jpg",800,800,true],"1536x1536":["https:\/\/pecbag.com\/wp-content\/uploads\/2025\/06\/Premium-Firefighter-Turnout-Fire-Gear-Tool-Bag-2-1536x1536.jpg",1536,1536,true],"2048x2048":["https:\/\/pecbag.com\/wp-content\/uploads\/2025\/06\/Premium-Firefighter-Turnout-Fire-Gear-Tool-Bag-2.jpg",2000,2000,false],"trp-custom-language-flag":["https:\/\/pecbag.com\/wp-content\/uploads\/2025\/06\/Premium-Firefighter-Turnout-Fire-Gear-Tool-Bag-2-12x12.jpg",12,12,true],"woocommerce_thumbnail":["https:\/\/pecbag.com\/wp-content\/uploads\/2025\/06\/Premium-Firefighter-Turnout-Fire-Gear-Tool-Bag-2-300x300.jpg",300,300,true],"woocommerce_single":["https:\/\/pecbag.com\/wp-content\/uploads\/2025\/06\/Premium-Firefighter-Turnout-Fire-Gear-Tool-Bag-2-600x600.jpg",600,600,true],"woocommerce_gallery_thumbnail":["https:\/\/pecbag.com\/wp-content\/uploads\/2025\/06\/Premium-Firefighter-Turnout-Fire-Gear-Tool-Bag-2-100x100.jpg",100,100,true]},"uagb_author_info":{"display_name":"Lawrence","author_link":"https:\/\/pecbag.com\/da\/author\/"},"uagb_comment_info":0,"uagb_excerpt":"Premium Firefighter Turnout Fire Gear Tool Bag 1. The firefighter gear bag has a reinforced bottom with webbing handles wrapped around the bag, a padded carrying handle. 2. We've made our turnout gear bag easier to grab, throw over a shoulder, and respond quickly by including long, heavy-duty metal hardware, a removable, adjustable padded shoulder&hellip;","_links":{"self":[{"href":"https:\/\/pecbag.com\/da\/wp-json\/wp\/v2\/product\/4219","targetHints":{"allow":["GET"]}}],"collection":[{"href":"https:\/\/pecbag.com\/da\/wp-json\/wp\/v2\/product"}],"about":[{"href":"https:\/\/pecbag.com\/da\/wp-json\/wp\/v2\/types\/product"}],"wp:featuredmedia":[{"embeddable":true,"href":"https:\/\/pecbag.com\/da\/wp-json\/wp\/v2\/media\/4224"}],"wp:attachment":[{"href":"https:\/\/pecbag.com\/da\/wp-json\/wp\/v2\/media?parent=4219"}],"wp:term":[{"taxonomy":"product_brand","embeddable":true,"href":"https:\/\/pecbag.com\/da\/wp-json\/wp\/v2\/product_brand?post=4219"},{"taxonomy":"product_cat","embeddable":true,"href":"https:\/\/pecbag.com\/da\/wp-json\/wp\/v2\/product_cat?post=4219"},{"taxonomy":"product_tag","embeddable":true,"href":"https:\/\/pecbag.com\/da\/wp-json\/wp\/v2\/product_tag?post=4219"}],"curies":[{"name":"wp","href":"https:\/\/api.w.org\/{rel}","templated":true}]}}