{"id":4241,"date":"2025-06-28T06:38:30","date_gmt":"2025-06-28T06:38:30","guid":{"rendered":"https:\/\/pecbag.com\/?post_type=product&#038;p=4241"},"modified":"2025-11-29T01:14:38","modified_gmt":"2025-11-29T01:14:38","slug":"tsa-approved-quart-size-bag-factory","status":"publish","type":"product","link":"https:\/\/pecbag.com\/da\/tsa-approved-quart-size-bag-factory\/","title":{"rendered":"TSA-godkendt taske i kvartst\u00f8rrelse Factory"},"content":{"rendered":"<h5 title=\"Foldbar hundetaske \u00c5ndbar netskuldertaske til k\u00e6ledyr til sm\u00e5 hunde og katte\" data-immersive-translate-walked=\"1c928421-2e42-4cd3-8754-5404553c0af5\" data-immersive-translate-paragraph=\"1\" data-spm-anchor-id=\"a2700.details.0.i35.4f6757d4w4zNZA\"><strong>TSA-godkendt Quart Size-taskefabrik | Kompatibel vandt\u00e6t taskefabrik og rejserygs\u00e6kproducent | Klar til sikkerhedstjek<\/strong><\/h5>\n<p>Har du brug for p\u00e5lidelige TSA-godkendte tasker i kvartsst\u00f8rrelse til dit sortiment af rejsetilbeh\u00f8r? Som en certificeret vandt\u00e6t taskefabrik og producent af rejserygs\u00e6kke i Kina (Makeup Bag China) producerer vi 7\u2033x8\u2033 klare kvartstasker med TSA pre-check stempler, l\u00e6kagesikre forseglinger og holdbart PVC-materiale. Samarbejd med vores producent af makeup-tasker om bulkordrer p\u00e5 makeup-tasker - som makeup-taske-grossister, rejseforhandlere og makeup-taske-leverand\u00f8rer over hele verden har tillid til.<\/p>\n<div class=\"flex flex-grow flex-col max-w-full\">\n<div class=\"min-h-[20px] text-message flex w-full flex-col items-end gap-2 whitespace-pre-wrap break-words [.text-message+&amp;]:mt-5 overflow-x-auto\" dir=\"auto\" data-message-author-role=\"assistant\" data-message-id=\"3d7d46f6-7ec2-4222-9257-48fa0bba23c6\" data-suggestions=\"true\">\n<div class=\"flex w-full flex-col gap-1 empty:hidden first:pt-[3px]\">\n<div class=\"markdown prose w-full break-words dark:prose-invert light\">\n<table width=\"288\">\n<tbody>\n<tr>\n<td width=\"137\"><span style=\"color: #333333;\">Produkternes navn<\/span><\/td>\n<td width=\"151\"><span style=\"color: #333333;\">Makeup-taske<\/span><\/td>\n<\/tr>\n<tr>\n<td><span style=\"color: #333333;\">Vare nr.<\/span><\/td>\n<td><span style=\"color: #333333;\">PB-2128<\/span><\/td>\n<\/tr>\n<tr>\n<td><span style=\"color: #333333;\">Materiale<\/span><\/td>\n<td>PVC-plast<\/td>\n<\/tr>\n<tr>\n<td><span style=\"color: #333333;\">St\u00f8rrelse<\/span><\/td>\n<td>5,5 x 1,5 x 7 tommer<\/td>\n<\/tr>\n<tr>\n<td><span style=\"color: #333333;\">\u00a0Leveringstid<\/span><\/td>\n<td><span style=\"color: #333333;\">1-5 dage for sm\u00e5 m\u00e6ngder med fly og 30-35 dage for store m\u00e6ngder med skib<\/span><\/td>\n<\/tr>\n<\/tbody>\n<\/table>\n<p class=\"ds-markdown-paragraph\">\u2705\u00a0<strong>Hvorfor rejsem\u00e6rkerne v\u00e6lger os:<\/strong><\/p>\n<ul>\n<li>\n<p class=\"ds-markdown-paragraph\"><strong>Garanteret overensstemmelse<\/strong>: Fortrykte TSA 3-1-1-labels + n\u00f8jagtige 7\u2033x8\u2033-m\u00e5l (best\u00e5r 100%-lufthavnstests)<\/p>\n<\/li>\n<li>\n<p class=\"ds-markdown-paragraph\">Makeup Bag ODM\/OEM med fuld Makeup Bag private label-tjenester<\/p>\n<\/li>\n<li>\n<p class=\"ds-markdown-paragraph\">Lav MOQ Makeup Bag bulkproduktion<\/p>\n<\/li>\n<li>\n<p class=\"ds-markdown-paragraph\">Hurtig eksport af makeup-tasker fra vores ISO-certificerede makeup-taskefabrik<\/p>\n<\/li>\n<li>\n<p class=\"ds-markdown-paragraph\">10+ \u00e5r som f\u00f8rende leverand\u00f8r af makeup-tasker til rejsetilbeh\u00f8r<\/p>\n<\/li>\n<\/ul>\n<p class=\"ds-markdown-paragraph\">\u2708\ufe0f\u00a0<strong>Klar til sikkerhedstjek Funktioner:<\/strong><br \/>\n- 0,15 mm krystalklar PVC (best\u00e5r ASTM D1709 st\u00f8dtest)<br \/>\n- Dobbeltforseglet lynl\u00e5slukning + forst\u00e6rkede kiler<br \/>\n- Tilpassede fortrykte TSA-retningslinjer<br \/>\n- Branding-muligheder via Makeup Bag OEM<\/p>\n<p class=\"ds-markdown-paragraph\">Ideel til Makeup Bag-virksomheder, lufthavnsforhandlere og Makeup Bag-grossistnetv\u00e6rk. Anmod om GRATIS TSA-testrapporter fra din dedikerede producent af makeuptasker i dag!<\/p>\n<\/div>\n<\/div>\n<\/div>\n<\/div>","protected":false},"excerpt":{"rendered":"<h2 data-immersive-translate-walked=\"344be1c1-5052-41eb-8fcd-0dbe236a0d6b\" data-immersive-translate-paragraph=\"1\">TSA-godkendt taske i kvartst\u00f8rrelse Factory<\/h2>\n<p><span class=\"a-list-item\" data-immersive-translate-walked=\"715acf7f-eace-48a9-ba5a-e6299d7cb9a1\" data-immersive-translate-paragraph=\"1\">1. TSA-godkendt toilettaske: (st\u00f8rrelse 7 x 5,5 x 1,5 tommer) Svarer til tasker i kvartsst\u00f8rrelse, hvilket g\u00f8r den til en \u00e6gte TSA-godkendt st\u00f8rrelse. Desuden er vores 311 rejsetaske helt gennemsigtig og opfylder alle TSA-krav.<\/span><\/p>\n<p><span class=\"a-list-item\" data-immersive-translate-walked=\"715acf7f-eace-48a9-ba5a-e6299d7cb9a1\" data-immersive-translate-paragraph=\"1\">2. Ekstra lomme: Vores klare makeup-taske har en ekstra lomme til vatrondeller, \u00f8repropper og andre sm\u00e5ting. Denne gennemsigtige lynl\u00e5spose har ogs\u00e5 holdere til en tandb\u00f8rste eller barbermaskine.<\/span><\/p>\n<p><span class=\"a-list-item\" data-immersive-translate-walked=\"715acf7f-eace-48a9-ba5a-e6299d7cb9a1\" data-immersive-translate-paragraph=\"1\">3. Komfortabelt h\u00e5ndtag: Denne klare toilettaske har et lille h\u00e5ndtag, som g\u00f8r det nemt at h\u00e5ndtere dine toiletsager p\u00e5 badev\u00e6relset. Toilettasken i rejsest\u00f8rrelse kan nemt tr\u00e6kkes ud af bagagen.<\/span><\/p>\n<p><span class=\"a-list-item\" data-immersive-translate-walked=\"715acf7f-eace-48a9-ba5a-e6299d7cb9a1\" data-immersive-translate-paragraph=\"1\">4. Materialer af h\u00f8j kvalitet: Olanmarks klare rejsetaske i kvartsst\u00f8rrelse er lavet af holdbar PVC-plast. Vores kosmetiktaske til biler har ogs\u00e5 en p\u00e5lidelig lynl\u00e5s, der sikrer langvarig brug og opbevaring.<\/span><\/p>","protected":false},"featured_media":4243,"template":"","meta":{"_uag_custom_page_level_css":""},"product_brand":[],"product_cat":[53],"product_tag":[],"class_list":{"0":"post-4241","1":"product","2":"type-product","3":"status-publish","4":"has-post-thumbnail","6":"product_cat-makeup-bag","8":"first","9":"instock","10":"shipping-taxable","11":"product-type-simple"},"uagb_featured_image_src":{"full":["https:\/\/pecbag.com\/wp-content\/uploads\/2025\/06\/TSA-Approved-Quart-Size-Bag-Factory-4.jpg",2000,2000,false],"thumbnail":["https:\/\/pecbag.com\/wp-content\/uploads\/2025\/06\/TSA-Approved-Quart-Size-Bag-Factory-4-150x150.jpg",150,150,true],"medium":["https:\/\/pecbag.com\/wp-content\/uploads\/2025\/06\/TSA-Approved-Quart-Size-Bag-Factory-4-300x300.jpg",300,300,true],"medium_large":["https:\/\/pecbag.com\/wp-content\/uploads\/2025\/06\/TSA-Approved-Quart-Size-Bag-Factory-4-768x768.jpg",768,768,true],"large":["https:\/\/pecbag.com\/wp-content\/uploads\/2025\/06\/TSA-Approved-Quart-Size-Bag-Factory-4-1024x1024.jpg",800,800,true],"1536x1536":["https:\/\/pecbag.com\/wp-content\/uploads\/2025\/06\/TSA-Approved-Quart-Size-Bag-Factory-4-1536x1536.jpg",1536,1536,true],"2048x2048":["https:\/\/pecbag.com\/wp-content\/uploads\/2025\/06\/TSA-Approved-Quart-Size-Bag-Factory-4.jpg",2000,2000,false],"trp-custom-language-flag":["https:\/\/pecbag.com\/wp-content\/uploads\/2025\/06\/TSA-Approved-Quart-Size-Bag-Factory-4-12x12.jpg",12,12,true],"woocommerce_thumbnail":["https:\/\/pecbag.com\/wp-content\/uploads\/2025\/06\/TSA-Approved-Quart-Size-Bag-Factory-4-300x300.jpg",300,300,true],"woocommerce_single":["https:\/\/pecbag.com\/wp-content\/uploads\/2025\/06\/TSA-Approved-Quart-Size-Bag-Factory-4-600x600.jpg",600,600,true],"woocommerce_gallery_thumbnail":["https:\/\/pecbag.com\/wp-content\/uploads\/2025\/06\/TSA-Approved-Quart-Size-Bag-Factory-4-100x100.jpg",100,100,true]},"uagb_author_info":{"display_name":"Lawrence","author_link":"https:\/\/pecbag.com\/da\/author\/"},"uagb_comment_info":0,"uagb_excerpt":"TSA Approved Quart Size Bag Factory 1. TSA-approved toiletry bag: (size 7 x 5.5 x 1.5 inches) Matches quart-size bags, making it a true TSA-approved size. Additionally, our 311 travel bag is fully clear, meeting all TSA requirements. 2. Additional pocket: Our clear makeup bag organizer has an extra pocket for cotton discs, earplugs, and&hellip;","_links":{"self":[{"href":"https:\/\/pecbag.com\/da\/wp-json\/wp\/v2\/product\/4241","targetHints":{"allow":["GET"]}}],"collection":[{"href":"https:\/\/pecbag.com\/da\/wp-json\/wp\/v2\/product"}],"about":[{"href":"https:\/\/pecbag.com\/da\/wp-json\/wp\/v2\/types\/product"}],"wp:featuredmedia":[{"embeddable":true,"href":"https:\/\/pecbag.com\/da\/wp-json\/wp\/v2\/media\/4243"}],"wp:attachment":[{"href":"https:\/\/pecbag.com\/da\/wp-json\/wp\/v2\/media?parent=4241"}],"wp:term":[{"taxonomy":"product_brand","embeddable":true,"href":"https:\/\/pecbag.com\/da\/wp-json\/wp\/v2\/product_brand?post=4241"},{"taxonomy":"product_cat","embeddable":true,"href":"https:\/\/pecbag.com\/da\/wp-json\/wp\/v2\/product_cat?post=4241"},{"taxonomy":"product_tag","embeddable":true,"href":"https:\/\/pecbag.com\/da\/wp-json\/wp\/v2\/product_tag?post=4241"}],"curies":[{"name":"wp","href":"https:\/\/api.w.org\/{rel}","templated":true}]}}