{"id":4271,"date":"2025-06-30T01:33:23","date_gmt":"2025-06-30T01:33:23","guid":{"rendered":"https:\/\/pecbag.com\/?post_type=product&#038;p=4271"},"modified":"2025-11-29T01:14:08","modified_gmt":"2025-11-29T01:14:08","slug":"customization-large-capacity-camo-tactical-bag","status":"publish","type":"product","link":"https:\/\/pecbag.com\/da\/customization-large-capacity-camo-tactical-bag\/","title":{"rendered":"Tilpasning af taktisk taske med stor kapacitet i camouflage"},"content":{"rendered":"<h5 title=\"Foldbar hundetaske \u00c5ndbar netskuldertaske til k\u00e6ledyr til sm\u00e5 hunde og katte\" data-immersive-translate-walked=\"1c928421-2e42-4cd3-8754-5404553c0af5\" data-immersive-translate-paragraph=\"1\" data-spm-anchor-id=\"a2700.details.0.i35.4f6757d4w4zNZA\"><strong>Tilpasning af stor kapacitet Camo Tactical Bag Factory | Vandt\u00e6t taske Factory &amp; Military Backpack Manufacturer | Bulk Modular Systems<\/strong><\/h5>\n<p>Har du brug for taktiske camo-tasker med stor kapacitet, der kan tilpasses til forsvars- eller outdoor-m\u00e6rker? Som certificeret fabrik for vandt\u00e6tte tasker og producent af taktiske rygs\u00e6kke i Kina (Tactical Bag China) udvikler vi udvidelige taktiske camo-tasker med modul\u00e6re paneler, 50L+ kapacitet og MIL-SPEC-materialer. Samarbejd med vores producent af taktiske tasker om bulkordrer p\u00e5 taktiske tasker - som grossister af taktiske tasker, regeringsleverand\u00f8rer og leverand\u00f8rer af taktiske tasker har tillid til globalt.<\/p>\n<div class=\"flex flex-grow flex-col max-w-full\">\n<div class=\"min-h-[20px] text-message flex w-full flex-col items-end gap-2 whitespace-pre-wrap break-words [.text-message+&amp;]:mt-5 overflow-x-auto\" dir=\"auto\" data-message-author-role=\"assistant\" data-message-id=\"3d7d46f6-7ec2-4222-9257-48fa0bba23c6\" data-suggestions=\"true\">\n<div class=\"flex w-full flex-col gap-1 empty:hidden first:pt-[3px]\">\n<div class=\"markdown prose w-full break-words dark:prose-invert light\">\n<table width=\"288\">\n<tbody>\n<tr>\n<td width=\"137\"><span style=\"color: #333333;\">Produkternes navn<\/span><\/td>\n<td width=\"151\">Crossbody-taske<\/td>\n<\/tr>\n<tr>\n<td><span style=\"color: #333333;\">Vare nr.<\/span><\/td>\n<td><span style=\"color: #333333;\">PB-2129<\/span><\/td>\n<\/tr>\n<tr>\n<td><span style=\"color: #333333;\">Materiale<\/span><\/td>\n<td>600D polyester\/tilpasset<\/td>\n<\/tr>\n<tr>\n<td><span style=\"color: #333333;\">St\u00f8rrelse<\/span><\/td>\n<td>60*40*42 CM<\/td>\n<\/tr>\n<tr>\n<td><span style=\"color: #333333;\">\u00a0Leveringstid<\/span><\/td>\n<td><span style=\"color: #333333;\">1-5 dage for sm\u00e5 m\u00e6ngder med fly og 30-35 dage for store m\u00e6ngder med skib<\/span><\/td>\n<\/tr>\n<\/tbody>\n<\/table>\n<p class=\"ds-markdown-paragraph\">\u2705\u00a0<strong>Hvorfor leverand\u00f8rer til specialoperationer v\u00e6lger os:<\/strong><\/p>\n<ul>\n<li>\n<p class=\"ds-markdown-paragraph\"><strong>Uendelig tilpasning<\/strong>: MOLLE\/PALS-paneler + lasersk\u00e5rne camouflagem\u00f8nstre (Woodland, Multicam, Digital)<\/p>\n<\/li>\n<li>\n<p class=\"ds-markdown-paragraph\">Taktisk taske ODM\/OEM med komplette taktiske taske private label-tjenester<\/p>\n<\/li>\n<li>\n<p class=\"ds-markdown-paragraph\">Lav MOQ taktisk taske bulkproduktion<\/p>\n<\/li>\n<li>\n<p class=\"ds-markdown-paragraph\">Sikker eksport af taktiske tasker fra vores ITAR-klare taktiske taskefabrik<\/p>\n<\/li>\n<li>\n<p class=\"ds-markdown-paragraph\">18+ \u00e5r som f\u00f8rsteklasses leverand\u00f8r af taktiske tasker<\/p>\n<\/li>\n<\/ul>\n<p class=\"ds-markdown-paragraph\">\ud83c\udfaf\u00a0<strong>Missionsklare funktioner:<\/strong><br \/>\n- 50-80L udvidelig kapacitet + kompressionsremme<br \/>\n- 1000D cordura-nylon + vandt\u00e6t TPU-bel\u00e6gning (IPX7-klassificeret)<br \/>\n- Hurtigt tilg\u00e6ngeligt administrationspanel + skjult b\u00e6relomme<br \/>\n- Tilpassede konfigurationer via Tactical Bag OEM<\/p>\n<p class=\"ds-markdown-paragraph\">Ideel til Tactical Bag-virksomheder, forsvarsdistribut\u00f8rer og Tactical Bag-grossistnetv\u00e6rk. Anmod om en GRATIS CAD-designservice fra din dedikerede producent af taktiske tasker i dag!<\/p>\n<\/div>\n<\/div>\n<\/div>\n<\/div>","protected":false},"excerpt":{"rendered":"<h2 data-immersive-translate-walked=\"344be1c1-5052-41eb-8fcd-0dbe236a0d6b\" data-immersive-translate-paragraph=\"1\">Tilpasning af taktisk taske med stor kapacitet i camouflage<\/h2>\n<div class=\"sliderTable mt10 mb10 sliderTable-index0\">\n<div class=\"inner\">\n<div>1. Fremstillet af kraftig, slidst\u00e6rk polyester.<\/div>\n<div>2. Rummeligt hovedrum giver dig plads til t\u00f8j eller taktisk udstyr.<br \/>\n3. Trikotforet lomme til beskyttelse af briller.<\/div>\n<div>4. Kompressionsremme i siden til at komprimere din last.<\/div>\n<div>5. Krog- og l\u00f8kkeholdere til lapper.<\/div>\n<\/div>\n<\/div>","protected":false},"featured_media":4277,"template":"","meta":{"_uag_custom_page_level_css":""},"product_brand":[],"product_cat":[55,63],"product_tag":[],"class_list":{"0":"post-4271","1":"product","2":"type-product","3":"status-publish","4":"has-post-thumbnail","6":"product_cat-tactical-bag","7":"product_cat-duffel-bag","9":"first","10":"instock","11":"shipping-taxable","12":"product-type-simple"},"uagb_featured_image_src":{"full":["https:\/\/pecbag.com\/wp-content\/uploads\/2025\/06\/Customization-Large-Capacity-Camo-Tactical-Bag-4.jpg",800,800,false],"thumbnail":["https:\/\/pecbag.com\/wp-content\/uploads\/2025\/06\/Customization-Large-Capacity-Camo-Tactical-Bag-4-150x150.jpg",150,150,true],"medium":["https:\/\/pecbag.com\/wp-content\/uploads\/2025\/06\/Customization-Large-Capacity-Camo-Tactical-Bag-4-300x300.jpg",300,300,true],"medium_large":["https:\/\/pecbag.com\/wp-content\/uploads\/2025\/06\/Customization-Large-Capacity-Camo-Tactical-Bag-4-768x768.jpg",768,768,true],"large":["https:\/\/pecbag.com\/wp-content\/uploads\/2025\/06\/Customization-Large-Capacity-Camo-Tactical-Bag-4.jpg",800,800,false],"1536x1536":["https:\/\/pecbag.com\/wp-content\/uploads\/2025\/06\/Customization-Large-Capacity-Camo-Tactical-Bag-4.jpg",800,800,false],"2048x2048":["https:\/\/pecbag.com\/wp-content\/uploads\/2025\/06\/Customization-Large-Capacity-Camo-Tactical-Bag-4.jpg",800,800,false],"trp-custom-language-flag":["https:\/\/pecbag.com\/wp-content\/uploads\/2025\/06\/Customization-Large-Capacity-Camo-Tactical-Bag-4-12x12.jpg",12,12,true],"woocommerce_thumbnail":["https:\/\/pecbag.com\/wp-content\/uploads\/2025\/06\/Customization-Large-Capacity-Camo-Tactical-Bag-4-300x300.jpg",300,300,true],"woocommerce_single":["https:\/\/pecbag.com\/wp-content\/uploads\/2025\/06\/Customization-Large-Capacity-Camo-Tactical-Bag-4-600x600.jpg",600,600,true],"woocommerce_gallery_thumbnail":["https:\/\/pecbag.com\/wp-content\/uploads\/2025\/06\/Customization-Large-Capacity-Camo-Tactical-Bag-4-100x100.jpg",100,100,true]},"uagb_author_info":{"display_name":"Lawrence","author_link":"https:\/\/pecbag.com\/da\/author\/"},"uagb_comment_info":0,"uagb_excerpt":"Customization Large Capacity Camo Tactical Bag 1. Constructed of heavyweight, durable polyester. 2. Spacious main compartment gives you space for clothing or tactical gear. 3. Tricot-lined pocket to protect eyewear. 4. Side compression straps to condense your load. 5. Hook and loop patch holders.","_links":{"self":[{"href":"https:\/\/pecbag.com\/da\/wp-json\/wp\/v2\/product\/4271","targetHints":{"allow":["GET"]}}],"collection":[{"href":"https:\/\/pecbag.com\/da\/wp-json\/wp\/v2\/product"}],"about":[{"href":"https:\/\/pecbag.com\/da\/wp-json\/wp\/v2\/types\/product"}],"wp:featuredmedia":[{"embeddable":true,"href":"https:\/\/pecbag.com\/da\/wp-json\/wp\/v2\/media\/4277"}],"wp:attachment":[{"href":"https:\/\/pecbag.com\/da\/wp-json\/wp\/v2\/media?parent=4271"}],"wp:term":[{"taxonomy":"product_brand","embeddable":true,"href":"https:\/\/pecbag.com\/da\/wp-json\/wp\/v2\/product_brand?post=4271"},{"taxonomy":"product_cat","embeddable":true,"href":"https:\/\/pecbag.com\/da\/wp-json\/wp\/v2\/product_cat?post=4271"},{"taxonomy":"product_tag","embeddable":true,"href":"https:\/\/pecbag.com\/da\/wp-json\/wp\/v2\/product_tag?post=4271"}],"curies":[{"name":"wp","href":"https:\/\/api.w.org\/{rel}","templated":true}]}}