{"id":4285,"date":"2025-07-02T06:12:44","date_gmt":"2025-07-02T06:12:44","guid":{"rendered":"https:\/\/pecbag.com\/?post_type=product&#038;p=4285"},"modified":"2025-11-29T01:13:52","modified_gmt":"2025-11-29T01:13:52","slug":"magazine-slots-tactical-duffle-bag-vendor","status":"publish","type":"product","link":"https:\/\/pecbag.com\/da\/magazine-slots-tactical-duffle-bag-vendor\/","title":{"rendered":"Taktisk Duffle Bag med plads til magasiner Vendor"},"content":{"rendered":"<h5 title=\"Foldbar hundetaske \u00c5ndbar netskuldertaske til k\u00e6ledyr til sm\u00e5 hunde og katte\" data-immersive-translate-walked=\"1c928421-2e42-4cd3-8754-5404553c0af5\" data-immersive-translate-paragraph=\"1\" data-spm-anchor-id=\"a2700.details.0.i35.4f6757d4w4zNZA\"><strong>Magazine Slots Tactical Duffle Bag Vendor | Waterproof Bag Factory &amp; Tactical Backpack Manufacturer | Duty-Ready Bulk<\/strong><\/h5>\n<p>Har du brug for taktiske tasker med specialiserede magasinpladser til milit\u00e6r- eller sikkerhedsdistribut\u00f8rer? Som certificeret fabrik for vandt\u00e6tte tasker og producent af taktiske rygs\u00e6kke i Kina (Tactical Bag China) udvikler vi missionsklare tasker med hurtigt tilg\u00e6ngelige ammunitionsrum, MOLLE-paneler og beskyttelse mod neddykning. Samarbejd med vores producent af taktiske tasker om bulkordrer p\u00e5 taktiske tasker - som regeringsleverand\u00f8rer og leverand\u00f8rer af taktiske tasker over hele verden har tillid til.<\/p>\n<div class=\"flex flex-grow flex-col max-w-full\">\n<div class=\"min-h-[20px] text-message flex w-full flex-col items-end gap-2 whitespace-pre-wrap break-words [.text-message+&amp;]:mt-5 overflow-x-auto\" dir=\"auto\" data-message-author-role=\"assistant\" data-message-id=\"3d7d46f6-7ec2-4222-9257-48fa0bba23c6\" data-suggestions=\"true\">\n<div class=\"flex w-full flex-col gap-1 empty:hidden first:pt-[3px]\">\n<div class=\"markdown prose w-full break-words dark:prose-invert light\">\n<table width=\"288\">\n<tbody>\n<tr>\n<td width=\"137\"><span style=\"color: #333333;\">Produkternes navn<\/span><\/td>\n<td width=\"151\">Taktisk taske<\/td>\n<\/tr>\n<tr>\n<td><span style=\"color: #333333;\">Vare nr.<\/span><\/td>\n<td><span style=\"color: #333333;\">PB-2131<\/span><\/td>\n<\/tr>\n<tr>\n<td><span style=\"color: #333333;\">Materiale<\/span><\/td>\n<td>600D polyester<\/td>\n<\/tr>\n<tr>\n<td><span style=\"color: #333333;\">St\u00f8rrelse<\/span><\/td>\n<td>42 x 32 x 23 cm<\/td>\n<\/tr>\n<tr>\n<td><span style=\"color: #333333;\">\u00a0Leveringstid<\/span><\/td>\n<td><span style=\"color: #333333;\">1-5 dage for sm\u00e5 m\u00e6ngder med fly og 30-35 dage for store m\u00e6ngder med skib<\/span><\/td>\n<\/tr>\n<\/tbody>\n<\/table>\n<p class=\"ds-markdown-paragraph\">\u2705\u00a0<strong>Hvorfor taktiske distribut\u00f8rer v\u00e6lger os:<\/strong><\/p>\n<ul>\n<li>\n<p class=\"ds-markdown-paragraph\"><strong>Design til hurtig genindl\u00e6sning<\/strong>: Dedikerede magasinpladser (passer til 8+ standardmagasiner) + afrivningsbart admin-panel<\/p>\n<\/li>\n<li>\n<p class=\"ds-markdown-paragraph\">Taktisk taske ODM\/OEM med fuld taktisk taske private label-tjenester<\/p>\n<\/li>\n<li>\n<p class=\"ds-markdown-paragraph\">Lav MOQ taktisk taske bulkproduktion<\/p>\n<\/li>\n<li>\n<p class=\"ds-markdown-paragraph\">Diskret eksport af taktiske tasker fra vores sikre taktiske taskefabrik<\/p>\n<\/li>\n<li>\n<p class=\"ds-markdown-paragraph\">Producerer ogs\u00e5 Makeup Bag bulk til kommercielle m\u00e6rker<\/p>\n<\/li>\n<\/ul>\n<p class=\"ds-markdown-paragraph\">\ud83c\udf92\u00a0<strong>Gennempr\u00f8vede funktioner:<\/strong><br \/>\n- IPX7 vandt\u00e6t hovedrum + dr\u00e6nhuller<br \/>\n- 1000D Cordura-nylon med slidst\u00e6rk bund<br \/>\n- Kan b\u00e6res p\u00e5 flere m\u00e5der (skulder\/rygs\u00e6k\/h\u00e5ndtag)<br \/>\n- Tilpassede slot-konfigurationer viaTactical Bag OEM<\/p>\n<p class=\"ds-markdown-paragraph\">Ideel til virksomheder med taktiske tasker, forsvarsdistribut\u00f8rer og netv\u00e6rk af leverand\u00f8rer af taktiske tasker. Anmod om GRATIS demovideoer af rum fra din dedikerede leverand\u00f8r af taktiske tasker i dag!<\/p>\n<\/div>\n<\/div>\n<\/div>\n<\/div>","protected":false},"excerpt":{"rendered":"<h2 data-immersive-translate-walked=\"344be1c1-5052-41eb-8fcd-0dbe236a0d6b\" data-immersive-translate-paragraph=\"1\">Taktisk Duffle Bag med plads til magasiner Vendor<\/h2>\n<div class=\"sliderTable mt10 mb10 sliderTable-index0\">\n<div class=\"inner\">\n<p><strong>1. STOR KAPACITET: <\/strong>Den forreste lynl\u00e5slomme med 9 \u00e5bninger kan rumme magasiner og h\u00f8rev\u00e6rn. 2 forlommer med Molle-strop, 2 sidelommer med lynl\u00e5s og 1 flaskeholder kan rumme telefon, pung, ammunition, skydebriller, flaske osv. Baglommen giver ogs\u00e5 plads til at opbevare dit skydetilbeh\u00f8r.<\/p>\n<p><strong>2. MOLLE-SYSTEM: <\/strong>MOLLE-b\u00e5ndene foran og p\u00e5 siden udvider opbevaringskapaciteten yderligere og giver tasken et elegant look. Du kan fastg\u00f8re dine MOLLE-poser og udstyr til at b\u00e6re mere skydeudstyr og andre vigtige ting.<\/p>\n<\/div>\n<\/div>","protected":false},"featured_media":4286,"template":"","meta":{"_uag_custom_page_level_css":""},"product_brand":[],"product_cat":[55,63],"product_tag":[],"class_list":{"0":"post-4285","1":"product","2":"type-product","3":"status-publish","4":"has-post-thumbnail","6":"product_cat-tactical-bag","7":"product_cat-duffel-bag","9":"first","10":"instock","11":"shipping-taxable","12":"product-type-simple"},"uagb_featured_image_src":{"full":["https:\/\/pecbag.com\/wp-content\/uploads\/2025\/07\/Magazine-Slots-Tactical-Duffle-Bag-Vendor-6.jpg",800,800,false],"thumbnail":["https:\/\/pecbag.com\/wp-content\/uploads\/2025\/07\/Magazine-Slots-Tactical-Duffle-Bag-Vendor-6-150x150.jpg",150,150,true],"medium":["https:\/\/pecbag.com\/wp-content\/uploads\/2025\/07\/Magazine-Slots-Tactical-Duffle-Bag-Vendor-6-300x300.jpg",300,300,true],"medium_large":["https:\/\/pecbag.com\/wp-content\/uploads\/2025\/07\/Magazine-Slots-Tactical-Duffle-Bag-Vendor-6-768x768.jpg",768,768,true],"large":["https:\/\/pecbag.com\/wp-content\/uploads\/2025\/07\/Magazine-Slots-Tactical-Duffle-Bag-Vendor-6.jpg",800,800,false],"1536x1536":["https:\/\/pecbag.com\/wp-content\/uploads\/2025\/07\/Magazine-Slots-Tactical-Duffle-Bag-Vendor-6.jpg",800,800,false],"2048x2048":["https:\/\/pecbag.com\/wp-content\/uploads\/2025\/07\/Magazine-Slots-Tactical-Duffle-Bag-Vendor-6.jpg",800,800,false],"trp-custom-language-flag":["https:\/\/pecbag.com\/wp-content\/uploads\/2025\/07\/Magazine-Slots-Tactical-Duffle-Bag-Vendor-6-12x12.jpg",12,12,true],"woocommerce_thumbnail":["https:\/\/pecbag.com\/wp-content\/uploads\/2025\/07\/Magazine-Slots-Tactical-Duffle-Bag-Vendor-6-300x300.jpg",300,300,true],"woocommerce_single":["https:\/\/pecbag.com\/wp-content\/uploads\/2025\/07\/Magazine-Slots-Tactical-Duffle-Bag-Vendor-6-600x600.jpg",600,600,true],"woocommerce_gallery_thumbnail":["https:\/\/pecbag.com\/wp-content\/uploads\/2025\/07\/Magazine-Slots-Tactical-Duffle-Bag-Vendor-6-100x100.jpg",100,100,true]},"uagb_author_info":{"display_name":"Lawrence","author_link":"https:\/\/pecbag.com\/da\/author\/"},"uagb_comment_info":0,"uagb_excerpt":"Magazine Slots Tactical Duffle Bag Vendor 1. LARGE CAPACITY: The front zippered pocket with 9 slots can carry magazines and earmuffs. 2 front pockets with Molle webbing strap, 2 sides zipped pockets, and 1 bottle holder can carry your phone, wallet, ammo, shooting glasses, bottle, and so on. The back pocket also provides space to&hellip;","_links":{"self":[{"href":"https:\/\/pecbag.com\/da\/wp-json\/wp\/v2\/product\/4285","targetHints":{"allow":["GET"]}}],"collection":[{"href":"https:\/\/pecbag.com\/da\/wp-json\/wp\/v2\/product"}],"about":[{"href":"https:\/\/pecbag.com\/da\/wp-json\/wp\/v2\/types\/product"}],"wp:featuredmedia":[{"embeddable":true,"href":"https:\/\/pecbag.com\/da\/wp-json\/wp\/v2\/media\/4286"}],"wp:attachment":[{"href":"https:\/\/pecbag.com\/da\/wp-json\/wp\/v2\/media?parent=4285"}],"wp:term":[{"taxonomy":"product_brand","embeddable":true,"href":"https:\/\/pecbag.com\/da\/wp-json\/wp\/v2\/product_brand?post=4285"},{"taxonomy":"product_cat","embeddable":true,"href":"https:\/\/pecbag.com\/da\/wp-json\/wp\/v2\/product_cat?post=4285"},{"taxonomy":"product_tag","embeddable":true,"href":"https:\/\/pecbag.com\/da\/wp-json\/wp\/v2\/product_tag?post=4285"}],"curies":[{"name":"wp","href":"https:\/\/api.w.org\/{rel}","templated":true}]}}