{"id":4398,"date":"2025-07-07T01:03:48","date_gmt":"2025-07-07T01:03:48","guid":{"rendered":"https:\/\/pecbag.com\/?post_type=product&#038;p=4398"},"modified":"2025-11-28T09:36:20","modified_gmt":"2025-11-28T09:36:20","slug":"china-laptop-messenger-bag-factory","status":"publish","type":"product","link":"https:\/\/pecbag.com\/da\/china-laptop-messenger-bag-factory\/","title":{"rendered":"Kina Laptop Messenger Bag Factory"},"content":{"rendered":"<h5 title=\"Foldbar hundetaske \u00c5ndbar netskuldertaske til k\u00e6ledyr til sm\u00e5 hunde og katte\" data-immersive-translate-walked=\"1c928421-2e42-4cd3-8754-5404553c0af5\" data-immersive-translate-paragraph=\"1\" data-spm-anchor-id=\"a2700.details.0.i35.4f6757d4w4zNZA\">Top Kina Laptop Messenger Bag Factory | Vandt\u00e6t taskefabrik &amp; Professionel rygs\u00e6kproducent | Bulk Export<\/h5>\n<div class=\"flex flex-grow flex-col max-w-full\">\n<div class=\"min-h-[20px] text-message flex w-full flex-col items-end gap-2 whitespace-pre-wrap break-words [.text-message+&amp;]:mt-5 overflow-x-auto\" dir=\"auto\" data-message-author-role=\"assistant\" data-message-id=\"3d7d46f6-7ec2-4222-9257-48fa0bba23c6\" data-suggestions=\"true\">\n<div class=\"flex w-full flex-col gap-1 empty:hidden first:pt-[3px]\">\n<div class=\"markdown prose w-full break-words dark:prose-invert light\">\n<p class=\"ds-markdown-paragraph\"><strong>Har du brug for f\u00f8rsteklasses tasker til b\u00e6rbare computere sendt direkte fra Kina?<\/strong>\u00a0Som en f\u00f8rende kinesisk laptop-budtaskefabrik og ISO-certificeret vandt\u00e6t taskefabrik udvikler vi professionelle budtasker med polstrede laptop-sleeves, IPX5-vandt\u00e6thed og pendlerklare designs, som globale m\u00e6rker har tillid til.<\/p>\n<p class=\"ds-markdown-paragraph\">Partner med vores Messenger Bag Company - din strategiske Messenger Bag-leverand\u00f8r - for problemfri Messenger Bag-eksport til Messenger Bag-grossister, virksomhedsleverand\u00f8rer og Messenger Bag-leverand\u00f8rer over hele verden.<\/p>\n<table width=\"288\">\n<tbody>\n<tr>\n<td width=\"137\"><span style=\"color: #333333;\">Produkternes navn<\/span><\/td>\n<td width=\"151\">Messenger-taske<\/td>\n<\/tr>\n<tr>\n<td><span style=\"color: #333333;\">Vare nr.<\/span><\/td>\n<td><span style=\"color: #333333;\">PB-2137<\/span><\/td>\n<\/tr>\n<tr>\n<td><span style=\"color: #333333;\">Materiale<\/span><\/td>\n<td>Polyester<\/td>\n<\/tr>\n<tr>\n<td><span style=\"color: #333333;\">St\u00f8rrelse<\/span><\/td>\n<td>kan tilpasses<\/td>\n<\/tr>\n<tr>\n<td><span style=\"color: #333333;\">\u00a0Leveringstid<\/span><\/td>\n<td><span style=\"color: #333333;\">1-5 dage for sm\u00e5 m\u00e6ngder med fly og 30-35 dage for store m\u00e6ngder med skib<\/span><\/td>\n<\/tr>\n<\/tbody>\n<\/table>\n<p class=\"ds-markdown-paragraph\"><strong>Hvorfor globale distribut\u00f8rer v\u00e6lger os:<\/strong><br \/>\n\ud83d\udcca<strong>\u00a0Bestsellere:<\/strong>\u00a065% gentagne ordrer fra Fortune 500-leverand\u00f8rer<br \/>\n\u2705 Fuld Messenger Bag ODM\/OEM &amp; Messenger Bag private label<br \/>\n\u2705 Lav MOQ Messenger Bag bulk<br \/>\n\u2705 FOB\/EXW-forsendelse fra Messenger Bag China-hubben<br \/>\n\u2705 Dobbelt rygs\u00e6kproducentlinjer: B\u00e6rbare tasker + Messenger Bag bulk<\/p>\n<p class=\"ds-markdown-paragraph\"><strong>Forretningsklare funktioner:<\/strong><br \/>\n- St\u00f8dsikkert rum til b\u00e6rbar computer (passer til 17\u2033) + RFID-blokerende lommer<br \/>\n- Vejrbestandig presenningbase + organizerpanel med hurtig adgang<br \/>\n- TSA-venligt design + tyverisikre lynl\u00e5se<br \/>\n- Brugerdefineret branding via Messenger Bag OEM<\/p>\n<p class=\"ds-markdown-paragraph\">Ideel til Messenger Bag-grossistnetv\u00e6rk, virksomhedsforhandlere og distribut\u00f8rer af teknisk tilbeh\u00f8r.\u00a0<strong>Anmod om din pr\u00f8vekuffert fra Kinas #1 Laptop Messenger Bag Factory i dag!<\/strong><\/p>\n<\/div>\n<\/div>\n<\/div>\n<\/div>","protected":false},"excerpt":{"rendered":"<h2 data-immersive-translate-walked=\"344be1c1-5052-41eb-8fcd-0dbe236a0d6b\" data-immersive-translate-paragraph=\"1\">Kina Laptop Messenger Bag Factory<\/h2>\n<div class=\"sliderTable mt10 mb10 sliderTable-index0\">\n<div class=\"inner\">\n<p>1. Aftagelig polstret skulderrem med justerbare forst\u00e6rkede stropper.<\/p>\n<p>2. Bagagerem til fastg\u00f8relse af tasken p\u00e5 bagagevognen.<\/p>\n<\/div>\n<\/div>","protected":false},"featured_media":4399,"template":"","meta":{"_uag_custom_page_level_css":""},"product_brand":[],"product_cat":[65],"product_tag":[],"class_list":{"0":"post-4398","1":"product","2":"type-product","3":"status-publish","4":"has-post-thumbnail","6":"product_cat-messenger-bag","8":"first","9":"instock","10":"shipping-taxable","11":"product-type-simple"},"uagb_featured_image_src":{"full":["https:\/\/pecbag.com\/wp-content\/uploads\/2025\/07\/China-La-6.jpg",800,800,false],"thumbnail":["https:\/\/pecbag.com\/wp-content\/uploads\/2025\/07\/China-La-6-150x150.jpg",150,150,true],"medium":["https:\/\/pecbag.com\/wp-content\/uploads\/2025\/07\/China-La-6-300x300.jpg",300,300,true],"medium_large":["https:\/\/pecbag.com\/wp-content\/uploads\/2025\/07\/China-La-6-768x768.jpg",768,768,true],"large":["https:\/\/pecbag.com\/wp-content\/uploads\/2025\/07\/China-La-6.jpg",800,800,false],"1536x1536":["https:\/\/pecbag.com\/wp-content\/uploads\/2025\/07\/China-La-6.jpg",800,800,false],"2048x2048":["https:\/\/pecbag.com\/wp-content\/uploads\/2025\/07\/China-La-6.jpg",800,800,false],"trp-custom-language-flag":["https:\/\/pecbag.com\/wp-content\/uploads\/2025\/07\/China-La-6-12x12.jpg",12,12,true],"woocommerce_thumbnail":["https:\/\/pecbag.com\/wp-content\/uploads\/2025\/07\/China-La-6-300x300.jpg",300,300,true],"woocommerce_single":["https:\/\/pecbag.com\/wp-content\/uploads\/2025\/07\/China-La-6-600x600.jpg",600,600,true],"woocommerce_gallery_thumbnail":["https:\/\/pecbag.com\/wp-content\/uploads\/2025\/07\/China-La-6-100x100.jpg",100,100,true]},"uagb_author_info":{"display_name":"Lawrence","author_link":"https:\/\/pecbag.com\/da\/author\/"},"uagb_comment_info":0,"uagb_excerpt":"China Laptop Messenger Bag Factory 1. Detachable padded shoulder strap with adjustable reinforced straps. 2. Luggage strap for fixing the bag on the trolley of a luggage.","_links":{"self":[{"href":"https:\/\/pecbag.com\/da\/wp-json\/wp\/v2\/product\/4398","targetHints":{"allow":["GET"]}}],"collection":[{"href":"https:\/\/pecbag.com\/da\/wp-json\/wp\/v2\/product"}],"about":[{"href":"https:\/\/pecbag.com\/da\/wp-json\/wp\/v2\/types\/product"}],"wp:featuredmedia":[{"embeddable":true,"href":"https:\/\/pecbag.com\/da\/wp-json\/wp\/v2\/media\/4399"}],"wp:attachment":[{"href":"https:\/\/pecbag.com\/da\/wp-json\/wp\/v2\/media?parent=4398"}],"wp:term":[{"taxonomy":"product_brand","embeddable":true,"href":"https:\/\/pecbag.com\/da\/wp-json\/wp\/v2\/product_brand?post=4398"},{"taxonomy":"product_cat","embeddable":true,"href":"https:\/\/pecbag.com\/da\/wp-json\/wp\/v2\/product_cat?post=4398"},{"taxonomy":"product_tag","embeddable":true,"href":"https:\/\/pecbag.com\/da\/wp-json\/wp\/v2\/product_tag?post=4398"}],"curies":[{"name":"wp","href":"https:\/\/api.w.org\/{rel}","templated":true}]}}