{"id":4405,"date":"2025-07-07T01:30:07","date_gmt":"2025-07-07T01:30:07","guid":{"rendered":"https:\/\/pecbag.com\/?post_type=product&#038;p=4405"},"modified":"2025-11-28T09:36:07","modified_gmt":"2025-11-28T09:36:07","slug":"china-messenger-bag-manufacturers-2","status":"publish","type":"product","link":"https:\/\/pecbag.com\/da\/china-messenger-bag-manufacturers-2\/","title":{"rendered":"Kina Messenger Bag-producenter"},"content":{"rendered":"<h5 title=\"Foldbar hundetaske \u00c5ndbar netskuldertaske til k\u00e6ledyr til sm\u00e5 hunde og katte\" data-immersive-translate-walked=\"1c928421-2e42-4cd3-8754-5404553c0af5\" data-immersive-translate-paragraph=\"1\" data-spm-anchor-id=\"a2700.details.0.i35.4f6757d4w4zNZA\">F\u00f8rende Kina Messenger Bag-producenter | Vandt\u00e6t taskefabrik &amp; professionel rygs\u00e6kproducent | Bulk Export<\/h5>\n<div class=\"flex flex-grow flex-col max-w-full\">\n<div class=\"min-h-[20px] text-message flex w-full flex-col items-end gap-2 whitespace-pre-wrap break-words [.text-message+&amp;]:mt-5 overflow-x-auto\" dir=\"auto\" data-message-author-role=\"assistant\" data-message-id=\"3d7d46f6-7ec2-4222-9257-48fa0bba23c6\" data-suggestions=\"true\">\n<div class=\"flex w-full flex-col gap-1 empty:hidden first:pt-[3px]\">\n<div class=\"markdown prose w-full break-words dark:prose-invert light\">\n<p class=\"ds-markdown-paragraph\">Sourcing af premium messenger-tasker direkte fra kinesiske producenter?<\/p>\n<p class=\"ds-markdown-paragraph\">Som ISO-certificeret producent af messenger-tasker i Kina og en af de bedste vandt\u00e6tte taskefabrikker fremstiller vi messenger-tasker i kommerciel kvalitet med RFID-blokerende teknologi, TSA-kompatible designs og IPX5-vejrbeskyttelse, som Fortune 500-leverand\u00f8rer har tillid til.<\/p>\n<p class=\"ds-markdown-paragraph\">Bliv partner med vores Messenger Bag Company - din strategiske Messenger Bag-leverand\u00f8r - for str\u00f8mlinet Messenger Bag-eksport til Messenger Bag-grossister, virksomhedsforhandlere og Messenger Bag-leverand\u00f8rer over hele verden.<\/p>\n<table width=\"288\">\n<tbody>\n<tr>\n<td width=\"137\"><span style=\"color: #333333;\">Produkternes navn<\/span><\/td>\n<td width=\"151\">Messenger-taske<\/td>\n<\/tr>\n<tr>\n<td><span style=\"color: #333333;\">Vare nr.<\/span><\/td>\n<td><span style=\"color: #333333;\">PB-2138<\/span><\/td>\n<\/tr>\n<tr>\n<td><span style=\"color: #333333;\">Materiale<\/span><\/td>\n<td>Polyester<\/td>\n<\/tr>\n<tr>\n<td><span style=\"color: #333333;\">St\u00f8rrelse<\/span><\/td>\n<td>kan tilpasses<\/td>\n<\/tr>\n<tr>\n<td><span style=\"color: #333333;\">\u00a0Leveringstid<\/span><\/td>\n<td><span style=\"color: #333333;\">1-5 dage for sm\u00e5 m\u00e6ngder med fly og 30-35 dage for store m\u00e6ngder med skib<\/span><\/td>\n<\/tr>\n<\/tbody>\n<\/table>\n<p class=\"ds-markdown-paragraph\"><strong>Hvorfor globale k\u00f8bere v\u00e6lger os:<\/strong><br \/>\n\ud83d\udce6<strong>\u00a0Benchmarks for industrien:<\/strong>\u00a068% YoY-v\u00e6kst for distribut\u00f8rpartnere<br \/>\n\u2705 Fuld Messenger Bag ODM\/OEM &amp; Messenger Bag private label<br \/>\n\u2705 Lav MOQ Messenger Bag bulk<br \/>\n\u2705 EXW\/FOB-betingelser fra vores Messenger Bag China-hub<br \/>\n\u2705 Dobbelt rygs\u00e6kproducentkapacitet: Messenger tasker + Messenger taske bulk<\/p>\n<p class=\"ds-markdown-paragraph\"><strong>Funktioner p\u00e5 virksomhedsniveau:<\/strong><br \/>\n- Polstret 17\u2033 laptop-rum + tyverisikre lynl\u00e5se<br \/>\n- Vandt\u00e6t base af presenning + organizer med hurtig adgang<br \/>\n- MIL-STD-holdbarhedstest (lynl\u00e5se med mere end 1.000 cyklusser)<br \/>\n- Brugerdefineret branding via Messenger Bag OEM<\/p>\n<p class=\"ds-markdown-paragraph\">Ideel til Messenger Bag-grossistnetv\u00e6rk, virksomhedsforhandlere og teknisk tilbeh\u00f8r\u00a0<strong>Producenter af messenger-tasker<\/strong>.\u00a0<strong>Anmod om din pr\u00f8vekuffert fra Kinas bedste Messenger Bag-producenter i dag!<\/strong><\/p>\n<\/div>\n<\/div>\n<\/div>\n<\/div>","protected":false},"excerpt":{"rendered":"<h2 data-immersive-translate-walked=\"344be1c1-5052-41eb-8fcd-0dbe236a0d6b\" data-immersive-translate-paragraph=\"1\">Kina Messenger Bag-producenter<\/h2>\n<div class=\"sliderTable mt10 mb10 sliderTable-index0\">\n<div class=\"inner\">\n<p>Denne herretaske med hank er ideel til daglig brug, som arbejdstaske, skoletaske eller rejsetaske til b\u00e5de m\u00e6nd og kvinder.<\/p>\n<p>Fantastisk skoletaske til universitets- og gymnasieelever.<\/p>\n<p>Disse bl\u00f8de dokumentmapper med skulderremme kan rumme en b\u00e6rbar computer, en MacBook og en madkasse.<\/p>\n<p>Det vil v\u00e6re en god gave til valentinsdag, f\u00f8dselsdag, fars dag, l\u00e6rerens dag osv.<\/p>\n<\/div>\n<\/div>","protected":false},"featured_media":4410,"template":"","meta":{"_uag_custom_page_level_css":""},"product_brand":[],"product_cat":[65],"product_tag":[],"class_list":{"0":"post-4405","1":"product","2":"type-product","3":"status-publish","4":"has-post-thumbnail","6":"product_cat-messenger-bag","8":"first","9":"instock","10":"shipping-taxable","11":"product-type-simple"},"uagb_featured_image_src":{"full":["https:\/\/pecbag.com\/wp-content\/uploads\/2025\/07\/China-Messenger-Bag-Manufacturers-1.png",697,675,false],"thumbnail":["https:\/\/pecbag.com\/wp-content\/uploads\/2025\/07\/China-Messenger-Bag-Manufacturers-1-150x150.png",150,150,true],"medium":["https:\/\/pecbag.com\/wp-content\/uploads\/2025\/07\/China-Messenger-Bag-Manufacturers-1-300x291.png",300,291,true],"medium_large":["https:\/\/pecbag.com\/wp-content\/uploads\/2025\/07\/China-Messenger-Bag-Manufacturers-1.png",697,675,false],"large":["https:\/\/pecbag.com\/wp-content\/uploads\/2025\/07\/China-Messenger-Bag-Manufacturers-1.png",697,675,false],"1536x1536":["https:\/\/pecbag.com\/wp-content\/uploads\/2025\/07\/China-Messenger-Bag-Manufacturers-1.png",697,675,false],"2048x2048":["https:\/\/pecbag.com\/wp-content\/uploads\/2025\/07\/China-Messenger-Bag-Manufacturers-1.png",697,675,false],"trp-custom-language-flag":["https:\/\/pecbag.com\/wp-content\/uploads\/2025\/07\/China-Messenger-Bag-Manufacturers-1-12x12.png",12,12,true],"woocommerce_thumbnail":["https:\/\/pecbag.com\/wp-content\/uploads\/2025\/07\/China-Messenger-Bag-Manufacturers-1-300x300.png",300,300,true],"woocommerce_single":["https:\/\/pecbag.com\/wp-content\/uploads\/2025\/07\/China-Messenger-Bag-Manufacturers-1-600x581.png",600,581,true],"woocommerce_gallery_thumbnail":["https:\/\/pecbag.com\/wp-content\/uploads\/2025\/07\/China-Messenger-Bag-Manufacturers-1-100x100.png",100,100,true]},"uagb_author_info":{"display_name":"Lawrence","author_link":"https:\/\/pecbag.com\/da\/author\/"},"uagb_comment_info":0,"uagb_excerpt":"China Messenger Bag Manufacturers This men's satchel bag with a handle is ideal for daily use, as a work bag, school bag, or travel bag for both men and women. Great back-to-school bookbag for college and high school students. These soft briefcases with shoulder straps can store a laptop, a MacBook, and a lunchbox. It&hellip;","_links":{"self":[{"href":"https:\/\/pecbag.com\/da\/wp-json\/wp\/v2\/product\/4405","targetHints":{"allow":["GET"]}}],"collection":[{"href":"https:\/\/pecbag.com\/da\/wp-json\/wp\/v2\/product"}],"about":[{"href":"https:\/\/pecbag.com\/da\/wp-json\/wp\/v2\/types\/product"}],"wp:featuredmedia":[{"embeddable":true,"href":"https:\/\/pecbag.com\/da\/wp-json\/wp\/v2\/media\/4410"}],"wp:attachment":[{"href":"https:\/\/pecbag.com\/da\/wp-json\/wp\/v2\/media?parent=4405"}],"wp:term":[{"taxonomy":"product_brand","embeddable":true,"href":"https:\/\/pecbag.com\/da\/wp-json\/wp\/v2\/product_brand?post=4405"},{"taxonomy":"product_cat","embeddable":true,"href":"https:\/\/pecbag.com\/da\/wp-json\/wp\/v2\/product_cat?post=4405"},{"taxonomy":"product_tag","embeddable":true,"href":"https:\/\/pecbag.com\/da\/wp-json\/wp\/v2\/product_tag?post=4405"}],"curies":[{"name":"wp","href":"https:\/\/api.w.org\/{rel}","templated":true}]}}