{"id":4468,"date":"2025-07-08T01:21:44","date_gmt":"2025-07-08T01:21:44","guid":{"rendered":"https:\/\/pecbag.com\/?post_type=product&#038;p=4468"},"modified":"2025-11-28T09:35:57","modified_gmt":"2025-11-28T09:35:57","slug":"china-messenger-bag-manufacturer","status":"publish","type":"product","link":"https:\/\/pecbag.com\/da\/china-messenger-bag-manufacturer\/","title":{"rendered":"Kina Messenger taske fabrik"},"content":{"rendered":"<h5 title=\"Foldbar hundetaske \u00c5ndbar netskuldertaske til k\u00e6ledyr til sm\u00e5 hunde og katte\" data-immersive-translate-walked=\"1c928421-2e42-4cd3-8754-5404553c0af5\" data-immersive-translate-paragraph=\"1\" data-spm-anchor-id=\"a2700.details.0.i35.4f6757d4w4zNZA\">Top China Messenger Bag Manufacturer| Waterproof Bag Factory &amp; Professional Backpack Manufacturer | Bulk Export<\/h5>\n<div class=\"flex flex-grow flex-col max-w-full\">\n<div class=\"min-h-[20px] text-message flex w-full flex-col items-end gap-2 whitespace-pre-wrap break-words [.text-message+&amp;]:mt-5 overflow-x-auto\" dir=\"auto\" data-message-author-role=\"assistant\" data-message-id=\"3d7d46f6-7ec2-4222-9257-48fa0bba23c6\" data-suggestions=\"true\">\n<div class=\"flex w-full flex-col gap-1 empty:hidden first:pt-[3px]\">\n<div class=\"markdown prose w-full break-words dark:prose-invert light\">\n<p class=\"ds-markdown-paragraph\">Har du brug for premium messenger-tasker, der sendes hurtigt fra en kinesisk fabrik?<\/p>\n<p class=\"ds-markdown-paragraph\">Som en f\u00f8rende kinesisk messenger-taskefabrik og ISO-certificeret vandt\u00e6t taskefabrik fremstiller vi messenger-tasker af kommerciel kvalitet med tyverisikrede lynl\u00e5se, RFID-blokerende teknologi og TSA-venlige designs, som Fortune 500-leverand\u00f8rer har tillid til.<\/p>\n<p class=\"ds-markdown-paragraph\">Samarbejd med vores Messenger Bag Company - din strategiske Messenger Bag-leverand\u00f8r - om problemfri eksport af Messenger Bag til Messenger Bag-grossister, virksomhedsforhandlere og Messenger Bag-leverand\u00f8rer over hele verden.<\/p>\n<table width=\"288\">\n<tbody>\n<tr>\n<td width=\"137\"><span style=\"color: #333333;\">Produkternes navn<\/span><\/td>\n<td width=\"151\">Messenger-taske<\/td>\n<\/tr>\n<tr>\n<td><span style=\"color: #333333;\">Vare nr.<\/span><\/td>\n<td><span style=\"color: #333333;\">PB-2139<\/span><\/td>\n<\/tr>\n<tr>\n<td><span style=\"color: #333333;\">Materiale<\/span><\/td>\n<td>Snefnug<\/td>\n<\/tr>\n<tr>\n<td><span style=\"color: #333333;\">St\u00f8rrelse<\/span><\/td>\n<td>16,5 x 4,1 x 12,5 tommer<\/td>\n<\/tr>\n<tr>\n<td><span style=\"color: #333333;\">\u00a0Leveringstid<\/span><\/td>\n<td><span style=\"color: #333333;\">1-5 dage for sm\u00e5 m\u00e6ngder med fly og 30-35 dage for store m\u00e6ngder med skib<\/span><\/td>\n<\/tr>\n<\/tbody>\n<\/table>\n<p class=\"ds-markdown-paragraph\"><strong>Hvorfor globale distribut\u00f8rer v\u00e6lger vores fabrik:<\/strong><br \/>\n\ud83d\ude80<strong>\u00a0Eksportledere:<\/strong>\u00a068% YoY-v\u00e6kst for distribut\u00f8rpartnere<br \/>\n\u2705 Fuld Messenger Bag ODM\/OEM &amp; Messenger Bag private label<br \/>\n\u2705 Lav MOQ Messenger Bag bulk (300+ enheder)<br \/>\n\u2705 EXW\/FOB-vilk\u00e5r fra Messenger Bag China-hubben<br \/>\n\u2705 Dobbelte linjer af rygs\u00e6kproducenter: Messenger tasker + Messenger taske bulk<\/p>\n<p class=\"ds-markdown-paragraph\"><strong>Forretningsklare specifikationer:<\/strong><br \/>\n- Polstret 17\u2033 laptoprum + dokumenthylstre<br \/>\n- IPX5 vandt\u00e6t presenningbund (modstandsdygtig over for alt slags vejr)<br \/>\n- Hurtigt tilg\u00e6ngeligt admin-panel + skjult CCW-lomme<br \/>\n- Brugerdefineret branding via Messenger Bag OEM<\/p>\n<p class=\"ds-markdown-paragraph\">Ideel til Messenger Bag-grossistnetv\u00e6rk, virksomhedsforhandlere og distribut\u00f8rer af teknisk tilbeh\u00f8r. Anmod om fabrikspriser fra Kinas #1 Messenger Bag-fabrik i dag!<\/p>\n<\/div>\n<\/div>\n<\/div>\n<\/div>","protected":false},"excerpt":{"rendered":"<h2 data-immersive-translate-walked=\"344be1c1-5052-41eb-8fcd-0dbe236a0d6b\" data-immersive-translate-paragraph=\"1\">China Messenger Bag Manufacturer<\/h2>\n<div class=\"sliderTable mt10 mb10 sliderTable-index0\">\n<div class=\"inner\">\n<p>1. To udvendige lommer foran, praktisk til at organisere de ting, du vil have med dig, s\u00e5 du nemt kan opbevare dine dokumenter, b\u00f8ger eller mapper.<\/p>\n<p>2. Rummeligt rum til b\u00e6rbar computer og tilbeh\u00f8rsrum.<\/p>\n<p>3. Specialdesignet laptoprum med teleskopb\u00e6lte giver mere beskyttelse til din laptop.<\/p>\n<p>4. Dobbelt tyk skumpolstring indvendigt garanterer enhver utilsigtet p\u00e5virkning.<\/p>\n<p>5. Letv\u00e6gtsdesign g\u00f8r den nem at b\u00e6re. Det \u00f8verste h\u00e5ndtag giver en hurtig hold-og-g\u00e5-stil. Ergonomisk design sikrer spredning af tyngdekraften i den fulde taske.<\/p>\n<\/div>\n<\/div>","protected":false},"featured_media":4473,"template":"","meta":{"_uag_custom_page_level_css":""},"product_brand":[],"product_cat":[65],"product_tag":[],"class_list":{"0":"post-4468","1":"product","2":"type-product","3":"status-publish","4":"has-post-thumbnail","6":"product_cat-messenger-bag","8":"first","9":"instock","10":"shipping-taxable","11":"product-type-simple"},"uagb_featured_image_src":{"full":["https:\/\/pecbag.com\/wp-content\/uploads\/2025\/07\/China-Messenger-Bag-Factory-41.jpg",1000,1000,false],"thumbnail":["https:\/\/pecbag.com\/wp-content\/uploads\/2025\/07\/China-Messenger-Bag-Factory-41-150x150.jpg",150,150,true],"medium":["https:\/\/pecbag.com\/wp-content\/uploads\/2025\/07\/China-Messenger-Bag-Factory-41-300x300.jpg",300,300,true],"medium_large":["https:\/\/pecbag.com\/wp-content\/uploads\/2025\/07\/China-Messenger-Bag-Factory-41-768x768.jpg",768,768,true],"large":["https:\/\/pecbag.com\/wp-content\/uploads\/2025\/07\/China-Messenger-Bag-Factory-41.jpg",800,800,false],"1536x1536":["https:\/\/pecbag.com\/wp-content\/uploads\/2025\/07\/China-Messenger-Bag-Factory-41.jpg",1000,1000,false],"2048x2048":["https:\/\/pecbag.com\/wp-content\/uploads\/2025\/07\/China-Messenger-Bag-Factory-41.jpg",1000,1000,false],"trp-custom-language-flag":["https:\/\/pecbag.com\/wp-content\/uploads\/2025\/07\/China-Messenger-Bag-Factory-41-12x12.jpg",12,12,true],"woocommerce_thumbnail":["https:\/\/pecbag.com\/wp-content\/uploads\/2025\/07\/China-Messenger-Bag-Factory-41-300x300.jpg",300,300,true],"woocommerce_single":["https:\/\/pecbag.com\/wp-content\/uploads\/2025\/07\/China-Messenger-Bag-Factory-41-600x600.jpg",600,600,true],"woocommerce_gallery_thumbnail":["https:\/\/pecbag.com\/wp-content\/uploads\/2025\/07\/China-Messenger-Bag-Factory-41-100x100.jpg",100,100,true]},"uagb_author_info":{"display_name":"Lawrence","author_link":"https:\/\/pecbag.com\/da\/author\/"},"uagb_comment_info":0,"uagb_excerpt":"China Messenger Bag Manufacturer 1. Two outside front pockets, convenient to organize your items you want to carry, easily keep your documents, books, or folders. 2. Roomy laptop compartment and accessory compartment. 3. Special design laptop compartment with a Telescopic belt provides more protection for your laptop. 4. Double-thick foam padding inside guarantees any accidental&hellip;","_links":{"self":[{"href":"https:\/\/pecbag.com\/da\/wp-json\/wp\/v2\/product\/4468","targetHints":{"allow":["GET"]}}],"collection":[{"href":"https:\/\/pecbag.com\/da\/wp-json\/wp\/v2\/product"}],"about":[{"href":"https:\/\/pecbag.com\/da\/wp-json\/wp\/v2\/types\/product"}],"wp:featuredmedia":[{"embeddable":true,"href":"https:\/\/pecbag.com\/da\/wp-json\/wp\/v2\/media\/4473"}],"wp:attachment":[{"href":"https:\/\/pecbag.com\/da\/wp-json\/wp\/v2\/media?parent=4468"}],"wp:term":[{"taxonomy":"product_brand","embeddable":true,"href":"https:\/\/pecbag.com\/da\/wp-json\/wp\/v2\/product_brand?post=4468"},{"taxonomy":"product_cat","embeddable":true,"href":"https:\/\/pecbag.com\/da\/wp-json\/wp\/v2\/product_cat?post=4468"},{"taxonomy":"product_tag","embeddable":true,"href":"https:\/\/pecbag.com\/da\/wp-json\/wp\/v2\/product_tag?post=4468"}],"curies":[{"name":"wp","href":"https:\/\/api.w.org\/{rel}","templated":true}]}}